{"id":20908,"date":"2019-02-09T09:00:22","date_gmt":"2019-02-09T08:00:22","guid":{"rendered":"https:\/\/crystalbubbleshop.com\/?page_id=20908"},"modified":"2023-07-15T10:05:37","modified_gmt":"2023-07-15T08:05:37","slug":"venda-privada","status":"publish","type":"page","link":"https:\/\/crystalbubbleshop.com\/ca\/venda-privada\/","title":{"rendered":"Venda Privada"},"content":{"rendered":"<div class=\"wpb-content-wrapper\">[vc_row][vc_column][vc_column_text]\n<h1 id=\"venda-privada\"><span style=\"color: #000000;\"><strong>Venda Privada\u00a0<\/strong><\/span><\/h1>\n<h3 id=\"its-time-to-shop\"><span style=\"color: #000000;\"><strong>It&#8217;s time to shop!!\u00a0<\/strong><\/span><\/h3>\n<p style=\"font-size: 24px; text-align: justify;\"><span style=\"color: #000000;\"><strong>La venda privada que podem oferir-te en el showroom priv\u00e9,<\/strong> \u00e9s la festa dels millors preus en moments \u00fanics en espais f\u00edsics privilegiats als que nom\u00e9s pots accedir-hi previa invitaci\u00f3. Ideals en compres per volum, participant de sessions tem\u00e0tiques i\/o d&#8217;<a href=\"https:\/\/crystalbubbleshop.com\/ca\/assessorament\/\">assessorament<\/a> extraordinari. A tothom li fascinen les compres divertides. Ja tens la teva invitaci\u00f3 que et d\u00f3na acc\u00e8s al CRYSTAL BUBBLE Priv\u00e9? <strong>\u00a1Que el ritme no pari!\u00a0<\/strong><\/span><\/p>\n[\/vc_column_text][\/vc_column][\/vc_row][vc_row][vc_column][vc_btn title=&#8221;AP\u00daNTA&#8217;M!&#8221; style=&#8221;outline&#8221; shape=&#8221;square&#8221; color=&#8221;black&#8221; size=&#8221;lg&#8221; align=&#8221;left&#8221; link=&#8221;url:https%3A%2F%2Fcrystalbubbleshop.com%2Fca%2Fcontactans%2F&#8221;][\/vc_column][\/vc_row][vc_row][vc_column][vc_empty_space][vc_column_text]\n<h3 id=\"crystal-bubble-prive\"><span style=\"color: #000000;\"><strong>CRYSTAL BUBBLE PRIV\u00c9\u00a0<\/strong><\/span><\/h3>\n<p style=\"font-size: 24px; text-align: justify;\"><span style=\"color: #000000;\">Si en el fons de la teva \u00e0nima cerques trobar un entorn en el que compartir #LaTallaEnElTeuEstil, les teves experi\u00e8ncies en moda i aprendre&#8217;n de noves, tamb\u00e9 t&#8217; encantar\u00e0 sumar-li a l&#8217; experi\u00e8ncia conjunta aquests grans preus exclusius per a tu.<\/span><\/p>\n[\/vc_column_text][\/vc_column][\/vc_row][vc_row][vc_column width=&#8221;1\/2&#8243;][vc_single_image image=&#8221;20871&#8243; img_size=&#8221;large&#8221;][\/vc_column][vc_column width=&#8221;1\/2&#8243;][vc_column_text]\n<h2 id=\"estalvia-fins-80\"><span style=\"color: #000000;\"><strong>ESTALVIA FINS -80%!<\/strong><\/span><\/h2>\n<p style=\"font-size: 24px; text-align: justify;\"><span style=\"color: #000000;\">En rebre la teva invitaci\u00f3 per gaudir sessions de venda privada, podr\u00e0s donar-te el plaer de reservar en l\u00ednia tant com vulguis i comprar en events tem\u00e0tics i sessions showrooms. Descobreix i exprem durant tot l&#8217;any, noves promocions di\u00e0ries, als millors preus de fidelitzaci\u00f3.<\/span><\/p>\n<p>&nbsp;<\/p>\n<h3 id=\"venda-privada-2\"><span style=\"color: #000000;\"><strong>Venda Privada<\/strong><\/span><\/h3>\n<p><span style=\"color: #000000;\"><strong>1.<\/strong> AVAN\u00c7AMENT DE TEMPORADA\u00a0<\/span><\/p>\n<p><span style=\"color: #000000;\"><strong>2.<\/strong> OUTLET VIP<\/span><\/p>\n<p><span style=\"color: #000000;\"><strong>3.<\/strong> ASSESSORAMENT GRATU\u00cfT<\/span><\/p>\n<p>&nbsp;<\/p>\n<h3 id=\"els-nostres-beneficis\"><span style=\"color: #000000;\"><strong>ELS NOSTRES BENEFICIS\u00a0<\/strong><\/span><\/h3>\n<p style=\"font-size: 24px; text-align: justify;\"><span style=\"color: #000000;\">Accedeix sense esperes a exclusives i noves col\u00b7leccions abans que ning\u00fa, als millors preus privilegiats durant llurs llan\u00e7aments. <\/span><\/p>\n<p style=\"font-size: 24px; text-align: justify;\"><span style=\"color: #000000;\">Afegeix a les teves compres descomptes de fidelitat de fins -30% sobre els preus outlet. Aconsegueix peces de les noves col\u00b7leccions a preus outlet.<\/span><\/p>\n<p style=\"font-size: 24px; text-align: justify;\"><span style=\"color: #000000;\">Descomptes a les nostres c\u00e0psules d&#8217;aprenentatge i tallers d&#8217;assessorament, sessions disteses i amigables que t&#8217;ensenyen sobre els estilismes que et sentin millor. Llegeix m\u00e9s sobre el nostre <a href=\"https:\/\/crystalbubbleshop.com\/ca\/assessorament\/\">assessorament d&#8217;imatge<\/a>.<\/span><\/p>\n[\/vc_column_text][\/vc_column][\/vc_row]\n<\/div>","protected":false},"excerpt":{"rendered":"<p>[vc_row][vc_column][vc_column_text] Venda Privada\u00a0 It&#8217;s time to shop!!\u00a0 La venda privada que podem oferir-te en el showroom priv\u00e9, \u00e9s la festa dels millors preus en moments \u00fanics en espais f\u00edsics privilegiats als que nom\u00e9s pots accedir-hi previa invitaci\u00f3. Ideals en compres per volum, participant de sessions tem\u00e0tiques i\/o d&#8217;assessorament extraordinari. A tothom li fascinen les compres divertides. Ja tens la teva invitaci\u00f3 que et d\u00f3na acc\u00e8s al CRYSTAL BUBBLE Priv\u00e9? \u00a1Que el ritme no pari!\u00a0 [\/vc_column_text][\/vc_column][\/vc_row][vc_row][vc_column][vc_btn title=&#8221;AP\u00daNTA&#8217;M!&#8221; style=&#8221;outline&#8221; shape=&#8221;square&#8221; color=&#8221;black&#8221; size=&#8221;lg&#8221;&hellip;<\/p>\n","protected":false},"author":22,"featured_media":20871,"parent":0,"menu_order":0,"comment_status":"closed","ping_status":"closed","template":"","meta":[],"featured_image_src":"https:\/\/crystalbubbleshop.com\/wp-content\/uploads\/2021\/12\/crystal-bubble-boutique-venta-privada.png","acf":[],"yoast_head":"<!-- This site is optimized with the Yoast SEO plugin v21.1 - https:\/\/yoast.com\/wordpress\/plugins\/seo\/ -->\n<title>Venda Privada - CRYSTAL BUBBLE Boutique<\/title>\n<meta name=\"description\" content=\"\u25b7 La venda privada ideal per obtenir-ho tot alhora. Ens fascinen les compres divertides! I tu, vols ser la protagonista?\" \/>\n<meta name=\"robots\" content=\"index, follow, max-snippet:-1, max-image-preview:large, max-video-preview:-1\" \/>\n<link rel=\"canonical\" href=\"https:\/\/crystalbubbleshop.com\/ca\/venda-privada\/\" \/>\n<meta property=\"og:locale\" content=\"en_US\" \/>\n<meta property=\"og:type\" content=\"article\" \/>\n<meta property=\"og:title\" content=\"Venda Privada - CRYSTAL BUBBLE Boutique\" \/>\n<meta property=\"og:description\" content=\"\u25b7 La venda privada ideal per obtenir-ho tot alhora. Ens fascinen les compres divertides! I tu, vols ser la protagonista?\" \/>\n<meta property=\"og:url\" content=\"https:\/\/crystalbubbleshop.com\/ca\/venda-privada\/\" \/>\n<meta property=\"og:site_name\" content=\"CRYSTAL BUBBLE Boutique\" \/>\n<meta property=\"article:publisher\" content=\"http:\/\/www.facebook.com\/crystalbubble1\" \/>\n<meta property=\"article:modified_time\" content=\"2023-07-15T08:05:37+00:00\" \/>\n<meta property=\"og:image\" content=\"https:\/\/crystalbubbleshop.com\/wp-content\/uploads\/2021\/12\/crystal-bubble-boutique-venta-privada.png\" \/>\n\t<meta property=\"og:image:width\" content=\"854\" \/>\n\t<meta property=\"og:image:height\" content=\"1000\" \/>\n\t<meta property=\"og:image:type\" content=\"image\/png\" \/>\n<meta name=\"twitter:card\" content=\"summary_large_image\" \/>\n<meta name=\"twitter:site\" content=\"@crystalbubble1\" \/>\n<script type=\"application\/ld+json\" class=\"yoast-schema-graph\">{\"@context\":\"https:\/\/schema.org\",\"@graph\":[{\"@type\":\"WebPage\",\"@id\":\"https:\/\/crystalbubbleshop.com\/ca\/venda-privada\/\",\"url\":\"https:\/\/crystalbubbleshop.com\/ca\/venda-privada\/\",\"name\":\"Venda Privada - CRYSTAL BUBBLE Boutique\",\"isPartOf\":{\"@id\":\"https:\/\/crystalbubbleshop.com\/#website\"},\"datePublished\":\"2019-02-09T08:00:22+00:00\",\"dateModified\":\"2023-07-15T08:05:37+00:00\",\"description\":\"\u25b7 La venda privada ideal per obtenir-ho tot alhora. Ens fascinen les compres divertides! I tu, vols ser la protagonista?\",\"breadcrumb\":{\"@id\":\"https:\/\/crystalbubbleshop.com\/ca\/venda-privada\/#breadcrumb\"},\"inLanguage\":\"cat-cat\",\"potentialAction\":[{\"@type\":\"ReadAction\",\"target\":[\"https:\/\/crystalbubbleshop.com\/ca\/venda-privada\/\"]}]},{\"@type\":\"BreadcrumbList\",\"@id\":\"https:\/\/crystalbubbleshop.com\/ca\/venda-privada\/#breadcrumb\",\"itemListElement\":[{\"@type\":\"ListItem\",\"position\":1,\"name\":\"Portada\",\"item\":\"https:\/\/crystalbubbleshop.com\/ca\/\"},{\"@type\":\"ListItem\",\"position\":2,\"name\":\"Venda Privada\"}]},{\"@type\":\"WebSite\",\"@id\":\"https:\/\/crystalbubbleshop.com\/#website\",\"url\":\"https:\/\/crystalbubbleshop.com\/\",\"name\":\"CRYSTAL BUBBLE Boutique\",\"description\":\"Moda y Asesoramiento\",\"publisher\":{\"@id\":\"https:\/\/crystalbubbleshop.com\/#organization\"},\"potentialAction\":[{\"@type\":\"SearchAction\",\"target\":{\"@type\":\"EntryPoint\",\"urlTemplate\":\"https:\/\/crystalbubbleshop.com\/?s={search_term_string}\"},\"query-input\":\"required name=search_term_string\"}],\"inLanguage\":\"cat-cat\"},{\"@type\":\"Organization\",\"@id\":\"https:\/\/crystalbubbleshop.com\/#organization\",\"name\":\"CRYSTAL BUBBLE Boutique | Moda y Asesoramiento\",\"url\":\"https:\/\/crystalbubbleshop.com\/\",\"logo\":{\"@type\":\"ImageObject\",\"inLanguage\":\"cat-cat\",\"@id\":\"https:\/\/crystalbubbleshop.com\/#\/schema\/logo\/image\/\",\"url\":\"https:\/\/crystalbubbleshop.com\/wp-content\/uploads\/2021\/04\/logo-crystal-bubble-boutique-e1644177749381.jpg\",\"contentUrl\":\"https:\/\/crystalbubbleshop.com\/wp-content\/uploads\/2021\/04\/logo-crystal-bubble-boutique-e1644177749381.jpg\",\"width\":150,\"height\":150,\"caption\":\"CRYSTAL BUBBLE Boutique | Moda y Asesoramiento\"},\"image\":{\"@id\":\"https:\/\/crystalbubbleshop.com\/#\/schema\/logo\/image\/\"},\"sameAs\":[\"http:\/\/www.facebook.com\/crystalbubble1\",\"https:\/\/twitter.com\/crystalbubble1\",\"https:\/\/instagram.com\/crystalbubbleboutique\",\"https:\/\/www.linkedin.com\/company\/crystal-bubble-boutique\",\"https:\/\/pinterest.com\/crystalbubbleboutique\",\"https:\/\/www.youtube.com\/crystalbubbleboutique\",\"https:\/\/www.tiktok.com\/crystalbubbleboutique\"]}]}<\/script>\n<!-- \/ Yoast SEO plugin. -->","yoast_head_json":{"title":"Venda Privada - CRYSTAL BUBBLE Boutique","description":"\u25b7 La venda privada ideal per obtenir-ho tot alhora. Ens fascinen les compres divertides! I tu, vols ser la protagonista?","robots":{"index":"index","follow":"follow","max-snippet":"max-snippet:-1","max-image-preview":"max-image-preview:large","max-video-preview":"max-video-preview:-1"},"canonical":"https:\/\/crystalbubbleshop.com\/ca\/venda-privada\/","og_locale":"en_US","og_type":"article","og_title":"Venda Privada - CRYSTAL BUBBLE Boutique","og_description":"\u25b7 La venda privada ideal per obtenir-ho tot alhora. Ens fascinen les compres divertides! I tu, vols ser la protagonista?","og_url":"https:\/\/crystalbubbleshop.com\/ca\/venda-privada\/","og_site_name":"CRYSTAL BUBBLE Boutique","article_publisher":"http:\/\/www.facebook.com\/crystalbubble1","article_modified_time":"2023-07-15T08:05:37+00:00","og_image":[{"width":854,"height":1000,"url":"https:\/\/crystalbubbleshop.com\/wp-content\/uploads\/2021\/12\/crystal-bubble-boutique-venta-privada.png","type":"image\/png"}],"twitter_card":"summary_large_image","twitter_site":"@crystalbubble1","schema":{"@context":"https:\/\/schema.org","@graph":[{"@type":"WebPage","@id":"https:\/\/crystalbubbleshop.com\/ca\/venda-privada\/","url":"https:\/\/crystalbubbleshop.com\/ca\/venda-privada\/","name":"Venda Privada - CRYSTAL BUBBLE Boutique","isPartOf":{"@id":"https:\/\/crystalbubbleshop.com\/#website"},"datePublished":"2019-02-09T08:00:22+00:00","dateModified":"2023-07-15T08:05:37+00:00","description":"\u25b7 La venda privada ideal per obtenir-ho tot alhora. Ens fascinen les compres divertides! I tu, vols ser la protagonista?","breadcrumb":{"@id":"https:\/\/crystalbubbleshop.com\/ca\/venda-privada\/#breadcrumb"},"inLanguage":"cat-cat","potentialAction":[{"@type":"ReadAction","target":["https:\/\/crystalbubbleshop.com\/ca\/venda-privada\/"]}]},{"@type":"BreadcrumbList","@id":"https:\/\/crystalbubbleshop.com\/ca\/venda-privada\/#breadcrumb","itemListElement":[{"@type":"ListItem","position":1,"name":"Portada","item":"https:\/\/crystalbubbleshop.com\/ca\/"},{"@type":"ListItem","position":2,"name":"Venda Privada"}]},{"@type":"WebSite","@id":"https:\/\/crystalbubbleshop.com\/#website","url":"https:\/\/crystalbubbleshop.com\/","name":"CRYSTAL BUBBLE Boutique","description":"Moda y Asesoramiento","publisher":{"@id":"https:\/\/crystalbubbleshop.com\/#organization"},"potentialAction":[{"@type":"SearchAction","target":{"@type":"EntryPoint","urlTemplate":"https:\/\/crystalbubbleshop.com\/?s={search_term_string}"},"query-input":"required name=search_term_string"}],"inLanguage":"cat-cat"},{"@type":"Organization","@id":"https:\/\/crystalbubbleshop.com\/#organization","name":"CRYSTAL BUBBLE Boutique | Moda y Asesoramiento","url":"https:\/\/crystalbubbleshop.com\/","logo":{"@type":"ImageObject","inLanguage":"cat-cat","@id":"https:\/\/crystalbubbleshop.com\/#\/schema\/logo\/image\/","url":"https:\/\/crystalbubbleshop.com\/wp-content\/uploads\/2021\/04\/logo-crystal-bubble-boutique-e1644177749381.jpg","contentUrl":"https:\/\/crystalbubbleshop.com\/wp-content\/uploads\/2021\/04\/logo-crystal-bubble-boutique-e1644177749381.jpg","width":150,"height":150,"caption":"CRYSTAL BUBBLE Boutique | Moda y Asesoramiento"},"image":{"@id":"https:\/\/crystalbubbleshop.com\/#\/schema\/logo\/image\/"},"sameAs":["http:\/\/www.facebook.com\/crystalbubble1","https:\/\/twitter.com\/crystalbubble1","https:\/\/instagram.com\/crystalbubbleboutique","https:\/\/www.linkedin.com\/company\/crystal-bubble-boutique","https:\/\/pinterest.com\/crystalbubbleboutique","https:\/\/www.youtube.com\/crystalbubbleboutique","https:\/\/www.tiktok.com\/crystalbubbleboutique"]}]}},"_links":{"self":[{"href":"https:\/\/crystalbubbleshop.com\/ca\/wp-json\/wp\/v2\/pages\/20908"}],"collection":[{"href":"https:\/\/crystalbubbleshop.com\/ca\/wp-json\/wp\/v2\/pages"}],"about":[{"href":"https:\/\/crystalbubbleshop.com\/ca\/wp-json\/wp\/v2\/types\/page"}],"author":[{"embeddable":true,"href":"https:\/\/crystalbubbleshop.com\/ca\/wp-json\/wp\/v2\/users\/22"}],"replies":[{"embeddable":true,"href":"https:\/\/crystalbubbleshop.com\/ca\/wp-json\/wp\/v2\/comments?post=20908"}],"version-history":[{"count":24,"href":"https:\/\/crystalbubbleshop.com\/ca\/wp-json\/wp\/v2\/pages\/20908\/revisions"}],"predecessor-version":[{"id":25534,"href":"https:\/\/crystalbubbleshop.com\/ca\/wp-json\/wp\/v2\/pages\/20908\/revisions\/25534"}],"wp:featuredmedia":[{"embeddable":true,"href":"https:\/\/crystalbubbleshop.com\/ca\/wp-json\/wp\/v2\/media\/20871"}],"wp:attachment":[{"href":"https:\/\/crystalbubbleshop.com\/ca\/wp-json\/wp\/v2\/media?parent=20908"}],"curies":[{"name":"wp","href":"https:\/\/api.w.org\/{rel}","templated":true}]}}