{"id":21329,"date":"2019-02-09T09:00:48","date_gmt":"2019-02-09T08:00:48","guid":{"rendered":"https:\/\/crystalbubbleshop.com\/?page_id=21329"},"modified":"2026-01-07T20:40:55","modified_gmt":"2026-01-07T19:40:55","slug":"compra-en-linia","status":"publish","type":"page","link":"https:\/\/crystalbubbleshop.com\/ca\/compra-en-linia\/","title":{"rendered":"Compra en l\u00ednia"},"content":{"rendered":"<div class=\"wpb-content-wrapper\">[vc_row][vc_column][vc_column_text]\n<h1 id=\"compra-en-linia\"><span style=\"color: #000000;\"><strong>COMPRA EN L\u00cdNIA\u00a0<\/strong><\/span><\/h1>\n<h2 id=\"termes-i-condicions-de-compra\" style=\"text-align: left;\"><span style=\"color: #000000;\"><strong>TERMES I CONDICIONS DE COMPRA<\/strong><\/span><\/h2>\n[\/vc_column_text][\/vc_column][\/vc_row][vc_row][vc_column][vc_column_text css=&#8221;&#8221;]\n<h3 id=\"objecte\" style=\"font-size: 24px;\"><span style=\"color: #000000;\"><strong>OBJECTE<\/strong><\/span><\/h3>\n<p style=\"font-size: 24px;\"><span style=\"color: #000000;\">La compra en l\u00ednia: l&#8217; objecte de les presents Termes i Condicions de compra \u00e9s el subministrament per part de CRYSTAL BUBBLE dels productes oferts a la seva boutique online, a canvi d&#8217;una prestaci\u00f3 econ\u00f2mica.<br \/>\n<\/span><\/p>\n<p>&nbsp;<\/p>\n<h3 id=\"servei\" style=\"font-size: 24px;\"><span style=\"color: #000000;\"><strong>SERVEI<\/strong><\/span><\/h3>\n<p style=\"font-size: 24px;\"><span style=\"color: #000000;\">CRYSTAL BUBBLE t\u00e9 com a prioritat la satisfacci\u00f3 dels seus clients i ho vol assolir a trav\u00e9s d&#8217;un servei excel\u00b7lent. \u00c9s per aix\u00f2 que garanteix la qualitat dels productes lliurats aix\u00ed com el lliurament en els termes esmentats m\u00e9s endavant. Si necessites ajuda per realitzar la compra en l\u00ednia o sobre algun producte, no dubtis en <a href=\"https:\/\/crystalbubbleshop.com\/ca\/contactans\/\">contactar-nos<\/a>, estaremos encantats d&#8217; ajudar-te.<br \/>\n<\/span><\/p>\n<p>&nbsp;<\/p>\n<h3 id=\"privacitat\" style=\"font-size: 24px;\"><span style=\"color: #000000;\"><strong>PRIVACITAT<\/strong><\/span><\/h3>\n<p style=\"font-size: 24px;\"><span style=\"color: #000000;\">Totes les dades facilitades pels clients de CRYSTAL BUBBLE seran tractades respectant la <a href=\"https:\/\/crystalbubbleshop.com\/ca\/privacitat-i-cookies\/\">privacitat<\/a>\u00a0de la clientela i no es facilitaran a tercers, excepte quan sigui necessari per al lliurament de la comanda. CRYSTAL BUBBLE es reserva el dret d&#8217; utilitzar les dades comercials de manera an\u00f2nima per estudiar els h\u00e0bits i usos de compra.<\/span><\/p>\n<p style=\"font-size: 24px;\"><span style=\"color: #000000;\">Les dades banc\u00e0ries les tracta directament el prove\u00efdor que tri\u00efs per a realitzar el pagament mitjan\u00e7ant la transfer\u00e8ncia banc\u00e0ria, per ser \u201cla manera m\u00e9s flexible i segura de pagar a internet\u201d en qui confiem. \u00c9s per aix\u00f2 que CRYSTAL BUBBLE simplement rebr\u00e0 el pagament i els detalls de la comanda per elaborar-lo. Per a m\u00e9s informaci\u00f3 <a href=\"https:\/\/crystalbubbleshop.com\/ca\/contactans\/\">contacta-n&#8217;s<\/a>.<\/span><\/p>\n<p>&nbsp;<\/p>\n<h3 id=\"servei-post-venda\" style=\"font-size: 24px;\"><span style=\"color: #000000;\"><strong>SERVEI POST-VENDA<\/strong><\/span><\/h3>\n<p style=\"font-size: 24px;\"><span style=\"color: #000000;\">El nostre Servei d&#8217;Atenci\u00f3 al Client (Community Support) est\u00e0 a la vostra disposici\u00f3 per a les vostres consultes, pots contactar-nos a trav\u00e9s del <a href=\"https:\/\/crystalbubbleshop.com\/ca\/contactans\/\">formulari<\/a>.<\/span><\/p>\n[\/vc_column_text][\/vc_column][\/vc_row][vc_row][vc_column][vc_empty_space][\/vc_column][\/vc_row][vc_row][vc_column][vc_column_text css=&#8221;&#8221;]\n<h2 id=\"comandes\"><span style=\"color: #000000;\"><strong>COMANDES<\/strong><\/span><\/h2>\n<h3 id=\"preus\" style=\"font-size: 24px;\"><span style=\"color: #000000;\"><strong>PREUS<\/strong><\/span><\/h3>\n<p style=\"font-size: 24px;\"><span style=\"color: #000000;\">Els productes es vendran al preu que s&#8217;indica, sent vigent el que es recull al moment de la confirmaci\u00f3 de la comanda per part del client.<br \/>\n<\/span><\/p>\n<p>&nbsp;<\/p>\n<h3 id=\"impostos\" style=\"font-size: 24px;\"><span style=\"color: #000000;\"><strong>IMPOSTOS<\/strong><\/span><\/h3>\n<p style=\"font-size: 24px;\"><span style=\"color: #000000;\">Tots els preus indicats inclouen l&#8217;impost sobre el valor afegit (IVA) en vigor, i exclouen els costos d&#8217;enviament que variaran a funci\u00f3 de la <a href=\"https:\/\/crystalbubbleshop.com\/envios\/\">modalitat d&#8217; enviament<\/a> escollida, i en cas d&#8217; enviament internacional del pa\u00eds dest\u00ed a on es realitzi l&#8217; entrega.<\/span><\/p>\n<p>&nbsp;<\/p>\n<p style=\"font-size: 24px;\"><span style=\"color: #000000;\"><strong>COMPRA EN L\u00cdNIA<\/strong><\/span><\/p>\n<p style=\"font-size: 24px;\"><span style=\"color: #000000;\">Les comandes les realitzar\u00e0s a trav\u00e9s del cat\u00e0leg i marketplace que trobar\u00e0s a <a href=\"http:\/\/www.CrystalBubbleShop.com\">www.CrystalBubbleShop.com<\/a>.<\/span><\/p>\n<p>&nbsp;<\/p>\n<p style=\"font-size: 24px;\"><span style=\"color: #000000;\"><strong>CONFIRMACI\u00d3 DE LA COMANDA<\/strong><\/span><\/p>\n<p style=\"font-size: 24px;\"><span style=\"color: #000000;\">Un cop el client hagi efectuat el pagament corresponent a la comanda se li enviar\u00e0 una confirmaci\u00f3 de la comanda en forma de correu electr\u00f2nic.<\/span><\/p>\n[\/vc_column_text][\/vc_column][\/vc_row][vc_row][vc_column][vc_empty_space][\/vc_column][\/vc_row][vc_row][vc_column][vc_column_text css=&#8221;&#8221;]\n<h2 id=\"pagament\"><span style=\"color: #000000;\"><strong>PAGAMENT<\/strong><\/span><\/h2>\n<h3 id=\"metode-de-pagament\" style=\"font-size: 24px;\"><span style=\"color: #000000;\"><strong>M\u00c8TODE DE PAGAMENT<\/strong><\/span><\/h3>\n<p style=\"font-size: 24px;\"><span style=\"color: #000000;\">Els pagaments de les comandes de producte o servei, es poden fer mitjan\u00e7ant transfer\u00e8ncia banc\u00e0ria trav\u00e9s de l&#8217; entitat que escullis per a realitzar el pagament.<\/span><\/p>\n<p>&nbsp;<\/p>\n<h3 id=\"privacitat-i-seguretat\" style=\"font-size: 24px;\"><span style=\"color: #000000;\"><strong>PRIVACITAT I SEGURETAT<\/strong><\/span><\/h3>\n<p style=\"font-size: 24px;\"><span style=\"color: #000000;\">La navegaci\u00f3 per realitzar les teves compres \u00e9s segura gr\u00e0cies al fet que comptem amb el certificat TLS\/SSL contractat, pel qual la teva privacitat relativa al consum queda protegida no es veu alterada, i les teves dades personals estan recollides de forma segura. El pagament el far\u00e0s directament despr\u00e9s d&#8217;haver sol\u00b7licitat o reservat el producte o servei i un cop rebuda la confirmaci\u00f3. Per a m\u00e9s informaci\u00f3 <a href=\"https:\/\/crystalbubbleshop.com\/ca\/contactans\/\">contactan&#8217;s<\/a>.<\/span><!-- DigiCert Seal HTML --><!-- Place HTML on your site where the seal should appear --><\/p>\n<div id=\"DigiCertClickID_8UMWX0Vd\"><\/div>\n<p><!-- DigiCert Seal Code --><br \/>\n<!-- Place with DigiCert Seal HTML or with other scripts --><br \/>\n<script type=\"text\/javascript\">\n\tvar __dcid = __dcid || [];\n\t__dcid.push({\"cid\":\"DigiCertClickID_8UMWX0Vd\",\"tag\":\"8UMWX0Vd\"});\n\t(function(){var cid=document.createElement(\"script\");cid.async=true;cid.src=\"\/\/seal.digicert.com\/seals\/cascade\/seal.min.js\";var s = document.getElementsByTagName(\"script\");var ls = s[(s.length - 1)];ls.parentNode.insertBefore(cid, ls.nextSibling);}());\n<\/script><\/p>\n<h3 id=\"canvis-i-devolucions\" style=\"font-size: 24px;\"><span style=\"color: #000000;\"><strong>CANVIS I DEVOLUCIONS<\/strong><\/span><\/h3>\n<p style=\"font-size: 24px;\"><span style=\"color: #000000;\">Un cop rebis la comanda, tindr\u00e0s 15 dies per fer el canvi. Per a qualsevol canvi o devoluci\u00f3, si us plau escriu-nos a <a href=\"mailto:orders@crystalbubbleshop.com\">orders@crystalbubbleshop.com<\/a>, a trav\u00e9s del qual t&#8217;indicarem els passos que cal seguir per tancar la gesti\u00f3. El client es fa responsable de les despeses de retorn del paquet. Per poder acceptar el producte i el canvi ha d&#8217;estar en perfectes condicions i conservar l&#8217;etiqueta. Podr\u00e0s tornar aquells productes que vulguis canviar-los per altres, <a href=\"https:\/\/crystalbubbleshop.com\/envios\/\">excepte els de promoci\u00f3<\/a>.<\/span><\/p>\n<p>&nbsp;<\/p>\n<h3 id=\"informacio-sobre-els-productes-i-serveis\" style=\"font-size: 24px;\"><span style=\"color: #000000;\"><strong>INFORMACI\u00d3 SOBRE ELS PRODUCTES I SERVEIS<\/strong><\/span><\/h3>\n<p style=\"font-size: 24px;\"><span style=\"color: #000000;\">Oferim informaci\u00f3 relativa a les caracter\u00edstiques dels productes a trav\u00e9s de descripcions t\u00e8cniques i detalls fotogr\u00e0fics per a cadascun dels productes exposats per a la venda, incloent-hi recomanacions sobre la seva cura. Ens dediquem a mantenir aquesta informaci\u00f3 actualitzada per a cada producte de forma individual i respectant els est\u00e0ndards del mercat. Per a qualsevol consulta relativa al producte o servei descrit, el client podr\u00e0 posar-se en <a href=\"https:\/\/crystalbubbleshop.com\/ca\/contactans\/\">contacte amb nosaltres<\/a>.\u00a0<\/span><\/p>\n[\/vc_column_text][\/vc_column][\/vc_row][vc_row][vc_column][vc_empty_space][\/vc_column][\/vc_row][vc_row][vc_column][vc_column_text]\n<h2 id=\"altra-informacio\"><span style=\"color: #000000;\"><strong>ALTRA INFORMACI\u00d3\u00a0<\/strong><\/span><\/h2>\n<h3 id=\"copyright-i-ipr\" style=\"font-size: 24px;\"><span style=\"color: #000000;\"><strong>COPYRIGHT I IPR<\/strong><\/span><\/h3>\n<p style=\"font-size: 24px;\"><span style=\"color: #000000;\">Tot el contingut de la boutique online de CRYSTAL BUBBLE, imatges, v\u00eddeos i il\u00b7lustracions, aix\u00ed com els textos, les denominacions i marques exposades a la web <a href=\"http:\/\/www.CrystalBubbleShop.com\">www.CrystalBubbleShop.com<\/a> i tamb\u00e9 en les seves eines de comunicaci\u00f3 s\u00f3n propietat de CRYSTAL BUBBLE. Qualsevol mal \u00fas pot ser perseguit <a href=\"https:\/\/crystalbubbleshop.com\/ca\/avis-legal\/\">legalment<\/a>.<br \/>\n<\/span><\/p>\n<p>&nbsp;<\/p>\n<h3 id=\"consultes-a-empresa\" style=\"font-size: 24px; text-align: left;\"><span style=\"color: #000000;\"><strong>CONSULTES A EMPRESA<\/strong><\/span><span style=\"color: #000000;\"><strong>\u00a0<\/strong><\/span><\/h3>\n<p style=\"font-size: 24px; text-align: left;\"><span style=\"color: #000000;\">Per a qualsevol consulta a empresa, reclamaci\u00f3 o suggeriment, el client es podr\u00e0 posar en contacte amb nosaltres a trav\u00e9s del <a href=\"https:\/\/crystalbubbleshop.com\/ca\/contactans\/\">formulari<\/a>.<br \/>\n<\/span><\/p>\n[\/vc_column_text][\/vc_column][\/vc_row]\n<\/div>","protected":false},"excerpt":{"rendered":"<p>[vc_row][vc_column][vc_column_text] COMPRA EN L\u00cdNIA\u00a0 TERMES I CONDICIONS DE COMPRA [\/vc_column_text][\/vc_column][\/vc_row][vc_row][vc_column][vc_column_text css=&#8221;&#8221;] OBJECTE La compra en l\u00ednia: l&#8217; objecte de les presents Termes i Condicions de compra \u00e9s el subministrament per part de CRYSTAL BUBBLE dels productes oferts a la seva boutique online, a canvi d&#8217;una prestaci\u00f3 econ\u00f2mica. &nbsp; SERVEI CRYSTAL BUBBLE t\u00e9 com a prioritat la satisfacci\u00f3 dels seus clients i ho vol assolir a trav\u00e9s d&#8217;un servei excel\u00b7lent. \u00c9s per aix\u00f2 que garanteix la qualitat dels productes lliurats aix\u00ed&hellip;<\/p>\n","protected":false},"author":22,"featured_media":0,"parent":0,"menu_order":0,"comment_status":"closed","ping_status":"closed","template":"","meta":[],"featured_image_src":null,"acf":[],"yoast_head":"<!-- This site is optimized with the Yoast SEO plugin v21.1 - https:\/\/yoast.com\/wordpress\/plugins\/seo\/ -->\n<title>Compra en l\u00ednia - CRYSTAL BUBBLE Boutique<\/title>\n<meta name=\"robots\" content=\"noindex, nofollow\" \/>\n<meta property=\"og:locale\" content=\"en_US\" \/>\n<meta property=\"og:type\" content=\"article\" \/>\n<meta property=\"og:title\" content=\"Compra en l\u00ednia - CRYSTAL BUBBLE Boutique\" \/>\n<meta property=\"og:description\" content=\"[vc_row][vc_column][vc_column_text] COMPRA EN L\u00cdNIA\u00a0 TERMES I CONDICIONS DE COMPRA [\/vc_column_text][\/vc_column][\/vc_row][vc_row][vc_column][vc_column_text css=&#8221;&#8221;] OBJECTE La compra en l\u00ednia: l&#8217; objecte de les presents Termes i Condicions de compra \u00e9s el subministrament per part de CRYSTAL BUBBLE dels productes oferts a la seva boutique online, a canvi d&#8217;una prestaci\u00f3 econ\u00f2mica. &nbsp; SERVEI CRYSTAL BUBBLE t\u00e9 com a prioritat la satisfacci\u00f3 dels seus clients i ho vol assolir a trav\u00e9s d&#8217;un servei excel\u00b7lent. \u00c9s per aix\u00f2 que garanteix la qualitat dels productes lliurats aix\u00ed&hellip;\" \/>\n<meta property=\"og:url\" content=\"https:\/\/crystalbubbleshop.com\/ca\/compra-en-linia\/\" \/>\n<meta property=\"og:site_name\" content=\"CRYSTAL BUBBLE Boutique\" \/>\n<meta property=\"article:publisher\" content=\"http:\/\/www.facebook.com\/crystalbubble1\" \/>\n<meta property=\"article:modified_time\" content=\"2026-01-07T19:40:55+00:00\" \/>\n<meta name=\"twitter:card\" content=\"summary_large_image\" \/>\n<meta name=\"twitter:site\" content=\"@crystalbubble1\" \/>\n<script type=\"application\/ld+json\" class=\"yoast-schema-graph\">{\"@context\":\"https:\/\/schema.org\",\"@graph\":[{\"@type\":\"WebPage\",\"@id\":\"https:\/\/crystalbubbleshop.com\/ca\/compra-en-linia\/\",\"url\":\"https:\/\/crystalbubbleshop.com\/ca\/compra-en-linia\/\",\"name\":\"Compra en l\u00ednia - CRYSTAL BUBBLE Boutique\",\"isPartOf\":{\"@id\":\"https:\/\/crystalbubbleshop.com\/#website\"},\"datePublished\":\"2019-02-09T08:00:48+00:00\",\"dateModified\":\"2026-01-07T19:40:55+00:00\",\"breadcrumb\":{\"@id\":\"https:\/\/crystalbubbleshop.com\/ca\/compra-en-linia\/#breadcrumb\"},\"inLanguage\":\"cat-cat\",\"potentialAction\":[{\"@type\":\"ReadAction\",\"target\":[\"https:\/\/crystalbubbleshop.com\/ca\/compra-en-linia\/\"]}]},{\"@type\":\"BreadcrumbList\",\"@id\":\"https:\/\/crystalbubbleshop.com\/ca\/compra-en-linia\/#breadcrumb\",\"itemListElement\":[{\"@type\":\"ListItem\",\"position\":1,\"name\":\"Portada\",\"item\":\"https:\/\/crystalbubbleshop.com\/ca\/\"},{\"@type\":\"ListItem\",\"position\":2,\"name\":\"Compra en l\u00ednia\"}]},{\"@type\":\"WebSite\",\"@id\":\"https:\/\/crystalbubbleshop.com\/#website\",\"url\":\"https:\/\/crystalbubbleshop.com\/\",\"name\":\"CRYSTAL BUBBLE Boutique\",\"description\":\"Moda y Asesoramiento\",\"publisher\":{\"@id\":\"https:\/\/crystalbubbleshop.com\/#organization\"},\"potentialAction\":[{\"@type\":\"SearchAction\",\"target\":{\"@type\":\"EntryPoint\",\"urlTemplate\":\"https:\/\/crystalbubbleshop.com\/?s={search_term_string}\"},\"query-input\":\"required name=search_term_string\"}],\"inLanguage\":\"cat-cat\"},{\"@type\":\"Organization\",\"@id\":\"https:\/\/crystalbubbleshop.com\/#organization\",\"name\":\"CRYSTAL BUBBLE Boutique | Moda y Asesoramiento\",\"url\":\"https:\/\/crystalbubbleshop.com\/\",\"logo\":{\"@type\":\"ImageObject\",\"inLanguage\":\"cat-cat\",\"@id\":\"https:\/\/crystalbubbleshop.com\/#\/schema\/logo\/image\/\",\"url\":\"https:\/\/crystalbubbleshop.com\/wp-content\/uploads\/2021\/04\/logo-crystal-bubble-boutique-e1644177749381.jpg\",\"contentUrl\":\"https:\/\/crystalbubbleshop.com\/wp-content\/uploads\/2021\/04\/logo-crystal-bubble-boutique-e1644177749381.jpg\",\"width\":150,\"height\":150,\"caption\":\"CRYSTAL BUBBLE Boutique | Moda y Asesoramiento\"},\"image\":{\"@id\":\"https:\/\/crystalbubbleshop.com\/#\/schema\/logo\/image\/\"},\"sameAs\":[\"http:\/\/www.facebook.com\/crystalbubble1\",\"https:\/\/twitter.com\/crystalbubble1\",\"https:\/\/instagram.com\/crystalbubbleboutique\",\"https:\/\/www.linkedin.com\/company\/crystal-bubble-boutique\",\"https:\/\/pinterest.com\/crystalbubbleboutique\",\"https:\/\/www.youtube.com\/crystalbubbleboutique\",\"https:\/\/www.tiktok.com\/crystalbubbleboutique\"]}]}<\/script>\n<!-- \/ Yoast SEO plugin. -->","yoast_head_json":{"title":"Compra en l\u00ednia - CRYSTAL BUBBLE Boutique","robots":{"index":"noindex","follow":"nofollow"},"og_locale":"en_US","og_type":"article","og_title":"Compra en l\u00ednia - CRYSTAL BUBBLE Boutique","og_description":"[vc_row][vc_column][vc_column_text] COMPRA EN L\u00cdNIA\u00a0 TERMES I CONDICIONS DE COMPRA [\/vc_column_text][\/vc_column][\/vc_row][vc_row][vc_column][vc_column_text css=&#8221;&#8221;] OBJECTE La compra en l\u00ednia: l&#8217; objecte de les presents Termes i Condicions de compra \u00e9s el subministrament per part de CRYSTAL BUBBLE dels productes oferts a la seva boutique online, a canvi d&#8217;una prestaci\u00f3 econ\u00f2mica. &nbsp; SERVEI CRYSTAL BUBBLE t\u00e9 com a prioritat la satisfacci\u00f3 dels seus clients i ho vol assolir a trav\u00e9s d&#8217;un servei excel\u00b7lent. \u00c9s per aix\u00f2 que garanteix la qualitat dels productes lliurats aix\u00ed&hellip;","og_url":"https:\/\/crystalbubbleshop.com\/ca\/compra-en-linia\/","og_site_name":"CRYSTAL BUBBLE Boutique","article_publisher":"http:\/\/www.facebook.com\/crystalbubble1","article_modified_time":"2026-01-07T19:40:55+00:00","twitter_card":"summary_large_image","twitter_site":"@crystalbubble1","schema":{"@context":"https:\/\/schema.org","@graph":[{"@type":"WebPage","@id":"https:\/\/crystalbubbleshop.com\/ca\/compra-en-linia\/","url":"https:\/\/crystalbubbleshop.com\/ca\/compra-en-linia\/","name":"Compra en l\u00ednia - CRYSTAL BUBBLE Boutique","isPartOf":{"@id":"https:\/\/crystalbubbleshop.com\/#website"},"datePublished":"2019-02-09T08:00:48+00:00","dateModified":"2026-01-07T19:40:55+00:00","breadcrumb":{"@id":"https:\/\/crystalbubbleshop.com\/ca\/compra-en-linia\/#breadcrumb"},"inLanguage":"cat-cat","potentialAction":[{"@type":"ReadAction","target":["https:\/\/crystalbubbleshop.com\/ca\/compra-en-linia\/"]}]},{"@type":"BreadcrumbList","@id":"https:\/\/crystalbubbleshop.com\/ca\/compra-en-linia\/#breadcrumb","itemListElement":[{"@type":"ListItem","position":1,"name":"Portada","item":"https:\/\/crystalbubbleshop.com\/ca\/"},{"@type":"ListItem","position":2,"name":"Compra en l\u00ednia"}]},{"@type":"WebSite","@id":"https:\/\/crystalbubbleshop.com\/#website","url":"https:\/\/crystalbubbleshop.com\/","name":"CRYSTAL BUBBLE Boutique","description":"Moda y Asesoramiento","publisher":{"@id":"https:\/\/crystalbubbleshop.com\/#organization"},"potentialAction":[{"@type":"SearchAction","target":{"@type":"EntryPoint","urlTemplate":"https:\/\/crystalbubbleshop.com\/?s={search_term_string}"},"query-input":"required name=search_term_string"}],"inLanguage":"cat-cat"},{"@type":"Organization","@id":"https:\/\/crystalbubbleshop.com\/#organization","name":"CRYSTAL BUBBLE Boutique | Moda y Asesoramiento","url":"https:\/\/crystalbubbleshop.com\/","logo":{"@type":"ImageObject","inLanguage":"cat-cat","@id":"https:\/\/crystalbubbleshop.com\/#\/schema\/logo\/image\/","url":"https:\/\/crystalbubbleshop.com\/wp-content\/uploads\/2021\/04\/logo-crystal-bubble-boutique-e1644177749381.jpg","contentUrl":"https:\/\/crystalbubbleshop.com\/wp-content\/uploads\/2021\/04\/logo-crystal-bubble-boutique-e1644177749381.jpg","width":150,"height":150,"caption":"CRYSTAL BUBBLE Boutique | Moda y Asesoramiento"},"image":{"@id":"https:\/\/crystalbubbleshop.com\/#\/schema\/logo\/image\/"},"sameAs":["http:\/\/www.facebook.com\/crystalbubble1","https:\/\/twitter.com\/crystalbubble1","https:\/\/instagram.com\/crystalbubbleboutique","https:\/\/www.linkedin.com\/company\/crystal-bubble-boutique","https:\/\/pinterest.com\/crystalbubbleboutique","https:\/\/www.youtube.com\/crystalbubbleboutique","https:\/\/www.tiktok.com\/crystalbubbleboutique"]}]}},"_links":{"self":[{"href":"https:\/\/crystalbubbleshop.com\/ca\/wp-json\/wp\/v2\/pages\/21329"}],"collection":[{"href":"https:\/\/crystalbubbleshop.com\/ca\/wp-json\/wp\/v2\/pages"}],"about":[{"href":"https:\/\/crystalbubbleshop.com\/ca\/wp-json\/wp\/v2\/types\/page"}],"author":[{"embeddable":true,"href":"https:\/\/crystalbubbleshop.com\/ca\/wp-json\/wp\/v2\/users\/22"}],"replies":[{"embeddable":true,"href":"https:\/\/crystalbubbleshop.com\/ca\/wp-json\/wp\/v2\/comments?post=21329"}],"version-history":[{"count":14,"href":"https:\/\/crystalbubbleshop.com\/ca\/wp-json\/wp\/v2\/pages\/21329\/revisions"}],"predecessor-version":[{"id":26068,"href":"https:\/\/crystalbubbleshop.com\/ca\/wp-json\/wp\/v2\/pages\/21329\/revisions\/26068"}],"wp:attachment":[{"href":"https:\/\/crystalbubbleshop.com\/ca\/wp-json\/wp\/v2\/media?parent=21329"}],"curies":[{"name":"wp","href":"https:\/\/api.w.org\/{rel}","templated":true}]}}