{"id":23339,"date":"2022-10-08T18:49:41","date_gmt":"2022-10-08T16:49:41","guid":{"rendered":"https:\/\/crystalbubbleshop.com\/capsa-crystalbox\/"},"modified":"2023-07-15T20:18:54","modified_gmt":"2023-07-15T18:18:54","slug":"capsa-sorpresa-crystalbox","status":"publish","type":"page","link":"https:\/\/crystalbubbleshop.com\/ca\/capsa-sorpresa-crystalbox\/","title":{"rendered":"Capsa Sorpresa CrystalBox"},"content":{"rendered":"<div class=\"wpb-content-wrapper\">[vc_row][vc_column width=&#8221;1\/2&#8243;][vc_column_text]\n<h1 id=\"crystalbox\"><strong><span style=\"color: #000000;\">CRYSTALBOX<\/span><\/strong><\/h1>\n<h2 id=\"capsa-sorpresa\"><strong><span style=\"color: #000000;\">CAPSA SORPRESA\u00a0<\/span><\/strong><\/h2>\n<p style=\"font-size: 24px;\"><span style=\"color: #000000;\">CrystalBox by <a href=\"https:\/\/crystalbubbleshop.com\/la-marca\/\">CRYSTAL BUBBLE<\/a>, \u00e9s molt m\u00e9s que una capsa sorpresa. CrystalBox representa la il\u00b7lusi\u00f3 de gaudir una sorpresa de moda que agradi, sentir-se atesa como mereixe i despreocupada per les compres complexes.\u00a0<\/span><\/p>\n[\/vc_column_text][vc_column_text]\n<h3 id=\"capsa-sorpresa-amb-assessorament\" style=\"font-size: 24px;\"><span style=\"color: #000000;\">Capsa Sorpresa amb Assessorament<\/span><\/h3>\n<p style=\"font-size: 24px;\"><span style=\"color: #000000;\">CrystalBox \u00e9s la <a href=\"https:\/\/cutt.ly\/l2nA2d5\" target=\"_blank\" rel=\"noopener\">capsa sorpresa personalitzada per a la dona cosmopolita<\/a>, en la que trobar\u00e0s una bonica sel\u00b7lecci\u00f3 de roba i\/o accesoris, acompanyat sempre d&#8217; un assessorament d&#8217; imatge. Escull de quin color vesteixes la teva vida!<\/span><\/p>\n[\/vc_column_text][\/vc_column][vc_column width=&#8221;1\/2&#8243;][vc_hoverbox image=&#8221;22149&#8243; primary_title=&#8221;&#8221; hover_title=&#8221;&#8221; shape=&#8221;square&#8221; hover_background_color=&#8221;white&#8221; hover_btn_title=&#8221;COMPRAR ARA&#8221; hover_btn_style=&#8221;outline&#8221; hover_btn_shape=&#8221;square&#8221; hover_btn_color=&#8221;black&#8221; hover_btn_size=&#8221;lg&#8221; hover_add_button=&#8221;true&#8221; hover_btn_link=&#8221;url:https%3A%2F%2Fcrystalbubbleshop.com%2Fca%2Fcapsa-sorpresa-moda-assessorament%2F&#8221;]\n<h2 id=\"consigue-tu-crystalbox\" style=\"text-align: center;\"><strong><span style=\"color: #000000;\">CONSIGUE TU CRYSTALBOX<\/span><\/strong><\/h2>\n<p style=\"font-size: 24px; text-align: center;\"><span style=\"color: #000000;\">\u00bfTienes claro qu\u00e9 modalidad de CrystalBox by <a href=\"https:\/\/crystalbubbleshop.com\/la-marca\/\">CRYSTAL BUBBLE<\/a>\u00a0vas a escoger de entre todas las opciones del ShowRoom Online? <\/span><\/p>\n<p style=\"font-size: 24px; text-align: center;\"><span style=\"color: #000000;\">\u00a1Estupendo! <\/span><\/p>\n<p style=\"font-size: 24px; text-align: center;\"><span style=\"color: #000000;\">Accede desde aqu\u00ed para <a href=\"https:\/\/crystalbubbleshop.com\/coleccion-mujer\/moda-curvy\/caja-sorpresa-moda-asesoramiento\/\">seleccionar tu elecci\u00f3n<\/a> y a\u00f1adir el pedido a tu bolsa de la compra sin invertir m\u00e1s tiempo. Una vez confirmado el pedido, tu Asesora de Imagen <a href=\"https:\/\/crystalbubbleshop.com\/contactanos\/\">te contactar\u00e1<\/a> sin que te tengas que preocupar por el resto.<\/span><\/p>\n[\/vc_hoverbox][\/vc_column][\/vc_row][vc_row][vc_column][vc_column_text][\/vc_column_text][vc_column_text css=&#8221;.vc_custom_1665249504859{background-color: #71328b !important;}&#8221;]\n<p style=\"font-size: 24px; text-align: center;\"><span style=\"color: #ffffff;\">CrystalBox \u00e9s la capsa sorpresa en moda per a dona que inclou assessorament.<\/span><\/p>\n<h2 id=\"la-teva-crystalbox-per-a-cada-moment\" style=\"text-align: center;\"><strong><span style=\"color: #ffffff;\">LA TEVA CRYSTALBOX PER A CADA MOMENT<\/span><\/strong><\/h2>\n<h3 id=\"viu-la-il%c2%b7lusio-i-sorprent-te\" style=\"text-align: center;\"><strong><span style=\"color: #ffffff;\">VIU LA IL\u00b7LUSI\u00d3 I SORPRENT-TE!<\/span><\/strong><\/h3>\n<p style=\"font-size: 24px; text-align: center;\"><span style=\"color: #ffffff;\">Amb cada nova CrystalBox, sentir\u00e0s que la teva compra sorpresa \u00e9s intel\u00b7ligent, responsable i divertida.<\/span><\/p>\n[\/vc_column_text][vc_column_text][\/vc_column_text][\/vc_column][\/vc_row][vc_row][vc_column width=&#8221;1\/2&#8243;][vc_hoverbox image=&#8221;24642&#8243; primary_title=&#8221;&#8221; hover_title=&#8221;&#8221; shape=&#8221;square&#8221; hover_background_color=&#8221;white&#8221; hover_btn_title=&#8221;COMPRAR 51\u20ac&#8221; hover_btn_style=&#8221;outline&#8221; hover_btn_shape=&#8221;square&#8221; hover_btn_color=&#8221;black&#8221; hover_btn_size=&#8221;lg&#8221; hover_btn_align=&#8221;center&#8221; hover_add_button=&#8221;true&#8221; css=&#8221;.vc_custom_1689445078496{background-color: #ffffff !important;}&#8221; hover_btn_link=&#8221;url:https%3A%2F%2Fcrystalbubbleshop.com%2Fca%2Fcapsa-sorpresa-moda-per-una%2F&#8221;]\n<h3 id=\"moda-para-una-persona\" style=\"text-align: center;\"><span style=\"color: #000000;\"><strong>MODA PARA UNA PERSONA<\/strong><\/span><\/h3>\n<p><span style=\"color: #000000;\">Si\u00e9ntete querida y arropada mientras te damos los primeros consejos para vestirte fant\u00e1stica y conocer lo que mejor te sienta, todo a trav\u00e9s de tu caja sorpresa en moda femenina.<\/span><\/p>\n<p><span style=\"color: #000000;\">La caja sorpresa <a href=\"https:\/\/crystalbubbleshop.com\/coleccion-mujer\/moda-curvy\/caja-sorpresa-moda-para-una\/\">CrystalBox en Modalidad Inicial<\/a> by CRYSTAL BUBBLE es ideal para estrenarse recibiendo asesoramiento de imagen. \u00a1Reg\u00e1late un capricho bien merecido, solo para ti!\u00a0<\/span>[\/vc_hoverbox][vc_column_text][\/vc_column_text][vc_column_text]\n<p style=\"font-size: 24px;\"><span style=\"color: #000000;\"><strong>PER A UNA<\/strong> &#8211; La teva primera passa per con\u00e8ixer el teu cos!\u00a0<\/span><\/p>\n[\/vc_column_text][vc_btn title=&#8221;COMPRAR 51\u20ac&#8221; style=&#8221;outline&#8221; shape=&#8221;square&#8221; color=&#8221;black&#8221; size=&#8221;lg&#8221; align=&#8221;left&#8221; link=&#8221;url:https%3A%2F%2Fcrystalbubbleshop.com%2Fca%2Fcapsa-sorpresa-moda-per-una%2F&#8221;][vc_column_text][\/vc_column_text][\/vc_column][vc_column width=&#8221;1\/2&#8243;][vc_hoverbox image=&#8221;24635&#8243; primary_title=&#8221;&#8221; hover_title=&#8221;&#8221; shape=&#8221;square&#8221; hover_background_color=&#8221;white&#8221; hover_btn_title=&#8221;COMPRAR 75\u20ac&#8221; hover_btn_style=&#8221;outline&#8221; hover_btn_shape=&#8221;square&#8221; hover_btn_color=&#8221;black&#8221; hover_btn_size=&#8221;lg&#8221; hover_btn_align=&#8221;center&#8221; hover_add_button=&#8221;true&#8221; css=&#8221;.vc_custom_1689445092209{background-color: #ffffff !important;}&#8221; hover_btn_link=&#8221;url:https%3A%2F%2Fcrystalbubbleshop.com%2Fca%2Fcapsa-sorpresa-essencial-moda-assessorament%2F&#8221;]\n<h3 id=\"sorpresa-per-a-combinar-outfits\" style=\"text-align: center;\"><span style=\"color: #000000;\"><strong>SORPRESA PER A COMBINAR OUTFITS\u00a0<\/strong><\/span><\/h3>\n<p><span style=\"color: #000000;\">Segueix conoixent-te, dona&#8217;t el gust d&#8217; una sorpresa en moda totalment assessorada i sorprent-te amb consells d&#8217; estil positius. Obt\u00e9 un bonit outfit i consells de moda.<\/span><\/p>\n<p><span style=\"color: #000000;\">La capsa sorpresa <a href=\"https:\/\/crystalbubbleshop.com\/ca\/capsa-sorpresa-essencial-moda-assessorament\/\">CrystalBox Esencial<\/a> by CRYSTAL BUBBLE \u00e9s la capsa essencial que et permet estrenar noves convinacions de moda, mentre perfecciones el teu estilisme per lluir-les.<\/span>[\/vc_hoverbox][vc_column_text][\/vc_column_text][vc_column_text]\n<p style=\"font-size: 24px;\"><span style=\"color: #000000;\"><strong>COMBINA<\/strong> &#8211; Atreveix-te a voler sempre una mica m\u00e9s!<\/span><\/p>\n[\/vc_column_text][vc_btn title=&#8221;COMPRAR 75\u20ac&#8221; style=&#8221;outline&#8221; shape=&#8221;square&#8221; color=&#8221;black&#8221; size=&#8221;lg&#8221; align=&#8221;left&#8221; link=&#8221;url:https%3A%2F%2Fcrystalbubbleshop.com%2Fca%2Fcapsa-sorpresa-essencial-moda-assessorament%2F&#8221;][vc_column_text][\/vc_column_text][\/vc_column][\/vc_row][vc_row][vc_column width=&#8221;1\/2&#8243;][vc_empty_space][vc_hoverbox image=&#8221;24638&#8243; primary_title=&#8221;&#8221; hover_title=&#8221;&#8221; shape=&#8221;square&#8221; hover_background_color=&#8221;white&#8221; hover_btn_title=&#8221;COMPRAR 165\u20ac&#8221; hover_btn_style=&#8221;outline&#8221; hover_btn_shape=&#8221;square&#8221; hover_btn_color=&#8221;black&#8221; hover_btn_size=&#8221;lg&#8221; hover_btn_align=&#8221;center&#8221; hover_add_button=&#8221;true&#8221; css=&#8221;.vc_custom_1689445110601{background-color: #ffffff !important;}&#8221; hover_btn_link=&#8221;url:https%3A%2F%2Fcrystalbubbleshop.com%2Fca%2Fcapsa-sorpresa-roba%2F&#8221;]\n<h3 id=\"roba-per-a-compartir\" style=\"text-align: center;\"><span style=\"color: #000000;\"><strong>ROBA PER A COMPARTIR\u00a0\u00a0<\/strong><\/span><\/h3>\n<p><span style=\"color: #000000;\">\u00a1Expresa tu felicidad estrenando, e ilusi\u00f3nate junto a tus seres m\u00e1s queridos! Con la CrystalBox Est\u00e1ndar, ases\u00f3rate sobre tu estilismo, viste ropa sorpresa y comp\u00e1rtela si quieres.\u00a0<\/span><\/p>\n<p><span style=\"color: #000000;\">La <a href=\"https:\/\/crystalbubbleshop.com\/coleccion-mujer\/moda-curvy\/caja-sorpresa-ropa\/\">CrystalBox Est\u00e1ndar<\/a> by CRYSTAL BUBBLE es la sorpresa perfecta para completar tu armario mientras te asesoran en imagen, sin perder la ilusi\u00f3n por el buen vestir.<\/span>[\/vc_hoverbox][vc_column_text][\/vc_column_text][vc_column_text]\n<p style=\"font-size: 24px;\"><span style=\"color: #000000;\"><strong>COMPARTEIX<\/strong> &#8211; Seguim sumant somnis pleg@ts?<\/span><\/p>\n[\/vc_column_text][vc_btn title=&#8221;COMPRAR 165\u20ac&#8221; style=&#8221;outline&#8221; shape=&#8221;square&#8221; color=&#8221;black&#8221; size=&#8221;lg&#8221; align=&#8221;left&#8221; link=&#8221;url:https%3A%2F%2Fcrystalbubbleshop.com%2Fca%2Fcapsa-sorpresa-roba%2F&#8221;][vc_column_text][\/vc_column_text][\/vc_column][vc_column width=&#8221;1\/2&#8243;][vc_empty_space][vc_hoverbox image=&#8221;25542&#8243; primary_title=&#8221;&#8221; hover_title=&#8221;&#8221; shape=&#8221;square&#8221; hover_background_color=&#8221;white&#8221; hover_btn_title=&#8221;COMPRAR 135\u20ac&#8221; hover_btn_style=&#8221;outline&#8221; hover_btn_shape=&#8221;square&#8221; hover_btn_color=&#8221;black&#8221; hover_btn_size=&#8221;lg&#8221; hover_btn_align=&#8221;center&#8221; hover_add_button=&#8221;true&#8221; css=&#8221;.vc_custom_1689445123999{background-color: #ffffff !important;}&#8221; hover_btn_link=&#8221;url:https%3A%2F%2Fcrystalbubbleshop.com%2Fca%2Fcapsa-sorpresa-moda-solidaria%2F&#8221;]\n<h3 id=\"sorpresa-solidaria\" style=\"text-align: center;\"><span style=\"color: #000000;\"><strong>SORPRESA SOLID\u00c0RIA\u00a0\u00a0<\/strong><\/span><\/h3>\n<p><span style=\"color: #000000;\">Escull els sentiments que li donem a la nostra capsa sorpresa solid\u00e0ria, i lluita contra el c\u00e0ncer comprant bonics accessoris sorpresa escollits especialment per a tu. Amb aquesta capsa gaudir\u00e0s juntament amb un assessorament d&#8217; imatge en l\u00ednia en moda, sola o amb qui tu vulguis.\u00a0<\/span><\/p>\n<p><span style=\"color: #000000;\">El contingut de la <a href=\"https:\/\/crystalbubbleshop.com\/ca\/capsa-sorpresa-moda-solidaria\/\">CrystalBox Solid\u00e0ria<\/a>, \u00e9s per a tu o per compartir, i el seu Assessorament d&#8217; imatge no caduca i, tamb\u00e9 el pots compartir com els accessoris sorpresa.<\/span>[\/vc_hoverbox][vc_column_text][\/vc_column_text][vc_column_text]\n<p style=\"font-size: 24px;\"><span style=\"color: #000000;\"><strong>SOLID\u00c0RIA<\/strong> &#8211; Et ve de gust recolzar la salut de les dones?<\/span><\/p>\n[\/vc_column_text][vc_btn title=&#8221;COMPRAR 135\u20ac&#8221; style=&#8221;outline&#8221; shape=&#8221;square&#8221; color=&#8221;black&#8221; size=&#8221;lg&#8221; align=&#8221;left&#8221; link=&#8221;url:https%3A%2F%2Fcrystalbubbleshop.com%2Fca%2Fcapsa-sorpresa-moda-solidaria%2F&#8221;][vc_column_text][\/vc_column_text][\/vc_column][\/vc_row][vc_row][vc_column width=&#8221;1\/2&#8243;][vc_empty_space][vc_column_text]\n<p style=\"text-align: center;\"><iframe loading=\"lazy\" title=\"YouTube video player\" src=\"https:\/\/www.youtube.com\/embed\/vmXzcfMBRgA?modestbranding=1&amp;rel=0\" width=\"854\" height=\"480\" frameborder=\"0\" allowfullscreen=\"allowfullscreen\"><span data-mce-type=\"bookmark\" style=\"display: inline-block; width: 0px; overflow: hidden; line-height: 0;\" class=\"mce_SELRES_start\">\ufeff<\/span><span data-mce-type=\"bookmark\" style=\"display: inline-block; width: 0px; overflow: hidden; line-height: 0;\" class=\"mce_SELRES_start\">\ufeff<\/span><\/iframe><\/p>\n[\/vc_column_text][\/vc_column][vc_column width=&#8221;1\/2&#8243;][vc_empty_space][vc_column_text]\n<p style=\"text-align: center;\"><iframe loading=\"lazy\" title=\"YouTube video player\" src=\"https:\/\/www.youtube.com\/embed\/G_X0Dzyln5Y?modestbranding=1&amp;rel=0\" width=\"854\" height=\"480\" frameborder=\"0\" allowfullscreen=\"allowfullscreen\"><span data-mce-type=\"bookmark\" style=\"display: inline-block; width: 0px; overflow: hidden; line-height: 0;\" class=\"mce_SELRES_start\">\ufeff<\/span><\/iframe><\/p>\n[\/vc_column_text][\/vc_column][\/vc_row]\n<\/div>","protected":false},"excerpt":{"rendered":"<p>[vc_row][vc_column width=&#8221;1\/2&#8243;][vc_column_text] CRYSTALBOX CAPSA SORPRESA\u00a0 CrystalBox by CRYSTAL BUBBLE, \u00e9s molt m\u00e9s que una capsa sorpresa. CrystalBox representa la il\u00b7lusi\u00f3 de gaudir una sorpresa de moda que agradi, sentir-se atesa como mereixe i despreocupada per les compres complexes.\u00a0 [\/vc_column_text][vc_column_text] Capsa Sorpresa amb Assessorament CrystalBox \u00e9s la capsa sorpresa personalitzada per a la dona cosmopolita, en la que trobar\u00e0s una bonica sel\u00b7lecci\u00f3 de roba i\/o accesoris, acompanyat sempre d&#8217; un assessorament d&#8217; imatge. Escull de quin color vesteixes la teva vida!&hellip;<\/p>\n","protected":false},"author":22,"featured_media":24622,"parent":0,"menu_order":0,"comment_status":"closed","ping_status":"closed","template":"","meta":[],"featured_image_src":"https:\/\/crystalbubbleshop.com\/wp-content\/uploads\/2019\/02\/crystalbox-capsa-sorpresa-barcelona.png","acf":[],"yoast_head":"<!-- This site is optimized with the Yoast SEO plugin v21.1 - https:\/\/yoast.com\/wordpress\/plugins\/seo\/ -->\n<title>Capsa Sorpresa CrystalBox - CRYSTAL BUBBLE Boutique<\/title>\n<meta name=\"robots\" content=\"index, follow, max-snippet:-1, max-image-preview:large, max-video-preview:-1\" \/>\n<link rel=\"canonical\" href=\"https:\/\/crystalbubbleshop.com\/ca\/capsa-sorpresa-moda-assessorament\/\" \/>\n<meta property=\"og:locale\" content=\"en_US\" \/>\n<meta property=\"og:type\" content=\"article\" \/>\n<meta property=\"og:title\" content=\"Capsa Sorpresa CrystalBox - CRYSTAL BUBBLE Boutique\" \/>\n<meta property=\"og:description\" content=\"[vc_row][vc_column width=&#8221;1\/2&#8243;][vc_column_text] CRYSTALBOX CAPSA SORPRESA\u00a0 CrystalBox by CRYSTAL BUBBLE, \u00e9s molt m\u00e9s que una capsa sorpresa. CrystalBox representa la il\u00b7lusi\u00f3 de gaudir una sorpresa de moda que agradi, sentir-se atesa como mereixe i despreocupada per les compres complexes.\u00a0 [\/vc_column_text][vc_column_text] Capsa Sorpresa amb Assessorament CrystalBox \u00e9s la capsa sorpresa personalitzada per a la dona cosmopolita, en la que trobar\u00e0s una bonica sel\u00b7lecci\u00f3 de roba i\/o accesoris, acompanyat sempre d&#8217; un assessorament d&#8217; imatge. Escull de quin color vesteixes la teva vida!&hellip;\" \/>\n<meta property=\"og:url\" content=\"https:\/\/crystalbubbleshop.com\/ca\/capsa-sorpresa-moda-assessorament\/\" \/>\n<meta property=\"og:site_name\" content=\"CRYSTAL BUBBLE Boutique\" \/>\n<meta property=\"article:publisher\" content=\"http:\/\/www.facebook.com\/crystalbubble1\" \/>\n<meta property=\"article:modified_time\" content=\"2023-07-15T18:18:54+00:00\" \/>\n<meta property=\"og:image\" content=\"https:\/\/crystalbubbleshop.com\/wp-content\/uploads\/2019\/02\/crystalbox-capsa-sorpresa-barcelona.png\" \/>\n\t<meta property=\"og:image:width\" content=\"1080\" \/>\n\t<meta property=\"og:image:height\" content=\"1350\" \/>\n\t<meta property=\"og:image:type\" content=\"image\/png\" \/>\n<meta name=\"twitter:card\" content=\"summary_large_image\" \/>\n<meta name=\"twitter:site\" content=\"@crystalbubble1\" \/>\n<script type=\"application\/ld+json\" class=\"yoast-schema-graph\">{\"@context\":\"https:\/\/schema.org\",\"@graph\":[{\"@type\":\"WebPage\",\"@id\":\"https:\/\/crystalbubbleshop.com\/ca\/capsa-sorpresa-crystalbox\/\",\"url\":\"https:\/\/crystalbubbleshop.com\/ca\/capsa-sorpresa-moda-assessorament\/\",\"name\":\"Capsa Sorpresa CrystalBox - CRYSTAL BUBBLE Boutique\",\"isPartOf\":{\"@id\":\"https:\/\/crystalbubbleshop.com\/#website\"},\"datePublished\":\"2022-10-08T16:49:41+00:00\",\"dateModified\":\"2023-07-15T18:18:54+00:00\",\"breadcrumb\":{\"@id\":\"https:\/\/crystalbubbleshop.com\/ca\/capsa-sorpresa-moda-assessorament\/#breadcrumb\"},\"inLanguage\":\"cat-cat\",\"potentialAction\":[{\"@type\":\"ReadAction\",\"target\":[\"https:\/\/crystalbubbleshop.com\/ca\/capsa-sorpresa-moda-assessorament\/\"]}]},{\"@type\":\"BreadcrumbList\",\"@id\":\"https:\/\/crystalbubbleshop.com\/ca\/capsa-sorpresa-moda-assessorament\/#breadcrumb\",\"itemListElement\":[{\"@type\":\"ListItem\",\"position\":1,\"name\":\"Portada\",\"item\":\"https:\/\/crystalbubbleshop.com\/ca\/\"},{\"@type\":\"ListItem\",\"position\":2,\"name\":\"Capsa Sorpresa CrystalBox\"}]},{\"@type\":\"WebSite\",\"@id\":\"https:\/\/crystalbubbleshop.com\/#website\",\"url\":\"https:\/\/crystalbubbleshop.com\/\",\"name\":\"CRYSTAL BUBBLE Boutique\",\"description\":\"Moda y Asesoramiento\",\"publisher\":{\"@id\":\"https:\/\/crystalbubbleshop.com\/#organization\"},\"potentialAction\":[{\"@type\":\"SearchAction\",\"target\":{\"@type\":\"EntryPoint\",\"urlTemplate\":\"https:\/\/crystalbubbleshop.com\/?s={search_term_string}\"},\"query-input\":\"required name=search_term_string\"}],\"inLanguage\":\"cat-cat\"},{\"@type\":\"Organization\",\"@id\":\"https:\/\/crystalbubbleshop.com\/#organization\",\"name\":\"CRYSTAL BUBBLE Boutique | Moda y Asesoramiento\",\"url\":\"https:\/\/crystalbubbleshop.com\/\",\"logo\":{\"@type\":\"ImageObject\",\"inLanguage\":\"cat-cat\",\"@id\":\"https:\/\/crystalbubbleshop.com\/#\/schema\/logo\/image\/\",\"url\":\"https:\/\/crystalbubbleshop.com\/wp-content\/uploads\/2021\/04\/logo-crystal-bubble-boutique-e1644177749381.jpg\",\"contentUrl\":\"https:\/\/crystalbubbleshop.com\/wp-content\/uploads\/2021\/04\/logo-crystal-bubble-boutique-e1644177749381.jpg\",\"width\":150,\"height\":150,\"caption\":\"CRYSTAL BUBBLE Boutique | Moda y Asesoramiento\"},\"image\":{\"@id\":\"https:\/\/crystalbubbleshop.com\/#\/schema\/logo\/image\/\"},\"sameAs\":[\"http:\/\/www.facebook.com\/crystalbubble1\",\"https:\/\/twitter.com\/crystalbubble1\",\"https:\/\/instagram.com\/crystalbubbleboutique\",\"https:\/\/www.linkedin.com\/company\/crystal-bubble-boutique\",\"https:\/\/pinterest.com\/crystalbubbleboutique\",\"https:\/\/www.youtube.com\/crystalbubbleboutique\",\"https:\/\/www.tiktok.com\/crystalbubbleboutique\"]}]}<\/script>\n<!-- \/ Yoast SEO plugin. -->","yoast_head_json":{"title":"Capsa Sorpresa CrystalBox - CRYSTAL BUBBLE Boutique","robots":{"index":"index","follow":"follow","max-snippet":"max-snippet:-1","max-image-preview":"max-image-preview:large","max-video-preview":"max-video-preview:-1"},"canonical":"https:\/\/crystalbubbleshop.com\/ca\/capsa-sorpresa-moda-assessorament\/","og_locale":"en_US","og_type":"article","og_title":"Capsa Sorpresa CrystalBox - CRYSTAL BUBBLE Boutique","og_description":"[vc_row][vc_column width=&#8221;1\/2&#8243;][vc_column_text] CRYSTALBOX CAPSA SORPRESA\u00a0 CrystalBox by CRYSTAL BUBBLE, \u00e9s molt m\u00e9s que una capsa sorpresa. CrystalBox representa la il\u00b7lusi\u00f3 de gaudir una sorpresa de moda que agradi, sentir-se atesa como mereixe i despreocupada per les compres complexes.\u00a0 [\/vc_column_text][vc_column_text] Capsa Sorpresa amb Assessorament CrystalBox \u00e9s la capsa sorpresa personalitzada per a la dona cosmopolita, en la que trobar\u00e0s una bonica sel\u00b7lecci\u00f3 de roba i\/o accesoris, acompanyat sempre d&#8217; un assessorament d&#8217; imatge. Escull de quin color vesteixes la teva vida!&hellip;","og_url":"https:\/\/crystalbubbleshop.com\/ca\/capsa-sorpresa-moda-assessorament\/","og_site_name":"CRYSTAL BUBBLE Boutique","article_publisher":"http:\/\/www.facebook.com\/crystalbubble1","article_modified_time":"2023-07-15T18:18:54+00:00","og_image":[{"width":1080,"height":1350,"url":"https:\/\/crystalbubbleshop.com\/wp-content\/uploads\/2019\/02\/crystalbox-capsa-sorpresa-barcelona.png","type":"image\/png"}],"twitter_card":"summary_large_image","twitter_site":"@crystalbubble1","schema":{"@context":"https:\/\/schema.org","@graph":[{"@type":"WebPage","@id":"https:\/\/crystalbubbleshop.com\/ca\/capsa-sorpresa-crystalbox\/","url":"https:\/\/crystalbubbleshop.com\/ca\/capsa-sorpresa-moda-assessorament\/","name":"Capsa Sorpresa CrystalBox - CRYSTAL BUBBLE Boutique","isPartOf":{"@id":"https:\/\/crystalbubbleshop.com\/#website"},"datePublished":"2022-10-08T16:49:41+00:00","dateModified":"2023-07-15T18:18:54+00:00","breadcrumb":{"@id":"https:\/\/crystalbubbleshop.com\/ca\/capsa-sorpresa-moda-assessorament\/#breadcrumb"},"inLanguage":"cat-cat","potentialAction":[{"@type":"ReadAction","target":["https:\/\/crystalbubbleshop.com\/ca\/capsa-sorpresa-moda-assessorament\/"]}]},{"@type":"BreadcrumbList","@id":"https:\/\/crystalbubbleshop.com\/ca\/capsa-sorpresa-moda-assessorament\/#breadcrumb","itemListElement":[{"@type":"ListItem","position":1,"name":"Portada","item":"https:\/\/crystalbubbleshop.com\/ca\/"},{"@type":"ListItem","position":2,"name":"Capsa Sorpresa CrystalBox"}]},{"@type":"WebSite","@id":"https:\/\/crystalbubbleshop.com\/#website","url":"https:\/\/crystalbubbleshop.com\/","name":"CRYSTAL BUBBLE Boutique","description":"Moda y Asesoramiento","publisher":{"@id":"https:\/\/crystalbubbleshop.com\/#organization"},"potentialAction":[{"@type":"SearchAction","target":{"@type":"EntryPoint","urlTemplate":"https:\/\/crystalbubbleshop.com\/?s={search_term_string}"},"query-input":"required name=search_term_string"}],"inLanguage":"cat-cat"},{"@type":"Organization","@id":"https:\/\/crystalbubbleshop.com\/#organization","name":"CRYSTAL BUBBLE Boutique | Moda y Asesoramiento","url":"https:\/\/crystalbubbleshop.com\/","logo":{"@type":"ImageObject","inLanguage":"cat-cat","@id":"https:\/\/crystalbubbleshop.com\/#\/schema\/logo\/image\/","url":"https:\/\/crystalbubbleshop.com\/wp-content\/uploads\/2021\/04\/logo-crystal-bubble-boutique-e1644177749381.jpg","contentUrl":"https:\/\/crystalbubbleshop.com\/wp-content\/uploads\/2021\/04\/logo-crystal-bubble-boutique-e1644177749381.jpg","width":150,"height":150,"caption":"CRYSTAL BUBBLE Boutique | Moda y Asesoramiento"},"image":{"@id":"https:\/\/crystalbubbleshop.com\/#\/schema\/logo\/image\/"},"sameAs":["http:\/\/www.facebook.com\/crystalbubble1","https:\/\/twitter.com\/crystalbubble1","https:\/\/instagram.com\/crystalbubbleboutique","https:\/\/www.linkedin.com\/company\/crystal-bubble-boutique","https:\/\/pinterest.com\/crystalbubbleboutique","https:\/\/www.youtube.com\/crystalbubbleboutique","https:\/\/www.tiktok.com\/crystalbubbleboutique"]}]}},"_links":{"self":[{"href":"https:\/\/crystalbubbleshop.com\/ca\/wp-json\/wp\/v2\/pages\/23339"}],"collection":[{"href":"https:\/\/crystalbubbleshop.com\/ca\/wp-json\/wp\/v2\/pages"}],"about":[{"href":"https:\/\/crystalbubbleshop.com\/ca\/wp-json\/wp\/v2\/types\/page"}],"author":[{"embeddable":true,"href":"https:\/\/crystalbubbleshop.com\/ca\/wp-json\/wp\/v2\/users\/22"}],"replies":[{"embeddable":true,"href":"https:\/\/crystalbubbleshop.com\/ca\/wp-json\/wp\/v2\/comments?post=23339"}],"version-history":[{"count":52,"href":"https:\/\/crystalbubbleshop.com\/ca\/wp-json\/wp\/v2\/pages\/23339\/revisions"}],"predecessor-version":[{"id":24453,"href":"https:\/\/crystalbubbleshop.com\/ca\/wp-json\/wp\/v2\/pages\/23339\/revisions\/24453"}],"wp:featuredmedia":[{"embeddable":true,"href":"https:\/\/crystalbubbleshop.com\/ca\/wp-json\/wp\/v2\/media\/24622"}],"wp:attachment":[{"href":"https:\/\/crystalbubbleshop.com\/ca\/wp-json\/wp\/v2\/media?parent=23339"}],"curies":[{"name":"wp","href":"https:\/\/api.w.org\/{rel}","templated":true}]}}