{"id":25724,"date":"2023-07-21T18:53:11","date_gmt":"2023-07-21T16:53:11","guid":{"rendered":"https:\/\/crystalbubbleshop.com\/empreses\/"},"modified":"2024-02-18T09:50:05","modified_gmt":"2024-02-18T08:50:05","slug":"empreses","status":"publish","type":"page","link":"https:\/\/crystalbubbleshop.com\/ca\/empreses\/","title":{"rendered":"Empreses"},"content":{"rendered":"<div class=\"wpb-content-wrapper\">[vc_row][vc_column][vc_column_text]\n<h1 id=\"empreses\"><span style=\"color: #000000;\"><strong>Empreses<\/strong><\/span><\/h1>\n[\/vc_column_text][\/vc_column][\/vc_row][vc_row][vc_column][vc_column_text]\n<h2 id=\"empreses-empoderades\"><span style=\"color: #000000;\"><strong>Empreses empoderades<\/strong><\/span><\/h2>\n[\/vc_column_text][\/vc_column][\/vc_row][vc_row][vc_column width=&#8221;1\/2&#8243;][vc_single_image image=&#8221;25561&#8243; img_size=&#8221;large&#8221;][\/vc_column][vc_column width=&#8221;1\/2&#8243;][vc_column_text]\n<p style=\"font-size: 24px;\"><span style=\"color: #000000;\">A <a href=\"https:\/\/goo.gl\/maps\/2jN1kjkF1AtNXh8JA\" target=\"_blank\" rel=\"noopener\">CRYSTAL BUBBLE Assessorament<\/a> som experts en Serveis Corporate. Les nostres propostes de <a href=\"https:\/\/goo.gl\/maps\/2jN1kjkF1AtNXh8JA\" target=\"_blank\" rel=\"noopener\">servei de moda<\/a> disponibles per a empresaris i clients corporate, inclouen serveis individuals i\/ o b\u00e9 grupals per als seus equips de treballadores, presencials o en l\u00ednia. Informa&#8217;t sobre les opcions i demana la teva activitat a la carta. <a href=\"https:\/\/crystalbubbleshop.com\/ca\/contactans\/\">Deixa&#8217;ns les teves dades i et contactem<\/a>.<\/span><\/p>\n[\/vc_column_text][vc_btn title=&#8221;SOL\u00b7LICITAR SERVEI&#8221; style=&#8221;outline&#8221; shape=&#8221;square&#8221; color=&#8221;black&#8221; size=&#8221;lg&#8221; align=&#8221;left&#8221; link=&#8221;url:https%3A%2F%2Fcrystalbubbleshop.com%2Fca%2Fcontactans%2F|&#8221;][\/vc_column][\/vc_row][vc_row][vc_column][vc_empty_space][\/vc_column][\/vc_row][vc_row][vc_column][vc_empty_space][\/vc_column][\/vc_row][vc_row][vc_column][vc_empty_space][\/vc_column][\/vc_row][vc_row][vc_column][vc_column_text]\n<h2 id=\"hoteles-amb-alma\"><span style=\"color: #000000;\"><strong>Hoteles amb Alma<\/strong><\/span><\/h2>\n[\/vc_column_text][\/vc_column][\/vc_row][vc_row][vc_column width=&#8221;1\/2&#8243;][vc_single_image image=&#8221;25696&#8243; img_size=&#8221;large&#8221;][\/vc_column][vc_column width=&#8221;1\/2&#8243;][vc_column_text]\n<p style=\"font-size: 24px;\"><span style=\"color: #000000;\">A <a href=\"https:\/\/goo.gl\/maps\/2jN1kjkF1AtNXh8JA\" target=\"_blank\" rel=\"noopener\">CRYSTAL BUBBLE Assessorament<\/a> entenem l&#8217;atenci\u00f3 personalitzada que requereix la teva Clientela. \u00c9s per aix\u00f2 que, en q\u00fcesti\u00f3 dassessorament de moda, els nostres serveis es personalitzen. <a href=\"https:\/\/crystalbubbleshop.com\/ca\/contactans\/\">Deixa&#8217;ns les teves dades i et contactem<\/a>.<\/span><\/p>\n[\/vc_column_text][vc_btn title=&#8221;SOL\u00b7LICITAR SERVEI&#8221; style=&#8221;outline&#8221; shape=&#8221;square&#8221; color=&#8221;black&#8221; size=&#8221;lg&#8221; align=&#8221;left&#8221; link=&#8221;url:https%3A%2F%2Fcrystalbubbleshop.com%2Fca%2Fcontactans%2F|&#8221;][vc_empty_space][\/vc_column][\/vc_row][vc_row][vc_column][vc_empty_space][\/vc_column][\/vc_row]\n<\/div>","protected":false},"excerpt":{"rendered":"<p>[vc_row][vc_column][vc_column_text] Empreses [\/vc_column_text][\/vc_column][\/vc_row][vc_row][vc_column][vc_column_text] Empreses empoderades [\/vc_column_text][\/vc_column][\/vc_row][vc_row][vc_column width=&#8221;1\/2&#8243;][vc_single_image image=&#8221;25561&#8243; img_size=&#8221;large&#8221;][\/vc_column][vc_column width=&#8221;1\/2&#8243;][vc_column_text] A CRYSTAL BUBBLE Assessorament som experts en Serveis Corporate. Les nostres propostes de servei de moda disponibles per a empresaris i clients corporate, inclouen serveis individuals i\/ o b\u00e9 grupals per als seus equips de treballadores, presencials o en l\u00ednia. Informa&#8217;t sobre les opcions i demana la teva activitat a la carta. Deixa&#8217;ns les teves dades i et contactem. [\/vc_column_text][vc_btn title=&#8221;SOL\u00b7LICITAR SERVEI&#8221; style=&#8221;outline&#8221; shape=&#8221;square&#8221; color=&#8221;black&#8221; size=&#8221;lg&#8221; align=&#8221;left&#8221; link=&#8221;url:https%3A%2F%2Fcrystalbubbleshop.com%2Fca%2Fcontactans%2F|&#8221;][\/vc_column][\/vc_row][vc_row][vc_column][vc_empty_space][\/vc_column][\/vc_row][vc_row][vc_column][vc_empty_space][\/vc_column][\/vc_row][vc_row][vc_column][vc_empty_space][\/vc_column][\/vc_row][vc_row][vc_column][vc_column_text] Hoteles amb&hellip;<\/p>\n","protected":false},"author":1,"featured_media":0,"parent":0,"menu_order":0,"comment_status":"closed","ping_status":"closed","template":"","meta":[],"featured_image_src":null,"acf":[],"yoast_head":"<!-- This site is optimized with the Yoast SEO plugin v21.1 - https:\/\/yoast.com\/wordpress\/plugins\/seo\/ -->\n<title>Empreses - CRYSTAL BUBBLE Boutique<\/title>\n<meta name=\"robots\" content=\"index, follow, max-snippet:-1, max-image-preview:large, max-video-preview:-1\" \/>\n<link rel=\"canonical\" href=\"https:\/\/crystalbubbleshop.com\/ca\/empreses\/\" \/>\n<meta property=\"og:locale\" content=\"en_US\" \/>\n<meta property=\"og:type\" content=\"article\" \/>\n<meta property=\"og:title\" content=\"Empreses - CRYSTAL BUBBLE Boutique\" \/>\n<meta property=\"og:description\" content=\"[vc_row][vc_column][vc_column_text] Empreses [\/vc_column_text][\/vc_column][\/vc_row][vc_row][vc_column][vc_column_text] Empreses empoderades [\/vc_column_text][\/vc_column][\/vc_row][vc_row][vc_column width=&#8221;1\/2&#8243;][vc_single_image image=&#8221;25561&#8243; img_size=&#8221;large&#8221;][\/vc_column][vc_column width=&#8221;1\/2&#8243;][vc_column_text] A CRYSTAL BUBBLE Assessorament som experts en Serveis Corporate. Les nostres propostes de servei de moda disponibles per a empresaris i clients corporate, inclouen serveis individuals i\/ o b\u00e9 grupals per als seus equips de treballadores, presencials o en l\u00ednia. Informa&#8217;t sobre les opcions i demana la teva activitat a la carta. Deixa&#8217;ns les teves dades i et contactem. [\/vc_column_text][vc_btn title=&#8221;SOL\u00b7LICITAR SERVEI&#8221; style=&#8221;outline&#8221; shape=&#8221;square&#8221; color=&#8221;black&#8221; size=&#8221;lg&#8221; align=&#8221;left&#8221; link=&#8221;url:https%3A%2F%2Fcrystalbubbleshop.com%2Fca%2Fcontactans%2F|&#8221;][\/vc_column][\/vc_row][vc_row][vc_column][vc_empty_space][\/vc_column][\/vc_row][vc_row][vc_column][vc_empty_space][\/vc_column][\/vc_row][vc_row][vc_column][vc_empty_space][\/vc_column][\/vc_row][vc_row][vc_column][vc_column_text] Hoteles amb&hellip;\" \/>\n<meta property=\"og:url\" content=\"https:\/\/crystalbubbleshop.com\/ca\/empreses\/\" \/>\n<meta property=\"og:site_name\" content=\"CRYSTAL BUBBLE Boutique\" \/>\n<meta property=\"article:publisher\" content=\"http:\/\/www.facebook.com\/crystalbubble1\" \/>\n<meta property=\"article:modified_time\" content=\"2024-02-18T08:50:05+00:00\" \/>\n<meta name=\"twitter:card\" content=\"summary_large_image\" \/>\n<meta name=\"twitter:site\" content=\"@crystalbubble1\" \/>\n<script type=\"application\/ld+json\" class=\"yoast-schema-graph\">{\"@context\":\"https:\/\/schema.org\",\"@graph\":[{\"@type\":\"WebPage\",\"@id\":\"https:\/\/crystalbubbleshop.com\/ca\/empreses\/\",\"url\":\"https:\/\/crystalbubbleshop.com\/ca\/empreses\/\",\"name\":\"Empreses - CRYSTAL BUBBLE Boutique\",\"isPartOf\":{\"@id\":\"https:\/\/crystalbubbleshop.com\/#website\"},\"datePublished\":\"2023-07-21T16:53:11+00:00\",\"dateModified\":\"2024-02-18T08:50:05+00:00\",\"breadcrumb\":{\"@id\":\"https:\/\/crystalbubbleshop.com\/ca\/empreses\/#breadcrumb\"},\"inLanguage\":\"cat-cat\",\"potentialAction\":[{\"@type\":\"ReadAction\",\"target\":[\"https:\/\/crystalbubbleshop.com\/ca\/empreses\/\"]}]},{\"@type\":\"BreadcrumbList\",\"@id\":\"https:\/\/crystalbubbleshop.com\/ca\/empreses\/#breadcrumb\",\"itemListElement\":[{\"@type\":\"ListItem\",\"position\":1,\"name\":\"Portada\",\"item\":\"https:\/\/crystalbubbleshop.com\/ca\/\"},{\"@type\":\"ListItem\",\"position\":2,\"name\":\"Empreses\"}]},{\"@type\":\"WebSite\",\"@id\":\"https:\/\/crystalbubbleshop.com\/#website\",\"url\":\"https:\/\/crystalbubbleshop.com\/\",\"name\":\"CRYSTAL BUBBLE Boutique\",\"description\":\"Moda y Asesoramiento\",\"publisher\":{\"@id\":\"https:\/\/crystalbubbleshop.com\/#organization\"},\"potentialAction\":[{\"@type\":\"SearchAction\",\"target\":{\"@type\":\"EntryPoint\",\"urlTemplate\":\"https:\/\/crystalbubbleshop.com\/?s={search_term_string}\"},\"query-input\":\"required name=search_term_string\"}],\"inLanguage\":\"cat-cat\"},{\"@type\":\"Organization\",\"@id\":\"https:\/\/crystalbubbleshop.com\/#organization\",\"name\":\"CRYSTAL BUBBLE Boutique | Moda y Asesoramiento\",\"url\":\"https:\/\/crystalbubbleshop.com\/\",\"logo\":{\"@type\":\"ImageObject\",\"inLanguage\":\"cat-cat\",\"@id\":\"https:\/\/crystalbubbleshop.com\/#\/schema\/logo\/image\/\",\"url\":\"https:\/\/crystalbubbleshop.com\/wp-content\/uploads\/2021\/04\/logo-crystal-bubble-boutique-e1644177749381.jpg\",\"contentUrl\":\"https:\/\/crystalbubbleshop.com\/wp-content\/uploads\/2021\/04\/logo-crystal-bubble-boutique-e1644177749381.jpg\",\"width\":150,\"height\":150,\"caption\":\"CRYSTAL BUBBLE Boutique | Moda y Asesoramiento\"},\"image\":{\"@id\":\"https:\/\/crystalbubbleshop.com\/#\/schema\/logo\/image\/\"},\"sameAs\":[\"http:\/\/www.facebook.com\/crystalbubble1\",\"https:\/\/twitter.com\/crystalbubble1\",\"https:\/\/instagram.com\/crystalbubbleboutique\",\"https:\/\/www.linkedin.com\/company\/crystal-bubble-boutique\",\"https:\/\/pinterest.com\/crystalbubbleboutique\",\"https:\/\/www.youtube.com\/crystalbubbleboutique\",\"https:\/\/www.tiktok.com\/crystalbubbleboutique\"]}]}<\/script>\n<!-- \/ Yoast SEO plugin. -->","yoast_head_json":{"title":"Empreses - CRYSTAL BUBBLE Boutique","robots":{"index":"index","follow":"follow","max-snippet":"max-snippet:-1","max-image-preview":"max-image-preview:large","max-video-preview":"max-video-preview:-1"},"canonical":"https:\/\/crystalbubbleshop.com\/ca\/empreses\/","og_locale":"en_US","og_type":"article","og_title":"Empreses - CRYSTAL BUBBLE Boutique","og_description":"[vc_row][vc_column][vc_column_text] Empreses [\/vc_column_text][\/vc_column][\/vc_row][vc_row][vc_column][vc_column_text] Empreses empoderades [\/vc_column_text][\/vc_column][\/vc_row][vc_row][vc_column width=&#8221;1\/2&#8243;][vc_single_image image=&#8221;25561&#8243; img_size=&#8221;large&#8221;][\/vc_column][vc_column width=&#8221;1\/2&#8243;][vc_column_text] A CRYSTAL BUBBLE Assessorament som experts en Serveis Corporate. Les nostres propostes de servei de moda disponibles per a empresaris i clients corporate, inclouen serveis individuals i\/ o b\u00e9 grupals per als seus equips de treballadores, presencials o en l\u00ednia. Informa&#8217;t sobre les opcions i demana la teva activitat a la carta. Deixa&#8217;ns les teves dades i et contactem. [\/vc_column_text][vc_btn title=&#8221;SOL\u00b7LICITAR SERVEI&#8221; style=&#8221;outline&#8221; shape=&#8221;square&#8221; color=&#8221;black&#8221; size=&#8221;lg&#8221; align=&#8221;left&#8221; link=&#8221;url:https%3A%2F%2Fcrystalbubbleshop.com%2Fca%2Fcontactans%2F|&#8221;][\/vc_column][\/vc_row][vc_row][vc_column][vc_empty_space][\/vc_column][\/vc_row][vc_row][vc_column][vc_empty_space][\/vc_column][\/vc_row][vc_row][vc_column][vc_empty_space][\/vc_column][\/vc_row][vc_row][vc_column][vc_column_text] Hoteles amb&hellip;","og_url":"https:\/\/crystalbubbleshop.com\/ca\/empreses\/","og_site_name":"CRYSTAL BUBBLE Boutique","article_publisher":"http:\/\/www.facebook.com\/crystalbubble1","article_modified_time":"2024-02-18T08:50:05+00:00","twitter_card":"summary_large_image","twitter_site":"@crystalbubble1","schema":{"@context":"https:\/\/schema.org","@graph":[{"@type":"WebPage","@id":"https:\/\/crystalbubbleshop.com\/ca\/empreses\/","url":"https:\/\/crystalbubbleshop.com\/ca\/empreses\/","name":"Empreses - CRYSTAL BUBBLE Boutique","isPartOf":{"@id":"https:\/\/crystalbubbleshop.com\/#website"},"datePublished":"2023-07-21T16:53:11+00:00","dateModified":"2024-02-18T08:50:05+00:00","breadcrumb":{"@id":"https:\/\/crystalbubbleshop.com\/ca\/empreses\/#breadcrumb"},"inLanguage":"cat-cat","potentialAction":[{"@type":"ReadAction","target":["https:\/\/crystalbubbleshop.com\/ca\/empreses\/"]}]},{"@type":"BreadcrumbList","@id":"https:\/\/crystalbubbleshop.com\/ca\/empreses\/#breadcrumb","itemListElement":[{"@type":"ListItem","position":1,"name":"Portada","item":"https:\/\/crystalbubbleshop.com\/ca\/"},{"@type":"ListItem","position":2,"name":"Empreses"}]},{"@type":"WebSite","@id":"https:\/\/crystalbubbleshop.com\/#website","url":"https:\/\/crystalbubbleshop.com\/","name":"CRYSTAL BUBBLE Boutique","description":"Moda y Asesoramiento","publisher":{"@id":"https:\/\/crystalbubbleshop.com\/#organization"},"potentialAction":[{"@type":"SearchAction","target":{"@type":"EntryPoint","urlTemplate":"https:\/\/crystalbubbleshop.com\/?s={search_term_string}"},"query-input":"required name=search_term_string"}],"inLanguage":"cat-cat"},{"@type":"Organization","@id":"https:\/\/crystalbubbleshop.com\/#organization","name":"CRYSTAL BUBBLE Boutique | Moda y Asesoramiento","url":"https:\/\/crystalbubbleshop.com\/","logo":{"@type":"ImageObject","inLanguage":"cat-cat","@id":"https:\/\/crystalbubbleshop.com\/#\/schema\/logo\/image\/","url":"https:\/\/crystalbubbleshop.com\/wp-content\/uploads\/2021\/04\/logo-crystal-bubble-boutique-e1644177749381.jpg","contentUrl":"https:\/\/crystalbubbleshop.com\/wp-content\/uploads\/2021\/04\/logo-crystal-bubble-boutique-e1644177749381.jpg","width":150,"height":150,"caption":"CRYSTAL BUBBLE Boutique | Moda y Asesoramiento"},"image":{"@id":"https:\/\/crystalbubbleshop.com\/#\/schema\/logo\/image\/"},"sameAs":["http:\/\/www.facebook.com\/crystalbubble1","https:\/\/twitter.com\/crystalbubble1","https:\/\/instagram.com\/crystalbubbleboutique","https:\/\/www.linkedin.com\/company\/crystal-bubble-boutique","https:\/\/pinterest.com\/crystalbubbleboutique","https:\/\/www.youtube.com\/crystalbubbleboutique","https:\/\/www.tiktok.com\/crystalbubbleboutique"]}]}},"_links":{"self":[{"href":"https:\/\/crystalbubbleshop.com\/ca\/wp-json\/wp\/v2\/pages\/25724"}],"collection":[{"href":"https:\/\/crystalbubbleshop.com\/ca\/wp-json\/wp\/v2\/pages"}],"about":[{"href":"https:\/\/crystalbubbleshop.com\/ca\/wp-json\/wp\/v2\/types\/page"}],"author":[{"embeddable":true,"href":"https:\/\/crystalbubbleshop.com\/ca\/wp-json\/wp\/v2\/users\/1"}],"replies":[{"embeddable":true,"href":"https:\/\/crystalbubbleshop.com\/ca\/wp-json\/wp\/v2\/comments?post=25724"}],"version-history":[{"count":10,"href":"https:\/\/crystalbubbleshop.com\/ca\/wp-json\/wp\/v2\/pages\/25724\/revisions"}],"predecessor-version":[{"id":25840,"href":"https:\/\/crystalbubbleshop.com\/ca\/wp-json\/wp\/v2\/pages\/25724\/revisions\/25840"}],"wp:attachment":[{"href":"https:\/\/crystalbubbleshop.com\/ca\/wp-json\/wp\/v2\/media?parent=25724"}],"curies":[{"name":"wp","href":"https:\/\/api.w.org\/{rel}","templated":true}]}}