{"id":2590,"date":"2014-05-17T09:21:07","date_gmt":"2014-05-17T07:21:07","guid":{"rendered":"http:\/\/crystalbubbleshop.com\/nova\/mi-cuenta-2\/"},"modified":"2023-01-06T23:12:28","modified_gmt":"2023-01-06T22:12:28","slug":"el-meu-compte","status":"publish","type":"page","link":"https:\/\/crystalbubbleshop.com\/ca\/el-meu-compte\/","title":{"rendered":"El meu perfil"},"content":{"rendered":"<div class=\"wpb-content-wrapper\">[vc_row][vc_column][vc_column_text]\n<h1 id=\"el-perfil\" style=\"text-align: center;\"><strong><span style=\"color: #000000;\">EL PERFIL<\/span><\/strong><\/h1>\n[\/vc_column_text][\/vc_column][\/vc_row][vc_row][vc_column width=&#8221;1\/3&#8243;][\/vc_column][vc_column width=&#8221;1\/3&#8243;][vc_column_text]\n<p style=\"font-size: 24px; text-align: center;\"><span style=\"color: #000000;\">Registra&#8217;t per sol\u00b7licitar acc\u00e9s a novetats, aconseguir descomptes i participar en sessions exclusives de Venda Privada. Confirma les compres en l\u00ednia a trav\u00e9s del teu perfil i poder continuar-les amb atenci\u00f3 al client personalitzada.<\/span><\/p>\n[\/vc_column_text][vc_column_text]\n<p style=\"font-size: 24px; text-align: center;\"><span style=\"color: #000000;\">Aqu\u00ed \u00e9s on emmagatzemem la teva activitat de compres pel teu \u00fas exclusiu, des del teu tel\u00e8fon, tauleta o ordinador. <\/span><\/p>\n[\/vc_column_text][\/vc_column][vc_column width=&#8221;1\/3&#8243;][\/vc_column][\/vc_row][vc_row][vc_column][vc_column_text]<div class=\"woocommerce\"><\/div>[\/vc_column_text][\/vc_column][\/vc_row][vc_row][vc_column][vc_empty_space][\/vc_column][\/vc_row][vc_row][vc_column][vc_empty_space][\/vc_column][\/vc_row][vc_row][vc_column][vc_column_text]\n<p class=\"has-text-color\" style=\"color: #000000; text-align: center;\"><strong>Segueix comprant: <\/strong><a href=\"https:\/\/crystalbubbleshop.com\/ca\/assessorament\/\">Assessorament<\/a> | <a href=\"https:\/\/crystalbubbleshop.com\/ca\/capsa-crystalbox\/\">Capsa Sorpresa Moda<\/a>\u00a0|\u00a0<a href=\"https:\/\/crystalbubbleshop.com\/ca\/boutique\/\">Cat\u00e0leg 24H<\/a><\/p>\n[\/vc_column_text][\/vc_column][\/vc_row][vc_row][vc_column][vc_empty_space][\/vc_column][\/vc_row][vc_row][vc_column][vc_empty_space][\/vc_column][\/vc_row]\n<\/div>","protected":false},"excerpt":{"rendered":"<p>[vc_row][vc_column][vc_column_text] EL PERFIL [\/vc_column_text][\/vc_column][\/vc_row][vc_row][vc_column width=&#8221;1\/3&#8243;][\/vc_column][vc_column width=&#8221;1\/3&#8243;][vc_column_text] Registra&#8217;t per sol\u00b7licitar acc\u00e9s a novetats, aconseguir descomptes i participar en sessions exclusives de Venda Privada. Confirma les compres en l\u00ednia a trav\u00e9s del teu perfil i poder continuar-les amb atenci\u00f3 al client personalitzada. [\/vc_column_text][vc_column_text] Aqu\u00ed \u00e9s on emmagatzemem la teva activitat de compres pel teu \u00fas exclusiu, des del teu tel\u00e8fon, tauleta o ordinador. [\/vc_column_text][\/vc_column][vc_column width=&#8221;1\/3&#8243;][\/vc_column][\/vc_row][vc_row][vc_column][vc_column_text][\/vc_column_text][\/vc_column][\/vc_row][vc_row][vc_column][vc_empty_space][\/vc_column][\/vc_row][vc_row][vc_column][vc_empty_space][\/vc_column][\/vc_row][vc_row][vc_column][vc_column_text] Segueix comprant: Assessorament | Capsa Sorpresa Moda\u00a0|\u00a0Cat\u00e0leg 24H [\/vc_column_text][\/vc_column][\/vc_row][vc_row][vc_column][vc_empty_space][\/vc_column][\/vc_row][vc_row][vc_column][vc_empty_space][\/vc_column][\/vc_row]<\/p>\n","protected":false},"author":1,"featured_media":0,"parent":0,"menu_order":0,"comment_status":"closed","ping_status":"open","template":"","meta":[],"featured_image_src":null,"acf":[],"yoast_head":"<!-- This site is optimized with the Yoast SEO plugin v21.1 - https:\/\/yoast.com\/wordpress\/plugins\/seo\/ -->\n<title>El meu perfil - CRYSTAL BUBBLE Boutique<\/title>\n<meta name=\"robots\" content=\"noindex, nofollow\" \/>\n<meta property=\"og:locale\" content=\"en_US\" \/>\n<meta property=\"og:type\" content=\"article\" \/>\n<meta property=\"og:title\" content=\"El meu perfil - CRYSTAL BUBBLE Boutique\" \/>\n<meta property=\"og:description\" content=\"[vc_row][vc_column][vc_column_text] EL PERFIL [\/vc_column_text][\/vc_column][\/vc_row][vc_row][vc_column width=&#8221;1\/3&#8243;][\/vc_column][vc_column width=&#8221;1\/3&#8243;][vc_column_text] Registra&#8217;t per sol\u00b7licitar acc\u00e9s a novetats, aconseguir descomptes i participar en sessions exclusives de Venda Privada. Confirma les compres en l\u00ednia a trav\u00e9s del teu perfil i poder continuar-les amb atenci\u00f3 al client personalitzada. [\/vc_column_text][vc_column_text] Aqu\u00ed \u00e9s on emmagatzemem la teva activitat de compres pel teu \u00fas exclusiu, des del teu tel\u00e8fon, tauleta o ordinador. [\/vc_column_text][\/vc_column][vc_column width=&#8221;1\/3&#8243;][\/vc_column][\/vc_row][vc_row][vc_column][vc_column_text][\/vc_column_text][\/vc_column][\/vc_row][vc_row][vc_column][vc_empty_space][\/vc_column][\/vc_row][vc_row][vc_column][vc_empty_space][\/vc_column][\/vc_row][vc_row][vc_column][vc_column_text] Segueix comprant: Assessorament | Capsa Sorpresa Moda\u00a0|\u00a0Cat\u00e0leg 24H [\/vc_column_text][\/vc_column][\/vc_row][vc_row][vc_column][vc_empty_space][\/vc_column][\/vc_row][vc_row][vc_column][vc_empty_space][\/vc_column][\/vc_row]\" \/>\n<meta property=\"og:url\" content=\"https:\/\/crystalbubbleshop.com\/ca\/el-meu-compte\/\" \/>\n<meta property=\"og:site_name\" content=\"CRYSTAL BUBBLE Boutique\" \/>\n<meta property=\"article:publisher\" content=\"http:\/\/www.facebook.com\/crystalbubble1\" \/>\n<meta property=\"article:modified_time\" content=\"2023-01-06T22:12:28+00:00\" \/>\n<meta name=\"twitter:card\" content=\"summary_large_image\" \/>\n<meta name=\"twitter:site\" content=\"@crystalbubble1\" \/>\n<script type=\"application\/ld+json\" class=\"yoast-schema-graph\">{\"@context\":\"https:\/\/schema.org\",\"@graph\":[{\"@type\":\"WebPage\",\"@id\":\"https:\/\/crystalbubbleshop.com\/ca\/el-meu-compte\/\",\"url\":\"https:\/\/crystalbubbleshop.com\/ca\/el-meu-compte\/\",\"name\":\"El meu perfil - CRYSTAL BUBBLE Boutique\",\"isPartOf\":{\"@id\":\"https:\/\/crystalbubbleshop.com\/#website\"},\"datePublished\":\"2014-05-17T07:21:07+00:00\",\"dateModified\":\"2023-01-06T22:12:28+00:00\",\"breadcrumb\":{\"@id\":\"https:\/\/crystalbubbleshop.com\/ca\/el-meu-compte\/#breadcrumb\"},\"inLanguage\":\"cat-cat\",\"potentialAction\":[{\"@type\":\"ReadAction\",\"target\":[\"https:\/\/crystalbubbleshop.com\/ca\/el-meu-compte\/\"]}]},{\"@type\":\"BreadcrumbList\",\"@id\":\"https:\/\/crystalbubbleshop.com\/ca\/el-meu-compte\/#breadcrumb\",\"itemListElement\":[{\"@type\":\"ListItem\",\"position\":1,\"name\":\"Portada\",\"item\":\"https:\/\/crystalbubbleshop.com\/ca\/\"},{\"@type\":\"ListItem\",\"position\":2,\"name\":\"El meu perfil\"}]},{\"@type\":\"WebSite\",\"@id\":\"https:\/\/crystalbubbleshop.com\/#website\",\"url\":\"https:\/\/crystalbubbleshop.com\/\",\"name\":\"CRYSTAL BUBBLE Boutique\",\"description\":\"Moda y Asesoramiento\",\"publisher\":{\"@id\":\"https:\/\/crystalbubbleshop.com\/#organization\"},\"potentialAction\":[{\"@type\":\"SearchAction\",\"target\":{\"@type\":\"EntryPoint\",\"urlTemplate\":\"https:\/\/crystalbubbleshop.com\/?s={search_term_string}\"},\"query-input\":\"required name=search_term_string\"}],\"inLanguage\":\"cat-cat\"},{\"@type\":\"Organization\",\"@id\":\"https:\/\/crystalbubbleshop.com\/#organization\",\"name\":\"CRYSTAL BUBBLE Boutique | Moda y Asesoramiento\",\"url\":\"https:\/\/crystalbubbleshop.com\/\",\"logo\":{\"@type\":\"ImageObject\",\"inLanguage\":\"cat-cat\",\"@id\":\"https:\/\/crystalbubbleshop.com\/#\/schema\/logo\/image\/\",\"url\":\"https:\/\/crystalbubbleshop.com\/wp-content\/uploads\/2021\/04\/logo-crystal-bubble-boutique-e1644177749381.jpg\",\"contentUrl\":\"https:\/\/crystalbubbleshop.com\/wp-content\/uploads\/2021\/04\/logo-crystal-bubble-boutique-e1644177749381.jpg\",\"width\":150,\"height\":150,\"caption\":\"CRYSTAL BUBBLE Boutique | Moda y Asesoramiento\"},\"image\":{\"@id\":\"https:\/\/crystalbubbleshop.com\/#\/schema\/logo\/image\/\"},\"sameAs\":[\"http:\/\/www.facebook.com\/crystalbubble1\",\"https:\/\/twitter.com\/crystalbubble1\",\"https:\/\/instagram.com\/crystalbubbleboutique\",\"https:\/\/www.linkedin.com\/company\/crystal-bubble-boutique\",\"https:\/\/pinterest.com\/crystalbubbleboutique\",\"https:\/\/www.youtube.com\/crystalbubbleboutique\",\"https:\/\/www.tiktok.com\/crystalbubbleboutique\"]}]}<\/script>\n<!-- \/ Yoast SEO plugin. -->","yoast_head_json":{"title":"El meu perfil - CRYSTAL BUBBLE Boutique","robots":{"index":"noindex","follow":"nofollow"},"og_locale":"en_US","og_type":"article","og_title":"El meu perfil - CRYSTAL BUBBLE Boutique","og_description":"[vc_row][vc_column][vc_column_text] EL PERFIL [\/vc_column_text][\/vc_column][\/vc_row][vc_row][vc_column width=&#8221;1\/3&#8243;][\/vc_column][vc_column width=&#8221;1\/3&#8243;][vc_column_text] Registra&#8217;t per sol\u00b7licitar acc\u00e9s a novetats, aconseguir descomptes i participar en sessions exclusives de Venda Privada. Confirma les compres en l\u00ednia a trav\u00e9s del teu perfil i poder continuar-les amb atenci\u00f3 al client personalitzada. [\/vc_column_text][vc_column_text] Aqu\u00ed \u00e9s on emmagatzemem la teva activitat de compres pel teu \u00fas exclusiu, des del teu tel\u00e8fon, tauleta o ordinador. [\/vc_column_text][\/vc_column][vc_column width=&#8221;1\/3&#8243;][\/vc_column][\/vc_row][vc_row][vc_column][vc_column_text][\/vc_column_text][\/vc_column][\/vc_row][vc_row][vc_column][vc_empty_space][\/vc_column][\/vc_row][vc_row][vc_column][vc_empty_space][\/vc_column][\/vc_row][vc_row][vc_column][vc_column_text] Segueix comprant: Assessorament | Capsa Sorpresa Moda\u00a0|\u00a0Cat\u00e0leg 24H [\/vc_column_text][\/vc_column][\/vc_row][vc_row][vc_column][vc_empty_space][\/vc_column][\/vc_row][vc_row][vc_column][vc_empty_space][\/vc_column][\/vc_row]","og_url":"https:\/\/crystalbubbleshop.com\/ca\/el-meu-compte\/","og_site_name":"CRYSTAL BUBBLE Boutique","article_publisher":"http:\/\/www.facebook.com\/crystalbubble1","article_modified_time":"2023-01-06T22:12:28+00:00","twitter_card":"summary_large_image","twitter_site":"@crystalbubble1","schema":{"@context":"https:\/\/schema.org","@graph":[{"@type":"WebPage","@id":"https:\/\/crystalbubbleshop.com\/ca\/el-meu-compte\/","url":"https:\/\/crystalbubbleshop.com\/ca\/el-meu-compte\/","name":"El meu perfil - CRYSTAL BUBBLE Boutique","isPartOf":{"@id":"https:\/\/crystalbubbleshop.com\/#website"},"datePublished":"2014-05-17T07:21:07+00:00","dateModified":"2023-01-06T22:12:28+00:00","breadcrumb":{"@id":"https:\/\/crystalbubbleshop.com\/ca\/el-meu-compte\/#breadcrumb"},"inLanguage":"cat-cat","potentialAction":[{"@type":"ReadAction","target":["https:\/\/crystalbubbleshop.com\/ca\/el-meu-compte\/"]}]},{"@type":"BreadcrumbList","@id":"https:\/\/crystalbubbleshop.com\/ca\/el-meu-compte\/#breadcrumb","itemListElement":[{"@type":"ListItem","position":1,"name":"Portada","item":"https:\/\/crystalbubbleshop.com\/ca\/"},{"@type":"ListItem","position":2,"name":"El meu perfil"}]},{"@type":"WebSite","@id":"https:\/\/crystalbubbleshop.com\/#website","url":"https:\/\/crystalbubbleshop.com\/","name":"CRYSTAL BUBBLE Boutique","description":"Moda y Asesoramiento","publisher":{"@id":"https:\/\/crystalbubbleshop.com\/#organization"},"potentialAction":[{"@type":"SearchAction","target":{"@type":"EntryPoint","urlTemplate":"https:\/\/crystalbubbleshop.com\/?s={search_term_string}"},"query-input":"required name=search_term_string"}],"inLanguage":"cat-cat"},{"@type":"Organization","@id":"https:\/\/crystalbubbleshop.com\/#organization","name":"CRYSTAL BUBBLE Boutique | Moda y Asesoramiento","url":"https:\/\/crystalbubbleshop.com\/","logo":{"@type":"ImageObject","inLanguage":"cat-cat","@id":"https:\/\/crystalbubbleshop.com\/#\/schema\/logo\/image\/","url":"https:\/\/crystalbubbleshop.com\/wp-content\/uploads\/2021\/04\/logo-crystal-bubble-boutique-e1644177749381.jpg","contentUrl":"https:\/\/crystalbubbleshop.com\/wp-content\/uploads\/2021\/04\/logo-crystal-bubble-boutique-e1644177749381.jpg","width":150,"height":150,"caption":"CRYSTAL BUBBLE Boutique | Moda y Asesoramiento"},"image":{"@id":"https:\/\/crystalbubbleshop.com\/#\/schema\/logo\/image\/"},"sameAs":["http:\/\/www.facebook.com\/crystalbubble1","https:\/\/twitter.com\/crystalbubble1","https:\/\/instagram.com\/crystalbubbleboutique","https:\/\/www.linkedin.com\/company\/crystal-bubble-boutique","https:\/\/pinterest.com\/crystalbubbleboutique","https:\/\/www.youtube.com\/crystalbubbleboutique","https:\/\/www.tiktok.com\/crystalbubbleboutique"]}]}},"_links":{"self":[{"href":"https:\/\/crystalbubbleshop.com\/ca\/wp-json\/wp\/v2\/pages\/2590"}],"collection":[{"href":"https:\/\/crystalbubbleshop.com\/ca\/wp-json\/wp\/v2\/pages"}],"about":[{"href":"https:\/\/crystalbubbleshop.com\/ca\/wp-json\/wp\/v2\/types\/page"}],"author":[{"embeddable":true,"href":"https:\/\/crystalbubbleshop.com\/ca\/wp-json\/wp\/v2\/users\/1"}],"replies":[{"embeddable":true,"href":"https:\/\/crystalbubbleshop.com\/ca\/wp-json\/wp\/v2\/comments?post=2590"}],"version-history":[{"count":36,"href":"https:\/\/crystalbubbleshop.com\/ca\/wp-json\/wp\/v2\/pages\/2590\/revisions"}],"predecessor-version":[{"id":24457,"href":"https:\/\/crystalbubbleshop.com\/ca\/wp-json\/wp\/v2\/pages\/2590\/revisions\/24457"}],"wp:attachment":[{"href":"https:\/\/crystalbubbleshop.com\/ca\/wp-json\/wp\/v2\/media?parent=2590"}],"curies":[{"name":"wp","href":"https:\/\/api.w.org\/{rel}","templated":true}]}}