{"id":3038,"date":"2019-02-09T09:00:09","date_gmt":"2019-02-09T08:00:09","guid":{"rendered":"http:\/\/crystalbubbleshop.com\/nova\/?page_id=3038"},"modified":"2022-01-14T22:44:37","modified_gmt":"2022-01-14T21:44:37","slug":"avis-legal","status":"publish","type":"page","link":"https:\/\/crystalbubbleshop.com\/ca\/avis-legal\/","title":{"rendered":"Av\u00eds Legal-Condicions Generals"},"content":{"rendered":"<div class=\"wpb-content-wrapper\">[vc_row][vc_column][vc_column_text]\r\n<p class=\"has-text-align-center\" style=\"font-size: 23px;\"><span style=\"color: #000000;\"><strong>CONDICIONS GENERALS D&#8217; ACC\u00c8S I \u00daS DEL LLOC WEB WWW.CRYSTALBUBBLESHOP.COM I WWW.CRYSTALBUBBLE.ONLINE<\/strong><\/span><\/p>\r\n<p><span style=\"color: #000000;\"><\/span><\/p>\r\n\r\n<p style=\"font-size: 24px; text-align: justify;\"><span style=\"color: #000000;\">Els llocs web www.crystalbubbleshop.com i www.crystalbubble.online s\u00f3n propietat de CRYSTAL BUBBLE SL (en endavant, CRYSTAL BUBBLE), amb domicili a efectes de notificacions a Ronda del General Mitre 126, 6er CP 08021 Barcelona, CIF n\u00fam. B67374900, email hello@crystalbubbleshop.com, i a trav\u00e9s del mateix es proporciona informaci\u00f3 sobre les seves activitats i\/o serveis. L&#8217;acc\u00e9s i \u00fas del lloc web atribueix a qui ho realitza la condici\u00f3 de &#8220;Usuari&#8221; i implica l&#8217;acceptaci\u00f3 \u00edntegra, expressa i sense reserves de les presents condicions generals, vigents en el moment de l&#8217;acc\u00e9s. Si l&#8217;usuari no comprengu\u00e9s \u00edntegrament les presents condicions d&#8217;\u00fas o no estigu\u00e9s d&#8217;acord amb les mateixes, s&#8217;haur\u00e0 d&#8217;abstenir d&#8217;utilitzar i operar a trav\u00e9s d&#8217;aquest lloc web. Les presents condicions generals regeixen \u00fanica i exclusivament l&#8217; \u00fas del lloc web de CRYSTAL BUBBLE per part dels usuaris que accedeixen i\/o naveguen per www.www.crystalbubbleshop.com i www.crystalbubble.online.Les presents condicions generals s&#8217;exposen en totes i cadascuna de les p\u00e0gines del lloc web www.crystalbubbleshop.com i www.crystalbubble.online, per a qu\u00e8 els usuaris puguin llegir-les, imprimir-les i arxivar-les.<\/span><\/p>\r\n<p><span style=\"color: #000000;\"><\/span><\/p>\r\n\r\n<p style=\"font-size: 24px; text-align: justify;\"><span style=\"color: #000000;\"><strong>PRIMERA.- CONDICIONS D\u00b4ACC\u00c8S O \u00daS<\/strong>. La utilitzaci\u00f3 de la p\u00e0gina web de CRYSTAL BUBBLE \u00e9s gratu\u00efta i no requereix el previ registre de l&#8217;usuari. En aquells casos que l&#8217;acc\u00e9s i \/ o \u00fas de determinats serveis i \/ o continguts requerissin el registre o subscripci\u00f3 dels usuaris, caldr\u00e0 que aquests acceptin pr\u00e8viament la corresponent Pol\u00edtica de Privacitat i les Condicions Generals espec\u00edfiques, i no \u00e9s possible l&#8217;acc\u00e9s als mateixos sense aquesta acceptaci\u00f3. Les condicions d&#8217;acc\u00e9s i \u00fas de el present lloc web es regeixen estrictament per la legalitat vigent i pel principi de bona fe, comprometent-se l&#8217;usuari a realitzar un bon \u00fas de la web. Queden prohibits tots els actes que vulnerin drets o interessos de tercers (dret a la intimitat, protecci\u00f3 de dades, propietat intel\u00b7lectual, etc.), o la legalitat vigent. CRYSTAL BUBBLE prohibeix expressament: Realitzar accions que puguin produir al lloc web oa trav\u00e9s del mateix, per qualsevol mitj\u00e0, qualsevol tipus de dany als sistemes de CRYSTAL BUBBLE o a tercers. Realitzar sense la deguda autoritzaci\u00f3 qualsevol tipus de publicitat o informaci\u00f3 comercial directament o de forma encoberta, l&#8217;enviament de correus massius ( &#8220;spamming&#8221;) o enviament de grans missatges amb la finalitat de bloquejar servidors de la xarxa ( &#8220;mail bombing&#8221;). L&#8217;usuari es compromet a no utilitzar el lloc web, ni els continguts o informaci\u00f3 i \/ o els serveis que s&#8217;ofereixen en el mateix per a la realitzaci\u00f3 d&#8217;activitats contr\u00e0ries a la llei ia respectar en tot moment les presents condicions generals. CRYSTAL BUBBLE podr\u00e0 interrompre en qualsevol moment l&#8217;acc\u00e9s al seu lloc web si detecta un \u00fas contrari a la legalitat, la bona fe o a les presents condicions generals.<\/span><\/p>\r\n<p><span style=\"color: #000000;\"><\/span><\/p>\r\n\r\n<p style=\"font-size: 24px; text-align: justify;\"><span style=\"color: #000000;\"><strong>SEGONA.- CONTINGUTS<\/strong>. Els continguts incorporats en aquest lloc web han estat elaborats i inclosos per CRYSTAL BUBBLE, utilitzant fonts internes i externes, de tal manera que CRYSTAL BUBBLE \u00fanicament es fa responsable pels continguts elaborats de forma interna. CRYSTAL BUBBLE es reserva el dret a modificar en qualsevol moment els continguts existents al seu lloc web. CRYSTAL BUBBLE no assegura ni es responsabilitza de l&#8217;correcte funcionament dels enlla\u00e7os a llocs web de tercers que figurin en www.crystalbubbleshop.com i www.crystalbubble.online. A m\u00e9s, a trav\u00e9s de la p\u00e0gina web www.crystalbubbleshop.com i www.crystalbubble.online, poden posar-se a disposici\u00f3 dels usuaris, serveis gratu\u00efts i \/ o de pagament oferts per tercers aliens, els quins es regiran per les condicions particulars d&#8217;aquests serveis. CRYSTAL BUBBLE no garanteix en cap cas la veracitat, exactitud o actualitat dels continguts i serveis oferts per tercers i queda expressament exonerat de qualsevol tipus de responsabilitat pels danys i perjudicis que puguin derivar-se de la falta d&#8217;exactitud d&#8217;aquests continguts i serveis. Aquells continguts -tant gr\u00e0fics com escrits- elaborats i inclosos pels usuaris, a trav\u00e9s de col\u00b7laboracions o mitjan\u00e7ant la introducci\u00f3 volunt\u00e0ria dels mateixos, b\u00e9 directament o indirectament -a trav\u00e9s d&#8217;enlla\u00e7os o links-, s\u00f3n d&#8217;exclusiva responsabilitat dels mateixos usuaris, quedant expressament exempt CRYSTAL BUBBLE de tota responsabilitat. L&#8217;usuari que introdueixi qualsevol contingut en el lloc web www.crystalbubbleshop.com i www.crystalbubble.online manifesta l&#8217;absoluta legalitat i autoria dels mateixos i expressament assumeix tot tipus de responsabilitat que es pugui derivar d&#8217;aquests continguts. L&#8217;usuari tamb\u00e9 es fa responsable de les opinions introdu\u00efdes en el xat i f\u00f2rums posats a la seva disposici\u00f3, si s&#8217;escau, a trav\u00e9s de la p\u00e0gina web. CRYSTAL BUBBLE no ser\u00e0 responsable en cap cas de les opinions abocades en els referits f\u00f2rums i podr\u00e0 retirar aquests continguts i \/ o impedir l&#8217;acc\u00e9s als usuaris que vulnerin la legalitat vigent aix\u00ed com posar en coneixement de jutjats i tribunals els fets que siguin constitutius de algun tipus d&#8217;il\u00b7l\u00edcit penal o civil.<\/span><\/p>\r\n<p><span style=\"color: #000000;\"><\/span><\/p>\r\n\r\n<p style=\"font-size: 24px; text-align: justify;\"><span style=\"color: #000000;\"><strong>TERCERA.- RESPONSABILITAT<\/strong>. CRYSTAL BUBBLE en cap cas ser\u00e0 responsable de: Les fallides i incid\u00e8ncies que poguessin produir-se en les comunicacions, esborrat o transmissions incompletes de manera que no es garanteix que els serveis del lloc web estiguin constantment operatius. De la producci\u00f3 de qualsevol tipus de dany que els usuaris o tercers poguessin ocasionar al lloc web. De la fiabilitat i veracitat de les informacions introdu\u00efdes per tercers en el lloc web, b\u00e9 directament, b\u00e9 a trav\u00e9s d&#8217;enlla\u00e7os o links. CRYSTAL BUBBLE es reserva el dret a suspendre l&#8217;acc\u00e9s sense previ av\u00eds de forma discrecional i amb car\u00e0cter definitiu o temporal fins a l&#8217;assegurament de l&#8217;efectiva responsabilitat dels danys que poguessin produir-se. CRYSTAL BUBBLE col\u00b7laborar\u00e0 i notificar\u00e0 a l&#8217;autoritat competent les incid\u00e8ncies anteriorment indicades en el moment en qu\u00e8 tingui coneixement fefaent que els danys ocasionats constitueixin qualsevol tipus d&#8217;activitat il\u00b7l\u00edcita.<\/span><\/p>\r\n<p><span style=\"color: #000000;\"><\/span><\/p>\r\n\r\n<p style=\"font-size: 24px; text-align: justify;\"><span style=\"color: #000000;\"><strong>CUARTA.- DRETS D&#8217; AUTOR<\/strong> Els continguts propis, la programaci\u00f3 i el disseny del lloc web www.crystalbubbleshop.com i www.crystalbubble.online es troba plenament protegit pels drets d&#8217;autor, quedant expressament prohibida tota reproducci\u00f3, comunicaci\u00f3, distribuci\u00f3 i transformaci\u00f3 dels referits elements protegits, excepte consentiment expr\u00e9s de CRYSTAL BUBBLE. CRYSTAL BUBBLE pot utilitzar fonts externes per a l&#8217;elaboraci\u00f3 dels seus continguts i establir links o hiperenlla\u00e7os a articles o informacions de tercers citant sempre la font. El leg\u00edtim titular dels drets d&#8217;autor de les informacions aix\u00ed incloses podr\u00e0 sol\u00b7licitar en qualsevol moment l&#8217;eliminaci\u00f3 dels referits continguts. Els materials tant gr\u00e0fics com escrits enviats pels usuaris a trav\u00e9s dels mitjans que es posen a la seva disposici\u00f3 en el lloc web s\u00f3n propietat de l&#8217;usuari qui afirma a l&#8217;enviar la seva leg\u00edtima autoria i cedeix els drets de reproducci\u00f3 i distribuci\u00f3 a CRYSTAL BUBBLE.<\/span><\/p>\r\n<p><span style=\"color: #000000;\"><\/span><\/p>\r\n\r\n<p style=\"font-size: 24px; text-align: justify;\"><span style=\"color: #000000;\"><strong>CINQUENA.- JURISDICCI\u00d3 I LLEI APLICABLE<\/strong> Les presents condicions generals es regeixen per la legislaci\u00f3 espanyola. S\u00f3n competents per resoldre tota controv\u00e8rsia o conflicte que es derivi de les presents condicions generals els Jutjats de Barcelona, renunciant expressament l&#8217;usuari a qualsevol altre fur que pogu\u00e9s correspondre-li.<\/span><\/p>\r\n<p><span style=\"color: #000000;\"><\/span><\/p>\r\n\r\n<p style=\"font-size: 24px; text-align: justify;\"><span style=\"color: #000000;\"><strong>SISENA.- MISCEL\u00b7L\u00c0NIA<\/strong>. En cas que qualsevol cl\u00e0usula de el present document fos declarada nul\u00b7la, la resta es mantindran vigents i s&#8217;interpretaran tenint en compte la voluntat de les parts i la finalitat mateixa de les presents condicions. CRYSTAL BUBBLE podr\u00e0 no exercitar algun dels drets i facultats conferits en aquest document el que no implicar\u00e0 en cap cas la ren\u00fancia als mateixos, excepte reconeixement expr\u00e9s per part de CRYSTAL BUBBLE.<\/span><\/p>\r\n<p><span style=\"color: #000000;\"><\/span><\/p>\r\n<p><span style=\"color: #000000;\">Darrera data d&#8217; actualitzaci\u00f3: 21\/10\/2019<\/span><\/p>\r\n<p>\u00a0<\/p>\r\n[\/vc_column_text][\/vc_column][\/vc_row]<\/div>","protected":false},"excerpt":{"rendered":"<p>[vc_row][vc_column][vc_column_text] CONDICIONS GENERALS D&#8217; ACC\u00c8S I \u00daS DEL LLOC WEB WWW.CRYSTALBUBBLESHOP.COM I WWW.CRYSTALBUBBLE.ONLINE Els llocs web www.crystalbubbleshop.com i www.crystalbubble.online s\u00f3n propietat de CRYSTAL BUBBLE SL (en endavant, CRYSTAL BUBBLE), amb domicili a efectes de notificacions a Ronda del General Mitre 126, 6er CP 08021 Barcelona, CIF n\u00fam. B67374900, email hello@crystalbubbleshop.com, i a trav\u00e9s del mateix es proporciona informaci\u00f3 sobre les seves activitats i\/o serveis. L&#8217;acc\u00e9s i \u00fas del lloc web atribueix a qui ho realitza la condici\u00f3 de &#8220;Usuari&#8221; i&hellip;<\/p>\n","protected":false},"author":1,"featured_media":0,"parent":0,"menu_order":0,"comment_status":"closed","ping_status":"closed","template":"","meta":[],"featured_image_src":null,"acf":[],"yoast_head":"<!-- This site is optimized with the Yoast SEO plugin v21.1 - https:\/\/yoast.com\/wordpress\/plugins\/seo\/ -->\n<title>Av\u00eds Legal-Condicions Generals - CRYSTAL BUBBLE Boutique<\/title>\n<meta name=\"robots\" content=\"noindex, nofollow\" \/>\n<meta property=\"og:locale\" content=\"en_US\" \/>\n<meta property=\"og:type\" content=\"article\" \/>\n<meta property=\"og:title\" content=\"Av\u00eds Legal-Condicions Generals - CRYSTAL BUBBLE Boutique\" \/>\n<meta property=\"og:description\" content=\"[vc_row][vc_column][vc_column_text] CONDICIONS GENERALS D&#8217; ACC\u00c8S I \u00daS DEL LLOC WEB WWW.CRYSTALBUBBLESHOP.COM I WWW.CRYSTALBUBBLE.ONLINE Els llocs web www.crystalbubbleshop.com i www.crystalbubble.online s\u00f3n propietat de CRYSTAL BUBBLE SL (en endavant, CRYSTAL BUBBLE), amb domicili a efectes de notificacions a Ronda del General Mitre 126, 6er CP 08021 Barcelona, CIF n\u00fam. B67374900, email hello@crystalbubbleshop.com, i a trav\u00e9s del mateix es proporciona informaci\u00f3 sobre les seves activitats i\/o serveis. L&#8217;acc\u00e9s i \u00fas del lloc web atribueix a qui ho realitza la condici\u00f3 de &#8220;Usuari&#8221; i&hellip;\" \/>\n<meta property=\"og:url\" content=\"https:\/\/crystalbubbleshop.com\/ca\/avis-legal\/\" \/>\n<meta property=\"og:site_name\" content=\"CRYSTAL BUBBLE Boutique\" \/>\n<meta property=\"article:publisher\" content=\"http:\/\/www.facebook.com\/crystalbubble1\" \/>\n<meta property=\"article:modified_time\" content=\"2022-01-14T21:44:37+00:00\" \/>\n<meta name=\"twitter:card\" content=\"summary_large_image\" \/>\n<meta name=\"twitter:site\" content=\"@crystalbubble1\" \/>\n<script type=\"application\/ld+json\" class=\"yoast-schema-graph\">{\"@context\":\"https:\/\/schema.org\",\"@graph\":[{\"@type\":\"WebPage\",\"@id\":\"https:\/\/crystalbubbleshop.com\/ca\/avis-legal\/\",\"url\":\"https:\/\/crystalbubbleshop.com\/ca\/avis-legal\/\",\"name\":\"Av\u00eds Legal-Condicions Generals - CRYSTAL BUBBLE Boutique\",\"isPartOf\":{\"@id\":\"https:\/\/crystalbubbleshop.com\/#website\"},\"datePublished\":\"2019-02-09T08:00:09+00:00\",\"dateModified\":\"2022-01-14T21:44:37+00:00\",\"breadcrumb\":{\"@id\":\"https:\/\/crystalbubbleshop.com\/ca\/avis-legal\/#breadcrumb\"},\"inLanguage\":\"cat-cat\",\"potentialAction\":[{\"@type\":\"ReadAction\",\"target\":[\"https:\/\/crystalbubbleshop.com\/ca\/avis-legal\/\"]}]},{\"@type\":\"BreadcrumbList\",\"@id\":\"https:\/\/crystalbubbleshop.com\/ca\/avis-legal\/#breadcrumb\",\"itemListElement\":[{\"@type\":\"ListItem\",\"position\":1,\"name\":\"Portada\",\"item\":\"https:\/\/crystalbubbleshop.com\/ca\/\"},{\"@type\":\"ListItem\",\"position\":2,\"name\":\"Av\u00eds Legal-Condicions Generals\"}]},{\"@type\":\"WebSite\",\"@id\":\"https:\/\/crystalbubbleshop.com\/#website\",\"url\":\"https:\/\/crystalbubbleshop.com\/\",\"name\":\"CRYSTAL BUBBLE Boutique\",\"description\":\"Moda y Asesoramiento\",\"publisher\":{\"@id\":\"https:\/\/crystalbubbleshop.com\/#organization\"},\"potentialAction\":[{\"@type\":\"SearchAction\",\"target\":{\"@type\":\"EntryPoint\",\"urlTemplate\":\"https:\/\/crystalbubbleshop.com\/?s={search_term_string}\"},\"query-input\":\"required name=search_term_string\"}],\"inLanguage\":\"cat-cat\"},{\"@type\":\"Organization\",\"@id\":\"https:\/\/crystalbubbleshop.com\/#organization\",\"name\":\"CRYSTAL BUBBLE Boutique | Moda y Asesoramiento\",\"url\":\"https:\/\/crystalbubbleshop.com\/\",\"logo\":{\"@type\":\"ImageObject\",\"inLanguage\":\"cat-cat\",\"@id\":\"https:\/\/crystalbubbleshop.com\/#\/schema\/logo\/image\/\",\"url\":\"https:\/\/crystalbubbleshop.com\/wp-content\/uploads\/2021\/04\/logo-crystal-bubble-boutique-e1644177749381.jpg\",\"contentUrl\":\"https:\/\/crystalbubbleshop.com\/wp-content\/uploads\/2021\/04\/logo-crystal-bubble-boutique-e1644177749381.jpg\",\"width\":150,\"height\":150,\"caption\":\"CRYSTAL BUBBLE Boutique | Moda y Asesoramiento\"},\"image\":{\"@id\":\"https:\/\/crystalbubbleshop.com\/#\/schema\/logo\/image\/\"},\"sameAs\":[\"http:\/\/www.facebook.com\/crystalbubble1\",\"https:\/\/twitter.com\/crystalbubble1\",\"https:\/\/instagram.com\/crystalbubbleboutique\",\"https:\/\/www.linkedin.com\/company\/crystal-bubble-boutique\",\"https:\/\/pinterest.com\/crystalbubbleboutique\",\"https:\/\/www.youtube.com\/crystalbubbleboutique\",\"https:\/\/www.tiktok.com\/crystalbubbleboutique\"]}]}<\/script>\n<!-- \/ Yoast SEO plugin. -->","yoast_head_json":{"title":"Av\u00eds Legal-Condicions Generals - CRYSTAL BUBBLE Boutique","robots":{"index":"noindex","follow":"nofollow"},"og_locale":"en_US","og_type":"article","og_title":"Av\u00eds Legal-Condicions Generals - CRYSTAL BUBBLE Boutique","og_description":"[vc_row][vc_column][vc_column_text] CONDICIONS GENERALS D&#8217; ACC\u00c8S I \u00daS DEL LLOC WEB WWW.CRYSTALBUBBLESHOP.COM I WWW.CRYSTALBUBBLE.ONLINE Els llocs web www.crystalbubbleshop.com i www.crystalbubble.online s\u00f3n propietat de CRYSTAL BUBBLE SL (en endavant, CRYSTAL BUBBLE), amb domicili a efectes de notificacions a Ronda del General Mitre 126, 6er CP 08021 Barcelona, CIF n\u00fam. B67374900, email hello@crystalbubbleshop.com, i a trav\u00e9s del mateix es proporciona informaci\u00f3 sobre les seves activitats i\/o serveis. L&#8217;acc\u00e9s i \u00fas del lloc web atribueix a qui ho realitza la condici\u00f3 de &#8220;Usuari&#8221; i&hellip;","og_url":"https:\/\/crystalbubbleshop.com\/ca\/avis-legal\/","og_site_name":"CRYSTAL BUBBLE Boutique","article_publisher":"http:\/\/www.facebook.com\/crystalbubble1","article_modified_time":"2022-01-14T21:44:37+00:00","twitter_card":"summary_large_image","twitter_site":"@crystalbubble1","schema":{"@context":"https:\/\/schema.org","@graph":[{"@type":"WebPage","@id":"https:\/\/crystalbubbleshop.com\/ca\/avis-legal\/","url":"https:\/\/crystalbubbleshop.com\/ca\/avis-legal\/","name":"Av\u00eds Legal-Condicions Generals - CRYSTAL BUBBLE Boutique","isPartOf":{"@id":"https:\/\/crystalbubbleshop.com\/#website"},"datePublished":"2019-02-09T08:00:09+00:00","dateModified":"2022-01-14T21:44:37+00:00","breadcrumb":{"@id":"https:\/\/crystalbubbleshop.com\/ca\/avis-legal\/#breadcrumb"},"inLanguage":"cat-cat","potentialAction":[{"@type":"ReadAction","target":["https:\/\/crystalbubbleshop.com\/ca\/avis-legal\/"]}]},{"@type":"BreadcrumbList","@id":"https:\/\/crystalbubbleshop.com\/ca\/avis-legal\/#breadcrumb","itemListElement":[{"@type":"ListItem","position":1,"name":"Portada","item":"https:\/\/crystalbubbleshop.com\/ca\/"},{"@type":"ListItem","position":2,"name":"Av\u00eds Legal-Condicions Generals"}]},{"@type":"WebSite","@id":"https:\/\/crystalbubbleshop.com\/#website","url":"https:\/\/crystalbubbleshop.com\/","name":"CRYSTAL BUBBLE Boutique","description":"Moda y Asesoramiento","publisher":{"@id":"https:\/\/crystalbubbleshop.com\/#organization"},"potentialAction":[{"@type":"SearchAction","target":{"@type":"EntryPoint","urlTemplate":"https:\/\/crystalbubbleshop.com\/?s={search_term_string}"},"query-input":"required name=search_term_string"}],"inLanguage":"cat-cat"},{"@type":"Organization","@id":"https:\/\/crystalbubbleshop.com\/#organization","name":"CRYSTAL BUBBLE Boutique | Moda y Asesoramiento","url":"https:\/\/crystalbubbleshop.com\/","logo":{"@type":"ImageObject","inLanguage":"cat-cat","@id":"https:\/\/crystalbubbleshop.com\/#\/schema\/logo\/image\/","url":"https:\/\/crystalbubbleshop.com\/wp-content\/uploads\/2021\/04\/logo-crystal-bubble-boutique-e1644177749381.jpg","contentUrl":"https:\/\/crystalbubbleshop.com\/wp-content\/uploads\/2021\/04\/logo-crystal-bubble-boutique-e1644177749381.jpg","width":150,"height":150,"caption":"CRYSTAL BUBBLE Boutique | Moda y Asesoramiento"},"image":{"@id":"https:\/\/crystalbubbleshop.com\/#\/schema\/logo\/image\/"},"sameAs":["http:\/\/www.facebook.com\/crystalbubble1","https:\/\/twitter.com\/crystalbubble1","https:\/\/instagram.com\/crystalbubbleboutique","https:\/\/www.linkedin.com\/company\/crystal-bubble-boutique","https:\/\/pinterest.com\/crystalbubbleboutique","https:\/\/www.youtube.com\/crystalbubbleboutique","https:\/\/www.tiktok.com\/crystalbubbleboutique"]}]}},"_links":{"self":[{"href":"https:\/\/crystalbubbleshop.com\/ca\/wp-json\/wp\/v2\/pages\/3038"}],"collection":[{"href":"https:\/\/crystalbubbleshop.com\/ca\/wp-json\/wp\/v2\/pages"}],"about":[{"href":"https:\/\/crystalbubbleshop.com\/ca\/wp-json\/wp\/v2\/types\/page"}],"author":[{"embeddable":true,"href":"https:\/\/crystalbubbleshop.com\/ca\/wp-json\/wp\/v2\/users\/1"}],"replies":[{"embeddable":true,"href":"https:\/\/crystalbubbleshop.com\/ca\/wp-json\/wp\/v2\/comments?post=3038"}],"version-history":[{"count":5,"href":"https:\/\/crystalbubbleshop.com\/ca\/wp-json\/wp\/v2\/pages\/3038\/revisions"}],"predecessor-version":[{"id":16544,"href":"https:\/\/crystalbubbleshop.com\/ca\/wp-json\/wp\/v2\/pages\/3038\/revisions\/16544"}],"wp:attachment":[{"href":"https:\/\/crystalbubbleshop.com\/ca\/wp-json\/wp\/v2\/media?parent=3038"}],"curies":[{"name":"wp","href":"https:\/\/api.w.org\/{rel}","templated":true}]}}