{"id":3081,"date":"2019-02-09T09:00:19","date_gmt":"2019-02-09T08:00:19","guid":{"rendered":"http:\/\/crystalbubbleshop.com\/nova\/?page_id=3081"},"modified":"2022-04-14T20:16:40","modified_gmt":"2022-04-14T18:16:40","slug":"favorits","status":"publish","type":"page","link":"https:\/\/crystalbubbleshop.com\/ca\/favorits\/","title":{"rendered":"Favorits"},"content":{"rendered":"<div class=\"wpb-content-wrapper\">[vc_row][vc_column width=&#8221;1\/3&#8243;][\/vc_column][vc_column width=&#8221;1\/3&#8243;][vc_column_text]\n<h1 id=\"favorits\" style=\"text-align: center;\"><span style=\"color: #000000;\"><strong>Favorits<\/strong><\/span><\/h1>\n<p style=\"font-size: 24px; text-align: center;\"><span style=\"color: #000000;\">La Llista de favorits et facilita tenir a m\u00e0 la teva propia selecci\u00f3 de compra.\u00a0<\/span><\/p>\n<h3 id=\"vols-guardar-els-articles-que-mes-t-agraden\" style=\"font-size: 24px; text-align: center;\"><span style=\"color: #000000;\">Vols guardar els articles que m\u00e9s t&#8217; agraden? <\/span><\/h3>\n<p style=\"font-size: 24px; text-align: center;\"><span style=\"color: #000000;\">Tant f\u00e0cil com fer clic en el s\u00edmbol del cor en l&#8217; article i apareixer\u00e0 aqu\u00ed. Torna a consultar m\u00e9s tard.<\/span><\/p>\n[\/vc_column_text][vc_btn title=&#8221;TROBA&#8221; style=&#8221;outline&#8221; shape=&#8221;square&#8221; color=&#8221;black&#8221; size=&#8221;lg&#8221; align=&#8221;center&#8221; link=&#8221;url:https%3A%2F%2Fcrystalbubbleshop.com%2Fca%2F&#8221;][\/vc_column][vc_column width=&#8221;1\/3&#8243;][\/vc_column][\/vc_row][vc_row][vc_column][vc_column_text]\n\n\n\n<form\n\tid=\"yith-wcwl-form\"\n\taction=\"https:\/\/crystalbubbleshop.com\/ca\/favorits\/\"\n\tmethod=\"post\"\n\tclass=\"woocommerce yith-wcwl-form wishlist-fragment\"\n\tdata-fragment-options=\"{&quot;per_page&quot;:5,&quot;current_page&quot;:1,&quot;pagination&quot;:&quot;no&quot;,&quot;wishlist_id&quot;:false,&quot;action_params&quot;:false,&quot;no_interactions&quot;:false,&quot;layout&quot;:&quot;&quot;,&quot;wishlist&quot;:false,&quot;is_default&quot;:true,&quot;is_custom_list&quot;:false,&quot;wishlist_token&quot;:&quot;&quot;,&quot;is_private&quot;:false,&quot;count&quot;:0,&quot;page_title&quot;:&quot;Favorits de CRYSTAL BUBBLE Boutique&quot;,&quot;default_wishlsit_title&quot;:&quot;Favorits de CRYSTAL BUBBLE Boutique&quot;,&quot;page_links&quot;:false,&quot;is_user_logged_in&quot;:false,&quot;is_user_owner&quot;:true,&quot;can_user_edit_title&quot;:false,&quot;show_price&quot;:true,&quot;show_dateadded&quot;:false,&quot;show_stock_status&quot;:true,&quot;show_add_to_cart&quot;:true,&quot;show_remove_product&quot;:true,&quot;add_to_cart_text&quot;:&quot;Afegeix a la bossa&quot;,&quot;show_ask_estimate_button&quot;:false,&quot;ask_estimate_url&quot;:&quot;&quot;,&quot;price_excl_tax&quot;:false,&quot;show_cb&quot;:false,&quot;show_quantity&quot;:false,&quot;show_variation&quot;:false,&quot;show_price_variations&quot;:false,&quot;show_update&quot;:false,&quot;enable_drag_n_drop&quot;:false,&quot;enable_add_all_to_cart&quot;:false,&quot;move_to_another_wishlist&quot;:false,&quot;repeat_remove_button&quot;:false,&quot;show_last_column&quot;:true,&quot;heading_icon&quot;:&quot;&lt;i class=\\&quot;fa fa-heart\\&quot;&gt;&lt;\\\/i&gt;&quot;,&quot;share_enabled&quot;:false,&quot;template_part&quot;:&quot;view&quot;,&quot;additional_info&quot;:false,&quot;available_multi_wishlist&quot;:false,&quot;form_action&quot;:&quot;https:\\\/\\\/crystalbubbleshop.com\\\/ca\\\/favorits\\\/&quot;,&quot;item&quot;:&quot;wishlist&quot;}\"\n>\n\n\t<!-- TITLE -->\n\t\t\t<div class=\"wishlist-title-container\">\n\t\t\t<div class=\"wishlist-title \">\n\t\t\t\t<h2 id=\"favorits-de-crystal-bubble-boutique\">Favorits de CRYSTAL BUBBLE Boutique<\/h2>\t\t\t\t\t\t\t<\/div>\n\t\t\t\t\t<\/div>\n\t\t\n\n<!-- WISHLIST TABLE -->\n<table\n\tclass=\"shop_table cart wishlist_table wishlist_view traditional responsive   \"\n\tdata-pagination=\"no\" data-per-page=\"5\"\n\tdata-page=\"1\" data-id=\"\"\n\tdata-token=\"\">\n\n\t\n\t<thead>\n\t<tr>\n\t\t\n\t\t\t\t\t\t\t\t<th class=\"product-remove\">\n\t\t\t\t<span class=\"nobr\">\n\t\t\t\t\t\t\t\t\t<\/span>\n\t\t\t<\/th>\n\t\t\n\t\t<th class=\"product-thumbnail\"><\/th>\n\n\t\t<th class=\"product-name\">\n\t\t\t<span class=\"nobr\">\n\t\t\t\tProducte\t\t\t<\/span>\n\t\t<\/th>\n\n\t\t\t\t\t\t\t\t<th class=\"product-price\">\n\t\t\t\t<span class=\"nobr\">\n\t\t\t\t\tPreu\t\t\t\t<\/span>\n\t\t\t<\/th>\n\t\t\n\t\t\n\t\t\t\t\t\t\t\t<th class=\"product-stock-status\">\n\t\t\t\t<span class=\"nobr\">\n\t\t\t\t\tEstat d&#039;estoc\t\t\t\t<\/span>\n\t\t\t<\/th>\n\t\t\n\t\t\t\t\t\t\t\t<th class=\"product-add-to-cart\">\n\t\t\t\t<span class=\"nobr\">\n\t\t\t\t\t\t\t\t\t<\/span>\n\t\t\t<\/th>\n\t\t\n\t\t\t<\/tr>\n\t<\/thead>\n\n\t<tbody class=\"wishlist-items-wrapper\">\n\t\t\t<tr>\n\t\t\t<td colspan=\"6\" class=\"wishlist-empty\">La teva bossa es troba buida -   Omple-la de roba i accessoris de la nostra selecci\u00f3!<\/td>\n\t\t<\/tr>\n\t\t<\/tbody>\n\n<\/table>\n\n\t<div class=\"yith_wcwl_wishlist_footer\">\n\t\t\n\n\t\t\n\n\t\t\n\t\t\t<\/div>\n\n\t<input type=\"hidden\" id=\"yith_wcwl_edit_wishlist\" name=\"yith_wcwl_edit_wishlist\" value=\"b3f845de78\" \/><input type=\"hidden\" name=\"_wp_http_referer\" value=\"\/ca\/wp-json\/wp\/v2\/pages\/3081\" \/>\t<input type=\"hidden\" value=\"\" name=\"wishlist_id\" id=\"wishlist_id\">\n\n\t\n<\/form>\n\n\n\n[\/vc_column_text][\/vc_column][\/vc_row][vc_row][vc_column width=&#8221;1\/3&#8243;][\/vc_column][vc_column width=&#8221;1\/3&#8243;][vc_column_text]\n<p style=\"font-size: 24px; text-align: center;\"><span style=\"color: #000000;\">Si cerques idees per combinar les millors opcions de roba i accesoris, realitzar els teus propis outfits i gaudir de venda privada amb tots els privilegis sense l\u00edmit, uneix-te a la Comunitat <a href=\"https:\/\/crystalbubbleshop.com\/ca\/latallaenelteuestil\/\">#LaTallaEnElTeuEstil<\/a>.<\/span><\/p>\n[\/vc_column_text][\/vc_column][vc_column width=&#8221;1\/3&#8243;][\/vc_column][\/vc_row][vc_row][vc_column][vc_empty_space height=&#8221;&#8221;][\/vc_column][\/vc_row][vc_row][vc_column width=&#8221;1\/3&#8243;][\/vc_column][vc_column width=&#8221;1\/3&#8243;][vc_column_text]\n<p class=\"has-text-color\" style=\"color: #000000; text-align: center;\"><span style=\"color: #000000;\"><strong>Segueix comprant:<\/strong>\u00a0\u00a0<a href=\"https:\/\/crystalbubbleshop.com\/ca\/venda-privada\/\">Venda Privada<\/a> | <a href=\"https:\/\/crystalbubbleshop.com\/ca\/coleccion-mujer\/destacats\/capsa-sorpresa-roba\/\">Capsa Sorpresa<\/a><\/span><\/p>\n[\/vc_column_text][\/vc_column][vc_column width=&#8221;1\/3&#8243;][\/vc_column][\/vc_row]\n<\/div>","protected":false},"excerpt":{"rendered":"<p>[vc_row][vc_column width=&#8221;1\/3&#8243;][\/vc_column][vc_column width=&#8221;1\/3&#8243;][vc_column_text] Favorits La Llista de favorits et facilita tenir a m\u00e0 la teva propia selecci\u00f3 de compra.\u00a0 Vols guardar els articles que m\u00e9s t&#8217; agraden? Tant f\u00e0cil com fer clic en el s\u00edmbol del cor en l&#8217; article i apareixer\u00e0 aqu\u00ed. Torna a consultar m\u00e9s tard. [\/vc_column_text][vc_btn title=&#8221;TROBA&#8221; style=&#8221;outline&#8221; shape=&#8221;square&#8221; color=&#8221;black&#8221; size=&#8221;lg&#8221; align=&#8221;center&#8221; link=&#8221;url:https%3A%2F%2Fcrystalbubbleshop.com%2Fca%2F&#8221;][\/vc_column][vc_column width=&#8221;1\/3&#8243;][\/vc_column][\/vc_row][vc_row][vc_column][vc_column_text][\/vc_column_text][\/vc_column][\/vc_row][vc_row][vc_column width=&#8221;1\/3&#8243;][\/vc_column][vc_column width=&#8221;1\/3&#8243;][vc_column_text] Si cerques idees per combinar les millors opcions de roba i accesoris, realitzar els teus propis outfits i gaudir de venda&hellip;<\/p>\n","protected":false},"author":1,"featured_media":7288,"parent":0,"menu_order":0,"comment_status":"closed","ping_status":"closed","template":"","meta":[],"featured_image_src":"https:\/\/crystalbubbleshop.com\/wp-content\/uploads\/2020\/06\/Lista-deseos-.jpg","acf":[],"yoast_head":"<!-- This site is optimized with the Yoast SEO plugin v21.1 - https:\/\/yoast.com\/wordpress\/plugins\/seo\/ -->\n<title>Favorits - CRYSTAL BUBBLE Boutique<\/title>\n<meta name=\"description\" content=\"Regals, privilegis i xecs regal. Gestiona la llista dels teus favorits \u00b7 Accedeix i segueix comprant, estiguis on estiguis.\" \/>\n<meta name=\"robots\" content=\"noindex, nofollow\" \/>\n<meta property=\"og:locale\" content=\"en_US\" \/>\n<meta property=\"og:type\" content=\"article\" \/>\n<meta property=\"og:title\" content=\"Favorits - CRYSTAL BUBBLE Boutique\" \/>\n<meta property=\"og:description\" content=\"Regals, privilegis i xecs regal. Gestiona la llista dels teus favorits \u00b7 Accedeix i segueix comprant, estiguis on estiguis.\" \/>\n<meta property=\"og:url\" content=\"https:\/\/crystalbubbleshop.com\/ca\/favorits\/\" \/>\n<meta property=\"og:site_name\" content=\"CRYSTAL BUBBLE Boutique\" \/>\n<meta property=\"article:publisher\" content=\"http:\/\/www.facebook.com\/crystalbubble1\" \/>\n<meta property=\"article:modified_time\" content=\"2022-04-14T18:16:40+00:00\" \/>\n<meta property=\"og:image\" content=\"https:\/\/crystalbubbleshop.com\/wp-content\/uploads\/2020\/06\/Lista-deseos-.jpg\" \/>\n\t<meta property=\"og:image:width\" content=\"980\" \/>\n\t<meta property=\"og:image:height\" content=\"1306\" \/>\n\t<meta property=\"og:image:type\" content=\"image\/jpeg\" \/>\n<meta name=\"twitter:card\" content=\"summary_large_image\" \/>\n<meta name=\"twitter:site\" content=\"@crystalbubble1\" \/>\n<script type=\"application\/ld+json\" class=\"yoast-schema-graph\">{\"@context\":\"https:\/\/schema.org\",\"@graph\":[{\"@type\":\"WebPage\",\"@id\":\"https:\/\/crystalbubbleshop.com\/ca\/favorits\/\",\"url\":\"https:\/\/crystalbubbleshop.com\/ca\/favorits\/\",\"name\":\"Favorits - CRYSTAL BUBBLE Boutique\",\"isPartOf\":{\"@id\":\"https:\/\/crystalbubbleshop.com\/#website\"},\"datePublished\":\"2019-02-09T08:00:19+00:00\",\"dateModified\":\"2022-04-14T18:16:40+00:00\",\"description\":\"Regals, privilegis i xecs regal. Gestiona la llista dels teus favorits \u00b7 Accedeix i segueix comprant, estiguis on estiguis.\",\"breadcrumb\":{\"@id\":\"https:\/\/crystalbubbleshop.com\/ca\/favorits\/#breadcrumb\"},\"inLanguage\":\"cat-cat\",\"potentialAction\":[{\"@type\":\"ReadAction\",\"target\":[\"https:\/\/crystalbubbleshop.com\/ca\/favorits\/\"]}]},{\"@type\":\"BreadcrumbList\",\"@id\":\"https:\/\/crystalbubbleshop.com\/ca\/favorits\/#breadcrumb\",\"itemListElement\":[{\"@type\":\"ListItem\",\"position\":1,\"name\":\"Portada\",\"item\":\"https:\/\/crystalbubbleshop.com\/ca\/\"},{\"@type\":\"ListItem\",\"position\":2,\"name\":\"Favorits\"}]},{\"@type\":\"WebSite\",\"@id\":\"https:\/\/crystalbubbleshop.com\/#website\",\"url\":\"https:\/\/crystalbubbleshop.com\/\",\"name\":\"CRYSTAL BUBBLE Boutique\",\"description\":\"Moda y Asesoramiento\",\"publisher\":{\"@id\":\"https:\/\/crystalbubbleshop.com\/#organization\"},\"potentialAction\":[{\"@type\":\"SearchAction\",\"target\":{\"@type\":\"EntryPoint\",\"urlTemplate\":\"https:\/\/crystalbubbleshop.com\/?s={search_term_string}\"},\"query-input\":\"required name=search_term_string\"}],\"inLanguage\":\"cat-cat\"},{\"@type\":\"Organization\",\"@id\":\"https:\/\/crystalbubbleshop.com\/#organization\",\"name\":\"CRYSTAL BUBBLE Boutique | Moda y Asesoramiento\",\"url\":\"https:\/\/crystalbubbleshop.com\/\",\"logo\":{\"@type\":\"ImageObject\",\"inLanguage\":\"cat-cat\",\"@id\":\"https:\/\/crystalbubbleshop.com\/#\/schema\/logo\/image\/\",\"url\":\"https:\/\/crystalbubbleshop.com\/wp-content\/uploads\/2021\/04\/logo-crystal-bubble-boutique-e1644177749381.jpg\",\"contentUrl\":\"https:\/\/crystalbubbleshop.com\/wp-content\/uploads\/2021\/04\/logo-crystal-bubble-boutique-e1644177749381.jpg\",\"width\":150,\"height\":150,\"caption\":\"CRYSTAL BUBBLE Boutique | Moda y Asesoramiento\"},\"image\":{\"@id\":\"https:\/\/crystalbubbleshop.com\/#\/schema\/logo\/image\/\"},\"sameAs\":[\"http:\/\/www.facebook.com\/crystalbubble1\",\"https:\/\/twitter.com\/crystalbubble1\",\"https:\/\/instagram.com\/crystalbubbleboutique\",\"https:\/\/www.linkedin.com\/company\/crystal-bubble-boutique\",\"https:\/\/pinterest.com\/crystalbubbleboutique\",\"https:\/\/www.youtube.com\/crystalbubbleboutique\",\"https:\/\/www.tiktok.com\/crystalbubbleboutique\"]}]}<\/script>\n<!-- \/ Yoast SEO plugin. -->","yoast_head_json":{"title":"Favorits - CRYSTAL BUBBLE Boutique","description":"Regals, privilegis i xecs regal. Gestiona la llista dels teus favorits \u00b7 Accedeix i segueix comprant, estiguis on estiguis.","robots":{"index":"noindex","follow":"nofollow"},"og_locale":"en_US","og_type":"article","og_title":"Favorits - CRYSTAL BUBBLE Boutique","og_description":"Regals, privilegis i xecs regal. Gestiona la llista dels teus favorits \u00b7 Accedeix i segueix comprant, estiguis on estiguis.","og_url":"https:\/\/crystalbubbleshop.com\/ca\/favorits\/","og_site_name":"CRYSTAL BUBBLE Boutique","article_publisher":"http:\/\/www.facebook.com\/crystalbubble1","article_modified_time":"2022-04-14T18:16:40+00:00","og_image":[{"width":980,"height":1306,"url":"https:\/\/crystalbubbleshop.com\/wp-content\/uploads\/2020\/06\/Lista-deseos-.jpg","type":"image\/jpeg"}],"twitter_card":"summary_large_image","twitter_site":"@crystalbubble1","schema":{"@context":"https:\/\/schema.org","@graph":[{"@type":"WebPage","@id":"https:\/\/crystalbubbleshop.com\/ca\/favorits\/","url":"https:\/\/crystalbubbleshop.com\/ca\/favorits\/","name":"Favorits - CRYSTAL BUBBLE Boutique","isPartOf":{"@id":"https:\/\/crystalbubbleshop.com\/#website"},"datePublished":"2019-02-09T08:00:19+00:00","dateModified":"2022-04-14T18:16:40+00:00","description":"Regals, privilegis i xecs regal. Gestiona la llista dels teus favorits \u00b7 Accedeix i segueix comprant, estiguis on estiguis.","breadcrumb":{"@id":"https:\/\/crystalbubbleshop.com\/ca\/favorits\/#breadcrumb"},"inLanguage":"cat-cat","potentialAction":[{"@type":"ReadAction","target":["https:\/\/crystalbubbleshop.com\/ca\/favorits\/"]}]},{"@type":"BreadcrumbList","@id":"https:\/\/crystalbubbleshop.com\/ca\/favorits\/#breadcrumb","itemListElement":[{"@type":"ListItem","position":1,"name":"Portada","item":"https:\/\/crystalbubbleshop.com\/ca\/"},{"@type":"ListItem","position":2,"name":"Favorits"}]},{"@type":"WebSite","@id":"https:\/\/crystalbubbleshop.com\/#website","url":"https:\/\/crystalbubbleshop.com\/","name":"CRYSTAL BUBBLE Boutique","description":"Moda y Asesoramiento","publisher":{"@id":"https:\/\/crystalbubbleshop.com\/#organization"},"potentialAction":[{"@type":"SearchAction","target":{"@type":"EntryPoint","urlTemplate":"https:\/\/crystalbubbleshop.com\/?s={search_term_string}"},"query-input":"required name=search_term_string"}],"inLanguage":"cat-cat"},{"@type":"Organization","@id":"https:\/\/crystalbubbleshop.com\/#organization","name":"CRYSTAL BUBBLE Boutique | Moda y Asesoramiento","url":"https:\/\/crystalbubbleshop.com\/","logo":{"@type":"ImageObject","inLanguage":"cat-cat","@id":"https:\/\/crystalbubbleshop.com\/#\/schema\/logo\/image\/","url":"https:\/\/crystalbubbleshop.com\/wp-content\/uploads\/2021\/04\/logo-crystal-bubble-boutique-e1644177749381.jpg","contentUrl":"https:\/\/crystalbubbleshop.com\/wp-content\/uploads\/2021\/04\/logo-crystal-bubble-boutique-e1644177749381.jpg","width":150,"height":150,"caption":"CRYSTAL BUBBLE Boutique | Moda y Asesoramiento"},"image":{"@id":"https:\/\/crystalbubbleshop.com\/#\/schema\/logo\/image\/"},"sameAs":["http:\/\/www.facebook.com\/crystalbubble1","https:\/\/twitter.com\/crystalbubble1","https:\/\/instagram.com\/crystalbubbleboutique","https:\/\/www.linkedin.com\/company\/crystal-bubble-boutique","https:\/\/pinterest.com\/crystalbubbleboutique","https:\/\/www.youtube.com\/crystalbubbleboutique","https:\/\/www.tiktok.com\/crystalbubbleboutique"]}]}},"_links":{"self":[{"href":"https:\/\/crystalbubbleshop.com\/ca\/wp-json\/wp\/v2\/pages\/3081"}],"collection":[{"href":"https:\/\/crystalbubbleshop.com\/ca\/wp-json\/wp\/v2\/pages"}],"about":[{"href":"https:\/\/crystalbubbleshop.com\/ca\/wp-json\/wp\/v2\/types\/page"}],"author":[{"embeddable":true,"href":"https:\/\/crystalbubbleshop.com\/ca\/wp-json\/wp\/v2\/users\/1"}],"replies":[{"embeddable":true,"href":"https:\/\/crystalbubbleshop.com\/ca\/wp-json\/wp\/v2\/comments?post=3081"}],"version-history":[{"count":57,"href":"https:\/\/crystalbubbleshop.com\/ca\/wp-json\/wp\/v2\/pages\/3081\/revisions"}],"predecessor-version":[{"id":22406,"href":"https:\/\/crystalbubbleshop.com\/ca\/wp-json\/wp\/v2\/pages\/3081\/revisions\/22406"}],"wp:featuredmedia":[{"embeddable":true,"href":"https:\/\/crystalbubbleshop.com\/ca\/wp-json\/wp\/v2\/media\/7288"}],"wp:attachment":[{"href":"https:\/\/crystalbubbleshop.com\/ca\/wp-json\/wp\/v2\/media?parent=3081"}],"curies":[{"name":"wp","href":"https:\/\/api.w.org\/{rel}","templated":true}]}}