{"id":3119,"date":"2019-02-09T09:00:57","date_gmt":"2019-02-09T08:00:57","guid":{"rendered":"http:\/\/crystalbubbleshop.com\/nova\/?page_id=3119"},"modified":"2024-06-14T20:57:04","modified_gmt":"2024-06-14T18:57:04","slug":"com-comprar","status":"publish","type":"page","link":"https:\/\/crystalbubbleshop.com\/ca\/com-comprar\/","title":{"rendered":"Com comprar"},"content":{"rendered":"<div class=\"wpb-content-wrapper\">[vc_row][vc_column][vc_column_text]\r\n<h1 id=\"com-comprar\" style=\"text-align: left;\"><span style=\"color: #000000;\"><strong>COM COMPRAR?\u00a0<\/strong><\/span><\/h1>\r\n<h2 id=\"online-i-presencial\"><span style=\"color: #000000;\"><strong>ONLINE I PRESENCIAL<\/strong><\/span><\/h2>\r\n<p style=\"font-size: 24px;\"><span style=\"color: #000000;\">El com comprar a CRYSTAL BUBBLE Boutique dep\u00e8n de tu i pot ser diferent cada dia. Les compres i els assessoraments s\u00f3n en l\u00ednia, i pr\u00e8via cita tamb\u00e9 pots sol\u00b7licitar sessions presencials de venda privada. Informa&#8217;t dels\u00a0<a href=\"https:\/\/crystalbubbleshop.com\/ca\/contactans\/\"><strong>beneficis<\/strong><\/a>\u00a0per a la nostra Comunitat en Moda.<\/span><\/p>\r\n<div class=\"wp-block-image\">\u00a0<\/div>\r\n[\/vc_column_text][\/vc_column][\/vc_row][vc_row][vc_column][vc_column_text]\r\n<h2 id=\"online\"><span style=\"color: #000000;\"><strong>ONLINE<\/strong><\/span><\/h2>\r\n<h3 id=\"cataleg-24h\"><span style=\"color: #000000;\"><strong>Cat\u00e0leg 24H<\/strong><\/span><\/h3>\r\n<p style=\"font-size: 24px;\"><span style=\"color: #000000;\">Gaudeix de les teves <a href=\"https:\/\/crystalbubbleshop.com\/ca\/\">compres online<\/a> a trav\u00e9s de la <a href=\"https:\/\/crystalbubbleshop.com\/ca\/boutique\/\">boutique showroom<\/a> del nostre web i la seva pasarel\u00b7la de pagament segura (VISA i Mastercard) o transfer\u00e8ncia banc\u00e0ria , amb validesa de compra desde Espanya peninsular i Europa Comunit\u00e0ria. <\/span><\/p>\r\n<p style=\"font-size: 24px;\"><span style=\"color: #000000;\">En escollir pagament mitjan\u00e7ant transfer\u00e8ncia, la teva compra queda autom\u00e0ticament reservada, comen\u00e7a el proc\u00e9s de preparaci\u00f3 del teu enviament i rebr\u00e0s el detall de la factura per realitzar el pagament abans que surti l&#8217;expedici\u00f3 de l&#8217;enviament.<\/span><\/p>\r\n<p style=\"font-size: 24px;\"><span style=\"color: #000000;\">Haur\u00e0s de tenir 18 anys m\u00ednim i facilitar al teu registre una adre\u00e7a d&#8217;enviament a Espanya i de facturaci\u00f3 v\u00e0lides, donant-te d&#8217;alta al <a style=\"color: #000000;\" href=\"https:\/\/crystalbubbleshop.com\/ca\/el-meu-compte\/\"><strong>Meu Perfil<\/strong><\/a>.\u00a0<\/span><span style=\"color: #000000;\"><strong>Si ets menor d&#8217; edat<\/strong>, demana als teus majors d&#8217;edat recolzament per a fer les teves compres.\u00a0<\/span><\/p>\r\n<p>&nbsp;<\/p>\r\n<h3 id=\"entrega\"><span style=\"color: #000000;\"><strong>ENTREGA<\/strong><\/span><\/h3>\r\n<p style=\"font-size: 24px;\"><span style=\"color: #000000;\">Rep les teves compres a la teva comoditat en temps de lliurament est\u00e0ndard o express. Tamb\u00e9 pots <a href=\"https:\/\/crystalbubbleshop.com\/envios\/\">recollir les teves compres a Barcelona<\/a> amb la modalitat Click &amp; Collect, en format est\u00e0ndard, express i flexible. <a href=\"https:\/\/crystalbubbleshop.com\/envios\/\"><strong>Llegeix m\u00e9s<\/strong><\/a>.<\/span><\/p>\r\n<p>&nbsp;<\/p>\r\n<h3 id=\"seguiment\"><span style=\"color: #000000;\"><strong>SEGUIMENT<\/strong><\/span><\/h3>\r\n<p style=\"font-size: 24px;\"><span style=\"color: #000000;\">Per a consultes sobre l&#8217;estat de la teva comanda, deixa&#8217;ns el teu missatge per <a href=\"https:\/\/api.whatsapp.com\/send?phone=+34644837302&amp;text=%C2%A1Hola!%20Soy\">Business WhatsApp<\/a> a qualsevol hora del dia i contestarem com m\u00e9s aviat millor en horaris comercials de tarda (17-20h). Escriu-nos una <a href=\"https:\/\/crystalbubbleshop.com\/ca\/contactans\/\">consulta<\/a> sempre que necessitis, deixant-nos els teus comentaris o petici\u00f3 en aquest <a href=\"https:\/\/crystalbubbleshop.com\/ca\/contactans\/\">formulari de contacte<\/a>.<\/span><\/p>\r\n<p style=\"font-size: 24px;\"><span style=\"color: #000000;\"><!-- \/wp:paragraph --><\/span><\/p>\r\n<p><span style=\"color: #000000;\"><!-- wp:paragraph {\"style\":{\"typography\":{\"fontSize\":24}}} --><\/span><\/p>\r\n[\/vc_column_text][vc_btn title=&#8221;TERMES I CONDICIONS DE COMPRA&#8221; style=&#8221;outline&#8221; shape=&#8221;square&#8221; color=&#8221;black&#8221; size=&#8221;lg&#8221; align=&#8221;left&#8221; link=&#8221;url:https%3A%2F%2Fcrystalbubbleshop.com%2Fca%2Fcompra-en-linia%2F&#8221;][\/vc_column][\/vc_row][vc_row][vc_column][vc_empty_space][\/vc_column][\/vc_row][vc_row][vc_column][vc_empty_space][\/vc_column][\/vc_row][vc_row][vc_column][vc_column_text]\r\n<h2 id=\"presencial\"><span style=\"color: #000000;\"><strong>PRESENCIAL<\/strong><\/span><\/h2>\r\n<h3 id=\"venda-privada\"><span style=\"color: #000000;\"><strong>Venda Privada<\/strong><\/span><\/h3>\r\n<p style=\"font-size: 24px;\"><span style=\"color: #000000;\">Apostem per sessions de <a href=\"https:\/\/crystalbubbleshop.com\/ca\/venda-privada\/\">venda privada presencials<\/a> obertes a tota la ciutat, als seus visitants i turistes, facilitant en elles tant una compra r\u00e0pida com acompanya. Vius fora de Barcelona? <a style=\"color: #000000;\" href=\"https:\/\/api.whatsapp.com\/send?phone=+34644837302&amp;text=%C2%A1Hola!%20Soy\">Comentan&#8217;s-ho<\/a> i ens adaptem.<\/span><\/p>\r\n[\/vc_column_text][\/vc_column][\/vc_row]<\/div>","protected":false},"excerpt":{"rendered":"<p>[vc_row][vc_column][vc_column_text] COM COMPRAR?\u00a0 ONLINE I PRESENCIAL El com comprar a CRYSTAL BUBBLE Boutique dep\u00e8n de tu i pot ser diferent cada dia. Les compres i els assessoraments s\u00f3n en l\u00ednia, i pr\u00e8via cita tamb\u00e9 pots sol\u00b7licitar sessions presencials de venda privada. Informa&#8217;t dels\u00a0beneficis\u00a0per a la nostra Comunitat en Moda. \u00a0 [\/vc_column_text][\/vc_column][\/vc_row][vc_row][vc_column][vc_column_text] ONLINE Cat\u00e0leg 24H Gaudeix de les teves compres online a trav\u00e9s de la boutique showroom del nostre web i la seva pasarel\u00b7la de pagament segura (VISA i Mastercard) o&hellip;<\/p>\n","protected":false},"author":1,"featured_media":19583,"parent":0,"menu_order":0,"comment_status":"closed","ping_status":"closed","template":"","meta":[],"featured_image_src":"https:\/\/crystalbubbleshop.com\/wp-content\/uploads\/2021\/09\/como-comprar-en-crystal-bubble-boutique-scaled.jpg","acf":[],"yoast_head":"<!-- This site is optimized with the Yoast SEO plugin v21.1 - https:\/\/yoast.com\/wordpress\/plugins\/seo\/ -->\n<title>Com comprar - CRYSTAL BUBBLE Boutique<\/title>\n<meta name=\"description\" content=\"Tu esculls la millor forma de com comprar roba, compra en l\u00ednia o amb l&#039;assessorament en imatge personal sempre que et calgui.\" \/>\n<meta name=\"robots\" content=\"index, follow, max-snippet:-1, max-image-preview:large, max-video-preview:-1\" \/>\n<link rel=\"canonical\" href=\"https:\/\/crystalbubbleshop.com\/ca\/com-comprar\/\" \/>\n<meta property=\"og:locale\" content=\"en_US\" \/>\n<meta property=\"og:type\" content=\"article\" \/>\n<meta property=\"og:title\" content=\"Com comprar - CRYSTAL BUBBLE Boutique\" \/>\n<meta property=\"og:description\" content=\"Tu esculls la millor forma de com comprar roba, compra en l\u00ednia o amb l&#039;assessorament en imatge personal sempre que et calgui.\" \/>\n<meta property=\"og:url\" content=\"https:\/\/crystalbubbleshop.com\/ca\/com-comprar\/\" \/>\n<meta property=\"og:site_name\" content=\"CRYSTAL BUBBLE Boutique\" \/>\n<meta property=\"article:publisher\" content=\"http:\/\/www.facebook.com\/crystalbubble1\" \/>\n<meta property=\"article:modified_time\" content=\"2024-06-14T18:57:04+00:00\" \/>\n<meta property=\"og:image\" content=\"https:\/\/crystalbubbleshop.com\/wp-content\/uploads\/2021\/09\/como-comprar-en-crystal-bubble-boutique-scaled.jpg\" \/>\n\t<meta property=\"og:image:width\" content=\"1707\" \/>\n\t<meta property=\"og:image:height\" content=\"2560\" \/>\n\t<meta property=\"og:image:type\" content=\"image\/jpeg\" \/>\n<meta name=\"twitter:card\" content=\"summary_large_image\" \/>\n<meta name=\"twitter:site\" content=\"@crystalbubble1\" \/>\n<script type=\"application\/ld+json\" class=\"yoast-schema-graph\">{\"@context\":\"https:\/\/schema.org\",\"@graph\":[{\"@type\":\"WebPage\",\"@id\":\"https:\/\/crystalbubbleshop.com\/ca\/com-comprar\/\",\"url\":\"https:\/\/crystalbubbleshop.com\/ca\/com-comprar\/\",\"name\":\"Com comprar - CRYSTAL BUBBLE Boutique\",\"isPartOf\":{\"@id\":\"https:\/\/crystalbubbleshop.com\/#website\"},\"datePublished\":\"2019-02-09T08:00:57+00:00\",\"dateModified\":\"2024-06-14T18:57:04+00:00\",\"description\":\"Tu esculls la millor forma de com comprar roba, compra en l\u00ednia o amb l'assessorament en imatge personal sempre que et calgui.\",\"breadcrumb\":{\"@id\":\"https:\/\/crystalbubbleshop.com\/ca\/com-comprar\/#breadcrumb\"},\"inLanguage\":\"cat-cat\",\"potentialAction\":[{\"@type\":\"ReadAction\",\"target\":[\"https:\/\/crystalbubbleshop.com\/ca\/com-comprar\/\"]}]},{\"@type\":\"BreadcrumbList\",\"@id\":\"https:\/\/crystalbubbleshop.com\/ca\/com-comprar\/#breadcrumb\",\"itemListElement\":[{\"@type\":\"ListItem\",\"position\":1,\"name\":\"Portada\",\"item\":\"https:\/\/crystalbubbleshop.com\/ca\/\"},{\"@type\":\"ListItem\",\"position\":2,\"name\":\"Com comprar\"}]},{\"@type\":\"WebSite\",\"@id\":\"https:\/\/crystalbubbleshop.com\/#website\",\"url\":\"https:\/\/crystalbubbleshop.com\/\",\"name\":\"CRYSTAL BUBBLE Boutique\",\"description\":\"Moda y Asesoramiento\",\"publisher\":{\"@id\":\"https:\/\/crystalbubbleshop.com\/#organization\"},\"potentialAction\":[{\"@type\":\"SearchAction\",\"target\":{\"@type\":\"EntryPoint\",\"urlTemplate\":\"https:\/\/crystalbubbleshop.com\/?s={search_term_string}\"},\"query-input\":\"required name=search_term_string\"}],\"inLanguage\":\"cat-cat\"},{\"@type\":\"Organization\",\"@id\":\"https:\/\/crystalbubbleshop.com\/#organization\",\"name\":\"CRYSTAL BUBBLE Boutique | Moda y Asesoramiento\",\"url\":\"https:\/\/crystalbubbleshop.com\/\",\"logo\":{\"@type\":\"ImageObject\",\"inLanguage\":\"cat-cat\",\"@id\":\"https:\/\/crystalbubbleshop.com\/#\/schema\/logo\/image\/\",\"url\":\"https:\/\/crystalbubbleshop.com\/wp-content\/uploads\/2021\/04\/logo-crystal-bubble-boutique-e1644177749381.jpg\",\"contentUrl\":\"https:\/\/crystalbubbleshop.com\/wp-content\/uploads\/2021\/04\/logo-crystal-bubble-boutique-e1644177749381.jpg\",\"width\":150,\"height\":150,\"caption\":\"CRYSTAL BUBBLE Boutique | Moda y Asesoramiento\"},\"image\":{\"@id\":\"https:\/\/crystalbubbleshop.com\/#\/schema\/logo\/image\/\"},\"sameAs\":[\"http:\/\/www.facebook.com\/crystalbubble1\",\"https:\/\/twitter.com\/crystalbubble1\",\"https:\/\/instagram.com\/crystalbubbleboutique\",\"https:\/\/www.linkedin.com\/company\/crystal-bubble-boutique\",\"https:\/\/pinterest.com\/crystalbubbleboutique\",\"https:\/\/www.youtube.com\/crystalbubbleboutique\",\"https:\/\/www.tiktok.com\/crystalbubbleboutique\"]}]}<\/script>\n<!-- \/ Yoast SEO plugin. -->","yoast_head_json":{"title":"Com comprar - CRYSTAL BUBBLE Boutique","description":"Tu esculls la millor forma de com comprar roba, compra en l\u00ednia o amb l'assessorament en imatge personal sempre que et calgui.","robots":{"index":"index","follow":"follow","max-snippet":"max-snippet:-1","max-image-preview":"max-image-preview:large","max-video-preview":"max-video-preview:-1"},"canonical":"https:\/\/crystalbubbleshop.com\/ca\/com-comprar\/","og_locale":"en_US","og_type":"article","og_title":"Com comprar - CRYSTAL BUBBLE Boutique","og_description":"Tu esculls la millor forma de com comprar roba, compra en l\u00ednia o amb l'assessorament en imatge personal sempre que et calgui.","og_url":"https:\/\/crystalbubbleshop.com\/ca\/com-comprar\/","og_site_name":"CRYSTAL BUBBLE Boutique","article_publisher":"http:\/\/www.facebook.com\/crystalbubble1","article_modified_time":"2024-06-14T18:57:04+00:00","og_image":[{"width":1707,"height":2560,"url":"https:\/\/crystalbubbleshop.com\/wp-content\/uploads\/2021\/09\/como-comprar-en-crystal-bubble-boutique-scaled.jpg","type":"image\/jpeg"}],"twitter_card":"summary_large_image","twitter_site":"@crystalbubble1","schema":{"@context":"https:\/\/schema.org","@graph":[{"@type":"WebPage","@id":"https:\/\/crystalbubbleshop.com\/ca\/com-comprar\/","url":"https:\/\/crystalbubbleshop.com\/ca\/com-comprar\/","name":"Com comprar - CRYSTAL BUBBLE Boutique","isPartOf":{"@id":"https:\/\/crystalbubbleshop.com\/#website"},"datePublished":"2019-02-09T08:00:57+00:00","dateModified":"2024-06-14T18:57:04+00:00","description":"Tu esculls la millor forma de com comprar roba, compra en l\u00ednia o amb l'assessorament en imatge personal sempre que et calgui.","breadcrumb":{"@id":"https:\/\/crystalbubbleshop.com\/ca\/com-comprar\/#breadcrumb"},"inLanguage":"cat-cat","potentialAction":[{"@type":"ReadAction","target":["https:\/\/crystalbubbleshop.com\/ca\/com-comprar\/"]}]},{"@type":"BreadcrumbList","@id":"https:\/\/crystalbubbleshop.com\/ca\/com-comprar\/#breadcrumb","itemListElement":[{"@type":"ListItem","position":1,"name":"Portada","item":"https:\/\/crystalbubbleshop.com\/ca\/"},{"@type":"ListItem","position":2,"name":"Com comprar"}]},{"@type":"WebSite","@id":"https:\/\/crystalbubbleshop.com\/#website","url":"https:\/\/crystalbubbleshop.com\/","name":"CRYSTAL BUBBLE Boutique","description":"Moda y Asesoramiento","publisher":{"@id":"https:\/\/crystalbubbleshop.com\/#organization"},"potentialAction":[{"@type":"SearchAction","target":{"@type":"EntryPoint","urlTemplate":"https:\/\/crystalbubbleshop.com\/?s={search_term_string}"},"query-input":"required name=search_term_string"}],"inLanguage":"cat-cat"},{"@type":"Organization","@id":"https:\/\/crystalbubbleshop.com\/#organization","name":"CRYSTAL BUBBLE Boutique | Moda y Asesoramiento","url":"https:\/\/crystalbubbleshop.com\/","logo":{"@type":"ImageObject","inLanguage":"cat-cat","@id":"https:\/\/crystalbubbleshop.com\/#\/schema\/logo\/image\/","url":"https:\/\/crystalbubbleshop.com\/wp-content\/uploads\/2021\/04\/logo-crystal-bubble-boutique-e1644177749381.jpg","contentUrl":"https:\/\/crystalbubbleshop.com\/wp-content\/uploads\/2021\/04\/logo-crystal-bubble-boutique-e1644177749381.jpg","width":150,"height":150,"caption":"CRYSTAL BUBBLE Boutique | Moda y Asesoramiento"},"image":{"@id":"https:\/\/crystalbubbleshop.com\/#\/schema\/logo\/image\/"},"sameAs":["http:\/\/www.facebook.com\/crystalbubble1","https:\/\/twitter.com\/crystalbubble1","https:\/\/instagram.com\/crystalbubbleboutique","https:\/\/www.linkedin.com\/company\/crystal-bubble-boutique","https:\/\/pinterest.com\/crystalbubbleboutique","https:\/\/www.youtube.com\/crystalbubbleboutique","https:\/\/www.tiktok.com\/crystalbubbleboutique"]}]}},"_links":{"self":[{"href":"https:\/\/crystalbubbleshop.com\/ca\/wp-json\/wp\/v2\/pages\/3119"}],"collection":[{"href":"https:\/\/crystalbubbleshop.com\/ca\/wp-json\/wp\/v2\/pages"}],"about":[{"href":"https:\/\/crystalbubbleshop.com\/ca\/wp-json\/wp\/v2\/types\/page"}],"author":[{"embeddable":true,"href":"https:\/\/crystalbubbleshop.com\/ca\/wp-json\/wp\/v2\/users\/1"}],"replies":[{"embeddable":true,"href":"https:\/\/crystalbubbleshop.com\/ca\/wp-json\/wp\/v2\/comments?post=3119"}],"version-history":[{"count":62,"href":"https:\/\/crystalbubbleshop.com\/ca\/wp-json\/wp\/v2\/pages\/3119\/revisions"}],"predecessor-version":[{"id":25921,"href":"https:\/\/crystalbubbleshop.com\/ca\/wp-json\/wp\/v2\/pages\/3119\/revisions\/25921"}],"wp:featuredmedia":[{"embeddable":true,"href":"https:\/\/crystalbubbleshop.com\/ca\/wp-json\/wp\/v2\/media\/19583"}],"wp:attachment":[{"href":"https:\/\/crystalbubbleshop.com\/ca\/wp-json\/wp\/v2\/media?parent=3119"}],"curies":[{"name":"wp","href":"https:\/\/api.w.org\/{rel}","templated":true}]}}