{"id":3281,"date":"2019-02-09T09:00:43","date_gmt":"2019-02-09T08:00:43","guid":{"rendered":"http:\/\/crystalbubbleshop.com\/nova\/home\/"},"modified":"2026-01-07T21:23:27","modified_gmt":"2026-01-07T20:23:27","slug":"moda-y-asesoramiento","status":"publish","type":"page","link":"https:\/\/crystalbubbleshop.com\/ca\/","title":{"rendered":"Moda i Assessorament"},"content":{"rendered":"<div class=\"wpb-content-wrapper\">[vc_row css=&#8221;.vc_custom_1430319434397{padding-top: 30px !important;padding-bottom: 30px !important;}&#8221;][vc_column][vc_empty_space][vc_column_text]\n<h1 id=\"crystal-bubble\" style=\"text-align: center;\"><strong><span style=\"color: #000000;\">CRYSTAL BUBBLE<\/span><\/strong><\/h1>\n[\/vc_column_text][vc_column_text css=&#8221;&#8221;]\n<h2 id=\"vesteix-estil-conscient\" style=\"text-align: center;\"><strong><span style=\"color: #000000;\">VESTEIX ESTIL CONSCIENT<\/span><\/strong><\/h2>\n[\/vc_column_text][vc_empty_space][\/vc_column][\/vc_row][vc_row el_class=&#8221;titulo-secion-reducido fila-en-caja&#8221;][vc_column width=&#8221;1\/3&#8243;][vc_single_image image=&#8221;25456&#8243; img_size=&#8221;full&#8221; alignment=&#8221;center&#8221; onclick=&#8221;custom_link&#8221; css_animation=&#8221;none&#8221; link=&#8221;https:\/\/crystalbubbleshop.com\/ca\/assessorament\/#tallers-ludics&#8221;][vc_column_text css=&#8221;&#8221;]\n<h2 id=\"stylelab-club\" style=\"text-align: center;\"><span style=\"color: #000000;\"><strong>STYLELAB CLUB<\/strong><\/span><\/h2>\n[\/vc_column_text][vc_column_text css=&#8221;&#8221;]\n<p style=\"text-align: center;\"><span style=\"color: #000000;\"><strong>La teva passi\u00f3 per la moda suma<\/strong><\/span><\/p>\n[\/vc_column_text][vc_btn title=&#8221;VULL EL MEU STYLELAB&#8221; style=&#8221;outline&#8221; shape=&#8221;square&#8221; color=&#8221;black&#8221; align=&#8221;center&#8221; css=&#8221;&#8221; link=&#8221;url:https%3A%2F%2Fcrystalbubbleshop.com%2Fca%2Fassessorament%2F%23tallers-ludics&#8221;][\/vc_column][vc_column width=&#8221;1\/3&#8243;][vc_single_image image=&#8221;25495&#8243; img_size=&#8221;full&#8221; alignment=&#8221;center&#8221; onclick=&#8221;custom_link&#8221; css_animation=&#8221;none&#8221; link=&#8221;https:\/\/crystalbubbleshop.com\/ca\/especials-ca\/&#8221;][vc_column_text css=&#8221;&#8221;]\n<h2 id=\"descobreix\" style=\"text-align: center;\"><span style=\"color: #000000;\"><strong>DESCOBREIX<\/strong><\/span><\/h2>\n[\/vc_column_text][vc_column_text css=&#8221;&#8221;]\n<p style=\"text-align: center;\"><span style=\"color: #000000;\"><strong>Detalls que marquen la difer\u00e8ncia<\/strong><\/span><\/p>\n[\/vc_column_text][vc_btn title=&#8221;VULL LA MEVA CRYSTALBOX&#8221; style=&#8221;outline&#8221; shape=&#8221;square&#8221; color=&#8221;black&#8221; align=&#8221;center&#8221; css=&#8221;&#8221; link=&#8221;url:https%3A%2F%2Fcrystalbubbleshop.com%2Fca%2Fespecials-ca%2F&#8221;][\/vc_column][vc_column width=&#8221;1\/3&#8243;][vc_single_image image=&#8221;26048&#8243; img_size=&#8221;full&#8221; alignment=&#8221;center&#8221; onclick=&#8221;custom_link&#8221; css_animation=&#8221;none&#8221; css=&#8221;&#8221; link=&#8221;https:\/\/crystalbubbleshop.com\/ca\/assessorament\/&#8221;][vc_column_text css=&#8221;&#8221;]\n<h2 id=\"assessorat\" style=\"text-align: center;\"><span style=\"color: #000000;\"><strong>ASSESSORA&#8217;T<\/strong><\/span><\/h2>\n[\/vc_column_text][vc_column_text css=&#8221;&#8221;]\n<p style=\"text-align: center;\"><span style=\"color: #000000;\"><strong>Vesteix-te de confian\u00e7a<\/strong><\/span><\/p>\n[\/vc_column_text][vc_btn title=&#8221;DEMANA CITA&#8221; style=&#8221;outline&#8221; shape=&#8221;square&#8221; color=&#8221;black&#8221; align=&#8221;center&#8221; css=&#8221;&#8221; link=&#8221;url:https%3A%2F%2Fcrystalbubbleshop.com%2Fca%2Fassessorament%2F&#8221;][\/vc_column][\/vc_row][vc_row el_class=&#8221;fila-en-caja&#8221;][vc_column el_id=&#8221;navidad-call-to-action&#8221;][vc_empty_space][vc_empty_space][vc_cta h2=&#8221;&#8221; txt_align=&#8221;center&#8221; color=&#8221;white&#8221; add_button=&#8221;bottom&#8221; btn_title=&#8221;CRYSTALBOX&#8221; btn_style=&#8221;outline&#8221; btn_shape=&#8221;square&#8221; btn_color=&#8221;white&#8221; btn_size=&#8221;lg&#8221; btn_align=&#8221;center&#8221; css=&#8221;.vc_custom_1672582363836{background-color: #6c4f78 !important;}&#8221; btn_link=&#8221;url:https%3A%2F%2Fcrystalbubbleshop.com%2Fca%2Fcapsa-crystalbox%2F&#8221;]\n<h3 id=\"la-teva-complice-perfecte-per-sorprendre\" style=\"text-align: center;\"><span style=\"color: #ffffff;\">LA TEVA C\u00d2MPLICE PERFECTE PER SORPRENDRE<\/span><\/h3>\n<p style=\"text-align: center;\"><span style=\"color: #ffffff;\">Saps quant pot canviar el dia d&#8217; alg\u00fa amb una sorpresa aix\u00ed?\u00a0<\/span><\/p>\n[\/vc_cta][vc_empty_space][vc_empty_space][\/vc_column][\/vc_row][vc_row][vc_column][vc_empty_space][vc_column_text]\n<h2 id=\"assessorament-en-moda-i-imatge-personal\" style=\"text-align: center;\"><strong><span style=\"color: #000000;\">ASSESSORAMENT EN MODA I IMATGE PERSONAL<\/span><\/strong><\/h2>\n[\/vc_column_text][\/vc_column][\/vc_row][vc_row el_class=&#8221;fila-en-caja&#8221;][vc_column][vc_empty_space][vc_empty_space][vc_empty_space][vc_cta h2=&#8221;&#8221; txt_align=&#8221;center&#8221; color=&#8221;violet&#8221; add_button=&#8221;bottom&#8221; btn_title=&#8221;MEET US&#8221; btn_style=&#8221;outline&#8221; btn_shape=&#8221;square&#8221; btn_color=&#8221;white&#8221; btn_size=&#8221;lg&#8221; btn_align=&#8221;center&#8221; css=&#8221;.vc_custom_1670320538262{background-color: #6c4f78 !important;}&#8221; btn_link=&#8221;url:https%3A%2F%2Fcrystalbubbleshop.com%2Fca%2Fassessorament%2F|&#8221;]\n<h3 id=\"llesta-per-vestir-millor-que-mai\" style=\"text-align: center;\"><span style=\"color: #ffffff;\">LLESTA PER VESTIR MILLOR QUE MAI?<\/span><\/h3>\n<p style=\"text-align: center;\"><span style=\"color: #ffffff;\">Compra comprenent la talla en el teu estil\u00a0<\/span><\/p>\n[\/vc_cta][vc_empty_space][vc_empty_space][vc_empty_space][vc_empty_space][\/vc_column][\/vc_row][vc_row][vc_column width=&#8221;1\/2&#8243;][vc_column_text]\n<h3 id=\"assessorament-en-moda\" style=\"text-align: center;\"><strong><span style=\"color: #000000;\">Assessorament en moda<\/span><\/strong><\/h3>\n<p style=\"text-align: center;\"><span style=\"color: #000000;\"><strong>Vesteix la roba que projecti la <a href=\"https:\/\/crystalbubbleshop.com\/ca\/assessorament\/\">teva millor imatge<\/a><\/strong><\/span><\/p>\n[\/vc_column_text][vc_hoverbox image=&#8221;22110&#8243; primary_title=&#8221;&#8221; hover_title=&#8221;&#8221; shape=&#8221;square&#8221; hover_background_color=&#8221;white&#8221; hover_btn_title=&#8221;RESERVA CITA&#8221; hover_btn_style=&#8221;outline&#8221; hover_btn_shape=&#8221;square&#8221; hover_btn_color=&#8221;black&#8221; hover_btn_size=&#8221;lg&#8221; hover_add_button=&#8221;true&#8221; hover_btn_link=&#8221;url:https%3A%2F%2Fcrystalbubbleshop.com%2Fca%2Fcontactans%2F&#8221;]\n<p style=\"text-align: center;\"><strong><span style=\"color: #000000;\">ASSESSORAMENT<\/span><\/strong><\/p>\n<p style=\"text-align: center;\"><span style=\"color: #000000;\">Quan vols posar-te en bones mans a l&#8217;hora de comprar<\/span><\/p>\n<p style=\"text-align: center;\"><span style=\"color: #000000;\">CONSULTES<\/span><\/p>\n<p style=\"text-align: center;\"><span style=\"color: #000000;\">Si vols comptar aprop amb una experta de confian\u00e7a<\/span><\/p>\n<p style=\"text-align: center;\"><span style=\"color: #000000;\">Encertar amb la talla en la compra online<\/span><\/p>\n<p style=\"text-align: center;\"><span style=\"color: #000000;\">COACHING A MIDA<\/span><\/p>\n<p style=\"text-align: center;\"><span style=\"color: #000000;\">Ens adaptem a les teves necessitats<\/span><\/p>\n<p style=\"text-align: center;\"><span style=\"color: #000000;\">I MOLT M\u00c9S &#8230; a qu\u00e8 esperes?<\/span><\/p>\n[\/vc_hoverbox][vc_empty_space height=&#8221;16px&#8221;][vc_column_text css=&#8221;&#8221;]\n<p style=\"font-size: 24px; text-align: center;\"><span style=\"color: #000000;\">Vas demanar una sessi\u00f3 d&#8217; <a href=\"https:\/\/crystalbubbleshop.com\/ca\/assessorament\/\">assessorament<\/a> i\u00a0vas trobar el look perfecte per a la teva nova faldilla<\/span><\/p>\n[\/vc_column_text][vc_btn title=&#8221;RESERVA CITA&#8221; style=&#8221;outline&#8221; shape=&#8221;square&#8221; color=&#8221;black&#8221; size=&#8221;lg&#8221; align=&#8221;center&#8221; link=&#8221;url:https%3A%2F%2Fcrystalbubbleshop.com%2Fca%2Fassessorament%2F&#8221;][vc_empty_space height=&#8221;16px&#8221;][vc_empty_space height=&#8221;16px&#8221;][vc_empty_space height=&#8221;16px&#8221;][vc_empty_space height=&#8221;16px&#8221;][vc_empty_space height=&#8221;16px&#8221;][\/vc_column][vc_column width=&#8221;1\/2&#8243;][vc_column_text]\n<h3 id=\"transforma-la-teva-imatge\" style=\"text-align: center;\"><strong><span style=\"color: #000000;\">Transforma la teva imatge<\/span><\/strong><\/h3>\n<p style=\"text-align: center;\"><span style=\"color: #000000;\"><strong>Aconsegueix que la roba projecti la teva professionalitat<\/strong><\/span><\/p>\n[\/vc_column_text][vc_hoverbox image=&#8221;24050&#8243; primary_title=&#8221;&#8221; hover_title=&#8221;&#8221; shape=&#8221;square&#8221; hover_background_color=&#8221;white&#8221; hover_btn_title=&#8221;RESERVA CITA&#8221; hover_btn_style=&#8221;outline&#8221; hover_btn_shape=&#8221;square&#8221; hover_btn_color=&#8221;black&#8221; hover_btn_size=&#8221;lg&#8221; hover_add_button=&#8221;true&#8221; hover_btn_link=&#8221;url:https%3A%2F%2Fcrystalbubbleshop.com%2Fca%2Fcontactans%2F&#8221;]\n<p style=\"text-align: center;\"><span style=\"color: #000000;\"><strong>VESTEIX QUI SER\u00c0S<\/strong><\/span><\/p>\n<p style=\"text-align: center;\"><span style=\"color: #000000;\">Necessites crear-te una imatge aut\u00e8ntica?<\/span><\/p>\n<p style=\"text-align: center;\"><span style=\"color: #000000;\">Vols canviar i sentir-te millor?<\/span><\/p>\n<p style=\"text-align: center;\"><span style=\"color: #000000;\">Cerques que la vestimenta et representi?<\/span><\/p>\n<p style=\"text-align: center;\"><span style=\"color: #000000;\">ASSOLEIX ELS TEUS OBJECTIUS<\/span><\/p>\n<p style=\"text-align: center;\"><span style=\"color: #000000;\">En vestir-te b\u00e9 et trobar\u00e0s m\u00e9s segura i plena de confian\u00e7a<\/span><\/p>\n<p style=\"text-align: center;\"><span style=\"color: #000000;\">EN L\u00cdNIA I PRESENCIAL<\/span><\/p>\n<p style=\"text-align: center;\"><span style=\"color: #000000;\">Escull la modalidad i durada que m\u00e9s et convengui<\/span><\/p>\n[\/vc_hoverbox][vc_empty_space height=&#8221;16px&#8221;][vc_column_text]\n<p style=\"font-size: 24px; text-align: center;\"><span style=\"color: #000000;\"><a href=\"https:\/\/crystalbubbleshop.com\/ca\/assessorament\/\">Assessora&#8217;t en moda<\/a> o redefineix el teu estil. Escull el servei que millor s&#8217; adapti al teu ritme diari<\/span><\/p>\n[\/vc_column_text][vc_btn title=&#8221;RESERVA CITA&#8221; style=&#8221;outline&#8221; shape=&#8221;square&#8221; color=&#8221;black&#8221; size=&#8221;lg&#8221; align=&#8221;center&#8221; link=&#8221;url:https%3A%2F%2Fcrystalbubbleshop.com%2Fca%2Fassessorament%2F&#8221;][vc_empty_space height=&#8221;16px&#8221;][vc_empty_space height=&#8221;16px&#8221;][vc_empty_space height=&#8221;16px&#8221;][vc_empty_space height=&#8221;16px&#8221;][vc_empty_space height=&#8221;16px&#8221;][\/vc_column][\/vc_row][vc_row][vc_column el_id=&#8221;outfit-carousel&#8221;][vc_empty_space][vc_column_text css=&#8221;&#8221;]\n<h2 id=\"sorpren-te-amb-el-teu-look-perfecte\" style=\"text-align: center;\"><strong><span style=\"color: #000000;\">SORPR\u00c8N-TE AMB EL TEU LOOK PERFECTE<\/span><\/strong><\/h2>\n[\/vc_column_text][vc_column_text css=&#8221;&#8221;]\n<h3 id=\"combina-moda-i-assessorament\" style=\"text-align: center;\"><a href=\"https:\/\/crystalbubbleshop.com\/ca\/capsa-sorpresa-crystalbox\/\"><strong><span style=\"color: #000000;\">COMBINA MODA I ASSESSORAMENT<\/span><\/strong><\/a><\/h3>\n[\/vc_column_text][laborator_lookbook_carousel title=&#8221;&#8221; row_clear=&#8221;4&#8243; auto_rotate=&#8221;8&#8243; size=&#8221;450&#215;550&#8243; products_query=&#8221;size:7|order_by:modified|post_type:product&#8221;][\/vc_column][\/vc_row]\n<\/div>","protected":false},"excerpt":{"rendered":"<p>[vc_row css=&#8221;.vc_custom_1430319434397{padding-top: 30px !important;padding-bottom: 30px !important;}&#8221;][vc_column][vc_empty_space][vc_column_text] CRYSTAL BUBBLE [\/vc_column_text][vc_column_text css=&#8221;&#8221;] VESTEIX ESTIL CONSCIENT [\/vc_column_text][vc_empty_space][\/vc_column][\/vc_row][vc_row el_class=&#8221;titulo-secion-reducido fila-en-caja&#8221;][vc_column width=&#8221;1\/3&#8243;][vc_single_image image=&#8221;25456&#8243; img_size=&#8221;full&#8221; alignment=&#8221;center&#8221; onclick=&#8221;custom_link&#8221; css_animation=&#8221;none&#8221; link=&#8221;https:\/\/crystalbubbleshop.com\/ca\/assessorament\/#tallers-ludics&#8221;][vc_column_text css=&#8221;&#8221;] STYLELAB CLUB [\/vc_column_text][vc_column_text css=&#8221;&#8221;] La teva passi\u00f3 per la moda suma [\/vc_column_text][vc_btn title=&#8221;VULL EL MEU STYLELAB&#8221; style=&#8221;outline&#8221; shape=&#8221;square&#8221; color=&#8221;black&#8221; align=&#8221;center&#8221; css=&#8221;&#8221; link=&#8221;url:https%3A%2F%2Fcrystalbubbleshop.com%2Fca%2Fassessorament%2F%23tallers-ludics&#8221;][\/vc_column][vc_column width=&#8221;1\/3&#8243;][vc_single_image image=&#8221;25495&#8243; img_size=&#8221;full&#8221; alignment=&#8221;center&#8221; onclick=&#8221;custom_link&#8221; css_animation=&#8221;none&#8221; link=&#8221;https:\/\/crystalbubbleshop.com\/ca\/especials-ca\/&#8221;][vc_column_text css=&#8221;&#8221;] DESCOBREIX [\/vc_column_text][vc_column_text css=&#8221;&#8221;] Detalls que marquen la difer\u00e8ncia [\/vc_column_text][vc_btn title=&#8221;VULL LA MEVA CRYSTALBOX&#8221; style=&#8221;outline&#8221; shape=&#8221;square&#8221; color=&#8221;black&#8221; align=&#8221;center&#8221; css=&#8221;&#8221; link=&#8221;url:https%3A%2F%2Fcrystalbubbleshop.com%2Fca%2Fespecials-ca%2F&#8221;][\/vc_column][vc_column width=&#8221;1\/3&#8243;][vc_single_image image=&#8221;26048&#8243; img_size=&#8221;full&#8221; alignment=&#8221;center&#8221; onclick=&#8221;custom_link&#8221; css_animation=&#8221;none&#8221; css=&#8221;&#8221;&hellip;<\/p>\n","protected":false},"author":1,"featured_media":24622,"parent":0,"menu_order":0,"comment_status":"closed","ping_status":"open","template":"","meta":[],"featured_image_src":"https:\/\/crystalbubbleshop.com\/wp-content\/uploads\/2019\/02\/crystalbox-capsa-sorpresa-barcelona.png","acf":[],"yoast_head":"<!-- This site is optimized with the Yoast SEO plugin v21.1 - https:\/\/yoast.com\/wordpress\/plugins\/seo\/ -->\n<title>Assessorament d&#039; Imatge Personal | CRYSTAL BUBBLE<\/title>\n<meta name=\"description\" content=\"CRYSTAL BUBBLE \u00e9s fan de la teva millor versi\u00f3 i t&#039;acompanya en trobar-te a tu mateixa a trav\u00e9s de l&#039; Assessorament d&#039; Imatge Personal i Moda.\" \/>\n<meta name=\"robots\" content=\"index, follow, max-snippet:-1, max-image-preview:large, max-video-preview:-1\" \/>\n<link rel=\"canonical\" href=\"https:\/\/crystalbubbleshop.com\/ca\/\" \/>\n<meta property=\"og:locale\" content=\"en_US\" \/>\n<meta property=\"og:type\" content=\"article\" \/>\n<meta property=\"og:title\" content=\"Assessorament d&#039; Imatge Personal | CRYSTAL BUBBLE\" \/>\n<meta property=\"og:description\" content=\"CRYSTAL BUBBLE \u00e9s fan de la teva millor versi\u00f3 i t&#039;acompanya en trobar-te a tu mateixa a trav\u00e9s de l&#039; Assessorament d&#039; Imatge Personal i Moda.\" \/>\n<meta property=\"og:url\" content=\"https:\/\/crystalbubbleshop.com\/ca\/\" \/>\n<meta property=\"og:site_name\" content=\"CRYSTAL BUBBLE Boutique\" \/>\n<meta property=\"article:publisher\" content=\"http:\/\/www.facebook.com\/crystalbubble1\" \/>\n<meta property=\"article:modified_time\" content=\"2026-01-07T20:23:27+00:00\" \/>\n<meta property=\"og:image\" content=\"https:\/\/crystalbubbleshop.com\/wp-content\/uploads\/2019\/02\/crystalbox-capsa-sorpresa-barcelona.png\" \/>\n\t<meta property=\"og:image:width\" content=\"1080\" \/>\n\t<meta property=\"og:image:height\" content=\"1350\" \/>\n\t<meta property=\"og:image:type\" content=\"image\/png\" \/>\n<meta name=\"twitter:card\" content=\"summary_large_image\" \/>\n<meta name=\"twitter:site\" content=\"@crystalbubble1\" \/>\n<script type=\"application\/ld+json\" class=\"yoast-schema-graph\">{\"@context\":\"https:\/\/schema.org\",\"@graph\":[{\"@type\":\"WebPage\",\"@id\":\"https:\/\/crystalbubbleshop.com\/ca\/\",\"url\":\"https:\/\/crystalbubbleshop.com\/ca\/\",\"name\":\"Assessorament d' Imatge Personal | CRYSTAL BUBBLE\",\"isPartOf\":{\"@id\":\"https:\/\/crystalbubbleshop.com\/#website\"},\"datePublished\":\"2019-02-09T08:00:43+00:00\",\"dateModified\":\"2026-01-07T20:23:27+00:00\",\"description\":\"CRYSTAL BUBBLE \u00e9s fan de la teva millor versi\u00f3 i t'acompanya en trobar-te a tu mateixa a trav\u00e9s de l' Assessorament d' Imatge Personal i Moda.\",\"breadcrumb\":{\"@id\":\"https:\/\/crystalbubbleshop.com\/ca\/#breadcrumb\"},\"inLanguage\":\"cat-cat\",\"potentialAction\":[{\"@type\":\"ReadAction\",\"target\":[\"https:\/\/crystalbubbleshop.com\/ca\/\"]}]},{\"@type\":\"BreadcrumbList\",\"@id\":\"https:\/\/crystalbubbleshop.com\/ca\/#breadcrumb\",\"itemListElement\":[{\"@type\":\"ListItem\",\"position\":1,\"name\":\"Portada\",\"item\":\"https:\/\/crystalbubbleshop.com\/ca\/\"},{\"@type\":\"ListItem\",\"position\":2,\"name\":\"Moda i Assessorament\"}]},{\"@type\":\"WebSite\",\"@id\":\"https:\/\/crystalbubbleshop.com\/#website\",\"url\":\"https:\/\/crystalbubbleshop.com\/\",\"name\":\"CRYSTAL BUBBLE Boutique\",\"description\":\"Moda y Asesoramiento\",\"publisher\":{\"@id\":\"https:\/\/crystalbubbleshop.com\/#organization\"},\"potentialAction\":[{\"@type\":\"SearchAction\",\"target\":{\"@type\":\"EntryPoint\",\"urlTemplate\":\"https:\/\/crystalbubbleshop.com\/?s={search_term_string}\"},\"query-input\":\"required name=search_term_string\"}],\"inLanguage\":\"cat-cat\"},{\"@type\":\"Organization\",\"@id\":\"https:\/\/crystalbubbleshop.com\/#organization\",\"name\":\"CRYSTAL BUBBLE Boutique | Moda y Asesoramiento\",\"url\":\"https:\/\/crystalbubbleshop.com\/\",\"logo\":{\"@type\":\"ImageObject\",\"inLanguage\":\"cat-cat\",\"@id\":\"https:\/\/crystalbubbleshop.com\/#\/schema\/logo\/image\/\",\"url\":\"https:\/\/crystalbubbleshop.com\/wp-content\/uploads\/2021\/04\/logo-crystal-bubble-boutique-e1644177749381.jpg\",\"contentUrl\":\"https:\/\/crystalbubbleshop.com\/wp-content\/uploads\/2021\/04\/logo-crystal-bubble-boutique-e1644177749381.jpg\",\"width\":150,\"height\":150,\"caption\":\"CRYSTAL BUBBLE Boutique | Moda y Asesoramiento\"},\"image\":{\"@id\":\"https:\/\/crystalbubbleshop.com\/#\/schema\/logo\/image\/\"},\"sameAs\":[\"http:\/\/www.facebook.com\/crystalbubble1\",\"https:\/\/twitter.com\/crystalbubble1\",\"https:\/\/instagram.com\/crystalbubbleboutique\",\"https:\/\/www.linkedin.com\/company\/crystal-bubble-boutique\",\"https:\/\/pinterest.com\/crystalbubbleboutique\",\"https:\/\/www.youtube.com\/crystalbubbleboutique\",\"https:\/\/www.tiktok.com\/crystalbubbleboutique\"]}]}<\/script>\n<!-- \/ Yoast SEO plugin. -->","yoast_head_json":{"title":"Assessorament d' Imatge Personal | CRYSTAL BUBBLE","description":"CRYSTAL BUBBLE \u00e9s fan de la teva millor versi\u00f3 i t'acompanya en trobar-te a tu mateixa a trav\u00e9s de l' Assessorament d' Imatge Personal i Moda.","robots":{"index":"index","follow":"follow","max-snippet":"max-snippet:-1","max-image-preview":"max-image-preview:large","max-video-preview":"max-video-preview:-1"},"canonical":"https:\/\/crystalbubbleshop.com\/ca\/","og_locale":"en_US","og_type":"article","og_title":"Assessorament d' Imatge Personal | CRYSTAL BUBBLE","og_description":"CRYSTAL BUBBLE \u00e9s fan de la teva millor versi\u00f3 i t'acompanya en trobar-te a tu mateixa a trav\u00e9s de l' Assessorament d' Imatge Personal i Moda.","og_url":"https:\/\/crystalbubbleshop.com\/ca\/","og_site_name":"CRYSTAL BUBBLE Boutique","article_publisher":"http:\/\/www.facebook.com\/crystalbubble1","article_modified_time":"2026-01-07T20:23:27+00:00","og_image":[{"width":1080,"height":1350,"url":"https:\/\/crystalbubbleshop.com\/wp-content\/uploads\/2019\/02\/crystalbox-capsa-sorpresa-barcelona.png","type":"image\/png"}],"twitter_card":"summary_large_image","twitter_site":"@crystalbubble1","schema":{"@context":"https:\/\/schema.org","@graph":[{"@type":"WebPage","@id":"https:\/\/crystalbubbleshop.com\/ca\/","url":"https:\/\/crystalbubbleshop.com\/ca\/","name":"Assessorament d' Imatge Personal | CRYSTAL BUBBLE","isPartOf":{"@id":"https:\/\/crystalbubbleshop.com\/#website"},"datePublished":"2019-02-09T08:00:43+00:00","dateModified":"2026-01-07T20:23:27+00:00","description":"CRYSTAL BUBBLE \u00e9s fan de la teva millor versi\u00f3 i t'acompanya en trobar-te a tu mateixa a trav\u00e9s de l' Assessorament d' Imatge Personal i Moda.","breadcrumb":{"@id":"https:\/\/crystalbubbleshop.com\/ca\/#breadcrumb"},"inLanguage":"cat-cat","potentialAction":[{"@type":"ReadAction","target":["https:\/\/crystalbubbleshop.com\/ca\/"]}]},{"@type":"BreadcrumbList","@id":"https:\/\/crystalbubbleshop.com\/ca\/#breadcrumb","itemListElement":[{"@type":"ListItem","position":1,"name":"Portada","item":"https:\/\/crystalbubbleshop.com\/ca\/"},{"@type":"ListItem","position":2,"name":"Moda i Assessorament"}]},{"@type":"WebSite","@id":"https:\/\/crystalbubbleshop.com\/#website","url":"https:\/\/crystalbubbleshop.com\/","name":"CRYSTAL BUBBLE Boutique","description":"Moda y Asesoramiento","publisher":{"@id":"https:\/\/crystalbubbleshop.com\/#organization"},"potentialAction":[{"@type":"SearchAction","target":{"@type":"EntryPoint","urlTemplate":"https:\/\/crystalbubbleshop.com\/?s={search_term_string}"},"query-input":"required name=search_term_string"}],"inLanguage":"cat-cat"},{"@type":"Organization","@id":"https:\/\/crystalbubbleshop.com\/#organization","name":"CRYSTAL BUBBLE Boutique | Moda y Asesoramiento","url":"https:\/\/crystalbubbleshop.com\/","logo":{"@type":"ImageObject","inLanguage":"cat-cat","@id":"https:\/\/crystalbubbleshop.com\/#\/schema\/logo\/image\/","url":"https:\/\/crystalbubbleshop.com\/wp-content\/uploads\/2021\/04\/logo-crystal-bubble-boutique-e1644177749381.jpg","contentUrl":"https:\/\/crystalbubbleshop.com\/wp-content\/uploads\/2021\/04\/logo-crystal-bubble-boutique-e1644177749381.jpg","width":150,"height":150,"caption":"CRYSTAL BUBBLE Boutique | Moda y Asesoramiento"},"image":{"@id":"https:\/\/crystalbubbleshop.com\/#\/schema\/logo\/image\/"},"sameAs":["http:\/\/www.facebook.com\/crystalbubble1","https:\/\/twitter.com\/crystalbubble1","https:\/\/instagram.com\/crystalbubbleboutique","https:\/\/www.linkedin.com\/company\/crystal-bubble-boutique","https:\/\/pinterest.com\/crystalbubbleboutique","https:\/\/www.youtube.com\/crystalbubbleboutique","https:\/\/www.tiktok.com\/crystalbubbleboutique"]}]}},"_links":{"self":[{"href":"https:\/\/crystalbubbleshop.com\/ca\/wp-json\/wp\/v2\/pages\/3281"}],"collection":[{"href":"https:\/\/crystalbubbleshop.com\/ca\/wp-json\/wp\/v2\/pages"}],"about":[{"href":"https:\/\/crystalbubbleshop.com\/ca\/wp-json\/wp\/v2\/types\/page"}],"author":[{"embeddable":true,"href":"https:\/\/crystalbubbleshop.com\/ca\/wp-json\/wp\/v2\/users\/1"}],"replies":[{"embeddable":true,"href":"https:\/\/crystalbubbleshop.com\/ca\/wp-json\/wp\/v2\/comments?post=3281"}],"version-history":[{"count":621,"href":"https:\/\/crystalbubbleshop.com\/ca\/wp-json\/wp\/v2\/pages\/3281\/revisions"}],"predecessor-version":[{"id":26079,"href":"https:\/\/crystalbubbleshop.com\/ca\/wp-json\/wp\/v2\/pages\/3281\/revisions\/26079"}],"wp:featuredmedia":[{"embeddable":true,"href":"https:\/\/crystalbubbleshop.com\/ca\/wp-json\/wp\/v2\/media\/24622"}],"wp:attachment":[{"href":"https:\/\/crystalbubbleshop.com\/ca\/wp-json\/wp\/v2\/media?parent=3281"}],"curies":[{"name":"wp","href":"https:\/\/api.w.org\/{rel}","templated":true}]}}