{"id":3427,"date":"2019-02-09T00:00:08","date_gmt":"2019-02-08T23:00:08","guid":{"rendered":"http:\/\/crystalbubbleshop.com\/nova\/?page_id=3427"},"modified":"2024-06-23T12:21:12","modified_gmt":"2024-06-23T10:21:12","slug":"la-marca","status":"publish","type":"page","link":"https:\/\/crystalbubbleshop.com\/ca\/la-marca\/","title":{"rendered":"La marca"},"content":{"rendered":"<div class=\"wpb-content-wrapper\">[vc_row][vc_column][vc_column_text]\n<h1 id=\"la-marca\" style=\"text-align: left;\"><span style=\"color: #000000;\"><strong>LA MARCA<\/strong><\/span><\/h1>\n[\/vc_column_text][\/vc_column][\/vc_row][vc_row][vc_column][vc_column_text]\n<h2 id=\"coneix-crystal-bubble\" style=\"text-align: left;\"><span style=\"color: #000000;\"><strong>CONEIX CRYSTAL BUBBLE<\/strong><\/span><\/h2>\n<p style=\"font-size: 24px; text-align: left;\"><span style=\"color: #000000;\">CRYSTAL BUBBLE som una marca dedicada a la moda solid\u00e0ria i l&#8217; assessorament d&#8217;imatge com a via d&#8217;autoconeixement. Conscients que cada cos \u00e9s \u00fanic, ens adaptem totalment a tu i les teves necessitats de vestimenta. <\/span><\/p>\n[\/vc_column_text][\/vc_column][\/vc_row][vc_row][vc_column width=&#8221;1\/3&#8243;][vc_single_image image=&#8221;23171&#8243; img_size=&#8221;medium&#8221; onclick=&#8221;custom_link&#8221; link=&#8221;https:\/\/crystalbubbleshop.com\/ca\/assessorament\/&#8221;][vc_column_text]\n<p style=\"font-size: 24px; text-align: left;\"><span style=\"color: #000000;\">A <a href=\"https:\/\/crystalbubbleshop.com\/ca\/assessorament\/\">CRYSTAL BUBBLE Assessorament<\/a> et traur\u00e0s el major partit en bonics instants d&#8217;autoconeixement i satisfacci\u00f3 plena, permetent assolir el teu benestar i objectius, lluint amb naturalitat i seguretat el teu propi estil.<\/span><\/p>\n[\/vc_column_text][\/vc_column][vc_column width=&#8221;1\/3&#8243;][vc_single_image image=&#8221;25438&#8243; img_size=&#8221;medium&#8221; onclick=&#8221;custom_link&#8221; link=&#8221;https:\/\/crystalbubbleshop.com\/ca\/capsa-sorpresa-crystalbox\/&#8221;][vc_column_text]\n<p style=\"font-size: 24px; text-align: left;\"><span style=\"color: #000000;\">A <a href=\"https:\/\/crystalbubbleshop.com\/ca\/capsa-sorpresa-crystalbox\/\">CRYSTAL BUBBLE Boutique<\/a> podr\u00e0s escollir entre diferents opcions de caixa sorpresa de moda amb Assessorament incl\u00f2s, compartir-la i transformar una compra de moda en un moment \u00fanic, feli\u00e7 i divertit.<\/span><\/p>\n[\/vc_column_text][\/vc_column][vc_column width=&#8221;1\/3&#8243;][vc_single_image image=&#8221;25310&#8243; img_size=&#8221;medium&#8221; onclick=&#8221;custom_link&#8221; link=&#8221;https:\/\/cbbrilla.com\/&#8221;][vc_column_text]\n<p style=\"font-size: 24px; text-align: left;\"><span style=\"color: #000000;\">\u00ab<a href=\"https:\/\/cbbrilla.com\/\" target=\"_blank\" rel=\"noopener\">Brillem junts amb Crystal<\/a>\u00bb \u00e9s el nom de la iniciativa des de la qual a CRYSTAL BUBBLE ens involucrar-nos en la salut de les dones, aportant contra el c\u00e0ncer directament a trav\u00e9s de les teves compres.<\/span><\/p>\n[\/vc_column_text][\/vc_column][\/vc_row][vc_row][vc_column][\/vc_column][\/vc_row][vc_row el_id=&#8221;copy-crystal-marca-pensada&#8221;][vc_column][vc_column_text]\n<h3 id=\"crystal-bubble-es-una-marca-pensada-en-entendre-quins-son-els-millors-outfits-autentics-i-essencials-diferents-per-a-cada-edat-i-estil\" class=\"has-text-align-center\" style=\"font-size: 24px; text-align: center;\"><span style=\"color: #000000;\">&#8220;<strong>CRYSTAL BUBBLE \u00e9s una marca pensada en entendre quins s\u00f3n els millors outfits aut\u00e8ntics i essencials diferents per a cada edat i estil<\/strong>&#8220;<\/span><\/h3>\n[\/vc_column_text][\/vc_column][\/vc_row][vc_row][vc_column width=&#8221;1\/2&#8243;][vc_column_text]\n<p style=\"font-size: 24px; text-align: left;\"><span style=\"color: #000000;\">Vam n\u00e9ixer l&#8217;any 2019 amb l&#8217; <strong>objetiu de normalitzar l&#8217;\u00fas de la talla que cada cos necessiti<\/strong> i amb la voluntat de fer sentir a les nostres Clientes c\u00f2modes vestint en tot moment la moda que millor els senti. \u00a0<\/span><\/p>\n[\/vc_column_text][vc_column_text]\n<h2 id=\"un-estil-lliure-de-veure-la-moda\" style=\"text-align: left;\"><span style=\"color: #000000;\"><strong>UN ESTIL LLIURE DE VEURE LA MODA<\/strong><\/span><\/h2>\n<p style=\"font-size: 24px; text-align: left;\"><span style=\"color: #000000;\">CRYSTAL BUBBLE \u00e9s una marca que es crea inspirada la dona moderna i ciutadana del m\u00f3n. Apostem per vestir outfits aut\u00e8ntics i essencials en el dia a dia de la dona, escollint les millors peces atemporals i en la talla adequada a cada cos, fent \u00fanica a qui les vesteix. <\/span><\/p>\n[\/vc_column_text][\/vc_column][vc_column width=&#8221;1\/2&#8243;][vc_single_image image=&#8221;16075&#8243; img_size=&#8221;medium&#8221; onclick=&#8221;custom_link&#8221; link=&#8221;https:\/\/instagram.com\/crystalbubbleboutique&#8221;][\/vc_column][\/vc_row][vc_row][vc_column][vc_empty_space][\/vc_column][\/vc_row][vc_row][vc_column][\/vc_column][\/vc_row][vc_row][vc_column][vc_column_text]\n<p style=\"font-size: 24px; text-align: left;\"><span style=\"color: #000000;\">A CRYSTAL BUBBLE creiem oferir un entorn de compra de roba sorpresa, accessoris per a la dona i assessorament d&#8217;imatge que busquen vestir dones amb estil aut\u00e8ntic i confian\u00e7a. Aix\u00ed, posem a l&#8217;abast de diverses generacions de dones l&#8217;experi\u00e8ncia de moda sorpresa essencial, tracte personalitzat i assessorament d&#8217;imatge pensat per retrobar el valor de vestir la talla i l&#8217;estil que realci el millor de cadascuna.<\/span><\/p>\n[\/vc_column_text][\/vc_column][\/vc_row][vc_row][vc_column][vc_column_text]\n<p style=\"font-size: 24px; text-align: left;\"><span style=\"color: #000000;\">A <a style=\"color: #000000;\" href=\"https:\/\/crystalbubbleshop.com\/ca\/el-blog\/\">#ElBlog<\/a> t&#8217; assessorem i compartim experi\u00e8ncies positives en moda, especialment per a talles petite i curvy; tamb\u00e9 ens deixem con\u00e8ixer explicant-vos una mica m\u00e9s i sobretot gaudint de respondre a les vostres preguntes sobre CRYSTAL BUBBLE.<\/span><\/p>\n[\/vc_column_text][\/vc_column][\/vc_row][vc_row][vc_column][vc_empty_space][\/vc_column][\/vc_row][vc_row][vc_column][vc_empty_space][\/vc_column][\/vc_row][vc_row][vc_column][vc_column_text]\n<h2 id=\"molt-mes-que-moda\" style=\"text-align: left;\"><span style=\"color: #000000;\"><strong>MOLT M\u00c9S QUE MODA<\/strong><\/span><\/h2>\n<p><span style=\"color: #000000;\">A trav\u00e9s de la nostra marca CRYSTAL BUBBLE, ens enfoquem a aportar valor social a la moda, a afavorir l&#8217;economia productiva i el talent professional.<\/span><\/p>\n<h3 id=\"retorn-de-valor-a-la-societat\" style=\"text-align: left;\"><span style=\"color: #000000;\"><strong>RETORN DE VALOR A LA SOCIETAT<\/strong><\/span><\/h3>\n<p><span style=\"color: #000000;\"><strong>1.<\/strong>\u00a0 Enfocats a normalitzar l&#8217;\u00fas de la talla adequada a cada cos i a la satisfacci\u00f3 de la clientela.<\/span><br \/>\n<span style=\"color: #000000;\"><strong>2.<\/strong> Producte i servei orientat a impulsar l&#8217; economia local i la compra responsable tot l&#8217;any.<\/span><br \/>\n<span style=\"color: #000000;\"><strong>3.<\/strong> Valors socials, recolzem la salut de la dona i la recerca oncol\u00f2gica de l&#8217; <a style=\"color: #000000;\" href=\"https:\/\/crystalbubbleshop.com\/ca\/lluita-contra-el-cancer\/\">Hospital Cl\u00ednic de Barcelona (HCB)<\/a>.\u00a0<\/span>[\/vc_column_text][\/vc_column][\/vc_row][vc_row][vc_column][vc_empty_space][\/vc_column][\/vc_row][vc_row][vc_column][vc_empty_space][\/vc_column][\/vc_row][vc_row][vc_column width=&#8221;1\/2&#8243;][vc_single_image image=&#8221;16366&#8243; img_size=&#8221;854&#215;1000&#8243; onclick=&#8221;custom_link&#8221; img_link_target=&#8221;_blank&#8221; link=&#8221;https:\/\/cbbrilla.com\/&#8221;][\/vc_column][vc_column width=&#8221;1\/2&#8243;][vc_column_text]\n<h2 id=\"crystal-bubble-i-l-hospital-clinic-de-barcelona\" style=\"text-align: left;\"><span style=\"color: #000000;\"><strong>CRYSTAL BUBBLE I L&#8217; HOSPITAL CLINIC DE BARCELONA<\/strong><\/span><\/h2>\n<p style=\"font-size: 24px; text-align: left;\"><span style=\"color: #000000;\">Donar per rebre. Sota aquest credo, del nostre model de comer\u00e7 solidari va sorgir una iniciativa de col\u00b7laboraci\u00f3 amb la fundaci\u00f3 de recerca oncol\u00f2gica de l&#8217; Hospital Cl\u00ednic de Barcelona, amb la que ajudem a finan\u00e7ar la recerca contra el c\u00e0ncer (<strong>activitat homologada HC-R-2023\/0021 a favor del Hospital Cl\u00ednic<\/strong> de Barcelona).\u00a0<\/span><\/p>\n<p style=\"font-size: 24px; text-align: left;\"><span style=\"color: #000000;\">D&#8217;aquesta manera, amb la venda de bijuteria, caixes sorpresa i diferents serveis d&#8217;assessoria d&#8217;imatge, recolzem la millora de la salut de la dona. Donem les gr\u00e0cies a totes les persones que <a href=\"https:\/\/cbbrilla.com\/\" target=\"_blank\" rel=\"noopener\">contribueixin la seva compra<\/a>, i a tots els professionals que ens ajuden a <strong>fer arribar m\u00e9s lluny <\/strong>i amb m\u00e9s for\u00e7a el nostre motor solidari.\u00a0<\/span><\/p>\n<p><a href=\"https:\/\/crystalbubbleshop.com\/ca\/contra-el-cancer\/\"><img decoding=\"async\" loading=\"lazy\" class=\"alignnone wp-image-23755\" src=\"https:\/\/crystalbubbleshop.com\/wp-content\/uploads\/2022\/12\/clinic-barcelona-oncologia-crystal-bubble-boutique-300x134.jpg\" alt=\"asesoramiento de imagen de barcelona solidario que apoya la salud de las mujeres\" width=\"320\" height=\"143\" srcset=\"https:\/\/crystalbubbleshop.com\/wp-content\/uploads\/2022\/12\/clinic-barcelona-oncologia-crystal-bubble-boutique-300x134.jpg 300w, https:\/\/crystalbubbleshop.com\/wp-content\/uploads\/2022\/12\/clinic-barcelona-oncologia-crystal-bubble-boutique-1024x456.jpg 1024w, https:\/\/crystalbubbleshop.com\/wp-content\/uploads\/2022\/12\/clinic-barcelona-oncologia-crystal-bubble-boutique-768x342.jpg 768w, https:\/\/crystalbubbleshop.com\/wp-content\/uploads\/2022\/12\/clinic-barcelona-oncologia-crystal-bubble-boutique-1536x684.jpg 1536w, https:\/\/crystalbubbleshop.com\/wp-content\/uploads\/2022\/12\/clinic-barcelona-oncologia-crystal-bubble-boutique-600x267.jpg 600w, https:\/\/crystalbubbleshop.com\/wp-content\/uploads\/2022\/12\/clinic-barcelona-oncologia-crystal-bubble-boutique.jpg 2000w\" sizes=\"(max-width: 320px) 100vw, 320px\" \/><img decoding=\"async\" loading=\"lazy\" class=\"alignnone wp-image-6103\" src=\"https:\/\/crystalbubbleshop.com\/wp-content\/uploads\/2020\/05\/venta-solidaria-crystal-bubble-boutique-1-300x169.png\" alt=\"moda solidaria crystal bubble\" width=\"249\" height=\"140\" srcset=\"https:\/\/crystalbubbleshop.com\/wp-content\/uploads\/2020\/05\/venta-solidaria-crystal-bubble-boutique-1-300x169.png 300w, https:\/\/crystalbubbleshop.com\/wp-content\/uploads\/2020\/05\/venta-solidaria-crystal-bubble-boutique-1-600x337.png 600w, https:\/\/crystalbubbleshop.com\/wp-content\/uploads\/2020\/05\/venta-solidaria-crystal-bubble-boutique-1.png 726w\" sizes=\"(max-width: 249px) 100vw, 249px\" \/><\/a>[\/vc_column_text][\/vc_column][\/vc_row][vc_row][vc_column][vc_empty_space][\/vc_column][\/vc_row][vc_row][vc_column][vc_column_text]\n<h2 id=\"defensem-treballar-amb-proveidors-de-confianca\" style=\"text-align: left;\"><span style=\"color: #000000;\"><strong>DEFENSEM TREBALLAR AMB PROVE\u00cfDORS DE CONFIAN\u00c7A\u00a0<\/strong><\/span><\/h2>\n<p>Si dissenyes les teves pr\u00f2pies col\u00b7leccions o ets assessora d&#8217;imatge, et <a href=\"https:\/\/crystalbubbleshop.com\/ca\/contactans\/\">volem con\u00e8ixer<\/a>.<br \/>\n<span style=\"color: #000000;\">Apostem pel desenvolupament de <a style=\"color: #000000;\" href=\"https:\/\/crystalbubbleshop.com\/ca\/contactans\/\">nou talent<\/a>.<\/span><br \/>\n<span style=\"color: #000000;\">D&#8217; igual forma, recolzem l&#8217; emprenedoria amb <a href=\"https:\/\/crystalbubbleshop.com\/ca\/contactans\/\">visi\u00f3 internacional<\/a>.<\/span>[\/vc_column_text][\/vc_column][\/vc_row][vc_row][vc_column offset=&#8221;vc_hidden-xs&#8221;][vc_empty_space][\/vc_column][\/vc_row][vc_row][vc_column][vc_empty_space][\/vc_column][\/vc_row]\n<\/div>","protected":false},"excerpt":{"rendered":"<p>[vc_row][vc_column][vc_column_text] LA MARCA [\/vc_column_text][\/vc_column][\/vc_row][vc_row][vc_column][vc_column_text] CONEIX CRYSTAL BUBBLE CRYSTAL BUBBLE som una marca dedicada a la moda solid\u00e0ria i l&#8217; assessorament d&#8217;imatge com a via d&#8217;autoconeixement. Conscients que cada cos \u00e9s \u00fanic, ens adaptem totalment a tu i les teves necessitats de vestimenta. [\/vc_column_text][\/vc_column][\/vc_row][vc_row][vc_column width=&#8221;1\/3&#8243;][vc_single_image image=&#8221;23171&#8243; img_size=&#8221;medium&#8221; onclick=&#8221;custom_link&#8221; link=&#8221;https:\/\/crystalbubbleshop.com\/ca\/assessorament\/&#8221;][vc_column_text] A CRYSTAL BUBBLE Assessorament et traur\u00e0s el major partit en bonics instants d&#8217;autoconeixement i satisfacci\u00f3 plena, permetent assolir el teu benestar i objectius, lluint amb naturalitat i seguretat el teu propi estil.&hellip;<\/p>\n","protected":false},"author":1,"featured_media":16075,"parent":0,"menu_order":0,"comment_status":"closed","ping_status":"closed","template":"","meta":[],"featured_image_src":"https:\/\/crystalbubbleshop.com\/wp-content\/uploads\/2021\/04\/logo-crystal-bubble-boutique-e1644177749381.jpg","acf":[],"yoast_head":"<!-- This site is optimized with the Yoast SEO plugin v21.1 - https:\/\/yoast.com\/wordpress\/plugins\/seo\/ -->\n<title>La marca - CRYSTAL BUBBLE Boutique<\/title>\n<meta name=\"description\" content=\"CRYSTAL BUBBLE \u00e9s una marca nascuda a Barcelona que vesteix en estil totes les talles i recolza la normalitat de les talles grans i petites.\" \/>\n<meta name=\"robots\" content=\"index, follow, max-snippet:-1, max-image-preview:large, max-video-preview:-1\" \/>\n<link rel=\"canonical\" href=\"https:\/\/crystalbubbleshop.com\/ca\/la-marca\/\" \/>\n<meta property=\"og:locale\" content=\"en_US\" \/>\n<meta property=\"og:type\" content=\"article\" \/>\n<meta property=\"og:title\" content=\"La marca - CRYSTAL BUBBLE Boutique\" \/>\n<meta property=\"og:description\" content=\"CRYSTAL BUBBLE \u00e9s una marca nascuda a Barcelona que vesteix en estil totes les talles i recolza la normalitat de les talles grans i petites.\" \/>\n<meta property=\"og:url\" content=\"https:\/\/crystalbubbleshop.com\/ca\/la-marca\/\" \/>\n<meta property=\"og:site_name\" content=\"CRYSTAL BUBBLE Boutique\" \/>\n<meta property=\"article:publisher\" content=\"http:\/\/www.facebook.com\/crystalbubble1\" \/>\n<meta property=\"article:modified_time\" content=\"2024-06-23T10:21:12+00:00\" \/>\n<meta property=\"og:image\" content=\"https:\/\/crystalbubbleshop.com\/wp-content\/uploads\/2021\/04\/logo-crystal-bubble-boutique-e1644177749381.jpg\" \/>\n\t<meta property=\"og:image:width\" content=\"512\" \/>\n\t<meta property=\"og:image:height\" content=\"512\" \/>\n\t<meta property=\"og:image:type\" content=\"image\/jpeg\" \/>\n<meta name=\"twitter:card\" content=\"summary_large_image\" \/>\n<meta name=\"twitter:site\" content=\"@crystalbubble1\" \/>\n<script type=\"application\/ld+json\" class=\"yoast-schema-graph\">{\"@context\":\"https:\/\/schema.org\",\"@graph\":[{\"@type\":\"WebPage\",\"@id\":\"https:\/\/crystalbubbleshop.com\/ca\/la-marca\/\",\"url\":\"https:\/\/crystalbubbleshop.com\/ca\/la-marca\/\",\"name\":\"La marca - CRYSTAL BUBBLE Boutique\",\"isPartOf\":{\"@id\":\"https:\/\/crystalbubbleshop.com\/#website\"},\"datePublished\":\"2019-02-08T23:00:08+00:00\",\"dateModified\":\"2024-06-23T10:21:12+00:00\",\"description\":\"CRYSTAL BUBBLE \u00e9s una marca nascuda a Barcelona que vesteix en estil totes les talles i recolza la normalitat de les talles grans i petites.\",\"breadcrumb\":{\"@id\":\"https:\/\/crystalbubbleshop.com\/ca\/la-marca\/#breadcrumb\"},\"inLanguage\":\"cat-cat\",\"potentialAction\":[{\"@type\":\"ReadAction\",\"target\":[\"https:\/\/crystalbubbleshop.com\/ca\/la-marca\/\"]}]},{\"@type\":\"BreadcrumbList\",\"@id\":\"https:\/\/crystalbubbleshop.com\/ca\/la-marca\/#breadcrumb\",\"itemListElement\":[{\"@type\":\"ListItem\",\"position\":1,\"name\":\"Portada\",\"item\":\"https:\/\/crystalbubbleshop.com\/ca\/\"},{\"@type\":\"ListItem\",\"position\":2,\"name\":\"La marca\"}]},{\"@type\":\"WebSite\",\"@id\":\"https:\/\/crystalbubbleshop.com\/#website\",\"url\":\"https:\/\/crystalbubbleshop.com\/\",\"name\":\"CRYSTAL BUBBLE Boutique\",\"description\":\"Moda y Asesoramiento\",\"publisher\":{\"@id\":\"https:\/\/crystalbubbleshop.com\/#organization\"},\"potentialAction\":[{\"@type\":\"SearchAction\",\"target\":{\"@type\":\"EntryPoint\",\"urlTemplate\":\"https:\/\/crystalbubbleshop.com\/?s={search_term_string}\"},\"query-input\":\"required name=search_term_string\"}],\"inLanguage\":\"cat-cat\"},{\"@type\":\"Organization\",\"@id\":\"https:\/\/crystalbubbleshop.com\/#organization\",\"name\":\"CRYSTAL BUBBLE Boutique | Moda y Asesoramiento\",\"url\":\"https:\/\/crystalbubbleshop.com\/\",\"logo\":{\"@type\":\"ImageObject\",\"inLanguage\":\"cat-cat\",\"@id\":\"https:\/\/crystalbubbleshop.com\/#\/schema\/logo\/image\/\",\"url\":\"https:\/\/crystalbubbleshop.com\/wp-content\/uploads\/2021\/04\/logo-crystal-bubble-boutique-e1644177749381.jpg\",\"contentUrl\":\"https:\/\/crystalbubbleshop.com\/wp-content\/uploads\/2021\/04\/logo-crystal-bubble-boutique-e1644177749381.jpg\",\"width\":150,\"height\":150,\"caption\":\"CRYSTAL BUBBLE Boutique | Moda y Asesoramiento\"},\"image\":{\"@id\":\"https:\/\/crystalbubbleshop.com\/#\/schema\/logo\/image\/\"},\"sameAs\":[\"http:\/\/www.facebook.com\/crystalbubble1\",\"https:\/\/twitter.com\/crystalbubble1\",\"https:\/\/instagram.com\/crystalbubbleboutique\",\"https:\/\/www.linkedin.com\/company\/crystal-bubble-boutique\",\"https:\/\/pinterest.com\/crystalbubbleboutique\",\"https:\/\/www.youtube.com\/crystalbubbleboutique\",\"https:\/\/www.tiktok.com\/crystalbubbleboutique\"]}]}<\/script>\n<!-- \/ Yoast SEO plugin. -->","yoast_head_json":{"title":"La marca - CRYSTAL BUBBLE Boutique","description":"CRYSTAL BUBBLE \u00e9s una marca nascuda a Barcelona que vesteix en estil totes les talles i recolza la normalitat de les talles grans i petites.","robots":{"index":"index","follow":"follow","max-snippet":"max-snippet:-1","max-image-preview":"max-image-preview:large","max-video-preview":"max-video-preview:-1"},"canonical":"https:\/\/crystalbubbleshop.com\/ca\/la-marca\/","og_locale":"en_US","og_type":"article","og_title":"La marca - CRYSTAL BUBBLE Boutique","og_description":"CRYSTAL BUBBLE \u00e9s una marca nascuda a Barcelona que vesteix en estil totes les talles i recolza la normalitat de les talles grans i petites.","og_url":"https:\/\/crystalbubbleshop.com\/ca\/la-marca\/","og_site_name":"CRYSTAL BUBBLE Boutique","article_publisher":"http:\/\/www.facebook.com\/crystalbubble1","article_modified_time":"2024-06-23T10:21:12+00:00","og_image":[{"width":512,"height":512,"url":"https:\/\/crystalbubbleshop.com\/wp-content\/uploads\/2021\/04\/logo-crystal-bubble-boutique-e1644177749381.jpg","type":"image\/jpeg"}],"twitter_card":"summary_large_image","twitter_site":"@crystalbubble1","schema":{"@context":"https:\/\/schema.org","@graph":[{"@type":"WebPage","@id":"https:\/\/crystalbubbleshop.com\/ca\/la-marca\/","url":"https:\/\/crystalbubbleshop.com\/ca\/la-marca\/","name":"La marca - CRYSTAL BUBBLE Boutique","isPartOf":{"@id":"https:\/\/crystalbubbleshop.com\/#website"},"datePublished":"2019-02-08T23:00:08+00:00","dateModified":"2024-06-23T10:21:12+00:00","description":"CRYSTAL BUBBLE \u00e9s una marca nascuda a Barcelona que vesteix en estil totes les talles i recolza la normalitat de les talles grans i petites.","breadcrumb":{"@id":"https:\/\/crystalbubbleshop.com\/ca\/la-marca\/#breadcrumb"},"inLanguage":"cat-cat","potentialAction":[{"@type":"ReadAction","target":["https:\/\/crystalbubbleshop.com\/ca\/la-marca\/"]}]},{"@type":"BreadcrumbList","@id":"https:\/\/crystalbubbleshop.com\/ca\/la-marca\/#breadcrumb","itemListElement":[{"@type":"ListItem","position":1,"name":"Portada","item":"https:\/\/crystalbubbleshop.com\/ca\/"},{"@type":"ListItem","position":2,"name":"La marca"}]},{"@type":"WebSite","@id":"https:\/\/crystalbubbleshop.com\/#website","url":"https:\/\/crystalbubbleshop.com\/","name":"CRYSTAL BUBBLE Boutique","description":"Moda y Asesoramiento","publisher":{"@id":"https:\/\/crystalbubbleshop.com\/#organization"},"potentialAction":[{"@type":"SearchAction","target":{"@type":"EntryPoint","urlTemplate":"https:\/\/crystalbubbleshop.com\/?s={search_term_string}"},"query-input":"required name=search_term_string"}],"inLanguage":"cat-cat"},{"@type":"Organization","@id":"https:\/\/crystalbubbleshop.com\/#organization","name":"CRYSTAL BUBBLE Boutique | Moda y Asesoramiento","url":"https:\/\/crystalbubbleshop.com\/","logo":{"@type":"ImageObject","inLanguage":"cat-cat","@id":"https:\/\/crystalbubbleshop.com\/#\/schema\/logo\/image\/","url":"https:\/\/crystalbubbleshop.com\/wp-content\/uploads\/2021\/04\/logo-crystal-bubble-boutique-e1644177749381.jpg","contentUrl":"https:\/\/crystalbubbleshop.com\/wp-content\/uploads\/2021\/04\/logo-crystal-bubble-boutique-e1644177749381.jpg","width":150,"height":150,"caption":"CRYSTAL BUBBLE Boutique | Moda y Asesoramiento"},"image":{"@id":"https:\/\/crystalbubbleshop.com\/#\/schema\/logo\/image\/"},"sameAs":["http:\/\/www.facebook.com\/crystalbubble1","https:\/\/twitter.com\/crystalbubble1","https:\/\/instagram.com\/crystalbubbleboutique","https:\/\/www.linkedin.com\/company\/crystal-bubble-boutique","https:\/\/pinterest.com\/crystalbubbleboutique","https:\/\/www.youtube.com\/crystalbubbleboutique","https:\/\/www.tiktok.com\/crystalbubbleboutique"]}]}},"_links":{"self":[{"href":"https:\/\/crystalbubbleshop.com\/ca\/wp-json\/wp\/v2\/pages\/3427"}],"collection":[{"href":"https:\/\/crystalbubbleshop.com\/ca\/wp-json\/wp\/v2\/pages"}],"about":[{"href":"https:\/\/crystalbubbleshop.com\/ca\/wp-json\/wp\/v2\/types\/page"}],"author":[{"embeddable":true,"href":"https:\/\/crystalbubbleshop.com\/ca\/wp-json\/wp\/v2\/users\/1"}],"replies":[{"embeddable":true,"href":"https:\/\/crystalbubbleshop.com\/ca\/wp-json\/wp\/v2\/comments?post=3427"}],"version-history":[{"count":204,"href":"https:\/\/crystalbubbleshop.com\/ca\/wp-json\/wp\/v2\/pages\/3427\/revisions"}],"predecessor-version":[{"id":25992,"href":"https:\/\/crystalbubbleshop.com\/ca\/wp-json\/wp\/v2\/pages\/3427\/revisions\/25992"}],"wp:featuredmedia":[{"embeddable":true,"href":"https:\/\/crystalbubbleshop.com\/ca\/wp-json\/wp\/v2\/media\/16075"}],"wp:attachment":[{"href":"https:\/\/crystalbubbleshop.com\/ca\/wp-json\/wp\/v2\/media?parent=3427"}],"curies":[{"name":"wp","href":"https:\/\/api.w.org\/{rel}","templated":true}]}}