{"id":3443,"date":"2019-02-09T09:00:54","date_gmt":"2019-02-09T08:00:54","guid":{"rendered":"http:\/\/crystalbubbleshop.com\/nova\/?page_id=3443"},"modified":"2026-01-07T17:17:35","modified_gmt":"2026-01-07T16:17:35","slug":"assessorament","status":"publish","type":"page","link":"https:\/\/crystalbubbleshop.com\/ca\/assessorament\/","title":{"rendered":"Assessorament"},"content":{"rendered":"<div class=\"wpb-content-wrapper\">[vc_row][vc_column][vc_column_text]\n<h1 id=\"assessorat\"><span style=\"color: #000000;\"><strong>Assessora&#8217;t<\/strong><\/span><\/h1>\n[\/vc_column_text][\/vc_column][\/vc_row][vc_row][vc_column width=&#8221;1\/2&#8243;][vc_column_text]\n<p style=\"font-size: 24px;\"><span style=\"color: #000000;\">Amb el nostre Assessorament personalitzat t&#8217; oferim serveis personalitzats de Consultoria En L\u00ednia, Coaching i Personal Shopper<\/span><span style=\"color: #000000;\"> adaptats a les vostres necessitats. <\/span><\/p>\n[\/vc_column_text][vc_column_text css=&#8221;&#8221;]\n<h2 id=\"llueix-la-teva-millor-versio\"><span style=\"color: #000000;\"><strong>Llueix la teva millor versi\u00f3<\/strong><\/span><\/h2>\n<p style=\"font-size: 24px;\"><span style=\"color: #000000;\">Coneix l&#8217;assessorament que m\u00e9s va amb tu, i compr\u00e8n com llu\u00efr la teva millor versi\u00f3 a trav\u00e9s de la moda. Descobreix com amb la nostra assessoria pots millorar la teva experi\u00e8ncia de compra.\u00a0<\/span><\/p>\n[\/vc_column_text][vc_column_text]\n<p style=\"font-size: 24px;\"><span style=\"color: #000000;\">Fes gala de vestir la teva talla i resplendeix en el teu estil, t&#8217;ajudem a millorar el teu armari i a entendre la moda al teu ritme, mitjan\u00e7ant l&#8217;experi\u00e8ncia de les nostres assessores d&#8217;imatge i serveis d&#8217;assessorament d&#8217;estilisme emocional. <\/span><\/p>\n[\/vc_column_text][vc_column_text]\n<p style=\"font-size: 24px;\"><span style=\"color: #000000;\">Tamb\u00e9 molt probablement vulguis espr\u00e9mer les millors propostes d&#8217;outfit que s&#8217;adaptin al teu cos i personalitat. <\/span><\/p>\n[\/vc_column_text][vc_column_text]\n<p style=\"font-size: 24px;\"><span style=\"color: #000000;\">Per a cada situaci\u00f3, escull el tipus d&#8217;acompanyament que prefereixis:<\/span><\/p>\n<ul>\n<li>\n<p style=\"font-size: 24px;\"><span style=\"color: #000000;\">Venda Acompanyada<\/span><\/p>\n<\/li>\n<li>\n<p style=\"font-size: 24px;\"><span style=\"color: #000000;\">Consultoria En l\u00ednia<\/span><\/p>\n<\/li>\n<li>\n<p style=\"font-size: 24px;\"><span style=\"color: #000000;\">Coaching d&#8217; Estil<\/span><\/p>\n<\/li>\n<li>\n<p style=\"font-size: 24px;\"><span style=\"color: #000000;\">Personal Shopper<\/span><\/p>\n<\/li>\n<\/ul>\n<p>&nbsp;<\/p>\n<div class=\"wp-block-image\" style=\"text-align: center;\"><\/div>\n[\/vc_column_text][\/vc_column][vc_column width=&#8221;1\/2&#8243;][vc_single_image image=&#8221;25703&#8243; img_size=&#8221;large&#8221;][\/vc_column][\/vc_row][vc_row][vc_column][vc_empty_space][\/vc_column][\/vc_row][vc_row][vc_column][vc_empty_space][\/vc_column][\/vc_row][vc_row][vc_column width=&#8221;1\/4&#8243;][vc_column_text]\n<h4 id=\"venda-acompanyada\" style=\"text-align: center;\"><span style=\"color: #71328b;\">Venda Acompanyada<\/span><\/h4>\n[\/vc_column_text][vc_column_text]\n<p style=\"text-align: center;\"><span style=\"color: #000000;\">Boutique En L\u00ednia. Xateja amb Expertes.<\/span><\/p>\n[\/vc_column_text][vc_btn title=&#8221;DEMANA CITA&#8221; style=&#8221;outline&#8221; shape=&#8221;square&#8221; color=&#8221;black&#8221; size=&#8221;lg&#8221; align=&#8221;center&#8221; link=&#8221;url:https%3A%2F%2Fcrystalbubbleshop.com%2Fca%2Fcontactans%2F%23demana-cita&#8221;][vc_column_text]\n<p style=\"text-align: center;\"><span style=\"color: #000000;\">0\u20ac per a tu. Assessora&#8217;t de 19-21h.<\/span><\/p>\n[\/vc_column_text][\/vc_column][vc_column width=&#8221;1\/4&#8243;][vc_column_text]\n<h4 id=\"consultoria-online\" style=\"text-align: center;\"><span style=\"color: #71328b;\">Consultoria Online<\/span><\/h4>\n[\/vc_column_text][vc_column_text]\n<p style=\"text-align: center;\"><span style=\"color: #000000;\">Identifiquem les teves necessitats.<\/span><\/p>\n[\/vc_column_text][vc_btn title=&#8221;RESERVA CITA&#8221; style=&#8221;outline&#8221; shape=&#8221;square&#8221; color=&#8221;black&#8221; size=&#8221;lg&#8221; align=&#8221;center&#8221; link=&#8221;url:https%3A%2F%2Fshare-eu1.hsforms.com%2F1V7NmC6LeT26MP2D9zuQhWgfzs95|target:_blank&#8221;][vc_column_text]\n<p style=\"text-align: center;\"><span style=\"color: #000000;\">Des de 65\u20ac (1h), 15\u20ac (15min). Sessions individuals Online.<\/span><\/p>\n[\/vc_column_text][\/vc_column][vc_column width=&#8221;1\/4&#8243;][vc_column_text]\n<h4 id=\"coaching-d-estil\" style=\"text-align: center;\"><span style=\"color: #71328b;\">Coaching d&#8217; Estil<\/span><\/h4>\n[\/vc_column_text][vc_column_text]\n<p style=\"text-align: center;\"><span style=\"color: #000000;\">Redescobreix-te pensant en tu.<\/span><\/p>\n[\/vc_column_text][vc_btn title=&#8221;RESERVA CITA&#8221; style=&#8221;outline&#8221; shape=&#8221;square&#8221; color=&#8221;black&#8221; size=&#8221;lg&#8221; align=&#8221;center&#8221; link=&#8221;url:https%3A%2F%2Fcrystalbubbleshop.com%2Fca%2Fcontactans%2F&#8221;][vc_column_text]\n<p style=\"text-align: center;\"><span style=\"color: #000000;\">35\u20ac (15min Sessi\u00f3 Online). 130\u20ac (1h) Online i Presencial.<\/span><\/p>\n[\/vc_column_text][\/vc_column][vc_column width=&#8221;1\/4&#8243;][vc_column_text]\n<h4 id=\"personal-shopper\" style=\"text-align: center;\"><span style=\"color: #71328b;\">Personal Shopper<\/span><\/h4>\n[\/vc_column_text][vc_column_text]\n<p style=\"text-align: center;\"><span style=\"color: #000000;\">Busca el teu outfit, sola o acompanyada, mentre gaudeixes Barcelona.<\/span><\/p>\n[\/vc_column_text][vc_btn title=&#8221;RESERVA CITA&#8221; style=&#8221;outline&#8221; shape=&#8221;square&#8221; color=&#8221;black&#8221; size=&#8221;lg&#8221; align=&#8221;center&#8221; link=&#8221;url:https%3A%2F%2Fshare-eu1.hsforms.com%2F11WgpPUr4TD-atUizE8m6kgfzs95|target:_blank|rel:nofollow&#8221;][vc_column_text]\n<p style=\"text-align: center;\"><span style=\"color: #000000;\">70\u20ac (1h Sessi\u00f3 Online per 2). Inclou suport telef\u00f2nic.<\/span><\/p>\n[\/vc_column_text][\/vc_column][\/vc_row][vc_row][vc_column][vc_empty_space][\/vc_column][\/vc_row][vc_row][vc_column][vc_empty_space][\/vc_column][\/vc_row][vc_row][vc_column][vc_empty_space][\/vc_column][\/vc_row][vc_row][vc_column][vc_column_text css=&#8221;&#8221;]\n<h1 id=\"stylelab\"><span style=\"color: #000000;\"><strong>StyleLab<\/strong><\/span><\/h1>\n[\/vc_column_text][\/vc_column][\/vc_row][vc_row][vc_column width=&#8221;1\/2&#8243;][vc_column_text]\n<p style=\"font-size: 24px;\"><span style=\"color: #000000;\">Els Tallers de moda s\u00f3n una forma maca d&#8217;entendre la moda i el teu estil mentre et cuides a tu mateixa i gaudeixes del present. A m\u00e9s, escollint els tallers l\u00fadics en moda, tamb\u00e9 hi estar\u00e0s <a href=\"https:\/\/crystalbubbleshop.com\/ca\/lluita-contra-el-cancer\/\">recolzant la salut de les dones<\/a>.<\/span><\/p>\n<div class=\"wp-block-image\" style=\"text-align: center;\"><\/div>\n[\/vc_column_text][vc_column_text css=&#8221;&#8221;]\n<h4 id=\"stylelab-personalitzat\" style=\"text-align: center;\"><span style=\"color: #71328b;\">STYLELAB Personalitzat<\/span><\/h4>\n[\/vc_column_text][vc_column_text]\n<p style=\"text-align: center;\"><span style=\"color: #000000;\">Diverteix-te, i compra si vols.<\/span><\/p>\n[\/vc_column_text][vc_btn title=&#8221;VULL EL MEU STYLELAB&#8221; style=&#8221;outline&#8221; shape=&#8221;square&#8221; color=&#8221;black&#8221; size=&#8221;lg&#8221; align=&#8221;center&#8221; css=&#8221;&#8221; link=&#8221;url:https%3A%2F%2Fshare-eu1.hsforms.com%2F1AOOckNWHTb64sYJtlnMb-wfzs95|target:_blank|rel:nofollow&#8221;][vc_column_text]\n<p style=\"text-align: center;\"><span style=\"color: #000000;\">115\u20ac\/En l\u00ednia. 250\u20ac\/Presencial.<\/span><\/p>\n[\/vc_column_text][vc_empty_space][vc_column_text css=&#8221;&#8221;]\n<h2 id=\"experiencies-stylelabs\"><span style=\"color: #000000;\"><strong>Experi\u00e8ncies StyleLabs<\/strong><\/span><\/h2>\n<p style=\"font-size: 24px;\"><span style=\"color: #000000;\">Els Tallers l\u00fadics solidaris de CRYSTAL BUBBLE es tracten d&#8217;un espai de diversi\u00f3 per a tota dona, sola o acompanyada, que vulgui passar un bon moment centrant-se en ella mateixa. <\/span><\/p>\n<p style=\"font-size: 24px;\"><span style=\"color: #000000;\">Apr\u00e8n a lluir la teva talla en el teu estil de la manera que millor et senti, permet treure el millor que hi ha en tu, afavorint un estat de benestar que doni suport a mantenir el teu estat emocional feli\u00e7 i positiu, ajudant a la teva salut f\u00edsica. <\/span><\/p>\n<p style=\"font-size: 24px;\"><span style=\"color: #71328b;\">Sabies que tota la sessi\u00f3 es duu a terme respectant la talla i constituci\u00f3 de les participants, sigui quina sigui la seva condici\u00f3? <\/span><\/p>\n[\/vc_column_text][\/vc_column][vc_column width=&#8221;1\/2&#8243;][vc_single_image image=&#8221;25699&#8243; img_size=&#8221;large&#8221;][\/vc_column][\/vc_row][vc_row][vc_column][vc_empty_space][\/vc_column][\/vc_row][vc_row][vc_column width=&#8221;1\/4&#8243;][vc_column_text]\n<h4 id=\"la-talla-en-el-teu-estil\" style=\"text-align: center;\"><span style=\"color: #71328b;\">La Talla En El Teu Estil<\/span><\/h4>\n[\/vc_column_text][vc_column_text css=&#8221;&#8221;]\n<p style=\"text-align: center;\"><span style=\"color: #000000;\">STYLELAB #1<\/span><\/p>\n[\/vc_column_text][vc_btn title=&#8221;REGISTRA&#8217;T&#8221; style=&#8221;outline&#8221; shape=&#8221;square&#8221; color=&#8221;black&#8221; size=&#8221;lg&#8221; align=&#8221;center&#8221; link=&#8221;url:https%3A%2F%2Fshare-eu1.hsforms.com%2F1ZWEyAZeGQv6v0ttvBdePCQfzs95%20_blank&#8221;][vc_column_text]\n<p style=\"text-align: center;\"><span style=\"color: #000000;\">35\u20ac\/En L\u00ednia. 170\u20ac\/Presencial.<\/span><\/p>\n[\/vc_column_text][\/vc_column][vc_column width=&#8221;1\/4&#8243;][vc_column_text]\n<h4 id=\"curvy-v-s-plus-size\" style=\"text-align: center;\"><span style=\"color: #71328b;\">Curvy V.S. Plus Size<\/span><\/h4>\n[\/vc_column_text][vc_column_text css=&#8221;&#8221;]\n<p style=\"text-align: center;\"><span style=\"color: #000000;\">STYLELAB #2<\/span><\/p>\n[\/vc_column_text][vc_btn title=&#8221;REGISTRA&#8217;T&#8221; style=&#8221;outline&#8221; shape=&#8221;square&#8221; color=&#8221;black&#8221; size=&#8221;lg&#8221; align=&#8221;center&#8221; link=&#8221;url:https%3A%2F%2Fshare-eu1.hsforms.com%2F1V7NmC6LeT26MP2D9zuQhWgfzs95|target:_blank&#8221;][vc_column_text]\n<p style=\"text-align: center;\"><span style=\"color: #000000;\">35\u20ac\/En L\u00ednia. 170\u20ac\/Presencial.<\/span><\/p>\n[\/vc_column_text][\/vc_column][vc_column width=&#8221;1\/4&#8243;][vc_column_text]\n<h4 id=\"escollir-accessoris\" style=\"text-align: center;\"><span style=\"color: #71328b;\">Escollir Accessoris<\/span><\/h4>\n[\/vc_column_text][vc_column_text css=&#8221;&#8221;]\n<p style=\"text-align: center;\"><span style=\"color: #000000;\">STYLELAB #3<\/span><\/p>\n[\/vc_column_text][vc_btn title=&#8221;REGISTRA&#8217;T&#8221; style=&#8221;outline&#8221; shape=&#8221;square&#8221; color=&#8221;black&#8221; size=&#8221;lg&#8221; align=&#8221;center&#8221; link=&#8221;url:https%3A%2F%2Fshare-eu1.hsforms.com%2F1oiYJGmkmT4yLVPopcVTZIwfzs95%20_blank|target:_blank|rel:nofollow&#8221;][vc_column_text]\n<p style=\"text-align: center;\"><span style=\"color: #000000;\">35\u20ac\/En L\u00ednia. 170\u20ac\/Presencial.<\/span><\/p>\n[\/vc_column_text][\/vc_column][vc_column width=&#8221;1\/4&#8243;][vc_column_text]\n<h4 id=\"fons-d-armari\" style=\"text-align: center;\"><span style=\"color: #71328b;\">Fons d&#8217; Armari<\/span><\/h4>\n[\/vc_column_text][vc_column_text css=&#8221;&#8221;]\n<p style=\"text-align: center;\"><span style=\"color: #000000;\">STYLELAB #4<\/span><\/p>\n[\/vc_column_text][vc_btn title=&#8221;REGISTRA&#8217;T&#8221; style=&#8221;outline&#8221; shape=&#8221;square&#8221; color=&#8221;black&#8221; size=&#8221;lg&#8221; align=&#8221;center&#8221; link=&#8221;url:https%3A%2F%2Fshare-eu1.hsforms.com%2F1P4HUosuGSYWyZ2-V1BTJDgfzs95%20_blank|target:_blank|rel:nofollow&#8221;][vc_column_text]\n<p style=\"text-align: center;\"><span style=\"color: #000000;\">35\u20ac\/En L\u00ednia. 170\u20ac\/Presencial.<\/span><\/p>\n[\/vc_column_text][\/vc_column][\/vc_row][vc_row][vc_column][vc_empty_space][\/vc_column][\/vc_row][vc_row][vc_column][vc_empty_space][\/vc_column][\/vc_row][vc_row][vc_column][vc_empty_space][\/vc_column][\/vc_row][vc_row][vc_column][vc_empty_space][\/vc_column][\/vc_row][vc_row][vc_column][vc_empty_space][\/vc_column][\/vc_row][vc_row][vc_column][vc_empty_space][\/vc_column][\/vc_row][vc_row][vc_column][vc_empty_space][\/vc_column][\/vc_row][vc_row][vc_column][vc_empty_space][\/vc_column][\/vc_row]\n<\/div>","protected":false},"excerpt":{"rendered":"<p>[vc_row][vc_column][vc_column_text] Assessora&#8217;t [\/vc_column_text][\/vc_column][\/vc_row][vc_row][vc_column width=&#8221;1\/2&#8243;][vc_column_text] Amb el nostre Assessorament personalitzat t&#8217; oferim serveis personalitzats de Consultoria En L\u00ednia, Coaching i Personal Shopper adaptats a les vostres necessitats. [\/vc_column_text][vc_column_text css=&#8221;&#8221;] Llueix la teva millor versi\u00f3 Coneix l&#8217;assessorament que m\u00e9s va amb tu, i compr\u00e8n com llu\u00efr la teva millor versi\u00f3 a trav\u00e9s de la moda. Descobreix com amb la nostra assessoria pots millorar la teva experi\u00e8ncia de compra.\u00a0 [\/vc_column_text][vc_column_text] Fes gala de vestir la teva talla i resplendeix en el teu estil,&hellip;<\/p>\n","protected":false},"author":1,"featured_media":24684,"parent":0,"menu_order":0,"comment_status":"closed","ping_status":"closed","template":"","meta":[],"featured_image_src":"https:\/\/crystalbubbleshop.com\/wp-content\/uploads\/2023\/01\/asesoramiento-de-imagen-barcelona-crystal-bubble-scaled.jpg","acf":[],"yoast_head":"<!-- This site is optimized with the Yoast SEO plugin v21.1 - https:\/\/yoast.com\/wordpress\/plugins\/seo\/ -->\n<title>Assessorament i consultoria en moda - CRYSTAL BUBBLE<\/title>\n<meta name=\"description\" content=\"Troba la teva millor versi\u00f3 y rep el teu assessorament. Amb les Assessores de CRYSTAL BUBBLE est\u00e0s en bones mans. Reserva ara cita!\" \/>\n<meta name=\"robots\" content=\"index, follow, max-snippet:-1, max-image-preview:large, max-video-preview:-1\" \/>\n<link rel=\"canonical\" href=\"https:\/\/crystalbubbleshop.com\/ca\/assessorament\/\" \/>\n<meta property=\"og:locale\" content=\"en_US\" \/>\n<meta property=\"og:type\" content=\"article\" \/>\n<meta property=\"og:title\" content=\"Assessorament i consultoria en moda - CRYSTAL BUBBLE\" \/>\n<meta property=\"og:description\" content=\"Troba la teva millor versi\u00f3 y rep el teu assessorament. Amb les Assessores de CRYSTAL BUBBLE est\u00e0s en bones mans. Reserva ara cita!\" \/>\n<meta property=\"og:url\" content=\"https:\/\/crystalbubbleshop.com\/ca\/assessorament\/\" \/>\n<meta property=\"og:site_name\" content=\"CRYSTAL BUBBLE Boutique\" \/>\n<meta property=\"article:publisher\" content=\"http:\/\/www.facebook.com\/crystalbubble1\" \/>\n<meta property=\"article:modified_time\" content=\"2026-01-07T16:17:35+00:00\" \/>\n<meta property=\"og:image\" content=\"https:\/\/crystalbubbleshop.com\/wp-content\/uploads\/2023\/01\/asesoramiento-de-imagen-barcelona-crystal-bubble-scaled.jpg\" \/>\n\t<meta property=\"og:image:width\" content=\"1707\" \/>\n\t<meta property=\"og:image:height\" content=\"2560\" \/>\n\t<meta property=\"og:image:type\" content=\"image\/jpeg\" \/>\n<meta name=\"twitter:card\" content=\"summary_large_image\" \/>\n<meta name=\"twitter:site\" content=\"@crystalbubble1\" \/>\n<script type=\"application\/ld+json\" class=\"yoast-schema-graph\">{\"@context\":\"https:\/\/schema.org\",\"@graph\":[{\"@type\":\"WebPage\",\"@id\":\"https:\/\/crystalbubbleshop.com\/ca\/assessorament\/\",\"url\":\"https:\/\/crystalbubbleshop.com\/ca\/assessorament\/\",\"name\":\"Assessorament i consultoria en moda - CRYSTAL BUBBLE\",\"isPartOf\":{\"@id\":\"https:\/\/crystalbubbleshop.com\/#website\"},\"datePublished\":\"2019-02-09T08:00:54+00:00\",\"dateModified\":\"2026-01-07T16:17:35+00:00\",\"description\":\"Troba la teva millor versi\u00f3 y rep el teu assessorament. Amb les Assessores de CRYSTAL BUBBLE est\u00e0s en bones mans. Reserva ara cita!\",\"breadcrumb\":{\"@id\":\"https:\/\/crystalbubbleshop.com\/ca\/assessorament\/#breadcrumb\"},\"inLanguage\":\"cat-cat\",\"potentialAction\":[{\"@type\":\"ReadAction\",\"target\":[\"https:\/\/crystalbubbleshop.com\/ca\/assessorament\/\"]}]},{\"@type\":\"BreadcrumbList\",\"@id\":\"https:\/\/crystalbubbleshop.com\/ca\/assessorament\/#breadcrumb\",\"itemListElement\":[{\"@type\":\"ListItem\",\"position\":1,\"name\":\"Portada\",\"item\":\"https:\/\/crystalbubbleshop.com\/ca\/\"},{\"@type\":\"ListItem\",\"position\":2,\"name\":\"Assessorament\"}]},{\"@type\":\"WebSite\",\"@id\":\"https:\/\/crystalbubbleshop.com\/#website\",\"url\":\"https:\/\/crystalbubbleshop.com\/\",\"name\":\"CRYSTAL BUBBLE Boutique\",\"description\":\"Moda y Asesoramiento\",\"publisher\":{\"@id\":\"https:\/\/crystalbubbleshop.com\/#organization\"},\"potentialAction\":[{\"@type\":\"SearchAction\",\"target\":{\"@type\":\"EntryPoint\",\"urlTemplate\":\"https:\/\/crystalbubbleshop.com\/?s={search_term_string}\"},\"query-input\":\"required name=search_term_string\"}],\"inLanguage\":\"cat-cat\"},{\"@type\":\"Organization\",\"@id\":\"https:\/\/crystalbubbleshop.com\/#organization\",\"name\":\"CRYSTAL BUBBLE Boutique | Moda y Asesoramiento\",\"url\":\"https:\/\/crystalbubbleshop.com\/\",\"logo\":{\"@type\":\"ImageObject\",\"inLanguage\":\"cat-cat\",\"@id\":\"https:\/\/crystalbubbleshop.com\/#\/schema\/logo\/image\/\",\"url\":\"https:\/\/crystalbubbleshop.com\/wp-content\/uploads\/2021\/04\/logo-crystal-bubble-boutique-e1644177749381.jpg\",\"contentUrl\":\"https:\/\/crystalbubbleshop.com\/wp-content\/uploads\/2021\/04\/logo-crystal-bubble-boutique-e1644177749381.jpg\",\"width\":150,\"height\":150,\"caption\":\"CRYSTAL BUBBLE Boutique | Moda y Asesoramiento\"},\"image\":{\"@id\":\"https:\/\/crystalbubbleshop.com\/#\/schema\/logo\/image\/\"},\"sameAs\":[\"http:\/\/www.facebook.com\/crystalbubble1\",\"https:\/\/twitter.com\/crystalbubble1\",\"https:\/\/instagram.com\/crystalbubbleboutique\",\"https:\/\/www.linkedin.com\/company\/crystal-bubble-boutique\",\"https:\/\/pinterest.com\/crystalbubbleboutique\",\"https:\/\/www.youtube.com\/crystalbubbleboutique\",\"https:\/\/www.tiktok.com\/crystalbubbleboutique\"]}]}<\/script>\n<!-- \/ Yoast SEO plugin. -->","yoast_head_json":{"title":"Assessorament i consultoria en moda - CRYSTAL BUBBLE","description":"Troba la teva millor versi\u00f3 y rep el teu assessorament. Amb les Assessores de CRYSTAL BUBBLE est\u00e0s en bones mans. Reserva ara cita!","robots":{"index":"index","follow":"follow","max-snippet":"max-snippet:-1","max-image-preview":"max-image-preview:large","max-video-preview":"max-video-preview:-1"},"canonical":"https:\/\/crystalbubbleshop.com\/ca\/assessorament\/","og_locale":"en_US","og_type":"article","og_title":"Assessorament i consultoria en moda - CRYSTAL BUBBLE","og_description":"Troba la teva millor versi\u00f3 y rep el teu assessorament. Amb les Assessores de CRYSTAL BUBBLE est\u00e0s en bones mans. Reserva ara cita!","og_url":"https:\/\/crystalbubbleshop.com\/ca\/assessorament\/","og_site_name":"CRYSTAL BUBBLE Boutique","article_publisher":"http:\/\/www.facebook.com\/crystalbubble1","article_modified_time":"2026-01-07T16:17:35+00:00","og_image":[{"width":1707,"height":2560,"url":"https:\/\/crystalbubbleshop.com\/wp-content\/uploads\/2023\/01\/asesoramiento-de-imagen-barcelona-crystal-bubble-scaled.jpg","type":"image\/jpeg"}],"twitter_card":"summary_large_image","twitter_site":"@crystalbubble1","schema":{"@context":"https:\/\/schema.org","@graph":[{"@type":"WebPage","@id":"https:\/\/crystalbubbleshop.com\/ca\/assessorament\/","url":"https:\/\/crystalbubbleshop.com\/ca\/assessorament\/","name":"Assessorament i consultoria en moda - CRYSTAL BUBBLE","isPartOf":{"@id":"https:\/\/crystalbubbleshop.com\/#website"},"datePublished":"2019-02-09T08:00:54+00:00","dateModified":"2026-01-07T16:17:35+00:00","description":"Troba la teva millor versi\u00f3 y rep el teu assessorament. Amb les Assessores de CRYSTAL BUBBLE est\u00e0s en bones mans. Reserva ara cita!","breadcrumb":{"@id":"https:\/\/crystalbubbleshop.com\/ca\/assessorament\/#breadcrumb"},"inLanguage":"cat-cat","potentialAction":[{"@type":"ReadAction","target":["https:\/\/crystalbubbleshop.com\/ca\/assessorament\/"]}]},{"@type":"BreadcrumbList","@id":"https:\/\/crystalbubbleshop.com\/ca\/assessorament\/#breadcrumb","itemListElement":[{"@type":"ListItem","position":1,"name":"Portada","item":"https:\/\/crystalbubbleshop.com\/ca\/"},{"@type":"ListItem","position":2,"name":"Assessorament"}]},{"@type":"WebSite","@id":"https:\/\/crystalbubbleshop.com\/#website","url":"https:\/\/crystalbubbleshop.com\/","name":"CRYSTAL BUBBLE Boutique","description":"Moda y Asesoramiento","publisher":{"@id":"https:\/\/crystalbubbleshop.com\/#organization"},"potentialAction":[{"@type":"SearchAction","target":{"@type":"EntryPoint","urlTemplate":"https:\/\/crystalbubbleshop.com\/?s={search_term_string}"},"query-input":"required name=search_term_string"}],"inLanguage":"cat-cat"},{"@type":"Organization","@id":"https:\/\/crystalbubbleshop.com\/#organization","name":"CRYSTAL BUBBLE Boutique | Moda y Asesoramiento","url":"https:\/\/crystalbubbleshop.com\/","logo":{"@type":"ImageObject","inLanguage":"cat-cat","@id":"https:\/\/crystalbubbleshop.com\/#\/schema\/logo\/image\/","url":"https:\/\/crystalbubbleshop.com\/wp-content\/uploads\/2021\/04\/logo-crystal-bubble-boutique-e1644177749381.jpg","contentUrl":"https:\/\/crystalbubbleshop.com\/wp-content\/uploads\/2021\/04\/logo-crystal-bubble-boutique-e1644177749381.jpg","width":150,"height":150,"caption":"CRYSTAL BUBBLE Boutique | Moda y Asesoramiento"},"image":{"@id":"https:\/\/crystalbubbleshop.com\/#\/schema\/logo\/image\/"},"sameAs":["http:\/\/www.facebook.com\/crystalbubble1","https:\/\/twitter.com\/crystalbubble1","https:\/\/instagram.com\/crystalbubbleboutique","https:\/\/www.linkedin.com\/company\/crystal-bubble-boutique","https:\/\/pinterest.com\/crystalbubbleboutique","https:\/\/www.youtube.com\/crystalbubbleboutique","https:\/\/www.tiktok.com\/crystalbubbleboutique"]}]}},"_links":{"self":[{"href":"https:\/\/crystalbubbleshop.com\/ca\/wp-json\/wp\/v2\/pages\/3443"}],"collection":[{"href":"https:\/\/crystalbubbleshop.com\/ca\/wp-json\/wp\/v2\/pages"}],"about":[{"href":"https:\/\/crystalbubbleshop.com\/ca\/wp-json\/wp\/v2\/types\/page"}],"author":[{"embeddable":true,"href":"https:\/\/crystalbubbleshop.com\/ca\/wp-json\/wp\/v2\/users\/1"}],"replies":[{"embeddable":true,"href":"https:\/\/crystalbubbleshop.com\/ca\/wp-json\/wp\/v2\/comments?post=3443"}],"version-history":[{"count":242,"href":"https:\/\/crystalbubbleshop.com\/ca\/wp-json\/wp\/v2\/pages\/3443\/revisions"}],"predecessor-version":[{"id":26052,"href":"https:\/\/crystalbubbleshop.com\/ca\/wp-json\/wp\/v2\/pages\/3443\/revisions\/26052"}],"wp:featuredmedia":[{"embeddable":true,"href":"https:\/\/crystalbubbleshop.com\/ca\/wp-json\/wp\/v2\/media\/24684"}],"wp:attachment":[{"href":"https:\/\/crystalbubbleshop.com\/ca\/wp-json\/wp\/v2\/media?parent=3443"}],"curies":[{"name":"wp","href":"https:\/\/api.w.org\/{rel}","templated":true}]}}