{"id":3481,"date":"2019-02-09T09:00:28","date_gmt":"2019-02-09T08:00:28","guid":{"rendered":"http:\/\/crystalbubbleshop.com\/nova\/contacta-con-nosotros\/"},"modified":"2025-06-10T14:44:20","modified_gmt":"2025-06-10T12:44:20","slug":"contactans","status":"publish","type":"page","link":"https:\/\/crystalbubbleshop.com\/ca\/contactans\/","title":{"rendered":"Contacta&#8217;ns"},"content":{"rendered":"<div class=\"wpb-content-wrapper\">[vc_row][vc_column width=&#8221;1\/2&#8243;][vc_column_text]\r\n<h1 id=\"contacta\"><span style=\"color: #000000;\"><strong>CONTACTA<\/strong><\/span><\/h1>\r\n<h2 id=\"envia-missatge\"><span style=\"color: #000000;\"><strong>ENVIA MISSATGE<\/strong><\/span><\/h2>\r\n<p style=\"font-size: 24px;\"><span style=\"color: #000000;\">Contacta&#8217;ns sempre que ho necessitis. Tens alguna pregunta o necessites algun consell de moda o vols fer la vostra comanda per tel\u00e8fon? Si \u00e9s aix\u00ed, les nostres Assessores en moda s\u00f3n aqu\u00ed per ajudar-te.<\/span><\/p>\r\n<p style=\"font-size: 24px;\"><span style=\"color: #000000;\">Sempre que ho desitgis podras deixar-nos el teu missatge i sol\u00b7licitar serveis. Et contactem a la major brevetat possible. <\/span><span style=\"color: #000000;\">Intentarem respondre&#8217;t en un pla\u00e7 m\u00e0xim de 24 hores.<\/span><\/p>\r\n<p><script charset=\"utf-8\" type=\"text\/javascript\" src=\"\/\/js-eu1.hsforms.net\/forms\/embed\/v2.js\"><\/script><br \/><script>\r\n  hbspt.forms.create({\r\n    region: \"eu1\",\r\n    portalId: \"26863817\",\r\n    formId: \"180c7156-df70-4b7c-aa41-ae90deee6fea\"\r\n  });\r\n<\/script>[\/vc_column_text][\/vc_column][vc_column width=&#8221;1\/2&#8243;][vc_single_image image=&#8221;20414&#8243; img_size=&#8221;large&#8221;][\/vc_column][\/vc_row][vc_row][vc_column][vc_column_text]\r\n<h2 id=\"assessoria\"><strong><span style=\"color: #000000;\">ASSESSORIA<\/span><\/strong><\/h2>\r\n<h3 id=\"reserva-cita\"><span style=\"color: #000000;\">RESERVA CITA<\/span><\/h3>\r\n<p style=\"font-size: 24px;\"><span style=\"color: #000000;\">A <a href=\"https:\/\/crystalbubbleshop.com\/ca\/assessorament\/\">CRYSTAL BUBBLE Assessorament<\/a>, pots contractar serveis d&#8217; <a href=\"https:\/\/crystalbubbleshop.com\/ca\/assessorament\/\">Assessorament d&#8217; Imatge en l\u00ednia i presencial<\/a>. Rep sessions individuals o grupals. Cont\u00e1cta-n&#8217;s per rebre m\u00e9s informaci\u00f3 de totes les <a href=\"https:\/\/crystalbubbleshop.com\/ca\/assessorament\/\">modalitats d&#8217; Assessorament d&#8217;Imatge<\/a> possibles, i per validar el teu registre a sessions individuals o grupals:<\/span><\/p>\r\n[\/vc_column_text][vc_btn title=&#8221;RESERVA CITA&#8221; style=&#8221;outline&#8221; shape=&#8221;square&#8221; color=&#8221;black&#8221; size=&#8221;lg&#8221; align=&#8221;left&#8221; link=&#8221;url:https%3A%2F%2Fshare-eu1.hsforms.com%2F1V7NmC6LeT26MP2D9zuQhWgfzs95|target:_blank&#8221;][vc_empty_space][vc_empty_space][\/vc_column][\/vc_row][vc_row][vc_column][vc_column_text]\r\n<h3 id=\"tallers\"><span style=\"color: #000000;\">TALLERS<\/span><\/h3>\r\n<p style=\"font-size: 24px;\"><span style=\"color: #000000;\">A <a href=\"https:\/\/crystalbubbleshop.com\/ca\/assessorament\/\">CRYSTAL BUBBLE Assessorament<\/a>, pots inscriu-re&#8217;t a tallers l\u00fadico-formatius en l\u00ednia i presencial. Sol\u00b7licita sessions i tallers especials, <a href=\"https:\/\/crystalbubbleshop.com\/ca\/lluita-contra-el-cancer\/\">solidaris a la lluita contra el c\u00e0ncer a favor de l&#8217;Hospital Cl\u00ednic de Barcelona<\/a>. Enregistra&#8217;t per participar de les <a href=\"https:\/\/crystalbubbleshop.com\/ca\/assessorament\/#tallers-ludics\">sessions disponibles<\/a>, o per sol\u00b7licitar sessions i tallers especials. En formalitzar el teu registre, et contactem per tancar el teu servei:<\/span><\/p>\r\n[\/vc_column_text][vc_btn title=&#8221;REGISTRE A TALLERS SOLIDARIS&#8221; style=&#8221;outline&#8221; shape=&#8221;square&#8221; color=&#8221;black&#8221; size=&#8221;lg&#8221; align=&#8221;left&#8221; link=&#8221;url:https%3A%2F%2Fshare-eu1.hsforms.com%2F1AOOckNWHTb64sYJtlnMb-wfzs95|target:_blank&#8221;][vc_empty_space][vc_empty_space][\/vc_column][\/vc_row][vc_row][vc_column][vc_column_text]\r\n<h2 id=\"boutique-en-linia\"><strong><span style=\"color: #000000;\">BOUTIQUE EN L\u00cdNIA<\/span><\/strong><\/h2>\r\n<h3 id=\"demana-cita\"><span style=\"color: #000000;\">DEMANA CITA<\/span><\/h3>\r\n<p style=\"font-size: 24px;\"><span style=\"color: #000000;\">A <a href=\"https:\/\/crystalbubbleshop.com\/ca\/boutique\/\">CRYSTAL BUBBLE Boutique<\/a> trobar\u00e0s la tranquil\u00b7litat de tancar una comanda en l\u00ednia havent sigut at\u00e8s com et cal i mereixes. Contacta&#8217;ns per demanar cita gratu\u00efta i gaudir d&#8217;una compra en l\u00ednia on podr\u00e0s adaptar la teva adre\u00e7a d&#8217;enviament o forma de pagament sempre que ho requereixis:\u00a0<\/span><\/p>\r\n[\/vc_column_text][vc_btn title=&#8221;DEMANA CITA&#8221; style=&#8221;outline&#8221; shape=&#8221;square&#8221; color=&#8221;black&#8221; size=&#8221;lg&#8221; align=&#8221;left&#8221; link=&#8221;url:https%3A%2F%2Fapi.whatsapp.com%2Fsend%3Fphone%3D%2B34644837302%26text%3D%25C2%25A1Hola!%2520S%C3%B3c|target:_blank&#8221;][vc_empty_space][vc_empty_space][\/vc_column][\/vc_row][vc_row][vc_column][vc_column_text]\r\n<h3 id=\"sac-dll-dv-19-21h\"><span style=\"color: #000000;\">SAC DLL-DV 19-21H<\/span><\/h3>\r\n<p style=\"font-size: 24px;\"><span style=\"color: #000000;\">Servei i Atenci\u00f3 al Client (SAC) de CRYSTAL BUBBLE: Per qualsevol altra consulta en Moda i Assessorament, posem a la teva disposici\u00f3 diferents canals de contacte. Indican&#8217;s la teva prefer\u00e8ncia. Escull entre whatsapp, signal, xat, videotrucada o trucada telef\u00f2nica. Deixa&#8217;ns ajudar-te, i explica&#8217;ns quan et calgui i pel canal que prefereixis. Ens posarem en contacte amb tu de DLL-DV de 19-21h:<\/span><\/p>\r\n[\/vc_column_text][vc_btn title=&#8221;EN QU\u00c8 ET PODEM AJUDAR?&#8221; style=&#8221;outline&#8221; shape=&#8221;square&#8221; color=&#8221;black&#8221; size=&#8221;lg&#8221; align=&#8221;left&#8221; link=&#8221;url:https%3A%2F%2Fchats.landbot.io%2Fv3%2FH-1175347-GO5734ZL7LLK18YD%2Findex.html&#8221;][vc_empty_space][vc_btn title=&#8221;WHATSAPP CLIENT&#8221; style=&#8221;outline&#8221; shape=&#8221;square&#8221; color=&#8221;black&#8221; size=&#8221;lg&#8221; align=&#8221;left&#8221; link=&#8221;url:https%3A%2F%2Fapi.whatsapp.com%2Fsend%3Fphone%3D%2B34644837302%26text%3D%25C2%25A1Hola!%2520S%C3%B3c&#8221;][\/vc_column][\/vc_row][vc_row][vc_column][vc_empty_space][\/vc_column][\/vc_row][vc_row][vc_column width=&#8221;1\/2&#8243;][vc_column_text css=&#8221;&#8221;]\r\n<h2 id=\"recull-les-compres\"><strong><span style=\"color: #000000;\">RECULL LES COMPRES<\/span><\/strong><\/h2>\r\n<h3 id=\"guardaroba\"><span style=\"color: #000000;\">GUARDAROBA\u00a0<\/span><\/h3>\r\n<p style=\"font-size: 24px;\"><span style=\"color: #000000;\">La millor forma de comprar en l\u00ednia \u00e9s que l&#8217;enviament s&#8217;adapti a tu, decideix si recollir-ho o rebre&#8217;l on m\u00e9s et convingui. Amb el Servei de Guardaroba de <a href=\"https:\/\/crystalbubbleshop.com\/ca\/boutique\/\">CRYSTAL BUBBLE Boutique<\/a>, recull les teves compres en nombrosos punts de recollida a tota <a href=\"https:\/\/cutt.ly\/ST0FKTz\">Barcelona<\/a>, o b\u00e9 agenda sense presses i entre setmana a la nostra seu principal a Barcelona, escollint la modalitat de recollida amb horari flexible. Contacta&#8217;ns per verificar l&#8217;estat de la teva comanda sempre que ho necessitis.<\/span><\/p>\r\n[\/vc_column_text][\/vc_column][vc_column width=&#8221;1\/2&#8243;][vc_column_text]\r\n<div class=\"wp-block-columns\">\r\n<div class=\"wp-block-column\"><br \/>\r\n<div style=\"width: 100%; overflow: hidden; max-height: 200px;\"><iframe loading=\"lazy\" style=\"border: 0; margin-top: -150px;\" src=\"https:\/\/www.google.com\/maps\/embed?pb=!1m14!1m8!1m3!1d8466.970122810362!2d2.1404561117817416!3d41.3843820544598!3m2!1i1024!2i768!4f13.1!3m3!1m2!1s0x0%3A0x4db549902e2ae891!2sCRYSTAL%20BUBBLE%20Boutique!5e0!3m2!1sca!2ses!4v1575541247575!5m2!1sca!2ses\" width=\"100%\" height=\"500\" frameborder=\"0\"><\/iframe><\/div>\r\n<\/div>\r\n<\/div>\r\n[\/vc_column_text][\/vc_column][\/vc_row]<\/div>","protected":false},"excerpt":{"rendered":"<p>[vc_row][vc_column width=&#8221;1\/2&#8243;][vc_column_text] CONTACTA ENVIA MISSATGE Contacta&#8217;ns sempre que ho necessitis. Tens alguna pregunta o necessites algun consell de moda o vols fer la vostra comanda per tel\u00e8fon? Si \u00e9s aix\u00ed, les nostres Assessores en moda s\u00f3n aqu\u00ed per ajudar-te. Sempre que ho desitgis podras deixar-nos el teu missatge i sol\u00b7licitar serveis. Et contactem a la major brevetat possible. Intentarem respondre&#8217;t en un pla\u00e7 m\u00e0xim de 24 hores. [\/vc_column_text][\/vc_column][vc_column width=&#8221;1\/2&#8243;][vc_single_image image=&#8221;20414&#8243; img_size=&#8221;large&#8221;][\/vc_column][\/vc_row][vc_row][vc_column][vc_column_text] ASSESSORIA RESERVA CITA A CRYSTAL BUBBLE Assessorament, pots contractar&hellip;<\/p>\n","protected":false},"author":1,"featured_media":12738,"parent":0,"menu_order":0,"comment_status":"closed","ping_status":"closed","template":"","meta":[],"featured_image_src":"https:\/\/crystalbubbleshop.com\/wp-content\/uploads\/2020\/12\/mi-cuenta-showroom-online.jpg","acf":[],"yoast_head":"<!-- This site is optimized with the Yoast SEO plugin v21.1 - https:\/\/yoast.com\/wordpress\/plugins\/seo\/ -->\n<title>Contacta&#039;ns - CRYSTAL BUBBLE Boutique<\/title>\n<meta name=\"description\" content=\"\u2b50\u2b50\u2b50\u2b50\u2b50 CONTACTA&#039;NS per parlar de moda. Consulta&#039;ns enviant-nos un missatge WhatsApp o confiant-nos les teves dades ET TRUQUEM!\" \/>\n<meta name=\"robots\" content=\"index, follow, max-snippet:-1, max-image-preview:large, max-video-preview:-1\" \/>\n<link rel=\"canonical\" href=\"https:\/\/crystalbubbleshop.com\/ca\/contactans\/\" \/>\n<meta property=\"og:locale\" content=\"en_US\" \/>\n<meta property=\"og:type\" content=\"article\" \/>\n<meta property=\"og:title\" content=\"Contacta&#039;ns - CRYSTAL BUBBLE Boutique\" \/>\n<meta property=\"og:description\" content=\"\u2b50\u2b50\u2b50\u2b50\u2b50 CONTACTA&#039;NS per parlar de moda. Consulta&#039;ns enviant-nos un missatge WhatsApp o confiant-nos les teves dades ET TRUQUEM!\" \/>\n<meta property=\"og:url\" content=\"https:\/\/crystalbubbleshop.com\/ca\/contactans\/\" \/>\n<meta property=\"og:site_name\" content=\"CRYSTAL BUBBLE Boutique\" \/>\n<meta property=\"article:publisher\" content=\"http:\/\/www.facebook.com\/crystalbubble1\" \/>\n<meta property=\"article:modified_time\" content=\"2025-06-10T12:44:20+00:00\" \/>\n<meta property=\"og:image\" content=\"https:\/\/crystalbubbleshop.com\/wp-content\/uploads\/2020\/12\/mi-cuenta-showroom-online.jpg\" \/>\n\t<meta property=\"og:image:width\" content=\"1920\" \/>\n\t<meta property=\"og:image:height\" content=\"1280\" \/>\n\t<meta property=\"og:image:type\" content=\"image\/jpeg\" \/>\n<meta name=\"twitter:card\" content=\"summary_large_image\" \/>\n<meta name=\"twitter:site\" content=\"@crystalbubble1\" \/>\n<script type=\"application\/ld+json\" class=\"yoast-schema-graph\">{\"@context\":\"https:\/\/schema.org\",\"@graph\":[{\"@type\":\"WebPage\",\"@id\":\"https:\/\/crystalbubbleshop.com\/ca\/contactans\/\",\"url\":\"https:\/\/crystalbubbleshop.com\/ca\/contactans\/\",\"name\":\"Contacta'ns - CRYSTAL BUBBLE Boutique\",\"isPartOf\":{\"@id\":\"https:\/\/crystalbubbleshop.com\/#website\"},\"datePublished\":\"2019-02-09T08:00:28+00:00\",\"dateModified\":\"2025-06-10T12:44:20+00:00\",\"description\":\"\u2b50\u2b50\u2b50\u2b50\u2b50 CONTACTA'NS per parlar de moda. Consulta'ns enviant-nos un missatge WhatsApp o confiant-nos les teves dades ET TRUQUEM!\",\"breadcrumb\":{\"@id\":\"https:\/\/crystalbubbleshop.com\/ca\/contactans\/#breadcrumb\"},\"inLanguage\":\"cat-cat\",\"potentialAction\":[{\"@type\":\"ReadAction\",\"target\":[\"https:\/\/crystalbubbleshop.com\/ca\/contactans\/\"]}]},{\"@type\":\"BreadcrumbList\",\"@id\":\"https:\/\/crystalbubbleshop.com\/ca\/contactans\/#breadcrumb\",\"itemListElement\":[{\"@type\":\"ListItem\",\"position\":1,\"name\":\"Portada\",\"item\":\"https:\/\/crystalbubbleshop.com\/ca\/\"},{\"@type\":\"ListItem\",\"position\":2,\"name\":\"Contacta&#8217;ns\"}]},{\"@type\":\"WebSite\",\"@id\":\"https:\/\/crystalbubbleshop.com\/#website\",\"url\":\"https:\/\/crystalbubbleshop.com\/\",\"name\":\"CRYSTAL BUBBLE Boutique\",\"description\":\"Moda y Asesoramiento\",\"publisher\":{\"@id\":\"https:\/\/crystalbubbleshop.com\/#organization\"},\"potentialAction\":[{\"@type\":\"SearchAction\",\"target\":{\"@type\":\"EntryPoint\",\"urlTemplate\":\"https:\/\/crystalbubbleshop.com\/?s={search_term_string}\"},\"query-input\":\"required name=search_term_string\"}],\"inLanguage\":\"cat-cat\"},{\"@type\":\"Organization\",\"@id\":\"https:\/\/crystalbubbleshop.com\/#organization\",\"name\":\"CRYSTAL BUBBLE Boutique | Moda y Asesoramiento\",\"url\":\"https:\/\/crystalbubbleshop.com\/\",\"logo\":{\"@type\":\"ImageObject\",\"inLanguage\":\"cat-cat\",\"@id\":\"https:\/\/crystalbubbleshop.com\/#\/schema\/logo\/image\/\",\"url\":\"https:\/\/crystalbubbleshop.com\/wp-content\/uploads\/2021\/04\/logo-crystal-bubble-boutique-e1644177749381.jpg\",\"contentUrl\":\"https:\/\/crystalbubbleshop.com\/wp-content\/uploads\/2021\/04\/logo-crystal-bubble-boutique-e1644177749381.jpg\",\"width\":150,\"height\":150,\"caption\":\"CRYSTAL BUBBLE Boutique | Moda y Asesoramiento\"},\"image\":{\"@id\":\"https:\/\/crystalbubbleshop.com\/#\/schema\/logo\/image\/\"},\"sameAs\":[\"http:\/\/www.facebook.com\/crystalbubble1\",\"https:\/\/twitter.com\/crystalbubble1\",\"https:\/\/instagram.com\/crystalbubbleboutique\",\"https:\/\/www.linkedin.com\/company\/crystal-bubble-boutique\",\"https:\/\/pinterest.com\/crystalbubbleboutique\",\"https:\/\/www.youtube.com\/crystalbubbleboutique\",\"https:\/\/www.tiktok.com\/crystalbubbleboutique\"]}]}<\/script>\n<!-- \/ Yoast SEO plugin. -->","yoast_head_json":{"title":"Contacta'ns - CRYSTAL BUBBLE Boutique","description":"\u2b50\u2b50\u2b50\u2b50\u2b50 CONTACTA'NS per parlar de moda. Consulta'ns enviant-nos un missatge WhatsApp o confiant-nos les teves dades ET TRUQUEM!","robots":{"index":"index","follow":"follow","max-snippet":"max-snippet:-1","max-image-preview":"max-image-preview:large","max-video-preview":"max-video-preview:-1"},"canonical":"https:\/\/crystalbubbleshop.com\/ca\/contactans\/","og_locale":"en_US","og_type":"article","og_title":"Contacta'ns - CRYSTAL BUBBLE Boutique","og_description":"\u2b50\u2b50\u2b50\u2b50\u2b50 CONTACTA'NS per parlar de moda. Consulta'ns enviant-nos un missatge WhatsApp o confiant-nos les teves dades ET TRUQUEM!","og_url":"https:\/\/crystalbubbleshop.com\/ca\/contactans\/","og_site_name":"CRYSTAL BUBBLE Boutique","article_publisher":"http:\/\/www.facebook.com\/crystalbubble1","article_modified_time":"2025-06-10T12:44:20+00:00","og_image":[{"width":1920,"height":1280,"url":"https:\/\/crystalbubbleshop.com\/wp-content\/uploads\/2020\/12\/mi-cuenta-showroom-online.jpg","type":"image\/jpeg"}],"twitter_card":"summary_large_image","twitter_site":"@crystalbubble1","schema":{"@context":"https:\/\/schema.org","@graph":[{"@type":"WebPage","@id":"https:\/\/crystalbubbleshop.com\/ca\/contactans\/","url":"https:\/\/crystalbubbleshop.com\/ca\/contactans\/","name":"Contacta'ns - CRYSTAL BUBBLE Boutique","isPartOf":{"@id":"https:\/\/crystalbubbleshop.com\/#website"},"datePublished":"2019-02-09T08:00:28+00:00","dateModified":"2025-06-10T12:44:20+00:00","description":"\u2b50\u2b50\u2b50\u2b50\u2b50 CONTACTA'NS per parlar de moda. Consulta'ns enviant-nos un missatge WhatsApp o confiant-nos les teves dades ET TRUQUEM!","breadcrumb":{"@id":"https:\/\/crystalbubbleshop.com\/ca\/contactans\/#breadcrumb"},"inLanguage":"cat-cat","potentialAction":[{"@type":"ReadAction","target":["https:\/\/crystalbubbleshop.com\/ca\/contactans\/"]}]},{"@type":"BreadcrumbList","@id":"https:\/\/crystalbubbleshop.com\/ca\/contactans\/#breadcrumb","itemListElement":[{"@type":"ListItem","position":1,"name":"Portada","item":"https:\/\/crystalbubbleshop.com\/ca\/"},{"@type":"ListItem","position":2,"name":"Contacta&#8217;ns"}]},{"@type":"WebSite","@id":"https:\/\/crystalbubbleshop.com\/#website","url":"https:\/\/crystalbubbleshop.com\/","name":"CRYSTAL BUBBLE Boutique","description":"Moda y Asesoramiento","publisher":{"@id":"https:\/\/crystalbubbleshop.com\/#organization"},"potentialAction":[{"@type":"SearchAction","target":{"@type":"EntryPoint","urlTemplate":"https:\/\/crystalbubbleshop.com\/?s={search_term_string}"},"query-input":"required name=search_term_string"}],"inLanguage":"cat-cat"},{"@type":"Organization","@id":"https:\/\/crystalbubbleshop.com\/#organization","name":"CRYSTAL BUBBLE Boutique | Moda y Asesoramiento","url":"https:\/\/crystalbubbleshop.com\/","logo":{"@type":"ImageObject","inLanguage":"cat-cat","@id":"https:\/\/crystalbubbleshop.com\/#\/schema\/logo\/image\/","url":"https:\/\/crystalbubbleshop.com\/wp-content\/uploads\/2021\/04\/logo-crystal-bubble-boutique-e1644177749381.jpg","contentUrl":"https:\/\/crystalbubbleshop.com\/wp-content\/uploads\/2021\/04\/logo-crystal-bubble-boutique-e1644177749381.jpg","width":150,"height":150,"caption":"CRYSTAL BUBBLE Boutique | Moda y Asesoramiento"},"image":{"@id":"https:\/\/crystalbubbleshop.com\/#\/schema\/logo\/image\/"},"sameAs":["http:\/\/www.facebook.com\/crystalbubble1","https:\/\/twitter.com\/crystalbubble1","https:\/\/instagram.com\/crystalbubbleboutique","https:\/\/www.linkedin.com\/company\/crystal-bubble-boutique","https:\/\/pinterest.com\/crystalbubbleboutique","https:\/\/www.youtube.com\/crystalbubbleboutique","https:\/\/www.tiktok.com\/crystalbubbleboutique"]}]}},"_links":{"self":[{"href":"https:\/\/crystalbubbleshop.com\/ca\/wp-json\/wp\/v2\/pages\/3481"}],"collection":[{"href":"https:\/\/crystalbubbleshop.com\/ca\/wp-json\/wp\/v2\/pages"}],"about":[{"href":"https:\/\/crystalbubbleshop.com\/ca\/wp-json\/wp\/v2\/types\/page"}],"author":[{"embeddable":true,"href":"https:\/\/crystalbubbleshop.com\/ca\/wp-json\/wp\/v2\/users\/1"}],"replies":[{"embeddable":true,"href":"https:\/\/crystalbubbleshop.com\/ca\/wp-json\/wp\/v2\/comments?post=3481"}],"version-history":[{"count":110,"href":"https:\/\/crystalbubbleshop.com\/ca\/wp-json\/wp\/v2\/pages\/3481\/revisions"}],"predecessor-version":[{"id":26016,"href":"https:\/\/crystalbubbleshop.com\/ca\/wp-json\/wp\/v2\/pages\/3481\/revisions\/26016"}],"wp:featuredmedia":[{"embeddable":true,"href":"https:\/\/crystalbubbleshop.com\/ca\/wp-json\/wp\/v2\/media\/12738"}],"wp:attachment":[{"href":"https:\/\/crystalbubbleshop.com\/ca\/wp-json\/wp\/v2\/media?parent=3481"}],"curies":[{"name":"wp","href":"https:\/\/api.w.org\/{rel}","templated":true}]}}