{"id":19537,"date":"2019-02-09T09:00:42","date_gmt":"2019-02-09T08:00:42","guid":{"rendered":"https:\/\/crystalbubbleshop.com\/coleccion-mujer\/Sense%20categoria\/caja-sorpresa-ropa-moda\/"},"modified":"2023-07-15T19:27:55","modified_gmt":"2023-07-15T17:27:55","slug":"capsa-sorpresa-moda-assessorament","status":"publish","type":"product","link":"https:\/\/crystalbubbleshop.com\/ca\/capsa-sorpresa-moda-assessorament\/","title":{"rendered":"Capsa Sorpresa Moda amb Assessorament"},"content":{"rendered":"<p style=\"font-size: 24px; text-align: justify;\"><strong><span style=\"color: #702f8a;\">Capsa sorpresa en Moda amb Assessorament<\/span><\/strong><\/p>\n<p style=\"font-size: 24px; text-align: justify;\"><span style=\"color: #000000;\">T&#8217;imagines la teva cara d&#8217;il\u00b7lusi\u00f3 en rebre una capsa sorpresa misteriosa exclusiva per a tu?<\/span><\/p>\n<p style=\"font-size: 24px; text-align: justify;\"><span style=\"color: #000000;\">F\u00e9s-te amb la teva CrystalBox, la capsa misteriosa de moda per a dona cosmopolita. \u00c9s l&#8217;oportunitat \u00fanica de<\/span> <span style=\"color: #702f8a;\"><strong>gaudir quelcom nou<\/strong><\/span><span style=\"color: #000000;\">, amb estil i de temporada.<\/span><\/p>\n<p style=\"font-size: 24px; text-align: justify;\"><span style=\"color: #000000;\">Cada <a href=\"https:\/\/www.youtube.com\/watch?v=nXpc4brwdlg\">selecci\u00f3<\/a> feta a CrystalBox \u00e9s \u00fanica, no es repeteix, el seu contingut \u00e9s variat i la preparaci\u00f3 \u00e9s sorpresa.<\/span><\/p>\n<p style=\"font-size: 24px; text-align: justify;\"><strong><span style=\"color: #702f8a;\">CrystalBox, qu\u00e8 inclou?<\/span><\/strong><\/p>\n<p style=\"font-size: 24px; text-align: justify;\"><span style=\"color: #000000;\">Productes nous d&#8217; <\/span><span style=\"color: #702f8a;\">estil cosmopolita<\/span><span style=\"color: #000000;\">: peces de roba, collars, polseres, arracades, bosses, moneders, fulards i xals. Cada capsa sorpresa de <a href=\"https:\/\/crystalbubbleshop.com\/ca\/la-marca\/\">CRYSTAL BUBBLE<\/a> inclou una sessi\u00f3 d&#8217;assessorament i un val de regal del programa de fidelitat.<\/span><\/p>\n<h3 id=\"la-crystalbox-es-el-regal-perfecte\" style=\"font-size: 24px; text-align: left;\"><span style=\"color: #702f8a;\">La CrystalBox \u00e9s el regal perfecte<\/span><\/h3>\n<p style=\"font-size: 24px; text-align: left;\"><span style=\"color: #000000;\">Sabem el complex que pot ser a vegades trobar el regal perfecte, que tingui en compte els gustos de la persona homenatjada. En confirmar la teva comanda de CrystalBox, la teva Assessora d&#8217; Imatge et contactar\u00e0 i escoltar\u00e0 tots els detalls que necessites referir al respecte.<\/span><\/p>\n","protected":false},"excerpt":{"rendered":"<p style=\"font-size: 24px; text-align: left;\"><span style=\"color: #000000;\">La capsa sorpresa (mystery box) de <a href=\"https:\/\/crystalbubbleshop.com\/ca\/la-marca\/\">CRYSTAL BUBBLE<\/a> s&#8217; anomena CrystalBox: Oblida&#8217;t de seleccionar la talla a la teva compra en l\u00ednia. <\/span><span style=\"color: #000000;\">Diverteix-te i il\u00b7lusiona&#8217;t per les sorpreses en moda femenina. P<\/span><span style=\"color: #000000;\">asa-t&#8217;ho d&#8217;all\u00f2 m\u00e9s b\u00e9 posant-te en mans de la teva Assessora d&#8217; Imatge&#8230; i ves una pasa m\u00e9s enll\u00e0 &#8230;<\/span> <span style=\"color: #000000;\">atreveix-te<\/span><span style=\"color: #000000;\">&#8230;. qu\u00e8 tal quelcom nou, un caprici inesperat i ben merescut?<\/span><\/p>\n<ul>\n<li>\n<p style=\"font-size: 24px; text-align: justify;\"><span style=\"color: #000000;\">Productes nous<\/span><\/p>\n<\/li>\n<li>\n<p style=\"font-size: 24px; text-align: justify;\"><span style=\"color: #000000;\">Basat en el teu estil\u00a0<\/span><\/p>\n<\/li>\n<li>\n<p style=\"font-size: 24px; text-align: justify;\"><span style=\"color: #000000;\">Entrega amb regal<\/span><\/p>\n<\/li>\n<\/ul>\n<p style=\"font-size: 24px; text-align: left;\"><span style=\"color: #702f8a;\">En nom\u00e9s 3 passes:<\/span><\/p>\n<ul>\n<li>\n<p style=\"font-size: 24px; text-align: justify;\"><span style=\"color: #000000;\">N#1: Tria Nr. Art\u00edcles\u00a0\u00a0<\/span><\/p>\n<\/li>\n<li>\n<p style=\"font-size: 24px; text-align: justify;\"><span style=\"color: #000000;\">N#2: Tanca comanda \u00a0<\/span><\/p>\n<\/li>\n<li>\n<p style=\"font-size: 24px; text-align: justify;\"><span style=\"color: #000000;\">N#3: L&#8217; Assessora et contacta<\/span><\/p>\n<\/li>\n<\/ul>\n<p><span style=\"color: #000000;\"><a href=\"https:\/\/crystalbubbleshop.com\/envios\/\"><img decoding=\"async\" loading=\"lazy\" class=\"alignnone wp-image-17003\" title=\"comprar online prendas disponibles al d\u00eda siguiente y con env\u00edo inmediato\" src=\"https:\/\/crystalbubbleshop.com\/wp-content\/uploads\/2021\/05\/entrega-crystal-bubble-boutique.png\" alt=\"\" width=\"40\" height=\"40\" srcset=\"https:\/\/crystalbubbleshop.com\/wp-content\/uploads\/2021\/05\/entrega-crystal-bubble-boutique.png 225w, https:\/\/crystalbubbleshop.com\/wp-content\/uploads\/2021\/05\/entrega-crystal-bubble-boutique-150x150.png 150w, https:\/\/crystalbubbleshop.com\/wp-content\/uploads\/2021\/05\/entrega-crystal-bubble-boutique-80x80.png 80w, https:\/\/crystalbubbleshop.com\/wp-content\/uploads\/2021\/05\/entrega-crystal-bubble-boutique-100x100.png 100w\" sizes=\"(max-width: 40px) 100vw, 40px\" \/><\/a> <\/span><span style=\"color: #000000;\">En stock. \u00a0\u00a0<a href=\"https:\/\/crystalbubbleshop.com\/como-comprar\/\"><img decoding=\"async\" loading=\"lazy\" class=\"alignnone wp-image-21778\" title=\"al comprar online ropa de mujer el precio viene con iva incluido\" src=\"https:\/\/crystalbubbleshop.com\/wp-content\/uploads\/2022\/01\/impuestos-incluidos.png\" alt=\"iva incluido\" width=\"47\" height=\"47\" srcset=\"https:\/\/crystalbubbleshop.com\/wp-content\/uploads\/2022\/01\/impuestos-incluidos.png 225w, https:\/\/crystalbubbleshop.com\/wp-content\/uploads\/2022\/01\/impuestos-incluidos-150x150.png 150w, https:\/\/crystalbubbleshop.com\/wp-content\/uploads\/2022\/01\/impuestos-incluidos-80x80.png 80w, https:\/\/crystalbubbleshop.com\/wp-content\/uploads\/2022\/01\/impuestos-incluidos-100x100.png 100w\" sizes=\"(max-width: 47px) 100vw, 47px\" \/><\/a> Impostos inclosos\u00a0<\/span><\/p>\n<hr \/>\n<p><span style=\"color: #000000;\">Formes de pagament admeses<\/span><\/p>\n<p><img decoding=\"async\" loading=\"lazy\" class=\"alignnone wp-image-24193\" src=\"https:\/\/crystalbubbleshop.com\/wp-content\/uploads\/2022\/12\/pago-visa-caixabank.png\" alt=\"\" width=\"66\" height=\"41\" \/> <img decoding=\"async\" loading=\"lazy\" class=\"alignnone wp-image-24190\" src=\"https:\/\/crystalbubbleshop.com\/wp-content\/uploads\/2022\/12\/pago-mastercard-caixabank.png\" alt=\"\" width=\"64\" height=\"40\" \/> <img decoding=\"async\" loading=\"lazy\" class=\"alignnone wp-image-24877\" src=\"https:\/\/crystalbubbleshop.com\/wp-content\/uploads\/2022\/12\/pago-seguro-sepa.png\" alt=\"\" width=\"64\" height=\"40\" \/><\/p>\n","protected":false},"featured_media":24622,"comment_status":"open","ping_status":"closed","template":"","meta":[],"product_cat":[536,515,514],"product_tag":[614],"acf":[],"yoast_head":"<!-- This site is optimized with the Yoast SEO plugin v21.1 - https:\/\/yoast.com\/wordpress\/plugins\/seo\/ -->\n<title>Capsa Sorpresa Moda amb Assessorament - CRYSTAL BUBBLE<\/title>\n<meta name=\"description\" content=\"CrystalBox: Gaudeix la millor Capsa Sorpresa en Moda amb Assessorament de Barcelona. L&#039; aut\u00e8ntica Mystery Suprise Box per a dones cosmopolites.\" \/>\n<meta name=\"robots\" content=\"index, follow, max-snippet:-1, max-image-preview:large, max-video-preview:-1\" \/>\n<link rel=\"canonical\" href=\"https:\/\/crystalbubbleshop.com\/ca\/coleccion-mujer\/la-moda-petite-ca\/capsa-sorpresa-roba\/\" \/>\n<meta property=\"og:locale\" content=\"en_US\" \/>\n<meta property=\"og:type\" content=\"article\" \/>\n<meta property=\"og:title\" content=\"Capsa Sorpresa Moda amb Assessorament - CRYSTAL BUBBLE\" \/>\n<meta property=\"og:description\" content=\"CrystalBox: Gaudeix la millor Capsa Sorpresa en Moda amb Assessorament de Barcelona. L&#039; aut\u00e8ntica Mystery Suprise Box per a dones cosmopolites.\" \/>\n<meta property=\"og:url\" content=\"https:\/\/crystalbubbleshop.com\/ca\/coleccion-mujer\/la-moda-petite-ca\/capsa-sorpresa-roba\/\" \/>\n<meta property=\"og:site_name\" content=\"CRYSTAL BUBBLE Boutique\" \/>\n<meta property=\"article:publisher\" content=\"http:\/\/www.facebook.com\/crystalbubble1\" \/>\n<meta property=\"article:modified_time\" content=\"2023-07-15T17:27:55+00:00\" \/>\n<meta property=\"og:image\" content=\"https:\/\/crystalbubbleshop.com\/wp-content\/uploads\/2019\/02\/crystalbox-capsa-sorpresa-barcelona.png\" \/>\n\t<meta property=\"og:image:width\" content=\"1080\" \/>\n\t<meta property=\"og:image:height\" content=\"1350\" \/>\n\t<meta property=\"og:image:type\" content=\"image\/png\" \/>\n<meta name=\"twitter:card\" content=\"summary_large_image\" \/>\n<meta name=\"twitter:site\" content=\"@crystalbubble1\" \/>\n<script type=\"application\/ld+json\" class=\"yoast-schema-graph\">{\"@context\":\"https:\/\/schema.org\",\"@graph\":[{\"@type\":\"WebPage\",\"@id\":\"https:\/\/crystalbubbleshop.com\/ca\/capsa-sorpresa-moda-assessorament\/\",\"url\":\"https:\/\/crystalbubbleshop.com\/ca\/coleccion-mujer\/la-moda-petite-ca\/capsa-sorpresa-roba\/\",\"name\":\"Capsa Sorpresa Moda amb Assessorament - CRYSTAL BUBBLE\",\"isPartOf\":{\"@id\":\"https:\/\/crystalbubbleshop.com\/#website\"},\"datePublished\":\"2019-02-09T08:00:42+00:00\",\"dateModified\":\"2023-07-15T17:27:55+00:00\",\"description\":\"CrystalBox: Gaudeix la millor Capsa Sorpresa en Moda amb Assessorament de Barcelona. L' aut\u00e8ntica Mystery Suprise Box per a dones cosmopolites.\",\"breadcrumb\":{\"@id\":\"https:\/\/crystalbubbleshop.com\/ca\/coleccion-mujer\/la-moda-petite-ca\/capsa-sorpresa-roba\/#breadcrumb\"},\"inLanguage\":\"cat-cat\",\"potentialAction\":[{\"@type\":\"ReadAction\",\"target\":[\"https:\/\/crystalbubbleshop.com\/ca\/coleccion-mujer\/la-moda-petite-ca\/capsa-sorpresa-roba\/\"]}]},{\"@type\":\"BreadcrumbList\",\"@id\":\"https:\/\/crystalbubbleshop.com\/ca\/coleccion-mujer\/la-moda-petite-ca\/capsa-sorpresa-roba\/#breadcrumb\",\"itemListElement\":[{\"@type\":\"ListItem\",\"position\":1,\"name\":\"Portada\",\"item\":\"https:\/\/crystalbubbleshop.com\/ca\/\"},{\"@type\":\"ListItem\",\"position\":2,\"name\":\"Boutique\",\"item\":\"https:\/\/crystalbubbleshop.com\/ca\/boutique\/\"},{\"@type\":\"ListItem\",\"position\":3,\"name\":\"Capsa Sorpresa Moda amb Assessorament\"}]},{\"@type\":\"WebSite\",\"@id\":\"https:\/\/crystalbubbleshop.com\/#website\",\"url\":\"https:\/\/crystalbubbleshop.com\/\",\"name\":\"CRYSTAL BUBBLE Boutique\",\"description\":\"Moda y Asesoramiento\",\"publisher\":{\"@id\":\"https:\/\/crystalbubbleshop.com\/#organization\"},\"potentialAction\":[{\"@type\":\"SearchAction\",\"target\":{\"@type\":\"EntryPoint\",\"urlTemplate\":\"https:\/\/crystalbubbleshop.com\/?s={search_term_string}\"},\"query-input\":\"required name=search_term_string\"}],\"inLanguage\":\"cat-cat\"},{\"@type\":\"Organization\",\"@id\":\"https:\/\/crystalbubbleshop.com\/#organization\",\"name\":\"CRYSTAL BUBBLE Boutique | Moda y Asesoramiento\",\"url\":\"https:\/\/crystalbubbleshop.com\/\",\"logo\":{\"@type\":\"ImageObject\",\"inLanguage\":\"cat-cat\",\"@id\":\"https:\/\/crystalbubbleshop.com\/#\/schema\/logo\/image\/\",\"url\":\"https:\/\/crystalbubbleshop.com\/wp-content\/uploads\/2021\/04\/logo-crystal-bubble-boutique-e1644177749381.jpg\",\"contentUrl\":\"https:\/\/crystalbubbleshop.com\/wp-content\/uploads\/2021\/04\/logo-crystal-bubble-boutique-e1644177749381.jpg\",\"width\":150,\"height\":150,\"caption\":\"CRYSTAL BUBBLE Boutique | Moda y Asesoramiento\"},\"image\":{\"@id\":\"https:\/\/crystalbubbleshop.com\/#\/schema\/logo\/image\/\"},\"sameAs\":[\"http:\/\/www.facebook.com\/crystalbubble1\",\"https:\/\/twitter.com\/crystalbubble1\",\"https:\/\/instagram.com\/crystalbubbleboutique\",\"https:\/\/www.linkedin.com\/company\/crystal-bubble-boutique\",\"https:\/\/pinterest.com\/crystalbubbleboutique\",\"https:\/\/www.youtube.com\/crystalbubbleboutique\",\"https:\/\/www.tiktok.com\/crystalbubbleboutique\"]}]}<\/script>\n<!-- \/ Yoast SEO plugin. -->","yoast_head_json":{"title":"Capsa Sorpresa Moda amb Assessorament - CRYSTAL BUBBLE","description":"CrystalBox: Gaudeix la millor Capsa Sorpresa en Moda amb Assessorament de Barcelona. L' aut\u00e8ntica Mystery Suprise Box per a dones cosmopolites.","robots":{"index":"index","follow":"follow","max-snippet":"max-snippet:-1","max-image-preview":"max-image-preview:large","max-video-preview":"max-video-preview:-1"},"canonical":"https:\/\/crystalbubbleshop.com\/ca\/coleccion-mujer\/la-moda-petite-ca\/capsa-sorpresa-roba\/","og_locale":"en_US","og_type":"article","og_title":"Capsa Sorpresa Moda amb Assessorament - CRYSTAL BUBBLE","og_description":"CrystalBox: Gaudeix la millor Capsa Sorpresa en Moda amb Assessorament de Barcelona. L' aut\u00e8ntica Mystery Suprise Box per a dones cosmopolites.","og_url":"https:\/\/crystalbubbleshop.com\/ca\/coleccion-mujer\/la-moda-petite-ca\/capsa-sorpresa-roba\/","og_site_name":"CRYSTAL BUBBLE Boutique","article_publisher":"http:\/\/www.facebook.com\/crystalbubble1","article_modified_time":"2023-07-15T17:27:55+00:00","og_image":[{"width":1080,"height":1350,"url":"https:\/\/crystalbubbleshop.com\/wp-content\/uploads\/2019\/02\/crystalbox-capsa-sorpresa-barcelona.png","type":"image\/png"}],"twitter_card":"summary_large_image","twitter_site":"@crystalbubble1","schema":{"@context":"https:\/\/schema.org","@graph":[{"@type":"WebPage","@id":"https:\/\/crystalbubbleshop.com\/ca\/capsa-sorpresa-moda-assessorament\/","url":"https:\/\/crystalbubbleshop.com\/ca\/coleccion-mujer\/la-moda-petite-ca\/capsa-sorpresa-roba\/","name":"Capsa Sorpresa Moda amb Assessorament - CRYSTAL BUBBLE","isPartOf":{"@id":"https:\/\/crystalbubbleshop.com\/#website"},"datePublished":"2019-02-09T08:00:42+00:00","dateModified":"2023-07-15T17:27:55+00:00","description":"CrystalBox: Gaudeix la millor Capsa Sorpresa en Moda amb Assessorament de Barcelona. L' aut\u00e8ntica Mystery Suprise Box per a dones cosmopolites.","breadcrumb":{"@id":"https:\/\/crystalbubbleshop.com\/ca\/coleccion-mujer\/la-moda-petite-ca\/capsa-sorpresa-roba\/#breadcrumb"},"inLanguage":"cat-cat","potentialAction":[{"@type":"ReadAction","target":["https:\/\/crystalbubbleshop.com\/ca\/coleccion-mujer\/la-moda-petite-ca\/capsa-sorpresa-roba\/"]}]},{"@type":"BreadcrumbList","@id":"https:\/\/crystalbubbleshop.com\/ca\/coleccion-mujer\/la-moda-petite-ca\/capsa-sorpresa-roba\/#breadcrumb","itemListElement":[{"@type":"ListItem","position":1,"name":"Portada","item":"https:\/\/crystalbubbleshop.com\/ca\/"},{"@type":"ListItem","position":2,"name":"Boutique","item":"https:\/\/crystalbubbleshop.com\/ca\/boutique\/"},{"@type":"ListItem","position":3,"name":"Capsa Sorpresa Moda amb Assessorament"}]},{"@type":"WebSite","@id":"https:\/\/crystalbubbleshop.com\/#website","url":"https:\/\/crystalbubbleshop.com\/","name":"CRYSTAL BUBBLE Boutique","description":"Moda y Asesoramiento","publisher":{"@id":"https:\/\/crystalbubbleshop.com\/#organization"},"potentialAction":[{"@type":"SearchAction","target":{"@type":"EntryPoint","urlTemplate":"https:\/\/crystalbubbleshop.com\/?s={search_term_string}"},"query-input":"required name=search_term_string"}],"inLanguage":"cat-cat"},{"@type":"Organization","@id":"https:\/\/crystalbubbleshop.com\/#organization","name":"CRYSTAL BUBBLE Boutique | Moda y Asesoramiento","url":"https:\/\/crystalbubbleshop.com\/","logo":{"@type":"ImageObject","inLanguage":"cat-cat","@id":"https:\/\/crystalbubbleshop.com\/#\/schema\/logo\/image\/","url":"https:\/\/crystalbubbleshop.com\/wp-content\/uploads\/2021\/04\/logo-crystal-bubble-boutique-e1644177749381.jpg","contentUrl":"https:\/\/crystalbubbleshop.com\/wp-content\/uploads\/2021\/04\/logo-crystal-bubble-boutique-e1644177749381.jpg","width":150,"height":150,"caption":"CRYSTAL BUBBLE Boutique | Moda y Asesoramiento"},"image":{"@id":"https:\/\/crystalbubbleshop.com\/#\/schema\/logo\/image\/"},"sameAs":["http:\/\/www.facebook.com\/crystalbubble1","https:\/\/twitter.com\/crystalbubble1","https:\/\/instagram.com\/crystalbubbleboutique","https:\/\/www.linkedin.com\/company\/crystal-bubble-boutique","https:\/\/pinterest.com\/crystalbubbleboutique","https:\/\/www.youtube.com\/crystalbubbleboutique","https:\/\/www.tiktok.com\/crystalbubbleboutique"]}]}},"_links":{"self":[{"href":"https:\/\/crystalbubbleshop.com\/ca\/wp-json\/wp\/v2\/product\/19537"}],"collection":[{"href":"https:\/\/crystalbubbleshop.com\/ca\/wp-json\/wp\/v2\/product"}],"about":[{"href":"https:\/\/crystalbubbleshop.com\/ca\/wp-json\/wp\/v2\/types\/product"}],"replies":[{"embeddable":true,"href":"https:\/\/crystalbubbleshop.com\/ca\/wp-json\/wp\/v2\/comments?post=19537"}],"wp:featuredmedia":[{"embeddable":true,"href":"https:\/\/crystalbubbleshop.com\/ca\/wp-json\/wp\/v2\/media\/24622"}],"wp:attachment":[{"href":"https:\/\/crystalbubbleshop.com\/ca\/wp-json\/wp\/v2\/media?parent=19537"}],"wp:term":[{"taxonomy":"product_cat","embeddable":true,"href":"https:\/\/crystalbubbleshop.com\/ca\/wp-json\/wp\/v2\/product_cat?post=19537"},{"taxonomy":"product_tag","embeddable":true,"href":"https:\/\/crystalbubbleshop.com\/ca\/wp-json\/wp\/v2\/product_tag?post=19537"}],"curies":[{"name":"wp","href":"https:\/\/api.w.org\/{rel}","templated":true}]}}