{"id":24213,"date":"2022-09-24T12:58:12","date_gmt":"2022-09-24T10:58:12","guid":{"rendered":"https:\/\/crystalbubbleshop.com\/capsa-sorpresa-moda-solidaria\/"},"modified":"2023-06-25T16:29:34","modified_gmt":"2023-06-25T14:29:34","slug":"capsa-sorpresa-moda-solidaria","status":"publish","type":"product","link":"https:\/\/crystalbubbleshop.com\/ca\/capsa-sorpresa-moda-solidaria\/","title":{"rendered":"Capsa Sorpresa Moda Solid\u00e0ria"},"content":{"rendered":"<h3 id=\"crystalbox-solidaria\" style=\"font-size: 24px; text-align: left;\"><span style=\"color: #702f8a;\">CrystalBox Solid\u00e0ria<\/span><\/h3>\n<p style=\"font-size: 24px; text-align: left;\"><span style=\"color: #000000;\">La capsa sorpresa <em>CrystalBox Solid\u00e0ria<\/em> \u00e9s una capsa preparada especialment pensant en el teu estil, cont\u00e9 3 accessoris sorpresa de moda per a dona, i inclou un assessorament d&#8217;imatge en l\u00ednia. Aquesta capsa solid\u00e0ria \u00e9s edici\u00f3 limitada i est\u00e0 valorada en m\u00e9s de 335\u20ac, si b\u00e9 pagar\u00e0s nom\u00e9s 135\u20ac. <\/span><\/p>\n<p style=\"font-size: 24px; text-align: left;\"><span style=\"color: #000000;\">El contingut \u00e9s 100% solidari, i destaca per incloure collarets, polseres, arrecades, clauers recordatoris, i\/o fulards. A difer\u00e8ncia d&#8217;altres capses sorpreses, la <em>CrystalBox Solid\u00e0ria<\/em>\u00a0by <a href=\"https:\/\/crystalbubbleshop.com\/la-marca\/\">CRYSTAL BUBBLE<\/a> inclou una sessi\u00f3 d&#8217; assessorament en l\u00ednia sense data de caducitat, que podr\u00e0s gaudir en qualsevol moment, o regalar per a qui tu vulguis. <\/span><\/p>\n<p style=\"font-size: 24px; text-align: left;\"><span style=\"color: #000000;\">Un cop rebuda la teva comanda, la teva Assessora d&#8217;Imatge et contactar\u00e0 per con\u00e8ixer m\u00e9s sobre els teus gustos. Si tenies previst regalar la sessi\u00f3 d&#8217;assessorament d&#8217;imatge en l\u00ednia, o simplement realitzar-la en un altre moment, comenta-li-ho quan es posi en contacte amb tu. Aquesta personalitzaci\u00f3 de l&#8217;Assessoria d&#8217;Image \u00e9s la nostra forma de donar-te les gr\u00e0cies per la teva compra solid\u00e0ria que ajuda a salvar vides.<\/span><\/p>\n<h3 id=\"somriu-li-a-la-vida\" style=\"font-size: 24px; text-align: left;\"><span style=\"color: #702f8a;\">Somriu-li a la vida! <\/span><\/h3>\n<p style=\"font-size: 24px; text-align: left;\"><span style=\"color: #000000;\">La teva compra ajuda una molt bona causa. Amb la capsa sorpresa <em>CrystalBox Solid\u00e0ria<\/em>\u00a0by <a href=\"https:\/\/crystalbubbleshop.com\/la-marca\/\">CRYSTAL BUBBLE<\/a> contribuir\u00e0s a la recerca contra el c\u00e0ncer (iniciativa <a href=\"http:\/\/crystalbubbleshop.com\/contra-el-cancer\/\">HC-R-2023\/0021<\/a>\u00a0a favor de l&#8217; <a href=\"https:\/\/www.lavanguardia.com\/vida\/20190323\/461173223415\/la-caixa-45-millones-impulsar-inmunoterapia-clinic.html\" target=\"_blank\" rel=\"noopener\">Hospital Cl\u00ednic de Barcelona<\/a>) i per aix\u00f2 et donem les gr\u00e0cies.<\/span><\/p>\n<h3 id=\"gracies-per-ajudar\" style=\"font-size: 24px; text-align: left;\"><span style=\"color: #702f8a;\">Gr\u00e0cies per ajudar! <\/span><\/h3>\n<p style=\"font-size: 24px; text-align: left;\"><span style=\"color: #000000;\">Ens ajudes a donar a con\u00e8ixer l&#8217;iniciativa de moda solid\u00e0ria que <a href=\"https:\/\/crystalbubbleshop.com\/ca\/lluita-contra-el-cancer\/\">lluita contra el c\u00e0ncer a favor del Hospital Clinic de Barcelona<\/a>? <a href=\"https:\/\/cbbrilla.com\/\" target=\"_blank\" rel=\"noopener\">Descobreix i divulga totes les activitats<\/a> que realitzem a trav\u00e9s de la moda per ajudar a la salud de les dones. Si publiques en xarxes socials, <a href=\"https:\/\/www.instagram.com\/crystalbubbleboutique\/\" target=\"_blank\" rel=\"noopener\">menciona&#8217;ns<\/a> per a que donguem ress\u00f2 al teu recolzament.<\/span><\/p>\n<h3 id=\"enviaments-i-canvis\" style=\"font-size: 24px; text-align: left;\"><span style=\"color: #702f8a;\">Enviaments i canvis<\/span><\/h3>\n<p style=\"font-size: 24px; text-align: left;\"><span style=\"color: #000000;\">Confirmar\u00e0s el tipus d&#8217; <a href=\"https:\/\/crystalbubbleshop.com\/envios\/\">enviament<\/a> a l&#8217;hora de tancar la comanda i abans de formalitzar el pagament. Sempre que et calgui, pots a m\u00e9s demanar cita al nostre <a href=\"https:\/\/crystalbubbleshop.com\/ca\/contactans\/#demana-cita\">servei de venda en l\u00ednia acompanyada<\/a>.<\/span><\/p>\n<p style=\"font-size: 24px; text-align: left;\"><span style=\"color: #000000;\">Tindr\u00e0s 2 dies per canviar la teva compra per productes del cat\u00e0leg en l\u00ednia, d&#8217;import igual o superior. Per a qu\u00e8 sigui possible, els articles han de conservar totes les etiquetes i emboltoris posats, i estar en perfecte estat. Revisa <a href=\"https:\/\/crystalbubbleshop.com\/envios\/#1624857983120-93d4e824-4bdf\">acomplir els requisits<\/a>.<\/span><\/p>\n","protected":false},"excerpt":{"rendered":"<h3 style=\"font-size: 24px; text-align: left;\"><span style=\"color: #702f8a;\">Fes-ho per tu, fes-ho per totes!<\/span><\/h3>\n<p style=\"font-size: 24px; text-align: left;\"><span style=\"color: #000000;\">Si et trobes en el costat solidari, i t&#8217;importa la salut de les dones, aquesta capsa sorpresa representa la teva forma de <a href=\"https:\/\/crystalbubbleshop.com\/contra-el-cancer\/\">recolzar la salut de les dones<\/a> directament a trav\u00e9s de les teves compres, sense donacions ni arrodoniments en els pagaments per la teva banda. Llueix bijuteria solid\u00e0ria i bonics accessoris. La capsa inclou assessorament d&#8217;imatge en l\u00ednia gratu\u00eft, per a tu o per regalar.<\/span><\/p>\n<p style=\"font-size: 24px; text-align: left;\"><span style=\"color: #702f8a;\">Tanca la teva comanda escollint el teu color preferit. De l&#8217;estil se n&#8217;encarregar\u00e0 la teva Assessora d&#8217;Imatge, et contactar\u00e0 una vegada confirmada la comanda.<\/span><\/p>\n<p><span style=\"color: #000000;\"><img decoding=\"async\" loading=\"lazy\" class=\"alignnone wp-image-17003\" title=\"comprar online prendas disponibles al d\u00eda siguiente y con env\u00edo inmediato\" src=\"https:\/\/crystalbubbleshop.com\/wp-content\/uploads\/2021\/05\/entrega-crystal-bubble-boutique.png\" alt=\"\" width=\"37\" height=\"37\" srcset=\"https:\/\/crystalbubbleshop.com\/wp-content\/uploads\/2021\/05\/entrega-crystal-bubble-boutique.png 225w, https:\/\/crystalbubbleshop.com\/wp-content\/uploads\/2021\/05\/entrega-crystal-bubble-boutique-150x150.png 150w, https:\/\/crystalbubbleshop.com\/wp-content\/uploads\/2021\/05\/entrega-crystal-bubble-boutique-80x80.png 80w, https:\/\/crystalbubbleshop.com\/wp-content\/uploads\/2021\/05\/entrega-crystal-bubble-boutique-100x100.png 100w\" sizes=\"(max-width: 37px) 100vw, 37px\" \/> Edici\u00f3 especial<\/span><span style=\"color: #000000;\">\u00a0<a href=\"https:\/\/crystalbubbleshop.com\/como-comprar\/\"><img decoding=\"async\" loading=\"lazy\" class=\"alignnone wp-image-21778\" title=\"al comprar online ropa de mujer el precio viene con iva incluido\" src=\"https:\/\/crystalbubbleshop.com\/wp-content\/uploads\/2022\/01\/impuestos-incluidos.png\" alt=\"iva incluido\" width=\"41\" height=\"41\" srcset=\"https:\/\/crystalbubbleshop.com\/wp-content\/uploads\/2022\/01\/impuestos-incluidos.png 225w, https:\/\/crystalbubbleshop.com\/wp-content\/uploads\/2022\/01\/impuestos-incluidos-150x150.png 150w, https:\/\/crystalbubbleshop.com\/wp-content\/uploads\/2022\/01\/impuestos-incluidos-80x80.png 80w, https:\/\/crystalbubbleshop.com\/wp-content\/uploads\/2022\/01\/impuestos-incluidos-100x100.png 100w\" sizes=\"(max-width: 41px) 100vw, 41px\" \/><\/a>Impostos inclosos<\/span><\/p>\n<hr \/>\n<p><span style=\"color: #000000;\">Formes de pagament admeses<\/span><\/p>\n<p><img decoding=\"async\" loading=\"lazy\" class=\"alignnone wp-image-24193\" src=\"https:\/\/crystalbubbleshop.com\/wp-content\/uploads\/2022\/12\/pago-visa-caixabank.png\" alt=\"\" width=\"66\" height=\"41\" \/> <img decoding=\"async\" loading=\"lazy\" class=\"alignnone wp-image-24190\" src=\"https:\/\/crystalbubbleshop.com\/wp-content\/uploads\/2022\/12\/pago-mastercard-caixabank.png\" alt=\"\" width=\"64\" height=\"40\" \/> <img decoding=\"async\" loading=\"lazy\" class=\"alignnone wp-image-24877\" src=\"https:\/\/crystalbubbleshop.com\/wp-content\/uploads\/2022\/12\/pago-seguro-sepa.png\" alt=\"\" width=\"64\" height=\"40\" \/><\/p>\n","protected":false},"featured_media":23415,"comment_status":"closed","ping_status":"closed","template":"","meta":[],"product_cat":[523],"product_tag":[],"acf":[],"yoast_head":"<!-- This site is optimized with the Yoast SEO plugin v21.1 - https:\/\/yoast.com\/wordpress\/plugins\/seo\/ -->\n<title>Capsa Sorpresa Moda Solid\u00e0ria - CRYSTAL BUBBLE Boutique<\/title>\n<meta name=\"description\" content=\"CrystalBox Solid\u00e0ria: Capsa Sorpresa Moda amb Assessorament Solid\u00e0ria. Contingut \u00e9s 100% solidari, i recolza la recerca biom\u00e8dica en favor de la salut.\" \/>\n<meta name=\"robots\" content=\"index, follow, max-snippet:-1, max-image-preview:large, max-video-preview:-1\" \/>\n<link rel=\"canonical\" href=\"https:\/\/crystalbubbleshop.com\/ca\/capsa-sorpresa-moda-assessorament\/\" \/>\n<meta property=\"og:locale\" content=\"en_US\" \/>\n<meta property=\"og:type\" content=\"article\" \/>\n<meta property=\"og:title\" content=\"Capsa Sorpresa Moda Solid\u00e0ria - CRYSTAL BUBBLE Boutique\" \/>\n<meta property=\"og:description\" content=\"CrystalBox Solid\u00e0ria: Capsa Sorpresa Moda amb Assessorament Solid\u00e0ria. Contingut \u00e9s 100% solidari, i recolza la recerca biom\u00e8dica en favor de la salut.\" \/>\n<meta property=\"og:url\" content=\"https:\/\/crystalbubbleshop.com\/ca\/capsa-sorpresa-moda-assessorament\/\" \/>\n<meta property=\"og:site_name\" content=\"CRYSTAL BUBBLE Boutique\" \/>\n<meta property=\"article:publisher\" content=\"http:\/\/www.facebook.com\/crystalbubble1\" \/>\n<meta property=\"article:modified_time\" content=\"2023-06-25T14:29:34+00:00\" \/>\n<meta property=\"og:image\" content=\"https:\/\/crystalbubbleshop.com\/wp-content\/uploads\/2022\/09\/caja-sorpresa-solidaria-contra-el-cancer-crystal-bubble-boutique.png\" \/>\n\t<meta property=\"og:image:width\" content=\"1080\" \/>\n\t<meta property=\"og:image:height\" content=\"1350\" \/>\n\t<meta property=\"og:image:type\" content=\"image\/png\" \/>\n<meta name=\"twitter:card\" content=\"summary_large_image\" \/>\n<meta name=\"twitter:site\" content=\"@crystalbubble1\" \/>\n<script type=\"application\/ld+json\" class=\"yoast-schema-graph\">{\"@context\":\"https:\/\/schema.org\",\"@graph\":[{\"@type\":\"WebPage\",\"@id\":\"https:\/\/crystalbubbleshop.com\/ca\/capsa-sorpresa-moda-solidaria\/\",\"url\":\"https:\/\/crystalbubbleshop.com\/ca\/capsa-sorpresa-moda-assessorament\/\",\"name\":\"Capsa Sorpresa Moda Solid\u00e0ria - CRYSTAL BUBBLE Boutique\",\"isPartOf\":{\"@id\":\"https:\/\/crystalbubbleshop.com\/#website\"},\"datePublished\":\"2022-09-24T10:58:12+00:00\",\"dateModified\":\"2023-06-25T14:29:34+00:00\",\"description\":\"CrystalBox Solid\u00e0ria: Capsa Sorpresa Moda amb Assessorament Solid\u00e0ria. Contingut \u00e9s 100% solidari, i recolza la recerca biom\u00e8dica en favor de la salut.\",\"breadcrumb\":{\"@id\":\"https:\/\/crystalbubbleshop.com\/ca\/capsa-sorpresa-moda-assessorament\/#breadcrumb\"},\"inLanguage\":\"cat-cat\",\"potentialAction\":[{\"@type\":\"ReadAction\",\"target\":[\"https:\/\/crystalbubbleshop.com\/ca\/capsa-sorpresa-moda-assessorament\/\"]}]},{\"@type\":\"BreadcrumbList\",\"@id\":\"https:\/\/crystalbubbleshop.com\/ca\/capsa-sorpresa-moda-assessorament\/#breadcrumb\",\"itemListElement\":[{\"@type\":\"ListItem\",\"position\":1,\"name\":\"Portada\",\"item\":\"https:\/\/crystalbubbleshop.com\/ca\/\"},{\"@type\":\"ListItem\",\"position\":2,\"name\":\"Boutique\",\"item\":\"https:\/\/crystalbubbleshop.com\/ca\/boutique\/\"},{\"@type\":\"ListItem\",\"position\":3,\"name\":\"Capsa Sorpresa Moda Solid\u00e0ria\"}]},{\"@type\":\"WebSite\",\"@id\":\"https:\/\/crystalbubbleshop.com\/#website\",\"url\":\"https:\/\/crystalbubbleshop.com\/\",\"name\":\"CRYSTAL BUBBLE Boutique\",\"description\":\"Moda y Asesoramiento\",\"publisher\":{\"@id\":\"https:\/\/crystalbubbleshop.com\/#organization\"},\"potentialAction\":[{\"@type\":\"SearchAction\",\"target\":{\"@type\":\"EntryPoint\",\"urlTemplate\":\"https:\/\/crystalbubbleshop.com\/?s={search_term_string}\"},\"query-input\":\"required name=search_term_string\"}],\"inLanguage\":\"cat-cat\"},{\"@type\":\"Organization\",\"@id\":\"https:\/\/crystalbubbleshop.com\/#organization\",\"name\":\"CRYSTAL BUBBLE Boutique | Moda y Asesoramiento\",\"url\":\"https:\/\/crystalbubbleshop.com\/\",\"logo\":{\"@type\":\"ImageObject\",\"inLanguage\":\"cat-cat\",\"@id\":\"https:\/\/crystalbubbleshop.com\/#\/schema\/logo\/image\/\",\"url\":\"https:\/\/crystalbubbleshop.com\/wp-content\/uploads\/2021\/04\/logo-crystal-bubble-boutique-e1644177749381.jpg\",\"contentUrl\":\"https:\/\/crystalbubbleshop.com\/wp-content\/uploads\/2021\/04\/logo-crystal-bubble-boutique-e1644177749381.jpg\",\"width\":150,\"height\":150,\"caption\":\"CRYSTAL BUBBLE Boutique | Moda y Asesoramiento\"},\"image\":{\"@id\":\"https:\/\/crystalbubbleshop.com\/#\/schema\/logo\/image\/\"},\"sameAs\":[\"http:\/\/www.facebook.com\/crystalbubble1\",\"https:\/\/twitter.com\/crystalbubble1\",\"https:\/\/instagram.com\/crystalbubbleboutique\",\"https:\/\/www.linkedin.com\/company\/crystal-bubble-boutique\",\"https:\/\/pinterest.com\/crystalbubbleboutique\",\"https:\/\/www.youtube.com\/crystalbubbleboutique\",\"https:\/\/www.tiktok.com\/crystalbubbleboutique\"]}]}<\/script>\n<!-- \/ Yoast SEO plugin. -->","yoast_head_json":{"title":"Capsa Sorpresa Moda Solid\u00e0ria - CRYSTAL BUBBLE Boutique","description":"CrystalBox Solid\u00e0ria: Capsa Sorpresa Moda amb Assessorament Solid\u00e0ria. Contingut \u00e9s 100% solidari, i recolza la recerca biom\u00e8dica en favor de la salut.","robots":{"index":"index","follow":"follow","max-snippet":"max-snippet:-1","max-image-preview":"max-image-preview:large","max-video-preview":"max-video-preview:-1"},"canonical":"https:\/\/crystalbubbleshop.com\/ca\/capsa-sorpresa-moda-assessorament\/","og_locale":"en_US","og_type":"article","og_title":"Capsa Sorpresa Moda Solid\u00e0ria - CRYSTAL BUBBLE Boutique","og_description":"CrystalBox Solid\u00e0ria: Capsa Sorpresa Moda amb Assessorament Solid\u00e0ria. Contingut \u00e9s 100% solidari, i recolza la recerca biom\u00e8dica en favor de la salut.","og_url":"https:\/\/crystalbubbleshop.com\/ca\/capsa-sorpresa-moda-assessorament\/","og_site_name":"CRYSTAL BUBBLE Boutique","article_publisher":"http:\/\/www.facebook.com\/crystalbubble1","article_modified_time":"2023-06-25T14:29:34+00:00","og_image":[{"width":1080,"height":1350,"url":"https:\/\/crystalbubbleshop.com\/wp-content\/uploads\/2022\/09\/caja-sorpresa-solidaria-contra-el-cancer-crystal-bubble-boutique.png","type":"image\/png"}],"twitter_card":"summary_large_image","twitter_site":"@crystalbubble1","schema":{"@context":"https:\/\/schema.org","@graph":[{"@type":"WebPage","@id":"https:\/\/crystalbubbleshop.com\/ca\/capsa-sorpresa-moda-solidaria\/","url":"https:\/\/crystalbubbleshop.com\/ca\/capsa-sorpresa-moda-assessorament\/","name":"Capsa Sorpresa Moda Solid\u00e0ria - CRYSTAL BUBBLE Boutique","isPartOf":{"@id":"https:\/\/crystalbubbleshop.com\/#website"},"datePublished":"2022-09-24T10:58:12+00:00","dateModified":"2023-06-25T14:29:34+00:00","description":"CrystalBox Solid\u00e0ria: Capsa Sorpresa Moda amb Assessorament Solid\u00e0ria. Contingut \u00e9s 100% solidari, i recolza la recerca biom\u00e8dica en favor de la salut.","breadcrumb":{"@id":"https:\/\/crystalbubbleshop.com\/ca\/capsa-sorpresa-moda-assessorament\/#breadcrumb"},"inLanguage":"cat-cat","potentialAction":[{"@type":"ReadAction","target":["https:\/\/crystalbubbleshop.com\/ca\/capsa-sorpresa-moda-assessorament\/"]}]},{"@type":"BreadcrumbList","@id":"https:\/\/crystalbubbleshop.com\/ca\/capsa-sorpresa-moda-assessorament\/#breadcrumb","itemListElement":[{"@type":"ListItem","position":1,"name":"Portada","item":"https:\/\/crystalbubbleshop.com\/ca\/"},{"@type":"ListItem","position":2,"name":"Boutique","item":"https:\/\/crystalbubbleshop.com\/ca\/boutique\/"},{"@type":"ListItem","position":3,"name":"Capsa Sorpresa Moda Solid\u00e0ria"}]},{"@type":"WebSite","@id":"https:\/\/crystalbubbleshop.com\/#website","url":"https:\/\/crystalbubbleshop.com\/","name":"CRYSTAL BUBBLE Boutique","description":"Moda y Asesoramiento","publisher":{"@id":"https:\/\/crystalbubbleshop.com\/#organization"},"potentialAction":[{"@type":"SearchAction","target":{"@type":"EntryPoint","urlTemplate":"https:\/\/crystalbubbleshop.com\/?s={search_term_string}"},"query-input":"required name=search_term_string"}],"inLanguage":"cat-cat"},{"@type":"Organization","@id":"https:\/\/crystalbubbleshop.com\/#organization","name":"CRYSTAL BUBBLE Boutique | Moda y Asesoramiento","url":"https:\/\/crystalbubbleshop.com\/","logo":{"@type":"ImageObject","inLanguage":"cat-cat","@id":"https:\/\/crystalbubbleshop.com\/#\/schema\/logo\/image\/","url":"https:\/\/crystalbubbleshop.com\/wp-content\/uploads\/2021\/04\/logo-crystal-bubble-boutique-e1644177749381.jpg","contentUrl":"https:\/\/crystalbubbleshop.com\/wp-content\/uploads\/2021\/04\/logo-crystal-bubble-boutique-e1644177749381.jpg","width":150,"height":150,"caption":"CRYSTAL BUBBLE Boutique | Moda y Asesoramiento"},"image":{"@id":"https:\/\/crystalbubbleshop.com\/#\/schema\/logo\/image\/"},"sameAs":["http:\/\/www.facebook.com\/crystalbubble1","https:\/\/twitter.com\/crystalbubble1","https:\/\/instagram.com\/crystalbubbleboutique","https:\/\/www.linkedin.com\/company\/crystal-bubble-boutique","https:\/\/pinterest.com\/crystalbubbleboutique","https:\/\/www.youtube.com\/crystalbubbleboutique","https:\/\/www.tiktok.com\/crystalbubbleboutique"]}]}},"_links":{"self":[{"href":"https:\/\/crystalbubbleshop.com\/ca\/wp-json\/wp\/v2\/product\/24213"}],"collection":[{"href":"https:\/\/crystalbubbleshop.com\/ca\/wp-json\/wp\/v2\/product"}],"about":[{"href":"https:\/\/crystalbubbleshop.com\/ca\/wp-json\/wp\/v2\/types\/product"}],"replies":[{"embeddable":true,"href":"https:\/\/crystalbubbleshop.com\/ca\/wp-json\/wp\/v2\/comments?post=24213"}],"wp:featuredmedia":[{"embeddable":true,"href":"https:\/\/crystalbubbleshop.com\/ca\/wp-json\/wp\/v2\/media\/23415"}],"wp:attachment":[{"href":"https:\/\/crystalbubbleshop.com\/ca\/wp-json\/wp\/v2\/media?parent=24213"}],"wp:term":[{"taxonomy":"product_cat","embeddable":true,"href":"https:\/\/crystalbubbleshop.com\/ca\/wp-json\/wp\/v2\/product_cat?post=24213"},{"taxonomy":"product_tag","embeddable":true,"href":"https:\/\/crystalbubbleshop.com\/ca\/wp-json\/wp\/v2\/product_tag?post=24213"}],"curies":[{"name":"wp","href":"https:\/\/api.w.org\/{rel}","templated":true}]}}