{"id":24258,"date":"2022-06-11T14:57:33","date_gmt":"2022-06-11T12:57:33","guid":{"rendered":"https:\/\/crystalbubbleshop.com\/capsa-sorpresa-essencial-moda-assessorament\/"},"modified":"2023-06-25T11:01:10","modified_gmt":"2023-06-25T09:01:10","slug":"capsa-sorpresa-essencial-moda-assessorament","status":"publish","type":"product","link":"https:\/\/crystalbubbleshop.com\/ca\/capsa-sorpresa-essencial-moda-assessorament\/","title":{"rendered":"Capsa Sorpresa Essencial Moda amb Assessorament"},"content":{"rendered":"<h3 id=\"apren-una-mica-mes-sobre-tu\" style=\"font-size: 24px; text-align: left;\"><span style=\"color: #702f8a;\">Apr\u00e8n una mica m\u00e9s sobre tu<\/span><\/h3>\n<p style=\"font-size: 24px; text-align: left;\"><span style=\"color: #000000;\">Amb la caixa sorpresa essencial de moda, la <em>CrystalBox Essencial<\/em>, tens la clau per con\u00e8ixe&#8217;t millor a trav\u00e9s de l&#8217;art de combinar roba i accessoris. Exprem-ho posant en pr\u00e0ctica els consells d&#8217;estilisme que et facilitar\u00e0 una Assessora d&#8217;Imatge experta. Treu partit a la teva constituci\u00f3, lluint nous outfits sorpresa.<\/span><\/p>\n<h3 id=\"regala-te-la-amb-temps\" style=\"font-size: 24px; text-align: left;\"><span style=\"color: #702f8a;\">Regala-te-la amb temps<\/span><\/h3>\n<p style=\"font-size: 24px; text-align: left;\"><span style=\"color: #000000;\">Una bona cosmopolita sap que el vestuari no la limita l&#8217;anar a on una es proposi. \u00c9s por aix\u00f2 que aquesta <a href=\"https:\/\/www.youtube.com\/watch?v=vmXzcfMBRgA\" target=\"_blank\" rel=\"noopener\">capsa sorpresa<\/a> essencial de moda amb assessorament \u00e9s una excel\u00b7lent oportunitat per a que la sorpresa sigui de roba de la propera temporada, quatre estacions a l&#8217;any. Podr\u00e0s sol\u00b7licitar-ho mentres et possis al dia amb la teva Assessora d&#8217; Imatge, un cop confirmada la comanda. T&#8217;ho perdr\u00e0s?<\/span><\/p>\n<h3 id=\"crystalbox-essencial\" style=\"font-size: 24px; text-align: left;\"><span style=\"color: #702f8a;\">CrystalBox Essencial<\/span><\/h3>\n<p style=\"font-size: 24px; text-align: left;\"><span style=\"color: #000000;\">Cont\u00e9 dos nous productes d&#8217;estil cosmopolita i totalment sorpresa: roba, collaret, bossa, fulard i\/o xal. La capsa sorpresa de CrystalBox en la <em>Modalidad Essencial<\/em>\u00a0by <a href=\"https:\/\/crystalbubbleshop.com\/la-marca\/\">CRYSTAL BUBBLE<\/a> inclou una sessi\u00f3 d&#8217; assessorament per a l&#8217; usuaria del contingut.\u00a0<\/span><\/p>\n","protected":false},"excerpt":{"rendered":"<h3 style=\"font-size: 24px; text-align: left;\"><span style=\"color: #702f8a;\">Comences a con\u00e8ixer el teu cos?<\/span><\/h3>\n<p style=\"font-size: 24px; text-align: left;\"><span style=\"color: #000000;\">Continua coneixent-te amb la <em>CrystalBox Esencial<\/em>, d\u00f3na&#8217;t el gust d&#8217;una sorpresa en moda totalment assessorada i sorpr\u00e8n-te amb consells d&#8217;estil positius. Aconsegueix un bonic outfit i consells de moda.\u00a0<\/span><\/p>\n<h3 style=\"font-size: 24px; text-align: left;\"><span style=\"color: #702f8a;\">\u00a1Atr\u00e9vete a querer siempre un poco m\u00e1s! <\/span><\/h3>\n<p style=\"font-size: 24px; text-align: left;\"><span style=\"color: #000000;\">La capsa sorpresa essencial moda, <em>CrystalBox Essencial<\/em>\u00a0by <a href=\"https:\/\/crystalbubbleshop.com\/la-marca\/\">CRYSTAL BUBBLE<\/a> es la capsa essencial que et permet estrenar noves combinacions de moda, mentre perfecciones el teu estilisme per llu\u00efr-les.<\/span><\/p>\n<p style=\"font-size: 24px; text-align: left;\"><span style=\"color: #702f8a;\">Per tancar la comanda, escull un color. De la talla i de l\u2019estil se n\u2019ocupar\u00e0 la teva Assessora d\u2019Imatge, et contactar\u00e0 un cop confirmada la comanda.<\/span><\/p>\n<p><span style=\"color: #000000;\"><img decoding=\"async\" loading=\"lazy\" class=\"alignnone wp-image-17003\" title=\"comprar online prendas disponibles al d\u00eda siguiente y con env\u00edo inmediato\" src=\"https:\/\/crystalbubbleshop.com\/wp-content\/uploads\/2021\/05\/entrega-crystal-bubble-boutique.png\" alt=\"\" width=\"37\" height=\"37\" srcset=\"https:\/\/crystalbubbleshop.com\/wp-content\/uploads\/2021\/05\/entrega-crystal-bubble-boutique.png 225w, https:\/\/crystalbubbleshop.com\/wp-content\/uploads\/2021\/05\/entrega-crystal-bubble-boutique-150x150.png 150w, https:\/\/crystalbubbleshop.com\/wp-content\/uploads\/2021\/05\/entrega-crystal-bubble-boutique-80x80.png 80w, https:\/\/crystalbubbleshop.com\/wp-content\/uploads\/2021\/05\/entrega-crystal-bubble-boutique-100x100.png 100w\" sizes=\"(max-width: 37px) 100vw, 37px\" \/> Enviament inmediat<\/span><span style=\"color: #000000;\">\u00a0<a href=\"https:\/\/crystalbubbleshop.com\/como-comprar\/\"><img decoding=\"async\" loading=\"lazy\" class=\"alignnone wp-image-21778\" title=\"al comprar online ropa de mujer el precio viene con iva incluido\" src=\"https:\/\/crystalbubbleshop.com\/wp-content\/uploads\/2022\/01\/impuestos-incluidos.png\" alt=\"iva incluido\" width=\"41\" height=\"41\" srcset=\"https:\/\/crystalbubbleshop.com\/wp-content\/uploads\/2022\/01\/impuestos-incluidos.png 225w, https:\/\/crystalbubbleshop.com\/wp-content\/uploads\/2022\/01\/impuestos-incluidos-150x150.png 150w, https:\/\/crystalbubbleshop.com\/wp-content\/uploads\/2022\/01\/impuestos-incluidos-80x80.png 80w, https:\/\/crystalbubbleshop.com\/wp-content\/uploads\/2022\/01\/impuestos-incluidos-100x100.png 100w\" sizes=\"(max-width: 41px) 100vw, 41px\" \/><\/a>Impostos inclosos<\/span><\/p>\n<hr \/>\n<p><span style=\"color: #000000;\">Formes de pagament admeses<\/span><\/p>\n<p><img decoding=\"async\" loading=\"lazy\" class=\"alignnone wp-image-24193\" src=\"https:\/\/crystalbubbleshop.com\/wp-content\/uploads\/2022\/12\/pago-visa-caixabank.png\" alt=\"\" width=\"66\" height=\"41\" \/> <img decoding=\"async\" loading=\"lazy\" class=\"alignnone wp-image-24190\" src=\"https:\/\/crystalbubbleshop.com\/wp-content\/uploads\/2022\/12\/pago-mastercard-caixabank.png\" alt=\"\" width=\"64\" height=\"40\" \/> <img decoding=\"async\" loading=\"lazy\" class=\"alignnone wp-image-24877\" src=\"https:\/\/crystalbubbleshop.com\/wp-content\/uploads\/2022\/12\/pago-seguro-sepa.png\" alt=\"\" width=\"64\" height=\"40\" \/><\/p>\n","protected":false},"featured_media":24635,"comment_status":"closed","ping_status":"closed","template":"","meta":[],"product_cat":[523],"product_tag":[],"acf":[],"yoast_head":"<!-- This site is optimized with the Yoast SEO plugin v21.1 - https:\/\/yoast.com\/wordpress\/plugins\/seo\/ -->\n<title>Capsa Sorpresa Essencial Moda i Assessorament CRYSTAL BUBBLE<\/title>\n<meta name=\"description\" content=\"Atreveix-te a voler una mica m\u00e9s i escull la Capsa Sorpresa Essencial de Moda amb Assessorament, \u00e9s ideal per seguir el teu ritme de dona cosmopolita, tot l&#039;any.\" \/>\n<meta name=\"robots\" content=\"index, follow, max-snippet:-1, max-image-preview:large, max-video-preview:-1\" \/>\n<link rel=\"canonical\" href=\"https:\/\/crystalbubbleshop.com\/ca\/capsa-sorpresa-moda-assessorament\/\" \/>\n<meta property=\"og:locale\" content=\"en_US\" \/>\n<meta property=\"og:type\" content=\"article\" \/>\n<meta property=\"og:title\" content=\"Capsa Sorpresa Essencial Moda i Assessorament CRYSTAL BUBBLE\" \/>\n<meta property=\"og:description\" content=\"Atreveix-te a voler una mica m\u00e9s i escull la Capsa Sorpresa Essencial de Moda amb Assessorament, \u00e9s ideal per seguir el teu ritme de dona cosmopolita, tot l&#039;any.\" \/>\n<meta property=\"og:url\" content=\"https:\/\/crystalbubbleshop.com\/ca\/capsa-sorpresa-moda-assessorament\/\" \/>\n<meta property=\"og:site_name\" content=\"CRYSTAL BUBBLE Boutique\" \/>\n<meta property=\"article:publisher\" content=\"http:\/\/www.facebook.com\/crystalbubble1\" \/>\n<meta property=\"article:modified_time\" content=\"2023-06-25T09:01:10+00:00\" \/>\n<meta property=\"og:image\" content=\"https:\/\/crystalbubbleshop.com\/wp-content\/uploads\/2023\/01\/caja-sorpresa-moda-esencial.png\" \/>\n\t<meta property=\"og:image:width\" content=\"1080\" \/>\n\t<meta property=\"og:image:height\" content=\"1350\" \/>\n\t<meta property=\"og:image:type\" content=\"image\/png\" \/>\n<meta name=\"twitter:card\" content=\"summary_large_image\" \/>\n<meta name=\"twitter:site\" content=\"@crystalbubble1\" \/>\n<script type=\"application\/ld+json\" class=\"yoast-schema-graph\">{\"@context\":\"https:\/\/schema.org\",\"@graph\":[{\"@type\":\"WebPage\",\"@id\":\"https:\/\/crystalbubbleshop.com\/ca\/capsa-sorpresa-essencial-moda-assessorament\/\",\"url\":\"https:\/\/crystalbubbleshop.com\/ca\/capsa-sorpresa-moda-assessorament\/\",\"name\":\"Capsa Sorpresa Essencial Moda i Assessorament CRYSTAL BUBBLE\",\"isPartOf\":{\"@id\":\"https:\/\/crystalbubbleshop.com\/#website\"},\"datePublished\":\"2022-06-11T12:57:33+00:00\",\"dateModified\":\"2023-06-25T09:01:10+00:00\",\"description\":\"Atreveix-te a voler una mica m\u00e9s i escull la Capsa Sorpresa Essencial de Moda amb Assessorament, \u00e9s ideal per seguir el teu ritme de dona cosmopolita, tot l'any.\",\"breadcrumb\":{\"@id\":\"https:\/\/crystalbubbleshop.com\/ca\/capsa-sorpresa-moda-assessorament\/#breadcrumb\"},\"inLanguage\":\"cat-cat\",\"potentialAction\":[{\"@type\":\"ReadAction\",\"target\":[\"https:\/\/crystalbubbleshop.com\/ca\/capsa-sorpresa-moda-assessorament\/\"]}]},{\"@type\":\"BreadcrumbList\",\"@id\":\"https:\/\/crystalbubbleshop.com\/ca\/capsa-sorpresa-moda-assessorament\/#breadcrumb\",\"itemListElement\":[{\"@type\":\"ListItem\",\"position\":1,\"name\":\"Portada\",\"item\":\"https:\/\/crystalbubbleshop.com\/ca\/\"},{\"@type\":\"ListItem\",\"position\":2,\"name\":\"Boutique\",\"item\":\"https:\/\/crystalbubbleshop.com\/ca\/boutique\/\"},{\"@type\":\"ListItem\",\"position\":3,\"name\":\"Capsa Sorpresa Essencial Moda amb Assessorament\"}]},{\"@type\":\"WebSite\",\"@id\":\"https:\/\/crystalbubbleshop.com\/#website\",\"url\":\"https:\/\/crystalbubbleshop.com\/\",\"name\":\"CRYSTAL BUBBLE Boutique\",\"description\":\"Moda y Asesoramiento\",\"publisher\":{\"@id\":\"https:\/\/crystalbubbleshop.com\/#organization\"},\"potentialAction\":[{\"@type\":\"SearchAction\",\"target\":{\"@type\":\"EntryPoint\",\"urlTemplate\":\"https:\/\/crystalbubbleshop.com\/?s={search_term_string}\"},\"query-input\":\"required name=search_term_string\"}],\"inLanguage\":\"cat-cat\"},{\"@type\":\"Organization\",\"@id\":\"https:\/\/crystalbubbleshop.com\/#organization\",\"name\":\"CRYSTAL BUBBLE Boutique | Moda y Asesoramiento\",\"url\":\"https:\/\/crystalbubbleshop.com\/\",\"logo\":{\"@type\":\"ImageObject\",\"inLanguage\":\"cat-cat\",\"@id\":\"https:\/\/crystalbubbleshop.com\/#\/schema\/logo\/image\/\",\"url\":\"https:\/\/crystalbubbleshop.com\/wp-content\/uploads\/2021\/04\/logo-crystal-bubble-boutique-e1644177749381.jpg\",\"contentUrl\":\"https:\/\/crystalbubbleshop.com\/wp-content\/uploads\/2021\/04\/logo-crystal-bubble-boutique-e1644177749381.jpg\",\"width\":150,\"height\":150,\"caption\":\"CRYSTAL BUBBLE Boutique | Moda y Asesoramiento\"},\"image\":{\"@id\":\"https:\/\/crystalbubbleshop.com\/#\/schema\/logo\/image\/\"},\"sameAs\":[\"http:\/\/www.facebook.com\/crystalbubble1\",\"https:\/\/twitter.com\/crystalbubble1\",\"https:\/\/instagram.com\/crystalbubbleboutique\",\"https:\/\/www.linkedin.com\/company\/crystal-bubble-boutique\",\"https:\/\/pinterest.com\/crystalbubbleboutique\",\"https:\/\/www.youtube.com\/crystalbubbleboutique\",\"https:\/\/www.tiktok.com\/crystalbubbleboutique\"]}]}<\/script>\n<!-- \/ Yoast SEO plugin. -->","yoast_head_json":{"title":"Capsa Sorpresa Essencial Moda i Assessorament CRYSTAL BUBBLE","description":"Atreveix-te a voler una mica m\u00e9s i escull la Capsa Sorpresa Essencial de Moda amb Assessorament, \u00e9s ideal per seguir el teu ritme de dona cosmopolita, tot l'any.","robots":{"index":"index","follow":"follow","max-snippet":"max-snippet:-1","max-image-preview":"max-image-preview:large","max-video-preview":"max-video-preview:-1"},"canonical":"https:\/\/crystalbubbleshop.com\/ca\/capsa-sorpresa-moda-assessorament\/","og_locale":"en_US","og_type":"article","og_title":"Capsa Sorpresa Essencial Moda i Assessorament CRYSTAL BUBBLE","og_description":"Atreveix-te a voler una mica m\u00e9s i escull la Capsa Sorpresa Essencial de Moda amb Assessorament, \u00e9s ideal per seguir el teu ritme de dona cosmopolita, tot l'any.","og_url":"https:\/\/crystalbubbleshop.com\/ca\/capsa-sorpresa-moda-assessorament\/","og_site_name":"CRYSTAL BUBBLE Boutique","article_publisher":"http:\/\/www.facebook.com\/crystalbubble1","article_modified_time":"2023-06-25T09:01:10+00:00","og_image":[{"width":1080,"height":1350,"url":"https:\/\/crystalbubbleshop.com\/wp-content\/uploads\/2023\/01\/caja-sorpresa-moda-esencial.png","type":"image\/png"}],"twitter_card":"summary_large_image","twitter_site":"@crystalbubble1","schema":{"@context":"https:\/\/schema.org","@graph":[{"@type":"WebPage","@id":"https:\/\/crystalbubbleshop.com\/ca\/capsa-sorpresa-essencial-moda-assessorament\/","url":"https:\/\/crystalbubbleshop.com\/ca\/capsa-sorpresa-moda-assessorament\/","name":"Capsa Sorpresa Essencial Moda i Assessorament CRYSTAL BUBBLE","isPartOf":{"@id":"https:\/\/crystalbubbleshop.com\/#website"},"datePublished":"2022-06-11T12:57:33+00:00","dateModified":"2023-06-25T09:01:10+00:00","description":"Atreveix-te a voler una mica m\u00e9s i escull la Capsa Sorpresa Essencial de Moda amb Assessorament, \u00e9s ideal per seguir el teu ritme de dona cosmopolita, tot l'any.","breadcrumb":{"@id":"https:\/\/crystalbubbleshop.com\/ca\/capsa-sorpresa-moda-assessorament\/#breadcrumb"},"inLanguage":"cat-cat","potentialAction":[{"@type":"ReadAction","target":["https:\/\/crystalbubbleshop.com\/ca\/capsa-sorpresa-moda-assessorament\/"]}]},{"@type":"BreadcrumbList","@id":"https:\/\/crystalbubbleshop.com\/ca\/capsa-sorpresa-moda-assessorament\/#breadcrumb","itemListElement":[{"@type":"ListItem","position":1,"name":"Portada","item":"https:\/\/crystalbubbleshop.com\/ca\/"},{"@type":"ListItem","position":2,"name":"Boutique","item":"https:\/\/crystalbubbleshop.com\/ca\/boutique\/"},{"@type":"ListItem","position":3,"name":"Capsa Sorpresa Essencial Moda amb Assessorament"}]},{"@type":"WebSite","@id":"https:\/\/crystalbubbleshop.com\/#website","url":"https:\/\/crystalbubbleshop.com\/","name":"CRYSTAL BUBBLE Boutique","description":"Moda y Asesoramiento","publisher":{"@id":"https:\/\/crystalbubbleshop.com\/#organization"},"potentialAction":[{"@type":"SearchAction","target":{"@type":"EntryPoint","urlTemplate":"https:\/\/crystalbubbleshop.com\/?s={search_term_string}"},"query-input":"required name=search_term_string"}],"inLanguage":"cat-cat"},{"@type":"Organization","@id":"https:\/\/crystalbubbleshop.com\/#organization","name":"CRYSTAL BUBBLE Boutique | Moda y Asesoramiento","url":"https:\/\/crystalbubbleshop.com\/","logo":{"@type":"ImageObject","inLanguage":"cat-cat","@id":"https:\/\/crystalbubbleshop.com\/#\/schema\/logo\/image\/","url":"https:\/\/crystalbubbleshop.com\/wp-content\/uploads\/2021\/04\/logo-crystal-bubble-boutique-e1644177749381.jpg","contentUrl":"https:\/\/crystalbubbleshop.com\/wp-content\/uploads\/2021\/04\/logo-crystal-bubble-boutique-e1644177749381.jpg","width":150,"height":150,"caption":"CRYSTAL BUBBLE Boutique | Moda y Asesoramiento"},"image":{"@id":"https:\/\/crystalbubbleshop.com\/#\/schema\/logo\/image\/"},"sameAs":["http:\/\/www.facebook.com\/crystalbubble1","https:\/\/twitter.com\/crystalbubble1","https:\/\/instagram.com\/crystalbubbleboutique","https:\/\/www.linkedin.com\/company\/crystal-bubble-boutique","https:\/\/pinterest.com\/crystalbubbleboutique","https:\/\/www.youtube.com\/crystalbubbleboutique","https:\/\/www.tiktok.com\/crystalbubbleboutique"]}]}},"_links":{"self":[{"href":"https:\/\/crystalbubbleshop.com\/ca\/wp-json\/wp\/v2\/product\/24258"}],"collection":[{"href":"https:\/\/crystalbubbleshop.com\/ca\/wp-json\/wp\/v2\/product"}],"about":[{"href":"https:\/\/crystalbubbleshop.com\/ca\/wp-json\/wp\/v2\/types\/product"}],"replies":[{"embeddable":true,"href":"https:\/\/crystalbubbleshop.com\/ca\/wp-json\/wp\/v2\/comments?post=24258"}],"wp:featuredmedia":[{"embeddable":true,"href":"https:\/\/crystalbubbleshop.com\/ca\/wp-json\/wp\/v2\/media\/24635"}],"wp:attachment":[{"href":"https:\/\/crystalbubbleshop.com\/ca\/wp-json\/wp\/v2\/media?parent=24258"}],"wp:term":[{"taxonomy":"product_cat","embeddable":true,"href":"https:\/\/crystalbubbleshop.com\/ca\/wp-json\/wp\/v2\/product_cat?post=24258"},{"taxonomy":"product_tag","embeddable":true,"href":"https:\/\/crystalbubbleshop.com\/ca\/wp-json\/wp\/v2\/product_tag?post=24258"}],"curies":[{"name":"wp","href":"https:\/\/api.w.org\/{rel}","templated":true}]}}