{"id":24272,"date":"2022-09-24T09:01:14","date_gmt":"2022-09-24T07:01:14","guid":{"rendered":"https:\/\/crystalbubbleshop.com\/capsa-sorpresa-roba\/"},"modified":"2023-06-29T21:36:59","modified_gmt":"2023-06-29T19:36:59","slug":"capsa-sorpresa-roba","status":"publish","type":"product","link":"https:\/\/crystalbubbleshop.com\/ca\/capsa-sorpresa-roba\/","title":{"rendered":"Capsa Sorpresa Roba Dona i Assessorament"},"content":{"rendered":"<h3 id=\"compartint-el-meu-regal\" style=\"font-size: 24px; text-align: left;\"><span style=\"color: #702f8a;\">Compartint el meu regal<\/span><\/h3>\n<p style=\"font-size: 24px; text-align: left;\"><span style=\"color: #000000;\">B\u00e9 que t&#8217;hagin regalat la <em>CrystalBox Est\u00e0ndard<\/em>, b\u00e9 que planegis regalar-la, sempre ser\u00e0 possible indicar-li a la teva Assessora d&#8217;Imatge sobre l&#8217;estil i talles implicades. Assegura&#8217;t de comentar-ho quan es posi en contacte amb tu per confirmar les necessitats de lliurament de la comanda.<\/span><\/p>\n<h3 id=\"crystalbox-estandard\" style=\"font-size: 24px; text-align: left;\"><span style=\"color: #702f8a;\">CrystalBox Est\u00e0ndard<\/span><\/h3>\n<p style=\"font-size: 24px; text-align: left;\"><span style=\"color: #000000;\">Rep tres peces de roba de dona i un assessorament d&#8217;imatge personalitzat en l\u00ednia. La capsa sorpresa cont\u00e9 productes nous, a la teva talla i al teu estil cosmopolita. Podr\u00e0s compartir-la amb qui tu decideixis, cadascuna a la seva talla. La <a href=\"https:\/\/www.youtube.com\/watch?v=vmXzcfMBRgA\" target=\"_blank\" rel=\"noopener\">capsa sorpresa<\/a> de <em>CrystalBox Est\u00e0ndard<\/em> by <a href=\"https:\/\/crystalbubbleshop.com\/la-marca\/\">CRYSTAL BUBBLE<\/a> inclou una sessi\u00f3 d&#8217; assessorament exclusiva para la sol\u00b7licitant de la comanda.\u00a0<\/span><\/p>\n","protected":false},"excerpt":{"rendered":"<h3 style=\"font-size: 24px; text-align: left;\"><span style=\"color: #702f8a;\">Seguim sumant somnis junt@s?<\/span><\/h3>\n<p style=\"font-size: 24px; text-align: left;\"><span style=\"color: #000000;\">Expressa la teva felicitat estrenant una Capsa Sorpresa de Roba per a Dona, i il\u00b7lusiona&#8217;t juntament a les persones que m\u00e9s estimes! Amb la <em>CrystalBox Est\u00e0ndard<\/em>, assessora&#8217;t sobre el teu estilisme, vesteix sorpresa, i comparteix-la si vols. Cont\u00e9 3 articles de moda per a dona i 1 assessorament d&#8217; imatge en l\u00ednia incl\u00f3s en el preu.<\/span><\/p>\n<h3 style=\"font-size: 24px; text-align: left;\"><span style=\"color: #702f8a;\">Comparteix la felicidad amb qui m\u00e9s vulguis!\u00a0<\/span><\/h3>\n<p style=\"font-size: 24px; text-align: left;\"><span style=\"color: #000000;\">La <em>CrystalBox Est\u00e0ndard<\/em> by <a href=\"https:\/\/crystalbubbleshop.com\/la-marca\/\">CRYSTAL BUBBLE<\/a> \u00e9s la sorpresa perfecte per completar el teu armari sense perdre la il\u00b7lusi\u00f3 pel bon vestir. Comparteix el seu contingut amb la persona que tu tri\u00efs, perqu\u00e8 sola o acompanyada posis a prova tot all\u00f2 que has apr\u00e8s sobre el que millor et senti.<\/span><\/p>\n<p style=\"font-size: 24px; text-align: left;\"><span style=\"color: #702f8a;\">Per tancar la comanda, escull un color. De la talla i de l\u2019estil se n\u2019ocupar\u00e0 la teva Assessora d\u2019Imatge, et contactar\u00e0 un cop confirmada la comanda.<\/span><\/p>\n<p><span style=\"color: #000000;\"><img decoding=\"async\" loading=\"lazy\" class=\"alignnone wp-image-17003\" title=\"comprar online prendas disponibles al d\u00eda siguiente y con env\u00edo inmediato\" src=\"https:\/\/crystalbubbleshop.com\/wp-content\/uploads\/2021\/05\/entrega-crystal-bubble-boutique.png\" alt=\"\" width=\"37\" height=\"37\" srcset=\"https:\/\/crystalbubbleshop.com\/wp-content\/uploads\/2021\/05\/entrega-crystal-bubble-boutique.png 225w, https:\/\/crystalbubbleshop.com\/wp-content\/uploads\/2021\/05\/entrega-crystal-bubble-boutique-150x150.png 150w, https:\/\/crystalbubbleshop.com\/wp-content\/uploads\/2021\/05\/entrega-crystal-bubble-boutique-80x80.png 80w, https:\/\/crystalbubbleshop.com\/wp-content\/uploads\/2021\/05\/entrega-crystal-bubble-boutique-100x100.png 100w\" sizes=\"(max-width: 37px) 100vw, 37px\" \/> Enviament inmediat<\/span><span style=\"color: #000000;\">\u00a0<a href=\"https:\/\/crystalbubbleshop.com\/como-comprar\/\"><img decoding=\"async\" loading=\"lazy\" class=\"alignnone wp-image-21778\" title=\"al comprar online ropa de mujer el precio viene con iva incluido\" src=\"https:\/\/crystalbubbleshop.com\/wp-content\/uploads\/2022\/01\/impuestos-incluidos.png\" alt=\"iva incluido\" width=\"41\" height=\"41\" srcset=\"https:\/\/crystalbubbleshop.com\/wp-content\/uploads\/2022\/01\/impuestos-incluidos.png 225w, https:\/\/crystalbubbleshop.com\/wp-content\/uploads\/2022\/01\/impuestos-incluidos-150x150.png 150w, https:\/\/crystalbubbleshop.com\/wp-content\/uploads\/2022\/01\/impuestos-incluidos-80x80.png 80w, https:\/\/crystalbubbleshop.com\/wp-content\/uploads\/2022\/01\/impuestos-incluidos-100x100.png 100w\" sizes=\"(max-width: 41px) 100vw, 41px\" \/><\/a>Impostos inclosos<\/span><\/p>\n<hr \/>\n<p><span style=\"color: #000000;\">Formes de pagament admeses<\/span><\/p>\n<p><img decoding=\"async\" loading=\"lazy\" class=\"alignnone wp-image-24193\" src=\"https:\/\/crystalbubbleshop.com\/wp-content\/uploads\/2022\/12\/pago-visa-caixabank.png\" alt=\"\" width=\"66\" height=\"41\" \/> <img decoding=\"async\" loading=\"lazy\" class=\"alignnone wp-image-24190\" src=\"https:\/\/crystalbubbleshop.com\/wp-content\/uploads\/2022\/12\/pago-mastercard-caixabank.png\" alt=\"\" width=\"64\" height=\"40\" \/> <img decoding=\"async\" loading=\"lazy\" class=\"alignnone wp-image-24877\" src=\"https:\/\/crystalbubbleshop.com\/wp-content\/uploads\/2022\/12\/pago-seguro-sepa.png\" alt=\"\" width=\"64\" height=\"40\" \/><\/p>\n","protected":false},"featured_media":24638,"comment_status":"closed","ping_status":"closed","template":"","meta":[],"product_cat":[523],"product_tag":[],"acf":[],"yoast_head":"<!-- This site is optimized with the Yoast SEO plugin v21.1 - https:\/\/yoast.com\/wordpress\/plugins\/seo\/ -->\n<title>Capsa Sorpresa de Roba - CRYSTAL BUBBLE Boutique<\/title>\n<meta name=\"description\" content=\"La felicitat d&#039;obrir o compartir la teva caixa sorpresa de roba de Dona, sempre que sigui persona qui tri\u00efs, la tens a CRYSTAL BUBBLE\" \/>\n<meta name=\"robots\" content=\"index, follow, max-snippet:-1, max-image-preview:large, max-video-preview:-1\" \/>\n<link rel=\"canonical\" href=\"https:\/\/crystalbubbleshop.com\/ca\/capsa-sorpresa-moda-assessorament\/\" \/>\n<meta property=\"og:locale\" content=\"en_US\" \/>\n<meta property=\"og:type\" content=\"article\" \/>\n<meta property=\"og:title\" content=\"Capsa Sorpresa de Roba - CRYSTAL BUBBLE Boutique\" \/>\n<meta property=\"og:description\" content=\"La felicitat d&#039;obrir o compartir la teva caixa sorpresa de roba de Dona, sempre que sigui persona qui tri\u00efs, la tens a CRYSTAL BUBBLE\" \/>\n<meta property=\"og:url\" content=\"https:\/\/crystalbubbleshop.com\/ca\/capsa-sorpresa-moda-assessorament\/\" \/>\n<meta property=\"og:site_name\" content=\"CRYSTAL BUBBLE Boutique\" \/>\n<meta property=\"article:publisher\" content=\"http:\/\/www.facebook.com\/crystalbubble1\" \/>\n<meta property=\"article:modified_time\" content=\"2023-06-29T19:36:59+00:00\" \/>\n<meta property=\"og:image\" content=\"https:\/\/crystalbubbleshop.com\/wp-content\/uploads\/2023\/01\/caja-sorpresa-moda-estandar-crystal-bubble-barcelona.png\" \/>\n\t<meta property=\"og:image:width\" content=\"1080\" \/>\n\t<meta property=\"og:image:height\" content=\"1350\" \/>\n\t<meta property=\"og:image:type\" content=\"image\/png\" \/>\n<meta name=\"twitter:card\" content=\"summary_large_image\" \/>\n<meta name=\"twitter:site\" content=\"@crystalbubble1\" \/>\n<script type=\"application\/ld+json\" class=\"yoast-schema-graph\">{\"@context\":\"https:\/\/schema.org\",\"@graph\":[{\"@type\":\"WebPage\",\"@id\":\"https:\/\/crystalbubbleshop.com\/ca\/capsa-sorpresa-roba\/\",\"url\":\"https:\/\/crystalbubbleshop.com\/ca\/capsa-sorpresa-moda-assessorament\/\",\"name\":\"Capsa Sorpresa de Roba - CRYSTAL BUBBLE Boutique\",\"isPartOf\":{\"@id\":\"https:\/\/crystalbubbleshop.com\/#website\"},\"datePublished\":\"2022-09-24T07:01:14+00:00\",\"dateModified\":\"2023-06-29T19:36:59+00:00\",\"description\":\"La felicitat d'obrir o compartir la teva caixa sorpresa de roba de Dona, sempre que sigui persona qui tri\u00efs, la tens a CRYSTAL BUBBLE\",\"breadcrumb\":{\"@id\":\"https:\/\/crystalbubbleshop.com\/ca\/capsa-sorpresa-moda-assessorament\/#breadcrumb\"},\"inLanguage\":\"cat-cat\",\"potentialAction\":[{\"@type\":\"ReadAction\",\"target\":[\"https:\/\/crystalbubbleshop.com\/ca\/capsa-sorpresa-moda-assessorament\/\"]}]},{\"@type\":\"BreadcrumbList\",\"@id\":\"https:\/\/crystalbubbleshop.com\/ca\/capsa-sorpresa-moda-assessorament\/#breadcrumb\",\"itemListElement\":[{\"@type\":\"ListItem\",\"position\":1,\"name\":\"Portada\",\"item\":\"https:\/\/crystalbubbleshop.com\/ca\/\"},{\"@type\":\"ListItem\",\"position\":2,\"name\":\"Boutique\",\"item\":\"https:\/\/crystalbubbleshop.com\/ca\/boutique\/\"},{\"@type\":\"ListItem\",\"position\":3,\"name\":\"Capsa Sorpresa Roba Dona i Assessorament\"}]},{\"@type\":\"WebSite\",\"@id\":\"https:\/\/crystalbubbleshop.com\/#website\",\"url\":\"https:\/\/crystalbubbleshop.com\/\",\"name\":\"CRYSTAL BUBBLE Boutique\",\"description\":\"Moda y Asesoramiento\",\"publisher\":{\"@id\":\"https:\/\/crystalbubbleshop.com\/#organization\"},\"potentialAction\":[{\"@type\":\"SearchAction\",\"target\":{\"@type\":\"EntryPoint\",\"urlTemplate\":\"https:\/\/crystalbubbleshop.com\/?s={search_term_string}\"},\"query-input\":\"required name=search_term_string\"}],\"inLanguage\":\"cat-cat\"},{\"@type\":\"Organization\",\"@id\":\"https:\/\/crystalbubbleshop.com\/#organization\",\"name\":\"CRYSTAL BUBBLE Boutique | Moda y Asesoramiento\",\"url\":\"https:\/\/crystalbubbleshop.com\/\",\"logo\":{\"@type\":\"ImageObject\",\"inLanguage\":\"cat-cat\",\"@id\":\"https:\/\/crystalbubbleshop.com\/#\/schema\/logo\/image\/\",\"url\":\"https:\/\/crystalbubbleshop.com\/wp-content\/uploads\/2021\/04\/logo-crystal-bubble-boutique-e1644177749381.jpg\",\"contentUrl\":\"https:\/\/crystalbubbleshop.com\/wp-content\/uploads\/2021\/04\/logo-crystal-bubble-boutique-e1644177749381.jpg\",\"width\":150,\"height\":150,\"caption\":\"CRYSTAL BUBBLE Boutique | Moda y Asesoramiento\"},\"image\":{\"@id\":\"https:\/\/crystalbubbleshop.com\/#\/schema\/logo\/image\/\"},\"sameAs\":[\"http:\/\/www.facebook.com\/crystalbubble1\",\"https:\/\/twitter.com\/crystalbubble1\",\"https:\/\/instagram.com\/crystalbubbleboutique\",\"https:\/\/www.linkedin.com\/company\/crystal-bubble-boutique\",\"https:\/\/pinterest.com\/crystalbubbleboutique\",\"https:\/\/www.youtube.com\/crystalbubbleboutique\",\"https:\/\/www.tiktok.com\/crystalbubbleboutique\"]}]}<\/script>\n<!-- \/ Yoast SEO plugin. -->","yoast_head_json":{"title":"Capsa Sorpresa de Roba - CRYSTAL BUBBLE Boutique","description":"La felicitat d'obrir o compartir la teva caixa sorpresa de roba de Dona, sempre que sigui persona qui tri\u00efs, la tens a CRYSTAL BUBBLE","robots":{"index":"index","follow":"follow","max-snippet":"max-snippet:-1","max-image-preview":"max-image-preview:large","max-video-preview":"max-video-preview:-1"},"canonical":"https:\/\/crystalbubbleshop.com\/ca\/capsa-sorpresa-moda-assessorament\/","og_locale":"en_US","og_type":"article","og_title":"Capsa Sorpresa de Roba - CRYSTAL BUBBLE Boutique","og_description":"La felicitat d'obrir o compartir la teva caixa sorpresa de roba de Dona, sempre que sigui persona qui tri\u00efs, la tens a CRYSTAL BUBBLE","og_url":"https:\/\/crystalbubbleshop.com\/ca\/capsa-sorpresa-moda-assessorament\/","og_site_name":"CRYSTAL BUBBLE Boutique","article_publisher":"http:\/\/www.facebook.com\/crystalbubble1","article_modified_time":"2023-06-29T19:36:59+00:00","og_image":[{"width":1080,"height":1350,"url":"https:\/\/crystalbubbleshop.com\/wp-content\/uploads\/2023\/01\/caja-sorpresa-moda-estandar-crystal-bubble-barcelona.png","type":"image\/png"}],"twitter_card":"summary_large_image","twitter_site":"@crystalbubble1","schema":{"@context":"https:\/\/schema.org","@graph":[{"@type":"WebPage","@id":"https:\/\/crystalbubbleshop.com\/ca\/capsa-sorpresa-roba\/","url":"https:\/\/crystalbubbleshop.com\/ca\/capsa-sorpresa-moda-assessorament\/","name":"Capsa Sorpresa de Roba - CRYSTAL BUBBLE Boutique","isPartOf":{"@id":"https:\/\/crystalbubbleshop.com\/#website"},"datePublished":"2022-09-24T07:01:14+00:00","dateModified":"2023-06-29T19:36:59+00:00","description":"La felicitat d'obrir o compartir la teva caixa sorpresa de roba de Dona, sempre que sigui persona qui tri\u00efs, la tens a CRYSTAL BUBBLE","breadcrumb":{"@id":"https:\/\/crystalbubbleshop.com\/ca\/capsa-sorpresa-moda-assessorament\/#breadcrumb"},"inLanguage":"cat-cat","potentialAction":[{"@type":"ReadAction","target":["https:\/\/crystalbubbleshop.com\/ca\/capsa-sorpresa-moda-assessorament\/"]}]},{"@type":"BreadcrumbList","@id":"https:\/\/crystalbubbleshop.com\/ca\/capsa-sorpresa-moda-assessorament\/#breadcrumb","itemListElement":[{"@type":"ListItem","position":1,"name":"Portada","item":"https:\/\/crystalbubbleshop.com\/ca\/"},{"@type":"ListItem","position":2,"name":"Boutique","item":"https:\/\/crystalbubbleshop.com\/ca\/boutique\/"},{"@type":"ListItem","position":3,"name":"Capsa Sorpresa Roba Dona i Assessorament"}]},{"@type":"WebSite","@id":"https:\/\/crystalbubbleshop.com\/#website","url":"https:\/\/crystalbubbleshop.com\/","name":"CRYSTAL BUBBLE Boutique","description":"Moda y Asesoramiento","publisher":{"@id":"https:\/\/crystalbubbleshop.com\/#organization"},"potentialAction":[{"@type":"SearchAction","target":{"@type":"EntryPoint","urlTemplate":"https:\/\/crystalbubbleshop.com\/?s={search_term_string}"},"query-input":"required name=search_term_string"}],"inLanguage":"cat-cat"},{"@type":"Organization","@id":"https:\/\/crystalbubbleshop.com\/#organization","name":"CRYSTAL BUBBLE Boutique | Moda y Asesoramiento","url":"https:\/\/crystalbubbleshop.com\/","logo":{"@type":"ImageObject","inLanguage":"cat-cat","@id":"https:\/\/crystalbubbleshop.com\/#\/schema\/logo\/image\/","url":"https:\/\/crystalbubbleshop.com\/wp-content\/uploads\/2021\/04\/logo-crystal-bubble-boutique-e1644177749381.jpg","contentUrl":"https:\/\/crystalbubbleshop.com\/wp-content\/uploads\/2021\/04\/logo-crystal-bubble-boutique-e1644177749381.jpg","width":150,"height":150,"caption":"CRYSTAL BUBBLE Boutique | Moda y Asesoramiento"},"image":{"@id":"https:\/\/crystalbubbleshop.com\/#\/schema\/logo\/image\/"},"sameAs":["http:\/\/www.facebook.com\/crystalbubble1","https:\/\/twitter.com\/crystalbubble1","https:\/\/instagram.com\/crystalbubbleboutique","https:\/\/www.linkedin.com\/company\/crystal-bubble-boutique","https:\/\/pinterest.com\/crystalbubbleboutique","https:\/\/www.youtube.com\/crystalbubbleboutique","https:\/\/www.tiktok.com\/crystalbubbleboutique"]}]}},"_links":{"self":[{"href":"https:\/\/crystalbubbleshop.com\/ca\/wp-json\/wp\/v2\/product\/24272"}],"collection":[{"href":"https:\/\/crystalbubbleshop.com\/ca\/wp-json\/wp\/v2\/product"}],"about":[{"href":"https:\/\/crystalbubbleshop.com\/ca\/wp-json\/wp\/v2\/types\/product"}],"replies":[{"embeddable":true,"href":"https:\/\/crystalbubbleshop.com\/ca\/wp-json\/wp\/v2\/comments?post=24272"}],"wp:featuredmedia":[{"embeddable":true,"href":"https:\/\/crystalbubbleshop.com\/ca\/wp-json\/wp\/v2\/media\/24638"}],"wp:attachment":[{"href":"https:\/\/crystalbubbleshop.com\/ca\/wp-json\/wp\/v2\/media?parent=24272"}],"wp:term":[{"taxonomy":"product_cat","embeddable":true,"href":"https:\/\/crystalbubbleshop.com\/ca\/wp-json\/wp\/v2\/product_cat?post=24272"},{"taxonomy":"product_tag","embeddable":true,"href":"https:\/\/crystalbubbleshop.com\/ca\/wp-json\/wp\/v2\/product_tag?post=24272"}],"curies":[{"name":"wp","href":"https:\/\/api.w.org\/{rel}","templated":true}]}}