{"id":24450,"date":"2022-12-31T18:52:28","date_gmt":"2022-12-31T17:52:28","guid":{"rendered":"https:\/\/crystalbubbleshop.com\/nova-colleccio-moda-curvy\/"},"modified":"2023-03-10T06:37:36","modified_gmt":"2023-03-10T05:37:36","slug":"nova-colleccio-moda-curvy","status":"publish","type":"product","link":"https:\/\/crystalbubbleshop.com\/ca\/nova-colleccio-moda-curvy\/","title":{"rendered":"Aven\u00e7 nova col\u00b7lecci\u00f3 moda curvy"},"content":{"rendered":"<p style=\"font-size: 24px; text-align: left;\"><span style=\"color: #000000;\">Vols ser la primera en aconseguir la nova col\u00b7lecci\u00f3 en moda curvy que s&#8217;estrenar\u00e0 a Barcelona de la m\u00e0 de CRYSTAL BUBBLE? Les sessions de venda privada s\u00f3n les primeres on es presentar\u00e0 per a venda preferent les peces de la nova col\u00b7lecci\u00f3. En comprar el teu tiquet d&#8217;entrada en l\u00ednea, est\u00e0s confirmant la teva pla\u00e7a per a una sessi\u00f3 de venda privada, per a tu i la persona acompanyant que escullis. <\/span><\/p>\n<p style=\"font-size: 24px; text-align: left;\"><span style=\"color: #702f8a;\">Recorda que:<\/span><\/p>\n<ul>\n<li>\n<p style=\"font-size: 24px; text-align: left;\"><span style=\"color: #000000;\">Un cop realitzada la teva compra, ens haur\u00e0s de contactar per concertar dia i hora. No s&#8217;admeten reemborsaments.<\/span><\/p>\n<\/li>\n<li>\n<p style=\"font-size: 24px; text-align: left;\"><span style=\"color: #000000;\">Si no us presenteu a la sessi\u00f3 de venda privada que escolliu, perdreu la reserva. Per a canvis, fins a 7 dies abans.<\/span><\/p>\n<\/li>\n<\/ul>\n<hr \/>\n<p><span style=\"color: #000000;\"><img decoding=\"async\" loading=\"lazy\" class=\"alignnone wp-image-17003\" title=\"comprar online prendas disponibles al d\u00eda siguiente y con env\u00edo inmediato\" src=\"https:\/\/crystalbubbleshop.com\/wp-content\/uploads\/2021\/05\/entrega-crystal-bubble-boutique.png\" alt=\"\" width=\"37\" height=\"37\" srcset=\"https:\/\/crystalbubbleshop.com\/wp-content\/uploads\/2021\/05\/entrega-crystal-bubble-boutique.png 225w, https:\/\/crystalbubbleshop.com\/wp-content\/uploads\/2021\/05\/entrega-crystal-bubble-boutique-150x150.png 150w, https:\/\/crystalbubbleshop.com\/wp-content\/uploads\/2021\/05\/entrega-crystal-bubble-boutique-80x80.png 80w, https:\/\/crystalbubbleshop.com\/wp-content\/uploads\/2021\/05\/entrega-crystal-bubble-boutique-100x100.png 100w\" sizes=\"(max-width: 37px) 100vw, 37px\" \/> Reserva cita<\/span><span style=\"color: #000000;\">\u00a0 \u00a0<img decoding=\"async\" loading=\"lazy\" class=\"alignnone wp-image-24183\" src=\"https:\/\/crystalbubbleshop.com\/wp-content\/uploads\/2022\/12\/forma-de-pago.png\" alt=\"confirmar asistencia a sesi\u00f3n de venta privada\" width=\"45\" height=\"45\" srcset=\"https:\/\/crystalbubbleshop.com\/wp-content\/uploads\/2022\/12\/forma-de-pago.png 225w, https:\/\/crystalbubbleshop.com\/wp-content\/uploads\/2022\/12\/forma-de-pago-150x150.png 150w, https:\/\/crystalbubbleshop.com\/wp-content\/uploads\/2022\/12\/forma-de-pago-80x80.png 80w, https:\/\/crystalbubbleshop.com\/wp-content\/uploads\/2022\/12\/forma-de-pago-100x100.png 100w, https:\/\/crystalbubbleshop.com\/wp-content\/uploads\/2022\/12\/forma-de-pago-50x50.png 50w\" sizes=\"(max-width: 45px) 100vw, 45px\" \/> Paga en l\u00ednia<\/span><\/p>\n<div><\/div>\n<p><span style=\"color: #000000;\"><img decoding=\"async\" loading=\"lazy\" class=\"alignnone wp-image-24177\" src=\"https:\/\/crystalbubbleshop.com\/wp-content\/uploads\/2023\/01\/duracion-sesion-privada-barcelona.png\" alt=\"\" width=\"41\" height=\"41\" srcset=\"https:\/\/crystalbubbleshop.com\/wp-content\/uploads\/2023\/01\/duracion-sesion-privada-barcelona.png 225w, https:\/\/crystalbubbleshop.com\/wp-content\/uploads\/2023\/01\/duracion-sesion-privada-barcelona-150x150.png 150w, https:\/\/crystalbubbleshop.com\/wp-content\/uploads\/2023\/01\/duracion-sesion-privada-barcelona-80x80.png 80w, https:\/\/crystalbubbleshop.com\/wp-content\/uploads\/2023\/01\/duracion-sesion-privada-barcelona-100x100.png 100w, https:\/\/crystalbubbleshop.com\/wp-content\/uploads\/2023\/01\/duracion-sesion-privada-barcelona-50x50.png 50w\" sizes=\"(max-width: 41px) 100vw, 41px\" \/> Sessi\u00f3 90min<\/span><span style=\"color: #000000;\">\u00a0<img decoding=\"async\" loading=\"lazy\" class=\"alignnone wp-image-24186\" src=\"https:\/\/crystalbubbleshop.com\/wp-content\/uploads\/2022\/12\/recogida-de-entradas.png\" alt=\"\" width=\"45\" height=\"45\" srcset=\"https:\/\/crystalbubbleshop.com\/wp-content\/uploads\/2022\/12\/recogida-de-entradas.png 225w, https:\/\/crystalbubbleshop.com\/wp-content\/uploads\/2022\/12\/recogida-de-entradas-150x150.png 150w, https:\/\/crystalbubbleshop.com\/wp-content\/uploads\/2022\/12\/recogida-de-entradas-80x80.png 80w, https:\/\/crystalbubbleshop.com\/wp-content\/uploads\/2022\/12\/recogida-de-entradas-100x100.png 100w, https:\/\/crystalbubbleshop.com\/wp-content\/uploads\/2022\/12\/recogida-de-entradas-50x50.png 50w\" sizes=\"(max-width: 45px) 100vw, 45px\" \/> 2 persones<\/span><\/p>\n","protected":false},"excerpt":{"rendered":"<h3 style=\"font-size: 24px; text-align: left;\"><span style=\"color: #702f8a;\">Estrena nova col\u00b7lecci\u00f3 curvy<\/span><\/h3>\n<p style=\"font-size: 24px; text-align: left;\"><span style=\"color: #000000;\">Vols ser la primera a aconseguir la nova col\u00b7lecci\u00f3 en moda curvy, ia preus privilegiats? Confirma la teva pla\u00e7a comprant el teu tiquet en l\u00ednia. La teva entrada no caduca i ser\u00e0 v\u00e0lida per a qualsevol nova sessi\u00f3 de venda privada. Podr\u00e0s assistir amb un acompanyant sense sobrecost de l\u00b4entrada.<\/span><\/p>\n<p><span style=\"color: #000000;\"><img decoding=\"async\" loading=\"lazy\" class=\"alignnone wp-image-17003\" title=\"comprar online prendas disponibles al d\u00eda siguiente y con env\u00edo inmediato\" src=\"https:\/\/crystalbubbleshop.com\/wp-content\/uploads\/2021\/05\/entrega-crystal-bubble-boutique.png\" alt=\"\" width=\"37\" height=\"37\" srcset=\"https:\/\/crystalbubbleshop.com\/wp-content\/uploads\/2021\/05\/entrega-crystal-bubble-boutique.png 225w, https:\/\/crystalbubbleshop.com\/wp-content\/uploads\/2021\/05\/entrega-crystal-bubble-boutique-150x150.png 150w, https:\/\/crystalbubbleshop.com\/wp-content\/uploads\/2021\/05\/entrega-crystal-bubble-boutique-80x80.png 80w, https:\/\/crystalbubbleshop.com\/wp-content\/uploads\/2021\/05\/entrega-crystal-bubble-boutique-100x100.png 100w\" sizes=\"(max-width: 37px) 100vw, 37px\" \/> Sota reserva<\/span><span style=\"color: #000000;\">\u00a0<img decoding=\"async\" loading=\"lazy\" class=\"alignnone wp-image-24177\" src=\"https:\/\/crystalbubbleshop.com\/wp-content\/uploads\/2023\/01\/duracion-sesion-privada-barcelona.png\" alt=\"\" width=\"41\" height=\"41\" srcset=\"https:\/\/crystalbubbleshop.com\/wp-content\/uploads\/2023\/01\/duracion-sesion-privada-barcelona.png 225w, https:\/\/crystalbubbleshop.com\/wp-content\/uploads\/2023\/01\/duracion-sesion-privada-barcelona-150x150.png 150w, https:\/\/crystalbubbleshop.com\/wp-content\/uploads\/2023\/01\/duracion-sesion-privada-barcelona-80x80.png 80w, https:\/\/crystalbubbleshop.com\/wp-content\/uploads\/2023\/01\/duracion-sesion-privada-barcelona-100x100.png 100w, https:\/\/crystalbubbleshop.com\/wp-content\/uploads\/2023\/01\/duracion-sesion-privada-barcelona-50x50.png 50w\" sizes=\"(max-width: 41px) 100vw, 41px\" \/> Durada 90min<\/span><\/p>\n<hr \/>\n<p><span style=\"color: #000000;\">Formes de pagament admeses<\/span><br \/>\n<img decoding=\"async\" loading=\"lazy\" class=\"alignnone wp-image-24193\" src=\"https:\/\/crystalbubbleshop.com\/wp-content\/uploads\/2022\/12\/pago-visa-caixabank.png\" alt=\"\" width=\"66\" height=\"41\" \/> <img decoding=\"async\" loading=\"lazy\" class=\"alignnone wp-image-24190\" src=\"https:\/\/crystalbubbleshop.com\/wp-content\/uploads\/2022\/12\/pago-mastercard-caixabank.png\" alt=\"\" width=\"64\" height=\"40\" \/> <img decoding=\"async\" loading=\"lazy\" class=\"alignnone wp-image-24877\" src=\"https:\/\/crystalbubbleshop.com\/wp-content\/uploads\/2022\/12\/pago-seguro-sepa.png\" alt=\"\" width=\"64\" height=\"40\" \/><\/p>\n","protected":false},"featured_media":24085,"comment_status":"closed","ping_status":"closed","template":"","meta":[],"product_cat":[515],"product_tag":[],"acf":[],"yoast_head":"<!-- This site is optimized with the Yoast SEO plugin v21.1 - https:\/\/yoast.com\/wordpress\/plugins\/seo\/ -->\n<title>Aven\u00e7 nova col\u00b7lecci\u00f3 moda curvy - CRYSTAL BUBBLE Boutique<\/title>\n<meta name=\"description\" content=\"Vols ser la primera a aconseguir la nova col\u00b7lecci\u00f3 en moda curvy? Confirma la teva pla\u00e7a per a una nova sessi\u00f3 de venda privada i assisteix amb acompanyant.\" \/>\n<meta name=\"robots\" content=\"index, follow, max-snippet:-1, max-image-preview:large, max-video-preview:-1\" \/>\n<link rel=\"canonical\" href=\"https:\/\/crystalbubbleshop.com\/ca\/nova-colleccio-moda-curvy\/\" \/>\n<meta property=\"og:locale\" content=\"en_US\" \/>\n<meta property=\"og:type\" content=\"article\" \/>\n<meta property=\"og:title\" content=\"Aven\u00e7 nova col\u00b7lecci\u00f3 moda curvy - CRYSTAL BUBBLE Boutique\" \/>\n<meta property=\"og:description\" content=\"Vols ser la primera a aconseguir la nova col\u00b7lecci\u00f3 en moda curvy? Confirma la teva pla\u00e7a per a una nova sessi\u00f3 de venda privada i assisteix amb acompanyant.\" \/>\n<meta property=\"og:url\" content=\"https:\/\/crystalbubbleshop.com\/ca\/nova-colleccio-moda-curvy\/\" \/>\n<meta property=\"og:site_name\" content=\"CRYSTAL BUBBLE Boutique\" \/>\n<meta property=\"article:publisher\" content=\"http:\/\/www.facebook.com\/crystalbubble1\" \/>\n<meta property=\"article:modified_time\" content=\"2023-03-10T05:37:36+00:00\" \/>\n<meta property=\"og:image\" content=\"https:\/\/crystalbubbleshop.com\/wp-content\/uploads\/2022\/12\/moda-curvy-venta-privada.png\" \/>\n\t<meta property=\"og:image:width\" content=\"1080\" \/>\n\t<meta property=\"og:image:height\" content=\"1350\" \/>\n\t<meta property=\"og:image:type\" content=\"image\/png\" \/>\n<meta name=\"twitter:card\" content=\"summary_large_image\" \/>\n<meta name=\"twitter:site\" content=\"@crystalbubble1\" \/>\n<script type=\"application\/ld+json\" class=\"yoast-schema-graph\">{\"@context\":\"https:\/\/schema.org\",\"@graph\":[{\"@type\":\"WebPage\",\"@id\":\"https:\/\/crystalbubbleshop.com\/?post_type=product&p=24102\",\"url\":\"https:\/\/crystalbubbleshop.com\/ca\/nova-colleccio-moda-curvy\/\",\"name\":\"Aven\u00e7 nova col\u00b7lecci\u00f3 moda curvy - CRYSTAL BUBBLE Boutique\",\"isPartOf\":{\"@id\":\"https:\/\/crystalbubbleshop.com\/#website\"},\"datePublished\":\"2022-12-31T17:52:28+00:00\",\"dateModified\":\"2023-03-10T05:37:36+00:00\",\"description\":\"Vols ser la primera a aconseguir la nova col\u00b7lecci\u00f3 en moda curvy? Confirma la teva pla\u00e7a per a una nova sessi\u00f3 de venda privada i assisteix amb acompanyant.\",\"breadcrumb\":{\"@id\":\"https:\/\/crystalbubbleshop.com\/ca\/nova-colleccio-moda-curvy\/#breadcrumb\"},\"inLanguage\":\"cat-cat\",\"potentialAction\":[{\"@type\":\"ReadAction\",\"target\":[\"https:\/\/crystalbubbleshop.com\/ca\/nova-colleccio-moda-curvy\/\"]}]},{\"@type\":\"BreadcrumbList\",\"@id\":\"https:\/\/crystalbubbleshop.com\/ca\/nova-colleccio-moda-curvy\/#breadcrumb\",\"itemListElement\":[{\"@type\":\"ListItem\",\"position\":1,\"name\":\"Portada\",\"item\":\"https:\/\/crystalbubbleshop.com\/ca\/\"},{\"@type\":\"ListItem\",\"position\":2,\"name\":\"Boutique\",\"item\":\"https:\/\/crystalbubbleshop.com\/ca\/boutique\/\"},{\"@type\":\"ListItem\",\"position\":3,\"name\":\"Aven\u00e7 nova col\u00b7lecci\u00f3 moda curvy\"}]},{\"@type\":\"WebSite\",\"@id\":\"https:\/\/crystalbubbleshop.com\/#website\",\"url\":\"https:\/\/crystalbubbleshop.com\/\",\"name\":\"CRYSTAL BUBBLE Boutique\",\"description\":\"Moda y Asesoramiento\",\"publisher\":{\"@id\":\"https:\/\/crystalbubbleshop.com\/#organization\"},\"potentialAction\":[{\"@type\":\"SearchAction\",\"target\":{\"@type\":\"EntryPoint\",\"urlTemplate\":\"https:\/\/crystalbubbleshop.com\/?s={search_term_string}\"},\"query-input\":\"required name=search_term_string\"}],\"inLanguage\":\"cat-cat\"},{\"@type\":\"Organization\",\"@id\":\"https:\/\/crystalbubbleshop.com\/#organization\",\"name\":\"CRYSTAL BUBBLE Boutique | Moda y Asesoramiento\",\"url\":\"https:\/\/crystalbubbleshop.com\/\",\"logo\":{\"@type\":\"ImageObject\",\"inLanguage\":\"cat-cat\",\"@id\":\"https:\/\/crystalbubbleshop.com\/#\/schema\/logo\/image\/\",\"url\":\"https:\/\/crystalbubbleshop.com\/wp-content\/uploads\/2021\/04\/logo-crystal-bubble-boutique-e1644177749381.jpg\",\"contentUrl\":\"https:\/\/crystalbubbleshop.com\/wp-content\/uploads\/2021\/04\/logo-crystal-bubble-boutique-e1644177749381.jpg\",\"width\":150,\"height\":150,\"caption\":\"CRYSTAL BUBBLE Boutique | Moda y Asesoramiento\"},\"image\":{\"@id\":\"https:\/\/crystalbubbleshop.com\/#\/schema\/logo\/image\/\"},\"sameAs\":[\"http:\/\/www.facebook.com\/crystalbubble1\",\"https:\/\/twitter.com\/crystalbubble1\",\"https:\/\/instagram.com\/crystalbubbleboutique\",\"https:\/\/www.linkedin.com\/company\/crystal-bubble-boutique\",\"https:\/\/pinterest.com\/crystalbubbleboutique\",\"https:\/\/www.youtube.com\/crystalbubbleboutique\",\"https:\/\/www.tiktok.com\/crystalbubbleboutique\"]}]}<\/script>\n<!-- \/ Yoast SEO plugin. -->","yoast_head_json":{"title":"Aven\u00e7 nova col\u00b7lecci\u00f3 moda curvy - CRYSTAL BUBBLE Boutique","description":"Vols ser la primera a aconseguir la nova col\u00b7lecci\u00f3 en moda curvy? Confirma la teva pla\u00e7a per a una nova sessi\u00f3 de venda privada i assisteix amb acompanyant.","robots":{"index":"index","follow":"follow","max-snippet":"max-snippet:-1","max-image-preview":"max-image-preview:large","max-video-preview":"max-video-preview:-1"},"canonical":"https:\/\/crystalbubbleshop.com\/ca\/nova-colleccio-moda-curvy\/","og_locale":"en_US","og_type":"article","og_title":"Aven\u00e7 nova col\u00b7lecci\u00f3 moda curvy - CRYSTAL BUBBLE Boutique","og_description":"Vols ser la primera a aconseguir la nova col\u00b7lecci\u00f3 en moda curvy? Confirma la teva pla\u00e7a per a una nova sessi\u00f3 de venda privada i assisteix amb acompanyant.","og_url":"https:\/\/crystalbubbleshop.com\/ca\/nova-colleccio-moda-curvy\/","og_site_name":"CRYSTAL BUBBLE Boutique","article_publisher":"http:\/\/www.facebook.com\/crystalbubble1","article_modified_time":"2023-03-10T05:37:36+00:00","og_image":[{"width":1080,"height":1350,"url":"https:\/\/crystalbubbleshop.com\/wp-content\/uploads\/2022\/12\/moda-curvy-venta-privada.png","type":"image\/png"}],"twitter_card":"summary_large_image","twitter_site":"@crystalbubble1","schema":{"@context":"https:\/\/schema.org","@graph":[{"@type":"WebPage","@id":"https:\/\/crystalbubbleshop.com\/?post_type=product&p=24102","url":"https:\/\/crystalbubbleshop.com\/ca\/nova-colleccio-moda-curvy\/","name":"Aven\u00e7 nova col\u00b7lecci\u00f3 moda curvy - CRYSTAL BUBBLE Boutique","isPartOf":{"@id":"https:\/\/crystalbubbleshop.com\/#website"},"datePublished":"2022-12-31T17:52:28+00:00","dateModified":"2023-03-10T05:37:36+00:00","description":"Vols ser la primera a aconseguir la nova col\u00b7lecci\u00f3 en moda curvy? Confirma la teva pla\u00e7a per a una nova sessi\u00f3 de venda privada i assisteix amb acompanyant.","breadcrumb":{"@id":"https:\/\/crystalbubbleshop.com\/ca\/nova-colleccio-moda-curvy\/#breadcrumb"},"inLanguage":"cat-cat","potentialAction":[{"@type":"ReadAction","target":["https:\/\/crystalbubbleshop.com\/ca\/nova-colleccio-moda-curvy\/"]}]},{"@type":"BreadcrumbList","@id":"https:\/\/crystalbubbleshop.com\/ca\/nova-colleccio-moda-curvy\/#breadcrumb","itemListElement":[{"@type":"ListItem","position":1,"name":"Portada","item":"https:\/\/crystalbubbleshop.com\/ca\/"},{"@type":"ListItem","position":2,"name":"Boutique","item":"https:\/\/crystalbubbleshop.com\/ca\/boutique\/"},{"@type":"ListItem","position":3,"name":"Aven\u00e7 nova col\u00b7lecci\u00f3 moda curvy"}]},{"@type":"WebSite","@id":"https:\/\/crystalbubbleshop.com\/#website","url":"https:\/\/crystalbubbleshop.com\/","name":"CRYSTAL BUBBLE Boutique","description":"Moda y Asesoramiento","publisher":{"@id":"https:\/\/crystalbubbleshop.com\/#organization"},"potentialAction":[{"@type":"SearchAction","target":{"@type":"EntryPoint","urlTemplate":"https:\/\/crystalbubbleshop.com\/?s={search_term_string}"},"query-input":"required name=search_term_string"}],"inLanguage":"cat-cat"},{"@type":"Organization","@id":"https:\/\/crystalbubbleshop.com\/#organization","name":"CRYSTAL BUBBLE Boutique | Moda y Asesoramiento","url":"https:\/\/crystalbubbleshop.com\/","logo":{"@type":"ImageObject","inLanguage":"cat-cat","@id":"https:\/\/crystalbubbleshop.com\/#\/schema\/logo\/image\/","url":"https:\/\/crystalbubbleshop.com\/wp-content\/uploads\/2021\/04\/logo-crystal-bubble-boutique-e1644177749381.jpg","contentUrl":"https:\/\/crystalbubbleshop.com\/wp-content\/uploads\/2021\/04\/logo-crystal-bubble-boutique-e1644177749381.jpg","width":150,"height":150,"caption":"CRYSTAL BUBBLE Boutique | Moda y Asesoramiento"},"image":{"@id":"https:\/\/crystalbubbleshop.com\/#\/schema\/logo\/image\/"},"sameAs":["http:\/\/www.facebook.com\/crystalbubble1","https:\/\/twitter.com\/crystalbubble1","https:\/\/instagram.com\/crystalbubbleboutique","https:\/\/www.linkedin.com\/company\/crystal-bubble-boutique","https:\/\/pinterest.com\/crystalbubbleboutique","https:\/\/www.youtube.com\/crystalbubbleboutique","https:\/\/www.tiktok.com\/crystalbubbleboutique"]}]}},"_links":{"self":[{"href":"https:\/\/crystalbubbleshop.com\/ca\/wp-json\/wp\/v2\/product\/24450"}],"collection":[{"href":"https:\/\/crystalbubbleshop.com\/ca\/wp-json\/wp\/v2\/product"}],"about":[{"href":"https:\/\/crystalbubbleshop.com\/ca\/wp-json\/wp\/v2\/types\/product"}],"replies":[{"embeddable":true,"href":"https:\/\/crystalbubbleshop.com\/ca\/wp-json\/wp\/v2\/comments?post=24450"}],"wp:featuredmedia":[{"embeddable":true,"href":"https:\/\/crystalbubbleshop.com\/ca\/wp-json\/wp\/v2\/media\/24085"}],"wp:attachment":[{"href":"https:\/\/crystalbubbleshop.com\/ca\/wp-json\/wp\/v2\/media?parent=24450"}],"wp:term":[{"taxonomy":"product_cat","embeddable":true,"href":"https:\/\/crystalbubbleshop.com\/ca\/wp-json\/wp\/v2\/product_cat?post=24450"},{"taxonomy":"product_tag","embeddable":true,"href":"https:\/\/crystalbubbleshop.com\/ca\/wp-json\/wp\/v2\/product_tag?post=24450"}],"curies":[{"name":"wp","href":"https:\/\/api.w.org\/{rel}","templated":true}]}}