{"id":25513,"date":"2023-07-04T09:00:09","date_gmt":"2023-07-04T07:00:09","guid":{"rendered":"https:\/\/crystalbubbleshop.com\/?post_type=product&#038;p=25513"},"modified":"2024-08-18T20:14:39","modified_gmt":"2024-08-18T18:14:39","slug":"capsa-sorpresa-essencial-moda-amb-assessorament","status":"publish","type":"product","link":"https:\/\/crystalbubbleshop.com\/ca\/capsa-sorpresa-essencial-moda-amb-assessorament\/","title":{"rendered":"Capsa Sorpresa Moda per a Una"},"content":{"rendered":"<h3 id=\"viu-l-experiencia-tu-sola\" style=\"font-size: 24px; text-align: left;\"><span style=\"color: #702f8a;\">Viu l&#8217; experi\u00e8ncia tu sola<\/span><\/h3>\n<p style=\"font-size: 24px; text-align: left;\"><span style=\"color: #000000;\">Aquesta CrystalBox \u00e9s una aut\u00e8ntica capsa sorpresa de moda per a dona amb assessorament pensada per a qu\u00e8 la gaudeixi una sola persona. Viu l&#8217; experi\u00e8ncia de provar una sorpresa, nom\u00e9s per a tu, i perqu\u00e8 te la mereixes, sense necessitat de compartir la teva compra amb ning\u00fa. Una capsa sorpresa de moda amb assessorament que s&#8217; adapta a la teva talla en el teu estil.<\/span><\/p>\n<h3 id=\"regala-crystalbox-para-una\" style=\"font-size: 24px; text-align: left;\"><span style=\"color: #702f8a;\">Regala CrystalBox para Una\u00a0<\/span><\/h3>\n<p style=\"font-size: 24px; text-align: left;\"><span style=\"color: #000000;\">La capsa sorpresa de <a href=\"https:\/\/www.youtube.com\/watch?v=G_X0Dzyln5Y\" target=\"_blank\" rel=\"noopener\">Moda amb Assessorament <\/a><em>CrystalBox\u00a0Inicial<\/em> \u00e9s el <a href=\"https:\/\/www.youtube.com\/watch?v=nXpc4brwdlg\" target=\"_blank\" rel=\"noopener\">regal ideal<\/a> per aquelles ocasions en qu\u00e8 els detalls ben cuidats s\u00f3n importants. Podr\u00e0s incloure l&#8217; assessoria d&#8217; imatge com part del regal. Si \u00e9s un regal, tant sols comenta-li a l&#8217; <\/span><span style=\"color: #000000;\"><a style=\"color: #000000;\" href=\"https:\/\/crystalbubbleshop.com\/contactanos\/\">Assessora d&#8217; Imatge Personal<\/a> quan et contacti una vegada hagis tancat la comanda.<span style=\"color: #702f8a;\"> Preu especial per a unitats limitades, v\u00e0lid fins esgotar exist\u00e8ncies.<\/span><\/span><\/p>\n<h3 id=\"estas-en-bones-mans\" style=\"font-size: 24px; text-align: left;\"><span style=\"color: #702f8a;\">Est\u00e0s en bones mans!<\/span><\/h3>\n<p style=\"font-size: 24px; text-align: left;\"><span style=\"color: #000000;\">El m\u00e9s important ets tu. \u00c9s per aix\u00f2 que la teva Assessora d&#8217;Imatge et contactar\u00e0 una vegada confirmada la comanda. \u00c9s en aquell moment quan treballar\u00e0 garantir que la sorpresa sigui de la teva talla i del teu estil, o de la persona a qui li regalar\u00e0s.\u00a0<\/span><\/p>\n<h3 id=\"crystalbox-inicial\" style=\"font-size: 24px; text-align: left;\"><span style=\"color: #702f8a;\">CrystalBox Inicial<\/span><\/h3>\n<p style=\"font-size: 24px; text-align: left;\"><span style=\"color: #000000;\">Cont\u00e9 un nou producte d&#8217;estil cosmopolita i totalment sorpresa: roba, bossa, fular o chal. La capsa sorpresa de <em>CrystalBox Inicial<\/em> by <a href=\"https:\/\/crystalbubbleshop.com\/la-marca\/\">CRYSTAL BUBBLE<\/a> inclou una sessi\u00f3 d&#8217; assessorament valorada en 65\u20ac i totalment gratu\u00efta per a la usu\u00e0ria del contingut. Nom\u00e9s pagar\u00e0s el preu de la teva compra en l\u00ednia.<\/span><\/p>\n<h3 id=\"enviaments-i-canvis\" style=\"font-size: 24px; text-align: left;\"><span style=\"color: #702f8a;\">Enviaments i canvis<\/span><\/h3>\n<p style=\"font-size: 24px; text-align: left;\"><span style=\"color: #000000;\">Confirmar\u00e0s el tipus d&#8217; <a href=\"https:\/\/crystalbubbleshop.com\/envios\/\">enviament<\/a> a l&#8217; hora de tancar la teva comanda, i abans de formalitzar el pagament. Sempre que ho necesitis, podr\u00e0s a m\u00e9s demanar cita en el nostre <a href=\"https:\/\/crystalbubbleshop.com\/ca\/contactans\/#demana-cita\">servei de venda en l\u00ednia acompanyada<\/a>.<\/span><\/p>\n<p style=\"font-size: 24px; text-align: left;\"><span style=\"color: #000000;\">Tindr\u00e0s 2 dies per canviar la teva compra per productes del cat\u00e0leg en l\u00ednia<\/span><span style=\"color: #000000;\">, d&#8217; import igual o superior. Per a tals efectes, l&#8217; article rebut ha de conservar totes les etiquetes i envoltoris posats, i estar en perfecte estat. Revisa <a href=\"https:\/\/crystalbubbleshop.com\/envios\/#1624857983120-93d4e824-4bdf\">acomplir els requisits<\/a>.<\/span><\/p>\n","protected":false},"excerpt":{"rendered":"<h3 style=\"font-size: 24px; text-align: left;\"><span style=\"color: #702f8a;\">Saps el que millor et senta?<\/span><\/h3>\n<p style=\"font-size: 24px; text-align: left;\"><span style=\"color: #000000;\">Senta&#8217;t estimada i acompanyada mentre et donem els primers consells per vestir-te millor i con\u00e8ixer el que millor et senti, tot a trav\u00e9s de la teva capsa sorpresa en moda femenina.<\/span><\/p>\n<h3 style=\"font-size: 24px; text-align: left;\"><span style=\"color: #702f8a;\">La primera pasa per a con\u00e8ixer el teu cos! <\/span><\/h3>\n<p style=\"font-size: 24px; text-align: left;\"><span style=\"color: #000000;\">Fes-te amb ella i dona&#8217;t<span style=\"font-weight: 400;\"> un caprici nom\u00e9s per a tu! <\/span>La capsa sorpresa CrystalBox en <em>Modalidad Inicial<\/em> by <a href=\"https:\/\/crystalbubbleshop.com\/la-marca\/\">CRYSTAL BUBBLE<\/a> inclou 1 article de moda sorpresa i 1 assessorament d&#8217;imatge gratu\u00eft. \u00c9s ideal per estrenar-se rebent assessorament d&#8217; imatge. <\/span><\/p>\n<p style=\"font-size: 24px; text-align: left;\"><span style=\"color: #000000;\">Preu especial fins a esgotar exist\u00e8ncies limitades. Vols saber m\u00e9s sobre com ser\u00e0 la teva experi\u00e8ncia de compra? <a href=\"https:\/\/crystalbubbleshop.com\/ca\/capsa-sorpresa-moda-per-una\/#viu-l-experiencia-tu-sola\">Llegeix aqu\u00ed<\/a>.\u00a0<\/span><\/p>\n<p style=\"font-size: 24px; text-align: left;\"><span style=\"color: #702f8a;\">Per tancar la comanda, escull un color. De la talla i de l&#8217;estil se n&#8217;ocupar\u00e0 la teva Assessora d&#8217;Imatge, et contactar\u00e0 un cop confirmada la comanda.\u00a0<\/span><\/p>\n<p><span style=\"color: #000000;\"><img decoding=\"async\" loading=\"lazy\" class=\"alignnone wp-image-17003\" title=\"comprar online prendas disponibles al d\u00eda siguiente y con env\u00edo inmediato\" src=\"https:\/\/crystalbubbleshop.com\/wp-content\/uploads\/2021\/05\/entrega-crystal-bubble-boutique.png\" alt=\"\" width=\"37\" height=\"37\" srcset=\"https:\/\/crystalbubbleshop.com\/wp-content\/uploads\/2021\/05\/entrega-crystal-bubble-boutique.png 225w, https:\/\/crystalbubbleshop.com\/wp-content\/uploads\/2021\/05\/entrega-crystal-bubble-boutique-150x150.png 150w, https:\/\/crystalbubbleshop.com\/wp-content\/uploads\/2021\/05\/entrega-crystal-bubble-boutique-80x80.png 80w, https:\/\/crystalbubbleshop.com\/wp-content\/uploads\/2021\/05\/entrega-crystal-bubble-boutique-100x100.png 100w\" sizes=\"(max-width: 37px) 100vw, 37px\" \/> <a href=\"http:\/\/www.crystalbubbleshop.com\/envios\">Enviament<\/a> inmediat<\/span><span style=\"color: #000000;\">\u00a0<a href=\"https:\/\/crystalbubbleshop.com\/como-comprar\/\"><img decoding=\"async\" loading=\"lazy\" class=\"alignnone wp-image-21778\" title=\"al comprar online ropa de mujer el precio viene con iva incluido\" src=\"https:\/\/crystalbubbleshop.com\/wp-content\/uploads\/2022\/01\/impuestos-incluidos.png\" alt=\"iva incluido\" width=\"41\" height=\"41\" srcset=\"https:\/\/crystalbubbleshop.com\/wp-content\/uploads\/2022\/01\/impuestos-incluidos.png 225w, https:\/\/crystalbubbleshop.com\/wp-content\/uploads\/2022\/01\/impuestos-incluidos-150x150.png 150w, https:\/\/crystalbubbleshop.com\/wp-content\/uploads\/2022\/01\/impuestos-incluidos-80x80.png 80w, https:\/\/crystalbubbleshop.com\/wp-content\/uploads\/2022\/01\/impuestos-incluidos-100x100.png 100w\" sizes=\"(max-width: 41px) 100vw, 41px\" \/><\/a>Impostos inclosos<\/span><\/p>\n<hr \/>\n<p><span style=\"color: #000000;\">Formes de pagament admeses<\/span><\/p>\n<p><img decoding=\"async\" loading=\"lazy\" class=\"alignnone wp-image-24193\" src=\"https:\/\/crystalbubbleshop.com\/wp-content\/uploads\/2022\/12\/pago-visa-caixabank.png\" alt=\"\" width=\"66\" height=\"41\" \/> <img decoding=\"async\" loading=\"lazy\" class=\"alignnone wp-image-24190\" src=\"https:\/\/crystalbubbleshop.com\/wp-content\/uploads\/2022\/12\/pago-mastercard-caixabank.png\" alt=\"\" width=\"64\" height=\"40\" \/> <a href=\"https:\/\/crystalbubbleshop.com\/wp-content\/uploads\/2023\/02\/autorizacion-sepa-compras-crystal-bubble-boutique.pdf\" target=\"_blank\" rel=\"noopener\"><img decoding=\"async\" loading=\"lazy\" class=\"alignnone wp-image-24877\" src=\"https:\/\/crystalbubbleshop.com\/wp-content\/uploads\/2022\/12\/pago-seguro-sepa.png\" alt=\"\" width=\"64\" height=\"40\" \/><\/a><\/p>\n","protected":false},"featured_media":24635,"comment_status":"closed","ping_status":"closed","template":"","meta":[],"product_cat":[523],"product_tag":[],"acf":[],"yoast_head":"<!-- This site is optimized with the Yoast SEO plugin v21.1 - https:\/\/yoast.com\/wordpress\/plugins\/seo\/ -->\n<title>Capsa Sorpresa Essencial Moda i Assessorament CRYSTAL BUBBLE<\/title>\n<meta name=\"description\" content=\"Atreveix-te a voler una mica m\u00e9s i escull la Capsa Sorpresa Essencial de Moda amb Assessorament, \u00e9s ideal per seguir el teu ritme de dona cosmopolita, tot l&#039;any.\" \/>\n<meta name=\"robots\" content=\"index, follow, max-snippet:-1, max-image-preview:large, max-video-preview:-1\" \/>\n<link rel=\"canonical\" href=\"https:\/\/crystalbubbleshop.com\/ca\/capsa-sorpresa-moda-assessorament\/\" \/>\n<meta property=\"og:locale\" content=\"en_US\" \/>\n<meta property=\"og:type\" content=\"article\" \/>\n<meta property=\"og:title\" content=\"Capsa Sorpresa Essencial Moda i Assessorament CRYSTAL BUBBLE\" \/>\n<meta property=\"og:description\" content=\"Atreveix-te a voler una mica m\u00e9s i escull la Capsa Sorpresa Essencial de Moda amb Assessorament, \u00e9s ideal per seguir el teu ritme de dona cosmopolita, tot l&#039;any.\" \/>\n<meta property=\"og:url\" content=\"https:\/\/crystalbubbleshop.com\/ca\/capsa-sorpresa-moda-assessorament\/\" \/>\n<meta property=\"og:site_name\" content=\"CRYSTAL BUBBLE Boutique\" \/>\n<meta property=\"article:publisher\" content=\"http:\/\/www.facebook.com\/crystalbubble1\" \/>\n<meta property=\"article:modified_time\" content=\"2024-08-18T18:14:39+00:00\" \/>\n<meta property=\"og:image\" content=\"https:\/\/crystalbubbleshop.com\/wp-content\/uploads\/2023\/01\/caja-sorpresa-moda-esencial.png\" \/>\n\t<meta property=\"og:image:width\" content=\"1080\" \/>\n\t<meta property=\"og:image:height\" content=\"1350\" \/>\n\t<meta property=\"og:image:type\" content=\"image\/png\" \/>\n<meta name=\"twitter:card\" content=\"summary_large_image\" \/>\n<meta name=\"twitter:site\" content=\"@crystalbubble1\" \/>\n<script type=\"application\/ld+json\" class=\"yoast-schema-graph\">{\"@context\":\"https:\/\/schema.org\",\"@graph\":[{\"@type\":\"WebPage\",\"@id\":\"https:\/\/crystalbubbleshop.com\/ca\/capsa-sorpresa-essencial-moda-amb-assessorament\/\",\"url\":\"https:\/\/crystalbubbleshop.com\/ca\/capsa-sorpresa-moda-assessorament\/\",\"name\":\"Capsa Sorpresa Essencial Moda i Assessorament CRYSTAL BUBBLE\",\"isPartOf\":{\"@id\":\"https:\/\/crystalbubbleshop.com\/#website\"},\"datePublished\":\"2023-07-04T07:00:09+00:00\",\"dateModified\":\"2024-08-18T18:14:39+00:00\",\"description\":\"Atreveix-te a voler una mica m\u00e9s i escull la Capsa Sorpresa Essencial de Moda amb Assessorament, \u00e9s ideal per seguir el teu ritme de dona cosmopolita, tot l'any.\",\"breadcrumb\":{\"@id\":\"https:\/\/crystalbubbleshop.com\/ca\/capsa-sorpresa-moda-assessorament\/#breadcrumb\"},\"inLanguage\":\"cat-cat\",\"potentialAction\":[{\"@type\":\"ReadAction\",\"target\":[\"https:\/\/crystalbubbleshop.com\/ca\/capsa-sorpresa-moda-assessorament\/\"]}]},{\"@type\":\"BreadcrumbList\",\"@id\":\"https:\/\/crystalbubbleshop.com\/ca\/capsa-sorpresa-moda-assessorament\/#breadcrumb\",\"itemListElement\":[{\"@type\":\"ListItem\",\"position\":1,\"name\":\"Portada\",\"item\":\"https:\/\/crystalbubbleshop.com\/ca\/\"},{\"@type\":\"ListItem\",\"position\":2,\"name\":\"Boutique\",\"item\":\"https:\/\/crystalbubbleshop.com\/ca\/boutique\/\"},{\"@type\":\"ListItem\",\"position\":3,\"name\":\"Capsa Sorpresa Moda per a Una\"}]},{\"@type\":\"WebSite\",\"@id\":\"https:\/\/crystalbubbleshop.com\/#website\",\"url\":\"https:\/\/crystalbubbleshop.com\/\",\"name\":\"CRYSTAL BUBBLE Boutique\",\"description\":\"Moda y Asesoramiento\",\"publisher\":{\"@id\":\"https:\/\/crystalbubbleshop.com\/#organization\"},\"potentialAction\":[{\"@type\":\"SearchAction\",\"target\":{\"@type\":\"EntryPoint\",\"urlTemplate\":\"https:\/\/crystalbubbleshop.com\/?s={search_term_string}\"},\"query-input\":\"required name=search_term_string\"}],\"inLanguage\":\"cat-cat\"},{\"@type\":\"Organization\",\"@id\":\"https:\/\/crystalbubbleshop.com\/#organization\",\"name\":\"CRYSTAL BUBBLE Boutique | Moda y Asesoramiento\",\"url\":\"https:\/\/crystalbubbleshop.com\/\",\"logo\":{\"@type\":\"ImageObject\",\"inLanguage\":\"cat-cat\",\"@id\":\"https:\/\/crystalbubbleshop.com\/#\/schema\/logo\/image\/\",\"url\":\"https:\/\/crystalbubbleshop.com\/wp-content\/uploads\/2021\/04\/logo-crystal-bubble-boutique-e1644177749381.jpg\",\"contentUrl\":\"https:\/\/crystalbubbleshop.com\/wp-content\/uploads\/2021\/04\/logo-crystal-bubble-boutique-e1644177749381.jpg\",\"width\":150,\"height\":150,\"caption\":\"CRYSTAL BUBBLE Boutique | Moda y Asesoramiento\"},\"image\":{\"@id\":\"https:\/\/crystalbubbleshop.com\/#\/schema\/logo\/image\/\"},\"sameAs\":[\"http:\/\/www.facebook.com\/crystalbubble1\",\"https:\/\/twitter.com\/crystalbubble1\",\"https:\/\/instagram.com\/crystalbubbleboutique\",\"https:\/\/www.linkedin.com\/company\/crystal-bubble-boutique\",\"https:\/\/pinterest.com\/crystalbubbleboutique\",\"https:\/\/www.youtube.com\/crystalbubbleboutique\",\"https:\/\/www.tiktok.com\/crystalbubbleboutique\"]}]}<\/script>\n<!-- \/ Yoast SEO plugin. -->","yoast_head_json":{"title":"Capsa Sorpresa Essencial Moda i Assessorament CRYSTAL BUBBLE","description":"Atreveix-te a voler una mica m\u00e9s i escull la Capsa Sorpresa Essencial de Moda amb Assessorament, \u00e9s ideal per seguir el teu ritme de dona cosmopolita, tot l'any.","robots":{"index":"index","follow":"follow","max-snippet":"max-snippet:-1","max-image-preview":"max-image-preview:large","max-video-preview":"max-video-preview:-1"},"canonical":"https:\/\/crystalbubbleshop.com\/ca\/capsa-sorpresa-moda-assessorament\/","og_locale":"en_US","og_type":"article","og_title":"Capsa Sorpresa Essencial Moda i Assessorament CRYSTAL BUBBLE","og_description":"Atreveix-te a voler una mica m\u00e9s i escull la Capsa Sorpresa Essencial de Moda amb Assessorament, \u00e9s ideal per seguir el teu ritme de dona cosmopolita, tot l'any.","og_url":"https:\/\/crystalbubbleshop.com\/ca\/capsa-sorpresa-moda-assessorament\/","og_site_name":"CRYSTAL BUBBLE Boutique","article_publisher":"http:\/\/www.facebook.com\/crystalbubble1","article_modified_time":"2024-08-18T18:14:39+00:00","og_image":[{"width":1080,"height":1350,"url":"https:\/\/crystalbubbleshop.com\/wp-content\/uploads\/2023\/01\/caja-sorpresa-moda-esencial.png","type":"image\/png"}],"twitter_card":"summary_large_image","twitter_site":"@crystalbubble1","schema":{"@context":"https:\/\/schema.org","@graph":[{"@type":"WebPage","@id":"https:\/\/crystalbubbleshop.com\/ca\/capsa-sorpresa-essencial-moda-amb-assessorament\/","url":"https:\/\/crystalbubbleshop.com\/ca\/capsa-sorpresa-moda-assessorament\/","name":"Capsa Sorpresa Essencial Moda i Assessorament CRYSTAL BUBBLE","isPartOf":{"@id":"https:\/\/crystalbubbleshop.com\/#website"},"datePublished":"2023-07-04T07:00:09+00:00","dateModified":"2024-08-18T18:14:39+00:00","description":"Atreveix-te a voler una mica m\u00e9s i escull la Capsa Sorpresa Essencial de Moda amb Assessorament, \u00e9s ideal per seguir el teu ritme de dona cosmopolita, tot l'any.","breadcrumb":{"@id":"https:\/\/crystalbubbleshop.com\/ca\/capsa-sorpresa-moda-assessorament\/#breadcrumb"},"inLanguage":"cat-cat","potentialAction":[{"@type":"ReadAction","target":["https:\/\/crystalbubbleshop.com\/ca\/capsa-sorpresa-moda-assessorament\/"]}]},{"@type":"BreadcrumbList","@id":"https:\/\/crystalbubbleshop.com\/ca\/capsa-sorpresa-moda-assessorament\/#breadcrumb","itemListElement":[{"@type":"ListItem","position":1,"name":"Portada","item":"https:\/\/crystalbubbleshop.com\/ca\/"},{"@type":"ListItem","position":2,"name":"Boutique","item":"https:\/\/crystalbubbleshop.com\/ca\/boutique\/"},{"@type":"ListItem","position":3,"name":"Capsa Sorpresa Moda per a Una"}]},{"@type":"WebSite","@id":"https:\/\/crystalbubbleshop.com\/#website","url":"https:\/\/crystalbubbleshop.com\/","name":"CRYSTAL BUBBLE Boutique","description":"Moda y Asesoramiento","publisher":{"@id":"https:\/\/crystalbubbleshop.com\/#organization"},"potentialAction":[{"@type":"SearchAction","target":{"@type":"EntryPoint","urlTemplate":"https:\/\/crystalbubbleshop.com\/?s={search_term_string}"},"query-input":"required name=search_term_string"}],"inLanguage":"cat-cat"},{"@type":"Organization","@id":"https:\/\/crystalbubbleshop.com\/#organization","name":"CRYSTAL BUBBLE Boutique | Moda y Asesoramiento","url":"https:\/\/crystalbubbleshop.com\/","logo":{"@type":"ImageObject","inLanguage":"cat-cat","@id":"https:\/\/crystalbubbleshop.com\/#\/schema\/logo\/image\/","url":"https:\/\/crystalbubbleshop.com\/wp-content\/uploads\/2021\/04\/logo-crystal-bubble-boutique-e1644177749381.jpg","contentUrl":"https:\/\/crystalbubbleshop.com\/wp-content\/uploads\/2021\/04\/logo-crystal-bubble-boutique-e1644177749381.jpg","width":150,"height":150,"caption":"CRYSTAL BUBBLE Boutique | Moda y Asesoramiento"},"image":{"@id":"https:\/\/crystalbubbleshop.com\/#\/schema\/logo\/image\/"},"sameAs":["http:\/\/www.facebook.com\/crystalbubble1","https:\/\/twitter.com\/crystalbubble1","https:\/\/instagram.com\/crystalbubbleboutique","https:\/\/www.linkedin.com\/company\/crystal-bubble-boutique","https:\/\/pinterest.com\/crystalbubbleboutique","https:\/\/www.youtube.com\/crystalbubbleboutique","https:\/\/www.tiktok.com\/crystalbubbleboutique"]}]}},"_links":{"self":[{"href":"https:\/\/crystalbubbleshop.com\/ca\/wp-json\/wp\/v2\/product\/25513"}],"collection":[{"href":"https:\/\/crystalbubbleshop.com\/ca\/wp-json\/wp\/v2\/product"}],"about":[{"href":"https:\/\/crystalbubbleshop.com\/ca\/wp-json\/wp\/v2\/types\/product"}],"replies":[{"embeddable":true,"href":"https:\/\/crystalbubbleshop.com\/ca\/wp-json\/wp\/v2\/comments?post=25513"}],"wp:featuredmedia":[{"embeddable":true,"href":"https:\/\/crystalbubbleshop.com\/ca\/wp-json\/wp\/v2\/media\/24635"}],"wp:attachment":[{"href":"https:\/\/crystalbubbleshop.com\/ca\/wp-json\/wp\/v2\/media?parent=25513"}],"wp:term":[{"taxonomy":"product_cat","embeddable":true,"href":"https:\/\/crystalbubbleshop.com\/ca\/wp-json\/wp\/v2\/product_cat?post=25513"},{"taxonomy":"product_tag","embeddable":true,"href":"https:\/\/crystalbubbleshop.com\/ca\/wp-json\/wp\/v2\/product_tag?post=25513"}],"curies":[{"name":"wp","href":"https:\/\/api.w.org\/{rel}","templated":true}]}}